{"id":3519,"date":"2019-08-06T15:50:31","date_gmt":"2019-08-06T13:50:31","guid":{"rendered":"https:\/\/www.hydrachim.fr\/product\/degraissant-alimentaire-canon-a-mousse\/"},"modified":"2024-05-06T16:41:06","modified_gmt":"2024-05-06T14:41:06","slug":"degraissant_alimentaire_canon_a_mousse_002001504","status":"publish","type":"product","link":"https:\/\/www.hydrachim.fr\/en\/produit\/degraissant_alimentaire_canon_a_mousse_002001504\/","title":{"rendered":"D\u00e9graissant Alimentaire Canon \u00e0 Mousse"},"content":{"rendered":"<p><strong>Produit qui nettoie les surfaces verticales, les sols et le mat\u00e9riel du milieu alimentaire. <\/strong><\/p>\n<p>Le D\u00e9graissant alimentaire canon \u00e0 mousse est conseill\u00e9 pour le nettoyage des hottes d&#8217;aspiration, mais est \u00e9galement id\u00e9al pour les syst\u00e8mes d&#8217;a\u00e9ration.<br \/>\nIl ne doit pas \u00eatre utilis\u00e9 sur l&#8217;aluminium ni sur les mat\u00e9riaux sensibles \u00e0 l&#8217;alcalinit\u00e9.<\/p>\n<p><strong>Disponible en :<br \/>\n&#8211; Carton de 4 x 5L. R\u00e9f. 002001504<br \/>\n&#8211; Bidon de 20L. R\u00e9f. 002001506<\/strong><\/p>\n<p class=\"y-product y-product__product-subtitle\">Avantage :<\/p>\n<p>Fortement d\u00e9graissant.<\/p>\n<p>Retrouvez le mode d&#8217;emploi et le dosage du produit en t\u00e9l\u00e9chargeant, ci-dessous, sa Fiche Technique et\/ou sa Fiche M\u00e9thode.<\/p>\n<p><em>Avant toute utilisation, lisez l&#8217;\u00e9tiquette et les informations concernant le produit.<\/em><\/p>\n","protected":false},"excerpt":{"rendered":"<p>D\u00e9graissant alimentaire pour canon \u00e0 mousse pour le nettoyage dans les zones alimentaires.<\/p>\n","protected":false},"featured_media":10331,"template":"","meta":[],"product_brand":[],"product_type":[2],"product_visibility":[],"product_cat":[4027,4117,4119,4145],"class_list":{"0":"post-3519","1":"product","2":"type-product","3":"status-publish","4":"has-post-thumbnail","6":"product_cat-agro-alimentaire-industrie","7":"product_cat-produitscuisine","8":"product_cat-cuisineentretien","9":"product_cat-marquesorlav","10":"product_tag-alimentaire","11":"product_tag-canon-a-mousse","12":"product_tag-degraissant","13":"product_tag-liquide","14":"product_tag-nettoyage","16":"first","17":"instock","18":"shipping-taxable","19":"product-type-simple"},"yoast_head":"<!-- This site is optimized with the Yoast SEO plugin v27.5 - https:\/\/yoast.com\/product\/yoast-seo-wordpress\/ -->\n<title>D\u00e9graissant Alimentaire Canon \u00e0 Mousse - Hydrachim<\/title>\n<meta name=\"description\" content=\"D\u00e9graissant alimentaire qui nettoie les surfaces verticales, les sols et le mat\u00e9riel du milieu alimentaire. Produit pour canon \u00e0 mousse.\" \/>\n<meta name=\"robots\" content=\"index, follow, max-snippet:-1, max-image-preview:large, max-video-preview:-1\" \/>\n<link rel=\"canonical\" href=\"https:\/\/www.hydrachim.fr\/en\/produit\/degraissant_alimentaire_canon_a_mousse_002001504\/\" \/>\n<meta property=\"og:locale\" content=\"en_US\" \/>\n<meta property=\"og:type\" content=\"article\" \/>\n<meta property=\"og:title\" content=\"D\u00e9graissant Alimentaire Canon \u00e0 Mousse - Hydrachim\" \/>\n<meta property=\"og:description\" content=\"D\u00e9graissant alimentaire qui nettoie les surfaces verticales, les sols et le mat\u00e9riel du milieu alimentaire. Produit pour canon \u00e0 mousse.\" \/>\n<meta property=\"og:url\" content=\"https:\/\/www.hydrachim.fr\/en\/produit\/degraissant_alimentaire_canon_a_mousse_002001504\/\" \/>\n<meta property=\"og:site_name\" content=\"Hydrachim\" \/>\n<meta property=\"article:modified_time\" content=\"2024-05-06T14:41:06+00:00\" \/>\n<meta property=\"og:image\" content=\"https:\/\/www.hydrachim.fr\/app\/uploads\/2021\/11\/0015___D_GRAISSANT_ALIMENTAIRE___5L..png\" \/>\n\t<meta property=\"og:image:width\" content=\"381\" \/>\n\t<meta property=\"og:image:height\" content=\"600\" \/>\n\t<meta property=\"og:image:type\" content=\"image\/png\" \/>\n<meta name=\"twitter:card\" content=\"summary_large_image\" \/>\n<meta name=\"twitter:label1\" content=\"Est. reading time\" \/>\n\t<meta name=\"twitter:data1\" content=\"1 minute\" \/>\n<script type=\"application\/ld+json\" class=\"yoast-schema-graph\">{\"@context\":\"https:\\\/\\\/schema.org\",\"@graph\":[{\"@type\":\"WebPage\",\"@id\":\"https:\\\/\\\/www.hydrachim.fr\\\/en\\\/produit\\\/degraissant_alimentaire_canon_a_mousse_002001504\\\/\",\"url\":\"https:\\\/\\\/www.hydrachim.fr\\\/en\\\/produit\\\/degraissant_alimentaire_canon_a_mousse_002001504\\\/\",\"name\":\"D\u00e9graissant Alimentaire Canon \u00e0 Mousse - Hydrachim\",\"isPartOf\":{\"@id\":\"https:\\\/\\\/www.hydrachim.fr\\\/en\\\/#website\"},\"primaryImageOfPage\":{\"@id\":\"https:\\\/\\\/www.hydrachim.fr\\\/en\\\/produit\\\/degraissant_alimentaire_canon_a_mousse_002001504\\\/#primaryimage\"},\"image\":{\"@id\":\"https:\\\/\\\/www.hydrachim.fr\\\/en\\\/produit\\\/degraissant_alimentaire_canon_a_mousse_002001504\\\/#primaryimage\"},\"thumbnailUrl\":\"https:\\\/\\\/www.hydrachim.fr\\\/app\\\/uploads\\\/2021\\\/11\\\/0015___D_GRAISSANT_ALIMENTAIRE___5L..png\",\"datePublished\":\"2019-08-06T13:50:31+00:00\",\"dateModified\":\"2024-05-06T14:41:06+00:00\",\"description\":\"D\u00e9graissant alimentaire qui nettoie les surfaces verticales, les sols et le mat\u00e9riel du milieu alimentaire. Produit pour canon \u00e0 mousse.\",\"breadcrumb\":{\"@id\":\"https:\\\/\\\/www.hydrachim.fr\\\/en\\\/produit\\\/degraissant_alimentaire_canon_a_mousse_002001504\\\/#breadcrumb\"},\"inLanguage\":\"en-US\",\"potentialAction\":[{\"@type\":\"ReadAction\",\"target\":[\"https:\\\/\\\/www.hydrachim.fr\\\/en\\\/produit\\\/degraissant_alimentaire_canon_a_mousse_002001504\\\/\"]}]},{\"@type\":\"ImageObject\",\"inLanguage\":\"en-US\",\"@id\":\"https:\\\/\\\/www.hydrachim.fr\\\/en\\\/produit\\\/degraissant_alimentaire_canon_a_mousse_002001504\\\/#primaryimage\",\"url\":\"https:\\\/\\\/www.hydrachim.fr\\\/app\\\/uploads\\\/2021\\\/11\\\/0015___D_GRAISSANT_ALIMENTAIRE___5L..png\",\"contentUrl\":\"https:\\\/\\\/www.hydrachim.fr\\\/app\\\/uploads\\\/2021\\\/11\\\/0015___D_GRAISSANT_ALIMENTAIRE___5L..png\",\"width\":381,\"height\":600},{\"@type\":\"BreadcrumbList\",\"@id\":\"https:\\\/\\\/www.hydrachim.fr\\\/en\\\/produit\\\/degraissant_alimentaire_canon_a_mousse_002001504\\\/#breadcrumb\",\"itemListElement\":[{\"@type\":\"ListItem\",\"position\":1,\"name\":\"Home\",\"item\":\"https:\\\/\\\/www.hydrachim.fr\\\/en\\\/\"},{\"@type\":\"ListItem\",\"position\":2,\"name\":\"Boutique\",\"item\":\"https:\\\/\\\/www.hydrachim.fr\\\/boutique\\\/\"},{\"@type\":\"ListItem\",\"position\":3,\"name\":\"D\u00e9graissant Alimentaire Canon \u00e0 Mousse\"}]},{\"@type\":\"WebSite\",\"@id\":\"https:\\\/\\\/www.hydrachim.fr\\\/en\\\/#website\",\"url\":\"https:\\\/\\\/www.hydrachim.fr\\\/en\\\/\",\"name\":\"Hydrachim\",\"description\":\"La science de l&#039;hygi\u00e8ne\",\"potentialAction\":[{\"@type\":\"SearchAction\",\"target\":{\"@type\":\"EntryPoint\",\"urlTemplate\":\"https:\\\/\\\/www.hydrachim.fr\\\/en\\\/?s={search_term_string}\"},\"query-input\":{\"@type\":\"PropertyValueSpecification\",\"valueRequired\":true,\"valueName\":\"search_term_string\"}}],\"inLanguage\":\"en-US\"}]}<\/script>\n<!-- \/ Yoast SEO plugin. -->","yoast_head_json":{"title":"D\u00e9graissant Alimentaire Canon \u00e0 Mousse - Hydrachim","description":"D\u00e9graissant alimentaire qui nettoie les surfaces verticales, les sols et le mat\u00e9riel du milieu alimentaire. Produit pour canon \u00e0 mousse.","robots":{"index":"index","follow":"follow","max-snippet":"max-snippet:-1","max-image-preview":"max-image-preview:large","max-video-preview":"max-video-preview:-1"},"canonical":"https:\/\/www.hydrachim.fr\/en\/produit\/degraissant_alimentaire_canon_a_mousse_002001504\/","og_locale":"en_US","og_type":"article","og_title":"D\u00e9graissant Alimentaire Canon \u00e0 Mousse - Hydrachim","og_description":"D\u00e9graissant alimentaire qui nettoie les surfaces verticales, les sols et le mat\u00e9riel du milieu alimentaire. Produit pour canon \u00e0 mousse.","og_url":"https:\/\/www.hydrachim.fr\/en\/produit\/degraissant_alimentaire_canon_a_mousse_002001504\/","og_site_name":"Hydrachim","article_modified_time":"2024-05-06T14:41:06+00:00","og_image":[{"width":381,"height":600,"url":"https:\/\/www.hydrachim.fr\/app\/uploads\/2021\/11\/0015___D_GRAISSANT_ALIMENTAIRE___5L..png","type":"image\/png"}],"twitter_card":"summary_large_image","twitter_misc":{"Est. reading time":"1 minute"},"schema":{"@context":"https:\/\/schema.org","@graph":[{"@type":"WebPage","@id":"https:\/\/www.hydrachim.fr\/en\/produit\/degraissant_alimentaire_canon_a_mousse_002001504\/","url":"https:\/\/www.hydrachim.fr\/en\/produit\/degraissant_alimentaire_canon_a_mousse_002001504\/","name":"D\u00e9graissant Alimentaire Canon \u00e0 Mousse - Hydrachim","isPartOf":{"@id":"https:\/\/www.hydrachim.fr\/en\/#website"},"primaryImageOfPage":{"@id":"https:\/\/www.hydrachim.fr\/en\/produit\/degraissant_alimentaire_canon_a_mousse_002001504\/#primaryimage"},"image":{"@id":"https:\/\/www.hydrachim.fr\/en\/produit\/degraissant_alimentaire_canon_a_mousse_002001504\/#primaryimage"},"thumbnailUrl":"https:\/\/www.hydrachim.fr\/app\/uploads\/2021\/11\/0015___D_GRAISSANT_ALIMENTAIRE___5L..png","datePublished":"2019-08-06T13:50:31+00:00","dateModified":"2024-05-06T14:41:06+00:00","description":"D\u00e9graissant alimentaire qui nettoie les surfaces verticales, les sols et le mat\u00e9riel du milieu alimentaire. Produit pour canon \u00e0 mousse.","breadcrumb":{"@id":"https:\/\/www.hydrachim.fr\/en\/produit\/degraissant_alimentaire_canon_a_mousse_002001504\/#breadcrumb"},"inLanguage":"en-US","potentialAction":[{"@type":"ReadAction","target":["https:\/\/www.hydrachim.fr\/en\/produit\/degraissant_alimentaire_canon_a_mousse_002001504\/"]}]},{"@type":"ImageObject","inLanguage":"en-US","@id":"https:\/\/www.hydrachim.fr\/en\/produit\/degraissant_alimentaire_canon_a_mousse_002001504\/#primaryimage","url":"https:\/\/www.hydrachim.fr\/app\/uploads\/2021\/11\/0015___D_GRAISSANT_ALIMENTAIRE___5L..png","contentUrl":"https:\/\/www.hydrachim.fr\/app\/uploads\/2021\/11\/0015___D_GRAISSANT_ALIMENTAIRE___5L..png","width":381,"height":600},{"@type":"BreadcrumbList","@id":"https:\/\/www.hydrachim.fr\/en\/produit\/degraissant_alimentaire_canon_a_mousse_002001504\/#breadcrumb","itemListElement":[{"@type":"ListItem","position":1,"name":"Home","item":"https:\/\/www.hydrachim.fr\/en\/"},{"@type":"ListItem","position":2,"name":"Boutique","item":"https:\/\/www.hydrachim.fr\/boutique\/"},{"@type":"ListItem","position":3,"name":"D\u00e9graissant Alimentaire Canon \u00e0 Mousse"}]},{"@type":"WebSite","@id":"https:\/\/www.hydrachim.fr\/en\/#website","url":"https:\/\/www.hydrachim.fr\/en\/","name":"Hydrachim","description":"La science de l&#039;hygi\u00e8ne","potentialAction":[{"@type":"SearchAction","target":{"@type":"EntryPoint","urlTemplate":"https:\/\/www.hydrachim.fr\/en\/?s={search_term_string}"},"query-input":{"@type":"PropertyValueSpecification","valueRequired":true,"valueName":"search_term_string"}}],"inLanguage":"en-US"}]}},"acf":{"fiche_technique":"https:\/\/www.hydrachim.fr\/app\/uploads\/2024\/05\/FT_ORLAV___0451___DEGRAISSANT_ALIMENTAIRE_CANON_A_MOUSSE.pdf","fiche_methode":""},"_links":{"self":[{"href":"https:\/\/www.hydrachim.fr\/en\/wp-json\/wp\/v2\/product\/3519","targetHints":{"allow":["GET"]}}],"collection":[{"href":"https:\/\/www.hydrachim.fr\/en\/wp-json\/wp\/v2\/product"}],"about":[{"href":"https:\/\/www.hydrachim.fr\/en\/wp-json\/wp\/v2\/types\/product"}],"wp:featuredmedia":[{"embeddable":true,"href":"https:\/\/www.hydrachim.fr\/en\/wp-json\/wp\/v2\/media\/10331"}],"wp:attachment":[{"href":"https:\/\/www.hydrachim.fr\/en\/wp-json\/wp\/v2\/media?parent=3519"}],"wp:term":[{"taxonomy":"product_brand","embeddable":true,"href":"https:\/\/www.hydrachim.fr\/en\/wp-json\/wp\/v2\/product_brand?post=3519"},{"taxonomy":"product_type","embeddable":true,"href":"https:\/\/www.hydrachim.fr\/en\/wp-json\/wp\/v2\/product_type?post=3519"},{"taxonomy":"product_visibility","embeddable":true,"href":"https:\/\/www.hydrachim.fr\/en\/wp-json\/wp\/v2\/product_visibility?post=3519"},{"taxonomy":"product_cat","embeddable":true,"href":"https:\/\/www.hydrachim.fr\/en\/wp-json\/wp\/v2\/product_cat?post=3519"}],"curies":[{"name":"wp","href":"https:\/\/api.w.org\/{rel}","templated":true}]}}