{"id":3512,"date":"2019-08-06T15:50:25","date_gmt":"2019-08-06T13:50:25","guid":{"rendered":"https:\/\/www.hydrachim.fr\/product\/degivrant-pare-brise\/"},"modified":"2024-11-08T16:16:45","modified_gmt":"2024-11-08T14:16:45","slug":"degivrant_pare_brise_003182005","status":"publish","type":"product","link":"https:\/\/www.hydrachim.fr\/en\/produit\/degivrant_pare_brise_003182005\/","title":{"rendered":"Degivrant pare brise"},"content":{"rendered":"<p><strong>D\u00e9givrant pare-brise liquide est un produit d\u00e9velopp\u00e9 pour \u00eatre pulv\u00e9ris\u00e9 sur les pare-brises en cas de givre.<\/strong><\/p>\n<p>Le D\u00e9givrant pare-brise est un produit qui s&#8217;utilise en pulv\u00e9risation directement sur les pare-brises en cas de givre.<br \/>\nIl est sans danger pour les joints et la carrosserie.\n<\/p>\n<p><strong>Disponible en carton de 6 x 750 mL. R\u00e9f. 003182005<\/strong><\/p>\n<p class=\"y-product y-product__product-subtitle\">Avantage :<\/p>\n<p>Le D\u00e9givrant pare-brise ne laisse pas de traces et agit rapidement.<\/p>\n<p>Retrouvez le mode d&#8217;emploi et le dosage du produit en t\u00e9l\u00e9chargeant, ci-dessous, sa Fiche Technique et\/ou sa Fiche M\u00e9thode.<\/p>\n<p><em>Avant toute utilisation, lisez l&#8217;\u00e9tiquette et les informations concernant le produit.<\/em><\/p>\n","protected":false},"excerpt":{"rendered":"<p>D\u00e9givrant pare-brise liquide<\/p>\n","protected":false},"featured_media":11396,"template":"","meta":[],"product_brand":[],"product_type":[2],"product_visibility":[],"product_cat":[4026,4153,4141,4092],"class_list":{"0":"post-3512","1":"product","2":"type-product","3":"status-publish","4":"has-post-thumbnail","6":"product_cat-produitsindustrie","7":"product_cat-marqueskemnet","8":"product_cat-produits","9":"product_cat-industriestation-vhicule","10":"product_tag-degivrant","11":"product_tag-liquide","12":"product_tag-pare-brise","13":"product_tag-pulverisation","14":"product_tag-vehicules-2","16":"first","17":"instock","18":"shipping-taxable","19":"product-type-simple"},"yoast_head":"<!-- This site is optimized with the Yoast SEO plugin v27.5 - https:\/\/yoast.com\/product\/yoast-seo-wordpress\/ -->\n<title>Degivrant pare brise - Hydrachim<\/title>\n<meta name=\"robots\" content=\"index, follow, max-snippet:-1, max-image-preview:large, max-video-preview:-1\" \/>\n<link rel=\"canonical\" href=\"https:\/\/www.hydrachim.fr\/en\/produit\/degivrant_pare_brise_003182005\/\" \/>\n<meta property=\"og:locale\" content=\"en_US\" \/>\n<meta property=\"og:type\" content=\"article\" \/>\n<meta property=\"og:title\" content=\"Degivrant pare brise - Hydrachim\" \/>\n<meta property=\"og:description\" content=\"D\u00e9givrant pare-brise liquide\" \/>\n<meta property=\"og:url\" content=\"https:\/\/www.hydrachim.fr\/en\/produit\/degivrant_pare_brise_003182005\/\" \/>\n<meta property=\"og:site_name\" content=\"Hydrachim\" \/>\n<meta property=\"article:modified_time\" content=\"2024-11-08T14:16:45+00:00\" \/>\n<meta property=\"og:image\" content=\"https:\/\/www.hydrachim.fr\/app\/uploads\/2022\/04\/1820___DEGIVRANT_PARE_BRISE___750ML..png\" \/>\n\t<meta property=\"og:image:width\" content=\"600\" \/>\n\t<meta property=\"og:image:height\" content=\"1296\" \/>\n\t<meta property=\"og:image:type\" content=\"image\/png\" \/>\n<meta name=\"twitter:card\" content=\"summary_large_image\" \/>\n<meta name=\"twitter:label1\" content=\"Est. reading time\" \/>\n\t<meta name=\"twitter:data1\" content=\"1 minute\" \/>\n<script type=\"application\/ld+json\" class=\"yoast-schema-graph\">{\"@context\":\"https:\\\/\\\/schema.org\",\"@graph\":[{\"@type\":\"WebPage\",\"@id\":\"https:\\\/\\\/www.hydrachim.fr\\\/en\\\/produit\\\/degivrant_pare_brise_003182005\\\/\",\"url\":\"https:\\\/\\\/www.hydrachim.fr\\\/en\\\/produit\\\/degivrant_pare_brise_003182005\\\/\",\"name\":\"Degivrant pare brise - Hydrachim\",\"isPartOf\":{\"@id\":\"https:\\\/\\\/www.hydrachim.fr\\\/en\\\/#website\"},\"primaryImageOfPage\":{\"@id\":\"https:\\\/\\\/www.hydrachim.fr\\\/en\\\/produit\\\/degivrant_pare_brise_003182005\\\/#primaryimage\"},\"image\":{\"@id\":\"https:\\\/\\\/www.hydrachim.fr\\\/en\\\/produit\\\/degivrant_pare_brise_003182005\\\/#primaryimage\"},\"thumbnailUrl\":\"https:\\\/\\\/www.hydrachim.fr\\\/app\\\/uploads\\\/2022\\\/04\\\/1820___DEGIVRANT_PARE_BRISE___750ML..png\",\"datePublished\":\"2019-08-06T13:50:25+00:00\",\"dateModified\":\"2024-11-08T14:16:45+00:00\",\"breadcrumb\":{\"@id\":\"https:\\\/\\\/www.hydrachim.fr\\\/en\\\/produit\\\/degivrant_pare_brise_003182005\\\/#breadcrumb\"},\"inLanguage\":\"en-US\",\"potentialAction\":[{\"@type\":\"ReadAction\",\"target\":[\"https:\\\/\\\/www.hydrachim.fr\\\/en\\\/produit\\\/degivrant_pare_brise_003182005\\\/\"]}]},{\"@type\":\"ImageObject\",\"inLanguage\":\"en-US\",\"@id\":\"https:\\\/\\\/www.hydrachim.fr\\\/en\\\/produit\\\/degivrant_pare_brise_003182005\\\/#primaryimage\",\"url\":\"https:\\\/\\\/www.hydrachim.fr\\\/app\\\/uploads\\\/2022\\\/04\\\/1820___DEGIVRANT_PARE_BRISE___750ML..png\",\"contentUrl\":\"https:\\\/\\\/www.hydrachim.fr\\\/app\\\/uploads\\\/2022\\\/04\\\/1820___DEGIVRANT_PARE_BRISE___750ML..png\",\"width\":600,\"height\":1296},{\"@type\":\"BreadcrumbList\",\"@id\":\"https:\\\/\\\/www.hydrachim.fr\\\/en\\\/produit\\\/degivrant_pare_brise_003182005\\\/#breadcrumb\",\"itemListElement\":[{\"@type\":\"ListItem\",\"position\":1,\"name\":\"Home\",\"item\":\"https:\\\/\\\/www.hydrachim.fr\\\/en\\\/\"},{\"@type\":\"ListItem\",\"position\":2,\"name\":\"Boutique\",\"item\":\"https:\\\/\\\/www.hydrachim.fr\\\/boutique\\\/\"},{\"@type\":\"ListItem\",\"position\":3,\"name\":\"Degivrant pare brise\"}]},{\"@type\":\"WebSite\",\"@id\":\"https:\\\/\\\/www.hydrachim.fr\\\/en\\\/#website\",\"url\":\"https:\\\/\\\/www.hydrachim.fr\\\/en\\\/\",\"name\":\"Hydrachim\",\"description\":\"La science de l&#039;hygi\u00e8ne\",\"potentialAction\":[{\"@type\":\"SearchAction\",\"target\":{\"@type\":\"EntryPoint\",\"urlTemplate\":\"https:\\\/\\\/www.hydrachim.fr\\\/en\\\/?s={search_term_string}\"},\"query-input\":{\"@type\":\"PropertyValueSpecification\",\"valueRequired\":true,\"valueName\":\"search_term_string\"}}],\"inLanguage\":\"en-US\"}]}<\/script>\n<!-- \/ Yoast SEO plugin. -->","yoast_head_json":{"title":"Degivrant pare brise - Hydrachim","robots":{"index":"index","follow":"follow","max-snippet":"max-snippet:-1","max-image-preview":"max-image-preview:large","max-video-preview":"max-video-preview:-1"},"canonical":"https:\/\/www.hydrachim.fr\/en\/produit\/degivrant_pare_brise_003182005\/","og_locale":"en_US","og_type":"article","og_title":"Degivrant pare brise - Hydrachim","og_description":"D\u00e9givrant pare-brise liquide","og_url":"https:\/\/www.hydrachim.fr\/en\/produit\/degivrant_pare_brise_003182005\/","og_site_name":"Hydrachim","article_modified_time":"2024-11-08T14:16:45+00:00","og_image":[{"width":600,"height":1296,"url":"https:\/\/www.hydrachim.fr\/app\/uploads\/2022\/04\/1820___DEGIVRANT_PARE_BRISE___750ML..png","type":"image\/png"}],"twitter_card":"summary_large_image","twitter_misc":{"Est. reading time":"1 minute"},"schema":{"@context":"https:\/\/schema.org","@graph":[{"@type":"WebPage","@id":"https:\/\/www.hydrachim.fr\/en\/produit\/degivrant_pare_brise_003182005\/","url":"https:\/\/www.hydrachim.fr\/en\/produit\/degivrant_pare_brise_003182005\/","name":"Degivrant pare brise - Hydrachim","isPartOf":{"@id":"https:\/\/www.hydrachim.fr\/en\/#website"},"primaryImageOfPage":{"@id":"https:\/\/www.hydrachim.fr\/en\/produit\/degivrant_pare_brise_003182005\/#primaryimage"},"image":{"@id":"https:\/\/www.hydrachim.fr\/en\/produit\/degivrant_pare_brise_003182005\/#primaryimage"},"thumbnailUrl":"https:\/\/www.hydrachim.fr\/app\/uploads\/2022\/04\/1820___DEGIVRANT_PARE_BRISE___750ML..png","datePublished":"2019-08-06T13:50:25+00:00","dateModified":"2024-11-08T14:16:45+00:00","breadcrumb":{"@id":"https:\/\/www.hydrachim.fr\/en\/produit\/degivrant_pare_brise_003182005\/#breadcrumb"},"inLanguage":"en-US","potentialAction":[{"@type":"ReadAction","target":["https:\/\/www.hydrachim.fr\/en\/produit\/degivrant_pare_brise_003182005\/"]}]},{"@type":"ImageObject","inLanguage":"en-US","@id":"https:\/\/www.hydrachim.fr\/en\/produit\/degivrant_pare_brise_003182005\/#primaryimage","url":"https:\/\/www.hydrachim.fr\/app\/uploads\/2022\/04\/1820___DEGIVRANT_PARE_BRISE___750ML..png","contentUrl":"https:\/\/www.hydrachim.fr\/app\/uploads\/2022\/04\/1820___DEGIVRANT_PARE_BRISE___750ML..png","width":600,"height":1296},{"@type":"BreadcrumbList","@id":"https:\/\/www.hydrachim.fr\/en\/produit\/degivrant_pare_brise_003182005\/#breadcrumb","itemListElement":[{"@type":"ListItem","position":1,"name":"Home","item":"https:\/\/www.hydrachim.fr\/en\/"},{"@type":"ListItem","position":2,"name":"Boutique","item":"https:\/\/www.hydrachim.fr\/boutique\/"},{"@type":"ListItem","position":3,"name":"Degivrant pare brise"}]},{"@type":"WebSite","@id":"https:\/\/www.hydrachim.fr\/en\/#website","url":"https:\/\/www.hydrachim.fr\/en\/","name":"Hydrachim","description":"La science de l&#039;hygi\u00e8ne","potentialAction":[{"@type":"SearchAction","target":{"@type":"EntryPoint","urlTemplate":"https:\/\/www.hydrachim.fr\/en\/?s={search_term_string}"},"query-input":{"@type":"PropertyValueSpecification","valueRequired":true,"valueName":"search_term_string"}}],"inLanguage":"en-US"}]}},"acf":{"fiche_technique":"https:\/\/www.hydrachim.fr\/app\/uploads\/2024\/11\/FT___1820___KEMNETPRO___DEGIVRANT_PARE_BRISE.pdf","fiche_methode":""},"_links":{"self":[{"href":"https:\/\/www.hydrachim.fr\/en\/wp-json\/wp\/v2\/product\/3512","targetHints":{"allow":["GET"]}}],"collection":[{"href":"https:\/\/www.hydrachim.fr\/en\/wp-json\/wp\/v2\/product"}],"about":[{"href":"https:\/\/www.hydrachim.fr\/en\/wp-json\/wp\/v2\/types\/product"}],"wp:featuredmedia":[{"embeddable":true,"href":"https:\/\/www.hydrachim.fr\/en\/wp-json\/wp\/v2\/media\/11396"}],"wp:attachment":[{"href":"https:\/\/www.hydrachim.fr\/en\/wp-json\/wp\/v2\/media?parent=3512"}],"wp:term":[{"taxonomy":"product_brand","embeddable":true,"href":"https:\/\/www.hydrachim.fr\/en\/wp-json\/wp\/v2\/product_brand?post=3512"},{"taxonomy":"product_type","embeddable":true,"href":"https:\/\/www.hydrachim.fr\/en\/wp-json\/wp\/v2\/product_type?post=3512"},{"taxonomy":"product_visibility","embeddable":true,"href":"https:\/\/www.hydrachim.fr\/en\/wp-json\/wp\/v2\/product_visibility?post=3512"},{"taxonomy":"product_cat","embeddable":true,"href":"https:\/\/www.hydrachim.fr\/en\/wp-json\/wp\/v2\/product_cat?post=3512"}],"curies":[{"name":"wp","href":"https:\/\/api.w.org\/{rel}","templated":true}]}}