{"id":3507,"date":"2019-08-06T15:50:21","date_gmt":"2019-08-06T13:50:21","guid":{"rendered":"https:\/\/www.hydrachim.fr\/product\/decapant-force-plus-four-et-friteuse\/"},"modified":"2024-05-28T09:39:53","modified_gmt":"2024-05-28T07:39:53","slug":"decapant_force__002041601","status":"publish","type":"product","link":"https:\/\/www.hydrachim.fr\/en\/produit\/decapant_force__002041601\/","title":{"rendered":"D\u00e9capant force +"},"content":{"rendered":"<p><strong>Le D\u00e9capant Force + est un produit qui nettoie et d\u00e9sincruste les parois des fours, friteuses, plaques de cuisson, grilles.<\/strong><\/p>\n<p>Le D\u00e9capant Force + \u00e9limine facilement les d\u00e9p\u00f4ts carbonis\u00e9s et dess\u00e9ch\u00e9s de graisses et autres mati\u00e8res organiques. Le D\u00e9capant Force + s&#8217;utilise sur les graisses des grils, r\u00f4tissoires, fours, pianos, grills etc.<br \/>\nLe D\u00e9capant Force + est sans odeur \u00e0 l&#8217;utilisation. Il est \u00e0 utiliser avec pr\u00e9cautions.\n<\/p>\n<p><strong>Disponible en :<br \/>\n&#8211; Carton de 4 x 5L + 1 pistolet. R\u00e9f. 002041601<br \/>\n&#8211; Carton de 4 x 5L sans pistolet. R\u00e9f. 002041697<\/strong><\/p>\n<p class=\"y-product y-product__product-subtitle\">Avantage :<\/p>\n<p>Elimine et d\u00e9sincruste les graisses sans efforts.<\/p>\n<p>Retrouvez le mode d&#8217;emploi et le dosage du produit en t\u00e9l\u00e9chargeant sa Fiche Technique et\/ou sa Fiche M\u00e9thode.<\/p>\n<p><em>Avant toute utilisation, lisez l&#8217;\u00e9tiquette et les informations concernant le produit.<\/em><\/p>\n","protected":false},"excerpt":{"rendered":"<p>Nettoyant liquide puissant pour nettoyer et d\u00e9sincruster les fours et friteuses. Sans Odeur.<\/p>\n","protected":false},"featured_media":9594,"template":"","meta":[],"product_brand":[],"product_type":[2],"product_visibility":[],"product_cat":[4117,4119,4145],"class_list":{"0":"post-3507","1":"product","2":"type-product","3":"status-publish","4":"has-post-thumbnail","6":"product_cat-produitscuisine","7":"product_cat-cuisineentretien","8":"product_cat-marquesorlav","9":"product_tag-decapant","10":"product_tag-four","11":"product_tag-friteuse","12":"product_tag-liquide","14":"first","15":"instock","16":"shipping-taxable","17":"product-type-simple"},"yoast_head":"<!-- This site is optimized with the Yoast SEO plugin v27.5 - https:\/\/yoast.com\/product\/yoast-seo-wordpress\/ -->\n<title>Nettoyant liquide fours et friteuses - D\u00e9capant Force+ - Hydrachim<\/title>\n<meta name=\"description\" content=\"Nettoyant liquide puissant pour les parois des fours, friteuses, plaques de cuisson, grilles. Il \u00e9limine les d\u00e9p\u00f4ts carbonis\u00e9s et dess\u00e9ch\u00e9s de graisses...\" \/>\n<meta name=\"robots\" content=\"index, follow, max-snippet:-1, max-image-preview:large, max-video-preview:-1\" \/>\n<link rel=\"canonical\" href=\"https:\/\/www.hydrachim.fr\/en\/produit\/decapant_force__002041601\/\" \/>\n<meta property=\"og:locale\" content=\"en_US\" \/>\n<meta property=\"og:type\" content=\"article\" \/>\n<meta property=\"og:title\" content=\"Nettoyant liquide fours et friteuses - D\u00e9capant Force+ - Hydrachim\" \/>\n<meta property=\"og:description\" content=\"Nettoyant liquide puissant pour les parois des fours, friteuses, plaques de cuisson, grilles. Il \u00e9limine les d\u00e9p\u00f4ts carbonis\u00e9s et dess\u00e9ch\u00e9s de graisses...\" \/>\n<meta property=\"og:url\" content=\"https:\/\/www.hydrachim.fr\/en\/produit\/decapant_force__002041601\/\" \/>\n<meta property=\"og:site_name\" content=\"Hydrachim\" \/>\n<meta property=\"article:modified_time\" content=\"2024-05-28T07:39:53+00:00\" \/>\n<meta property=\"og:image\" content=\"https:\/\/www.hydrachim.fr\/app\/uploads\/2021\/07\/0416___DECAPANT_FORCE_PLUS__FOUR_ET_FRITEUSE___5L..png\" \/>\n\t<meta property=\"og:image:width\" content=\"442\" \/>\n\t<meta property=\"og:image:height\" content=\"699\" \/>\n\t<meta property=\"og:image:type\" content=\"image\/png\" \/>\n<meta name=\"twitter:card\" content=\"summary_large_image\" \/>\n<meta name=\"twitter:label1\" content=\"Est. reading time\" \/>\n\t<meta name=\"twitter:data1\" content=\"1 minute\" \/>\n<script type=\"application\/ld+json\" class=\"yoast-schema-graph\">{\"@context\":\"https:\\\/\\\/schema.org\",\"@graph\":[{\"@type\":\"WebPage\",\"@id\":\"https:\\\/\\\/www.hydrachim.fr\\\/en\\\/produit\\\/decapant_force__002041601\\\/\",\"url\":\"https:\\\/\\\/www.hydrachim.fr\\\/en\\\/produit\\\/decapant_force__002041601\\\/\",\"name\":\"Nettoyant liquide fours et friteuses - D\u00e9capant Force+ - Hydrachim\",\"isPartOf\":{\"@id\":\"https:\\\/\\\/www.hydrachim.fr\\\/en\\\/#website\"},\"primaryImageOfPage\":{\"@id\":\"https:\\\/\\\/www.hydrachim.fr\\\/en\\\/produit\\\/decapant_force__002041601\\\/#primaryimage\"},\"image\":{\"@id\":\"https:\\\/\\\/www.hydrachim.fr\\\/en\\\/produit\\\/decapant_force__002041601\\\/#primaryimage\"},\"thumbnailUrl\":\"https:\\\/\\\/www.hydrachim.fr\\\/app\\\/uploads\\\/2021\\\/07\\\/0416___DECAPANT_FORCE_PLUS__FOUR_ET_FRITEUSE___5L..png\",\"datePublished\":\"2019-08-06T13:50:21+00:00\",\"dateModified\":\"2024-05-28T07:39:53+00:00\",\"description\":\"Nettoyant liquide puissant pour les parois des fours, friteuses, plaques de cuisson, grilles. Il \u00e9limine les d\u00e9p\u00f4ts carbonis\u00e9s et dess\u00e9ch\u00e9s de graisses...\",\"breadcrumb\":{\"@id\":\"https:\\\/\\\/www.hydrachim.fr\\\/en\\\/produit\\\/decapant_force__002041601\\\/#breadcrumb\"},\"inLanguage\":\"en-US\",\"potentialAction\":[{\"@type\":\"ReadAction\",\"target\":[\"https:\\\/\\\/www.hydrachim.fr\\\/en\\\/produit\\\/decapant_force__002041601\\\/\"]}]},{\"@type\":\"ImageObject\",\"inLanguage\":\"en-US\",\"@id\":\"https:\\\/\\\/www.hydrachim.fr\\\/en\\\/produit\\\/decapant_force__002041601\\\/#primaryimage\",\"url\":\"https:\\\/\\\/www.hydrachim.fr\\\/app\\\/uploads\\\/2021\\\/07\\\/0416___DECAPANT_FORCE_PLUS__FOUR_ET_FRITEUSE___5L..png\",\"contentUrl\":\"https:\\\/\\\/www.hydrachim.fr\\\/app\\\/uploads\\\/2021\\\/07\\\/0416___DECAPANT_FORCE_PLUS__FOUR_ET_FRITEUSE___5L..png\",\"width\":442,\"height\":699},{\"@type\":\"BreadcrumbList\",\"@id\":\"https:\\\/\\\/www.hydrachim.fr\\\/en\\\/produit\\\/decapant_force__002041601\\\/#breadcrumb\",\"itemListElement\":[{\"@type\":\"ListItem\",\"position\":1,\"name\":\"Home\",\"item\":\"https:\\\/\\\/www.hydrachim.fr\\\/en\\\/\"},{\"@type\":\"ListItem\",\"position\":2,\"name\":\"Boutique\",\"item\":\"https:\\\/\\\/www.hydrachim.fr\\\/boutique\\\/\"},{\"@type\":\"ListItem\",\"position\":3,\"name\":\"D\u00e9capant force +\"}]},{\"@type\":\"WebSite\",\"@id\":\"https:\\\/\\\/www.hydrachim.fr\\\/en\\\/#website\",\"url\":\"https:\\\/\\\/www.hydrachim.fr\\\/en\\\/\",\"name\":\"Hydrachim\",\"description\":\"La science de l&#039;hygi\u00e8ne\",\"potentialAction\":[{\"@type\":\"SearchAction\",\"target\":{\"@type\":\"EntryPoint\",\"urlTemplate\":\"https:\\\/\\\/www.hydrachim.fr\\\/en\\\/?s={search_term_string}\"},\"query-input\":{\"@type\":\"PropertyValueSpecification\",\"valueRequired\":true,\"valueName\":\"search_term_string\"}}],\"inLanguage\":\"en-US\"}]}<\/script>\n<!-- \/ Yoast SEO plugin. -->","yoast_head_json":{"title":"Nettoyant liquide fours et friteuses - D\u00e9capant Force+ - Hydrachim","description":"Nettoyant liquide puissant pour les parois des fours, friteuses, plaques de cuisson, grilles. Il \u00e9limine les d\u00e9p\u00f4ts carbonis\u00e9s et dess\u00e9ch\u00e9s de graisses...","robots":{"index":"index","follow":"follow","max-snippet":"max-snippet:-1","max-image-preview":"max-image-preview:large","max-video-preview":"max-video-preview:-1"},"canonical":"https:\/\/www.hydrachim.fr\/en\/produit\/decapant_force__002041601\/","og_locale":"en_US","og_type":"article","og_title":"Nettoyant liquide fours et friteuses - D\u00e9capant Force+ - Hydrachim","og_description":"Nettoyant liquide puissant pour les parois des fours, friteuses, plaques de cuisson, grilles. Il \u00e9limine les d\u00e9p\u00f4ts carbonis\u00e9s et dess\u00e9ch\u00e9s de graisses...","og_url":"https:\/\/www.hydrachim.fr\/en\/produit\/decapant_force__002041601\/","og_site_name":"Hydrachim","article_modified_time":"2024-05-28T07:39:53+00:00","og_image":[{"width":442,"height":699,"url":"https:\/\/www.hydrachim.fr\/app\/uploads\/2021\/07\/0416___DECAPANT_FORCE_PLUS__FOUR_ET_FRITEUSE___5L..png","type":"image\/png"}],"twitter_card":"summary_large_image","twitter_misc":{"Est. reading time":"1 minute"},"schema":{"@context":"https:\/\/schema.org","@graph":[{"@type":"WebPage","@id":"https:\/\/www.hydrachim.fr\/en\/produit\/decapant_force__002041601\/","url":"https:\/\/www.hydrachim.fr\/en\/produit\/decapant_force__002041601\/","name":"Nettoyant liquide fours et friteuses - D\u00e9capant Force+ - Hydrachim","isPartOf":{"@id":"https:\/\/www.hydrachim.fr\/en\/#website"},"primaryImageOfPage":{"@id":"https:\/\/www.hydrachim.fr\/en\/produit\/decapant_force__002041601\/#primaryimage"},"image":{"@id":"https:\/\/www.hydrachim.fr\/en\/produit\/decapant_force__002041601\/#primaryimage"},"thumbnailUrl":"https:\/\/www.hydrachim.fr\/app\/uploads\/2021\/07\/0416___DECAPANT_FORCE_PLUS__FOUR_ET_FRITEUSE___5L..png","datePublished":"2019-08-06T13:50:21+00:00","dateModified":"2024-05-28T07:39:53+00:00","description":"Nettoyant liquide puissant pour les parois des fours, friteuses, plaques de cuisson, grilles. Il \u00e9limine les d\u00e9p\u00f4ts carbonis\u00e9s et dess\u00e9ch\u00e9s de graisses...","breadcrumb":{"@id":"https:\/\/www.hydrachim.fr\/en\/produit\/decapant_force__002041601\/#breadcrumb"},"inLanguage":"en-US","potentialAction":[{"@type":"ReadAction","target":["https:\/\/www.hydrachim.fr\/en\/produit\/decapant_force__002041601\/"]}]},{"@type":"ImageObject","inLanguage":"en-US","@id":"https:\/\/www.hydrachim.fr\/en\/produit\/decapant_force__002041601\/#primaryimage","url":"https:\/\/www.hydrachim.fr\/app\/uploads\/2021\/07\/0416___DECAPANT_FORCE_PLUS__FOUR_ET_FRITEUSE___5L..png","contentUrl":"https:\/\/www.hydrachim.fr\/app\/uploads\/2021\/07\/0416___DECAPANT_FORCE_PLUS__FOUR_ET_FRITEUSE___5L..png","width":442,"height":699},{"@type":"BreadcrumbList","@id":"https:\/\/www.hydrachim.fr\/en\/produit\/decapant_force__002041601\/#breadcrumb","itemListElement":[{"@type":"ListItem","position":1,"name":"Home","item":"https:\/\/www.hydrachim.fr\/en\/"},{"@type":"ListItem","position":2,"name":"Boutique","item":"https:\/\/www.hydrachim.fr\/boutique\/"},{"@type":"ListItem","position":3,"name":"D\u00e9capant force +"}]},{"@type":"WebSite","@id":"https:\/\/www.hydrachim.fr\/en\/#website","url":"https:\/\/www.hydrachim.fr\/en\/","name":"Hydrachim","description":"La science de l&#039;hygi\u00e8ne","potentialAction":[{"@type":"SearchAction","target":{"@type":"EntryPoint","urlTemplate":"https:\/\/www.hydrachim.fr\/en\/?s={search_term_string}"},"query-input":{"@type":"PropertyValueSpecification","valueRequired":true,"valueName":"search_term_string"}}],"inLanguage":"en-US"}]}},"acf":{"fiche_technique":"https:\/\/www.hydrachim.fr\/app\/uploads\/2019\/09\/FT-416-DECAPANT-FORCE-PLUS-FOUR-GRILL.pdf","fiche_methode":""},"_links":{"self":[{"href":"https:\/\/www.hydrachim.fr\/en\/wp-json\/wp\/v2\/product\/3507","targetHints":{"allow":["GET"]}}],"collection":[{"href":"https:\/\/www.hydrachim.fr\/en\/wp-json\/wp\/v2\/product"}],"about":[{"href":"https:\/\/www.hydrachim.fr\/en\/wp-json\/wp\/v2\/types\/product"}],"wp:featuredmedia":[{"embeddable":true,"href":"https:\/\/www.hydrachim.fr\/en\/wp-json\/wp\/v2\/media\/9594"}],"wp:attachment":[{"href":"https:\/\/www.hydrachim.fr\/en\/wp-json\/wp\/v2\/media?parent=3507"}],"wp:term":[{"taxonomy":"product_brand","embeddable":true,"href":"https:\/\/www.hydrachim.fr\/en\/wp-json\/wp\/v2\/product_brand?post=3507"},{"taxonomy":"product_type","embeddable":true,"href":"https:\/\/www.hydrachim.fr\/en\/wp-json\/wp\/v2\/product_type?post=3507"},{"taxonomy":"product_visibility","embeddable":true,"href":"https:\/\/www.hydrachim.fr\/en\/wp-json\/wp\/v2\/product_visibility?post=3507"},{"taxonomy":"product_cat","embeddable":true,"href":"https:\/\/www.hydrachim.fr\/en\/wp-json\/wp\/v2\/product_cat?post=3507"}],"curies":[{"name":"wp","href":"https:\/\/api.w.org\/{rel}","templated":true}]}}