{"id":3505,"date":"2019-08-06T15:50:19","date_gmt":"2019-08-06T13:50:19","guid":{"rendered":"https:\/\/www.hydrachim.fr\/product\/gel-douche-corps-et-cheveux-orlav\/"},"modified":"2026-03-11T15:18:57","modified_gmt":"2026-03-11T13:18:57","slug":"blanche_ivoire_002038110","status":"publish","type":"product","link":"https:\/\/www.hydrachim.fr\/en\/produit\/blanche_ivoire_002038110\/","title":{"rendered":"Blanche ivoire"},"content":{"rendered":"<p><strong>Blanche ivoire est un gel doux d\u00e9velopp\u00e9 pour le lavage quotidien du corps et des cheveux.<br \/>\nIl laisse un agr\u00e9able parfum Muguet, \u00e0 la fois l\u00e9ger et enveloppant.<\/strong><\/p>\n<p>Blanche ivoire est un gel qui lave efficacement et laisse un l\u00e9ger parfum. Blanche ivoire a un pH neutre.\n<\/p>\n<p><strong>Disponible en :<br \/>\n&#8211; Carton de 6 x 1L avec pompe. R\u00e9f. 002038117<br \/>\n&#8211; Carton de 4 x 5L. R\u00e9f. 002038103<\/strong><\/p>\n<p class=\"y-product y-product__product-subtitle\">Avantage :<\/p>\n<p>La formule de Blanche ivoire permet un usage quotidien.<\/p>\n<p>Retrouvez le mode d&#8217;emploi et le dosage du produit en t\u00e9l\u00e9chargeant, ci-dessous, sa Fiche Technique et\/ou sa Fiche M\u00e9thode.<\/p>\n<p><em>Avant toute utilisation, lisez l&#8217;\u00e9tiquette et les informations concernant le produit.<br \/>\nIngr\u00e9dients : AQUA, SODIUM C14-16 OLEFIN SULFONATE, SODIUM CHLORIDE, SODIUM LAURETH SULFATE, COCAMIDOPROPYL BETAINE, GLYCOL CETEARATE, LAURAMINE OXIDE, PARFUM, STYRENE\/ACRYLATES COPOLYMER, CITRIC ACID, SODIUM LAURYL SULFATE, METHYLCHLOROISOTHIAZOLINONE, METHYLISOTHIAZOLINONE, SODIUM HYDROXIDE. <\/em><\/p>\n","protected":false},"excerpt":{"rendered":"<p>Gel douche corps et cheveux au parfum Muguet.<\/p>\n","protected":false},"featured_media":30538,"template":"","meta":[],"product_brand":[],"product_type":[2],"product_visibility":[],"product_cat":[4139,4137,4295],"class_list":{"0":"post-3505","1":"product","2":"type-product","3":"status-publish","4":"has-post-thumbnail","6":"product_cat-produits-produitsmains-corpscremes-lavantes-pour-le-corps-les-cheveux","7":"product_cat-produitsmains-corps","8":"product_cat-marquessimplement","9":"product_tag-cheveux","10":"product_tag-corps","11":"product_tag-gel","12":"product_tag-lavage","13":"product_tag-muguet","14":"product_tag-neutre","16":"first","17":"instock","18":"shipping-taxable","19":"product-type-simple"},"yoast_head":"<!-- This site is optimized with the Yoast SEO plugin v27.6 - https:\/\/yoast.com\/product\/yoast-seo-wordpress\/ -->\n<title>Blanche ivoire - Gel douche corps et cheveux au jasmin coco - Hydrachim<\/title>\n<meta name=\"description\" content=\"Blanche ivoire est un gel douche pour le lavage du corps et des cheveux laissant un agr\u00e9able parfum jasmin coco.\" \/>\n<meta name=\"robots\" content=\"index, follow, max-snippet:-1, max-image-preview:large, max-video-preview:-1\" \/>\n<link rel=\"canonical\" href=\"https:\/\/www.hydrachim.fr\/en\/produit\/blanche_ivoire_002038110\/\" \/>\n<meta property=\"og:locale\" content=\"en_US\" \/>\n<meta property=\"og:type\" content=\"article\" \/>\n<meta property=\"og:title\" content=\"Blanche ivoire - Gel douche corps et cheveux au jasmin coco - Hydrachim\" \/>\n<meta property=\"og:description\" content=\"Blanche ivoire est un gel douche pour le lavage du corps et des cheveux laissant un agr\u00e9able parfum jasmin coco.\" \/>\n<meta property=\"og:url\" content=\"https:\/\/www.hydrachim.fr\/en\/produit\/blanche_ivoire_002038110\/\" \/>\n<meta property=\"og:site_name\" content=\"Hydrachim\" \/>\n<meta property=\"article:modified_time\" content=\"2026-03-11T13:18:57+00:00\" \/>\n<meta property=\"og:image\" content=\"https:\/\/www.hydrachim.fr\/app\/uploads\/2026\/03\/SIMPLEMENT___0381___BLANCHE_IVOIRE___1L.png\" \/>\n\t<meta property=\"og:image:width\" content=\"600\" \/>\n\t<meta property=\"og:image:height\" content=\"800\" \/>\n\t<meta property=\"og:image:type\" content=\"image\/png\" \/>\n<meta name=\"twitter:card\" content=\"summary_large_image\" \/>\n<meta name=\"twitter:label1\" content=\"Est. reading time\" \/>\n\t<meta name=\"twitter:data1\" content=\"1 minute\" \/>\n<script type=\"application\/ld+json\" class=\"yoast-schema-graph\">{\"@context\":\"https:\\\/\\\/schema.org\",\"@graph\":[{\"@type\":\"WebPage\",\"@id\":\"https:\\\/\\\/www.hydrachim.fr\\\/en\\\/produit\\\/blanche_ivoire_002038110\\\/\",\"url\":\"https:\\\/\\\/www.hydrachim.fr\\\/en\\\/produit\\\/blanche_ivoire_002038110\\\/\",\"name\":\"Blanche ivoire - Gel douche corps et cheveux au jasmin coco - Hydrachim\",\"isPartOf\":{\"@id\":\"https:\\\/\\\/www.hydrachim.fr\\\/en\\\/#website\"},\"primaryImageOfPage\":{\"@id\":\"https:\\\/\\\/www.hydrachim.fr\\\/en\\\/produit\\\/blanche_ivoire_002038110\\\/#primaryimage\"},\"image\":{\"@id\":\"https:\\\/\\\/www.hydrachim.fr\\\/en\\\/produit\\\/blanche_ivoire_002038110\\\/#primaryimage\"},\"thumbnailUrl\":\"https:\\\/\\\/www.hydrachim.fr\\\/app\\\/uploads\\\/2026\\\/03\\\/SIMPLEMENT___0381___BLANCHE_IVOIRE___1L.png\",\"datePublished\":\"2019-08-06T13:50:19+00:00\",\"dateModified\":\"2026-03-11T13:18:57+00:00\",\"description\":\"Blanche ivoire est un gel douche pour le lavage du corps et des cheveux laissant un agr\u00e9able parfum jasmin coco.\",\"breadcrumb\":{\"@id\":\"https:\\\/\\\/www.hydrachim.fr\\\/en\\\/produit\\\/blanche_ivoire_002038110\\\/#breadcrumb\"},\"inLanguage\":\"en-US\",\"potentialAction\":[{\"@type\":\"ReadAction\",\"target\":[\"https:\\\/\\\/www.hydrachim.fr\\\/en\\\/produit\\\/blanche_ivoire_002038110\\\/\"]}]},{\"@type\":\"ImageObject\",\"inLanguage\":\"en-US\",\"@id\":\"https:\\\/\\\/www.hydrachim.fr\\\/en\\\/produit\\\/blanche_ivoire_002038110\\\/#primaryimage\",\"url\":\"https:\\\/\\\/www.hydrachim.fr\\\/app\\\/uploads\\\/2026\\\/03\\\/SIMPLEMENT___0381___BLANCHE_IVOIRE___1L.png\",\"contentUrl\":\"https:\\\/\\\/www.hydrachim.fr\\\/app\\\/uploads\\\/2026\\\/03\\\/SIMPLEMENT___0381___BLANCHE_IVOIRE___1L.png\",\"width\":600,\"height\":800},{\"@type\":\"BreadcrumbList\",\"@id\":\"https:\\\/\\\/www.hydrachim.fr\\\/en\\\/produit\\\/blanche_ivoire_002038110\\\/#breadcrumb\",\"itemListElement\":[{\"@type\":\"ListItem\",\"position\":1,\"name\":\"Home\",\"item\":\"https:\\\/\\\/www.hydrachim.fr\\\/en\\\/\"},{\"@type\":\"ListItem\",\"position\":2,\"name\":\"Boutique\",\"item\":\"https:\\\/\\\/www.hydrachim.fr\\\/boutique\\\/\"},{\"@type\":\"ListItem\",\"position\":3,\"name\":\"Blanche ivoire\"}]},{\"@type\":\"WebSite\",\"@id\":\"https:\\\/\\\/www.hydrachim.fr\\\/en\\\/#website\",\"url\":\"https:\\\/\\\/www.hydrachim.fr\\\/en\\\/\",\"name\":\"Hydrachim\",\"description\":\"La science de l&#039;hygi\u00e8ne\",\"potentialAction\":[{\"@type\":\"SearchAction\",\"target\":{\"@type\":\"EntryPoint\",\"urlTemplate\":\"https:\\\/\\\/www.hydrachim.fr\\\/en\\\/?s={search_term_string}\"},\"query-input\":{\"@type\":\"PropertyValueSpecification\",\"valueRequired\":true,\"valueName\":\"search_term_string\"}}],\"inLanguage\":\"en-US\"}]}<\/script>\n<!-- \/ Yoast SEO plugin. -->","yoast_head_json":{"title":"Blanche ivoire - Gel douche corps et cheveux au jasmin coco - Hydrachim","description":"Blanche ivoire est un gel douche pour le lavage du corps et des cheveux laissant un agr\u00e9able parfum jasmin coco.","robots":{"index":"index","follow":"follow","max-snippet":"max-snippet:-1","max-image-preview":"max-image-preview:large","max-video-preview":"max-video-preview:-1"},"canonical":"https:\/\/www.hydrachim.fr\/en\/produit\/blanche_ivoire_002038110\/","og_locale":"en_US","og_type":"article","og_title":"Blanche ivoire - Gel douche corps et cheveux au jasmin coco - Hydrachim","og_description":"Blanche ivoire est un gel douche pour le lavage du corps et des cheveux laissant un agr\u00e9able parfum jasmin coco.","og_url":"https:\/\/www.hydrachim.fr\/en\/produit\/blanche_ivoire_002038110\/","og_site_name":"Hydrachim","article_modified_time":"2026-03-11T13:18:57+00:00","og_image":[{"width":600,"height":800,"url":"https:\/\/www.hydrachim.fr\/app\/uploads\/2026\/03\/SIMPLEMENT___0381___BLANCHE_IVOIRE___1L.png","type":"image\/png"}],"twitter_card":"summary_large_image","twitter_misc":{"Est. reading time":"1 minute"},"schema":{"@context":"https:\/\/schema.org","@graph":[{"@type":"WebPage","@id":"https:\/\/www.hydrachim.fr\/en\/produit\/blanche_ivoire_002038110\/","url":"https:\/\/www.hydrachim.fr\/en\/produit\/blanche_ivoire_002038110\/","name":"Blanche ivoire - Gel douche corps et cheveux au jasmin coco - Hydrachim","isPartOf":{"@id":"https:\/\/www.hydrachim.fr\/en\/#website"},"primaryImageOfPage":{"@id":"https:\/\/www.hydrachim.fr\/en\/produit\/blanche_ivoire_002038110\/#primaryimage"},"image":{"@id":"https:\/\/www.hydrachim.fr\/en\/produit\/blanche_ivoire_002038110\/#primaryimage"},"thumbnailUrl":"https:\/\/www.hydrachim.fr\/app\/uploads\/2026\/03\/SIMPLEMENT___0381___BLANCHE_IVOIRE___1L.png","datePublished":"2019-08-06T13:50:19+00:00","dateModified":"2026-03-11T13:18:57+00:00","description":"Blanche ivoire est un gel douche pour le lavage du corps et des cheveux laissant un agr\u00e9able parfum jasmin coco.","breadcrumb":{"@id":"https:\/\/www.hydrachim.fr\/en\/produit\/blanche_ivoire_002038110\/#breadcrumb"},"inLanguage":"en-US","potentialAction":[{"@type":"ReadAction","target":["https:\/\/www.hydrachim.fr\/en\/produit\/blanche_ivoire_002038110\/"]}]},{"@type":"ImageObject","inLanguage":"en-US","@id":"https:\/\/www.hydrachim.fr\/en\/produit\/blanche_ivoire_002038110\/#primaryimage","url":"https:\/\/www.hydrachim.fr\/app\/uploads\/2026\/03\/SIMPLEMENT___0381___BLANCHE_IVOIRE___1L.png","contentUrl":"https:\/\/www.hydrachim.fr\/app\/uploads\/2026\/03\/SIMPLEMENT___0381___BLANCHE_IVOIRE___1L.png","width":600,"height":800},{"@type":"BreadcrumbList","@id":"https:\/\/www.hydrachim.fr\/en\/produit\/blanche_ivoire_002038110\/#breadcrumb","itemListElement":[{"@type":"ListItem","position":1,"name":"Home","item":"https:\/\/www.hydrachim.fr\/en\/"},{"@type":"ListItem","position":2,"name":"Boutique","item":"https:\/\/www.hydrachim.fr\/boutique\/"},{"@type":"ListItem","position":3,"name":"Blanche ivoire"}]},{"@type":"WebSite","@id":"https:\/\/www.hydrachim.fr\/en\/#website","url":"https:\/\/www.hydrachim.fr\/en\/","name":"Hydrachim","description":"La science de l&#039;hygi\u00e8ne","potentialAction":[{"@type":"SearchAction","target":{"@type":"EntryPoint","urlTemplate":"https:\/\/www.hydrachim.fr\/en\/?s={search_term_string}"},"query-input":{"@type":"PropertyValueSpecification","valueRequired":true,"valueName":"search_term_string"}}],"inLanguage":"en-US"}]}},"acf":{"fiche_technique":"https:\/\/www.hydrachim.fr\/app\/uploads\/2026\/03\/FT_SIMPLEMENT___0381___BLANCHE_IVOIRE.pdf","fiche_methode":""},"_links":{"self":[{"href":"https:\/\/www.hydrachim.fr\/en\/wp-json\/wp\/v2\/product\/3505","targetHints":{"allow":["GET"]}}],"collection":[{"href":"https:\/\/www.hydrachim.fr\/en\/wp-json\/wp\/v2\/product"}],"about":[{"href":"https:\/\/www.hydrachim.fr\/en\/wp-json\/wp\/v2\/types\/product"}],"wp:featuredmedia":[{"embeddable":true,"href":"https:\/\/www.hydrachim.fr\/en\/wp-json\/wp\/v2\/media\/30538"}],"wp:attachment":[{"href":"https:\/\/www.hydrachim.fr\/en\/wp-json\/wp\/v2\/media?parent=3505"}],"wp:term":[{"taxonomy":"product_brand","embeddable":true,"href":"https:\/\/www.hydrachim.fr\/en\/wp-json\/wp\/v2\/product_brand?post=3505"},{"taxonomy":"product_type","embeddable":true,"href":"https:\/\/www.hydrachim.fr\/en\/wp-json\/wp\/v2\/product_type?post=3505"},{"taxonomy":"product_visibility","embeddable":true,"href":"https:\/\/www.hydrachim.fr\/en\/wp-json\/wp\/v2\/product_visibility?post=3505"},{"taxonomy":"product_cat","embeddable":true,"href":"https:\/\/www.hydrachim.fr\/en\/wp-json\/wp\/v2\/product_cat?post=3505"}],"curies":[{"name":"wp","href":"https:\/\/api.w.org\/{rel}","templated":true}]}}