{"id":3496,"date":"2019-08-06T15:50:11","date_gmt":"2019-08-06T13:50:11","guid":{"rendered":"https:\/\/www.hydrachim.fr\/product\/detergent-liquide-ammoniaque\/"},"modified":"2021-10-08T10:26:21","modified_gmt":"2021-10-08T08:26:21","slug":"detergent_liquide_ammoniaque_002022603","status":"publish","type":"product","link":"https:\/\/www.hydrachim.fr\/en\/produit\/detergent_liquide_ammoniaque_002022603\/","title":{"rendered":"D\u00e9tergent liquide ammoniaqu\u00e9"},"content":{"rendered":"<p><strong>D\u00e9tergent liquide ammoniaqu\u00e9 est un produit d&#8217;hygi\u00e8ne d\u00e9velopp\u00e9 pour d\u00e9coller et \u00e9mulsionner rapidement les salissures.<\/strong><\/p>\n<p>D\u00c9TERGENT LIQUIDE AMMONIQU\u00c9 s&#8217;utilise sur toutes surfaces lavables non prot\u00e9g\u00e9es par une \u00e9mulsion :<br \/>\nsols plastiques, carrelages, sanitaires, linol\u00e9um, polyester et autres surfaces lisses (ne pas appliquer sur du zinc).<br \/>\nCe produit, sans abrasif, ne raye pas les surfaces.<br \/>\nIl laisse une agr\u00e9able odeur de pin*.<\/p>\n<p>*Parfum de synth\u00e8se.<\/p>\n<p><strong>Disponible en :<br \/>\n&#8211; Carton de 12 x 1L. R\u00e9f. 002022603<br \/>\n&#8211; Carton de 4 x 5 L. R\u00e9f. 002022601<\/strong><\/p>\n<p>Retrouvez le mode d&#8217;emploi et le dosage du produit en t\u00e9l\u00e9chargeant, ci-dessous, sa Fiche Technique et\/ou sa Fiche M\u00e9thode.<\/p>\n<p><em>Avant toute utilisation, lisez l&#8217;\u00e9tiquette et les informations concernant le produit.<\/em><\/p>\n","protected":false},"excerpt":{"rendered":"<p>D\u00e9tergent liquide ammoniaqu\u00e9 parfum Pin<\/p>\n","protected":false},"featured_media":10118,"template":"","meta":[],"product_brand":[],"product_type":[2],"product_visibility":[],"product_cat":[4128,4145,4127],"class_list":{"0":"post-3496","1":"product","2":"type-product","3":"status-publish","4":"has-post-thumbnail","6":"product_cat-solentretien","7":"product_cat-marquesorlav","8":"product_cat-produitssurface-sol","9":"product_tag-ammoniaque","10":"product_tag-detergent","11":"product_tag-liquide","12":"product_tag-pin","14":"first","15":"instock","16":"shipping-taxable","17":"product-type-simple"},"yoast_head":"<!-- This site is optimized with the Yoast SEO plugin v27.5 - https:\/\/yoast.com\/product\/yoast-seo-wordpress\/ -->\n<title>D\u00e9tergent liquide ammoniaqu\u00e9 - Hydrachim<\/title>\n<meta name=\"description\" content=\"D\u00e9tergent liquide ammoniaqu\u00e9 est un produit d&#039;hygi\u00e8ne d\u00e9velopp\u00e9 pour d\u00e9coller et \u00e9mulsionner rapidement les salissures sur tous types de sols lisses.\" \/>\n<meta name=\"robots\" content=\"index, follow, max-snippet:-1, max-image-preview:large, max-video-preview:-1\" \/>\n<link rel=\"canonical\" href=\"https:\/\/www.hydrachim.fr\/en\/produit\/detergent_liquide_ammoniaque_002022603\/\" \/>\n<meta property=\"og:locale\" content=\"en_US\" \/>\n<meta property=\"og:type\" content=\"article\" \/>\n<meta property=\"og:title\" content=\"D\u00e9tergent liquide ammoniaqu\u00e9 - Hydrachim\" \/>\n<meta property=\"og:description\" content=\"D\u00e9tergent liquide ammoniaqu\u00e9 est un produit d&#039;hygi\u00e8ne d\u00e9velopp\u00e9 pour d\u00e9coller et \u00e9mulsionner rapidement les salissures sur tous types de sols lisses.\" \/>\n<meta property=\"og:url\" content=\"https:\/\/www.hydrachim.fr\/en\/produit\/detergent_liquide_ammoniaque_002022603\/\" \/>\n<meta property=\"og:site_name\" content=\"Hydrachim\" \/>\n<meta property=\"article:modified_time\" content=\"2021-10-08T08:26:21+00:00\" \/>\n<meta property=\"og:image\" content=\"https:\/\/www.hydrachim.fr\/app\/uploads\/2021\/10\/0226___D_TERGENT_LIQUIDE_AMMONIAQU____5L..png\" \/>\n\t<meta property=\"og:image:width\" content=\"444\" \/>\n\t<meta property=\"og:image:height\" content=\"700\" \/>\n\t<meta property=\"og:image:type\" content=\"image\/png\" \/>\n<meta name=\"twitter:card\" content=\"summary_large_image\" \/>\n<meta name=\"twitter:label1\" content=\"Est. reading time\" \/>\n\t<meta name=\"twitter:data1\" content=\"1 minute\" \/>\n<script type=\"application\/ld+json\" class=\"yoast-schema-graph\">{\"@context\":\"https:\\\/\\\/schema.org\",\"@graph\":[{\"@type\":\"WebPage\",\"@id\":\"https:\\\/\\\/www.hydrachim.fr\\\/en\\\/produit\\\/detergent_liquide_ammoniaque_002022603\\\/\",\"url\":\"https:\\\/\\\/www.hydrachim.fr\\\/en\\\/produit\\\/detergent_liquide_ammoniaque_002022603\\\/\",\"name\":\"D\u00e9tergent liquide ammoniaqu\u00e9 - Hydrachim\",\"isPartOf\":{\"@id\":\"https:\\\/\\\/www.hydrachim.fr\\\/en\\\/#website\"},\"primaryImageOfPage\":{\"@id\":\"https:\\\/\\\/www.hydrachim.fr\\\/en\\\/produit\\\/detergent_liquide_ammoniaque_002022603\\\/#primaryimage\"},\"image\":{\"@id\":\"https:\\\/\\\/www.hydrachim.fr\\\/en\\\/produit\\\/detergent_liquide_ammoniaque_002022603\\\/#primaryimage\"},\"thumbnailUrl\":\"https:\\\/\\\/www.hydrachim.fr\\\/app\\\/uploads\\\/2021\\\/10\\\/0226___D_TERGENT_LIQUIDE_AMMONIAQU____5L..png\",\"datePublished\":\"2019-08-06T13:50:11+00:00\",\"dateModified\":\"2021-10-08T08:26:21+00:00\",\"description\":\"D\u00e9tergent liquide ammoniaqu\u00e9 est un produit d'hygi\u00e8ne d\u00e9velopp\u00e9 pour d\u00e9coller et \u00e9mulsionner rapidement les salissures sur tous types de sols lisses.\",\"breadcrumb\":{\"@id\":\"https:\\\/\\\/www.hydrachim.fr\\\/en\\\/produit\\\/detergent_liquide_ammoniaque_002022603\\\/#breadcrumb\"},\"inLanguage\":\"en-US\",\"potentialAction\":[{\"@type\":\"ReadAction\",\"target\":[\"https:\\\/\\\/www.hydrachim.fr\\\/en\\\/produit\\\/detergent_liquide_ammoniaque_002022603\\\/\"]}]},{\"@type\":\"ImageObject\",\"inLanguage\":\"en-US\",\"@id\":\"https:\\\/\\\/www.hydrachim.fr\\\/en\\\/produit\\\/detergent_liquide_ammoniaque_002022603\\\/#primaryimage\",\"url\":\"https:\\\/\\\/www.hydrachim.fr\\\/app\\\/uploads\\\/2021\\\/10\\\/0226___D_TERGENT_LIQUIDE_AMMONIAQU____5L..png\",\"contentUrl\":\"https:\\\/\\\/www.hydrachim.fr\\\/app\\\/uploads\\\/2021\\\/10\\\/0226___D_TERGENT_LIQUIDE_AMMONIAQU____5L..png\",\"width\":444,\"height\":700},{\"@type\":\"BreadcrumbList\",\"@id\":\"https:\\\/\\\/www.hydrachim.fr\\\/en\\\/produit\\\/detergent_liquide_ammoniaque_002022603\\\/#breadcrumb\",\"itemListElement\":[{\"@type\":\"ListItem\",\"position\":1,\"name\":\"Home\",\"item\":\"https:\\\/\\\/www.hydrachim.fr\\\/en\\\/\"},{\"@type\":\"ListItem\",\"position\":2,\"name\":\"Boutique\",\"item\":\"https:\\\/\\\/www.hydrachim.fr\\\/boutique\\\/\"},{\"@type\":\"ListItem\",\"position\":3,\"name\":\"D\u00e9tergent liquide ammoniaqu\u00e9\"}]},{\"@type\":\"WebSite\",\"@id\":\"https:\\\/\\\/www.hydrachim.fr\\\/en\\\/#website\",\"url\":\"https:\\\/\\\/www.hydrachim.fr\\\/en\\\/\",\"name\":\"Hydrachim\",\"description\":\"La science de l&#039;hygi\u00e8ne\",\"potentialAction\":[{\"@type\":\"SearchAction\",\"target\":{\"@type\":\"EntryPoint\",\"urlTemplate\":\"https:\\\/\\\/www.hydrachim.fr\\\/en\\\/?s={search_term_string}\"},\"query-input\":{\"@type\":\"PropertyValueSpecification\",\"valueRequired\":true,\"valueName\":\"search_term_string\"}}],\"inLanguage\":\"en-US\"}]}<\/script>\n<!-- \/ Yoast SEO plugin. -->","yoast_head_json":{"title":"D\u00e9tergent liquide ammoniaqu\u00e9 - Hydrachim","description":"D\u00e9tergent liquide ammoniaqu\u00e9 est un produit d'hygi\u00e8ne d\u00e9velopp\u00e9 pour d\u00e9coller et \u00e9mulsionner rapidement les salissures sur tous types de sols lisses.","robots":{"index":"index","follow":"follow","max-snippet":"max-snippet:-1","max-image-preview":"max-image-preview:large","max-video-preview":"max-video-preview:-1"},"canonical":"https:\/\/www.hydrachim.fr\/en\/produit\/detergent_liquide_ammoniaque_002022603\/","og_locale":"en_US","og_type":"article","og_title":"D\u00e9tergent liquide ammoniaqu\u00e9 - Hydrachim","og_description":"D\u00e9tergent liquide ammoniaqu\u00e9 est un produit d'hygi\u00e8ne d\u00e9velopp\u00e9 pour d\u00e9coller et \u00e9mulsionner rapidement les salissures sur tous types de sols lisses.","og_url":"https:\/\/www.hydrachim.fr\/en\/produit\/detergent_liquide_ammoniaque_002022603\/","og_site_name":"Hydrachim","article_modified_time":"2021-10-08T08:26:21+00:00","og_image":[{"width":444,"height":700,"url":"https:\/\/www.hydrachim.fr\/app\/uploads\/2021\/10\/0226___D_TERGENT_LIQUIDE_AMMONIAQU____5L..png","type":"image\/png"}],"twitter_card":"summary_large_image","twitter_misc":{"Est. reading time":"1 minute"},"schema":{"@context":"https:\/\/schema.org","@graph":[{"@type":"WebPage","@id":"https:\/\/www.hydrachim.fr\/en\/produit\/detergent_liquide_ammoniaque_002022603\/","url":"https:\/\/www.hydrachim.fr\/en\/produit\/detergent_liquide_ammoniaque_002022603\/","name":"D\u00e9tergent liquide ammoniaqu\u00e9 - Hydrachim","isPartOf":{"@id":"https:\/\/www.hydrachim.fr\/en\/#website"},"primaryImageOfPage":{"@id":"https:\/\/www.hydrachim.fr\/en\/produit\/detergent_liquide_ammoniaque_002022603\/#primaryimage"},"image":{"@id":"https:\/\/www.hydrachim.fr\/en\/produit\/detergent_liquide_ammoniaque_002022603\/#primaryimage"},"thumbnailUrl":"https:\/\/www.hydrachim.fr\/app\/uploads\/2021\/10\/0226___D_TERGENT_LIQUIDE_AMMONIAQU____5L..png","datePublished":"2019-08-06T13:50:11+00:00","dateModified":"2021-10-08T08:26:21+00:00","description":"D\u00e9tergent liquide ammoniaqu\u00e9 est un produit d'hygi\u00e8ne d\u00e9velopp\u00e9 pour d\u00e9coller et \u00e9mulsionner rapidement les salissures sur tous types de sols lisses.","breadcrumb":{"@id":"https:\/\/www.hydrachim.fr\/en\/produit\/detergent_liquide_ammoniaque_002022603\/#breadcrumb"},"inLanguage":"en-US","potentialAction":[{"@type":"ReadAction","target":["https:\/\/www.hydrachim.fr\/en\/produit\/detergent_liquide_ammoniaque_002022603\/"]}]},{"@type":"ImageObject","inLanguage":"en-US","@id":"https:\/\/www.hydrachim.fr\/en\/produit\/detergent_liquide_ammoniaque_002022603\/#primaryimage","url":"https:\/\/www.hydrachim.fr\/app\/uploads\/2021\/10\/0226___D_TERGENT_LIQUIDE_AMMONIAQU____5L..png","contentUrl":"https:\/\/www.hydrachim.fr\/app\/uploads\/2021\/10\/0226___D_TERGENT_LIQUIDE_AMMONIAQU____5L..png","width":444,"height":700},{"@type":"BreadcrumbList","@id":"https:\/\/www.hydrachim.fr\/en\/produit\/detergent_liquide_ammoniaque_002022603\/#breadcrumb","itemListElement":[{"@type":"ListItem","position":1,"name":"Home","item":"https:\/\/www.hydrachim.fr\/en\/"},{"@type":"ListItem","position":2,"name":"Boutique","item":"https:\/\/www.hydrachim.fr\/boutique\/"},{"@type":"ListItem","position":3,"name":"D\u00e9tergent liquide ammoniaqu\u00e9"}]},{"@type":"WebSite","@id":"https:\/\/www.hydrachim.fr\/en\/#website","url":"https:\/\/www.hydrachim.fr\/en\/","name":"Hydrachim","description":"La science de l&#039;hygi\u00e8ne","potentialAction":[{"@type":"SearchAction","target":{"@type":"EntryPoint","urlTemplate":"https:\/\/www.hydrachim.fr\/en\/?s={search_term_string}"},"query-input":{"@type":"PropertyValueSpecification","valueRequired":true,"valueName":"search_term_string"}}],"inLanguage":"en-US"}]}},"acf":{"fiche_technique":"https:\/\/www.hydrachim.fr\/app\/uploads\/2021\/12\/FT_ORLAV___SURFACE___0226___D_TERGENT_LIQUIDE_AMMONIAQU_.pdf","fiche_methode":""},"_links":{"self":[{"href":"https:\/\/www.hydrachim.fr\/en\/wp-json\/wp\/v2\/product\/3496","targetHints":{"allow":["GET"]}}],"collection":[{"href":"https:\/\/www.hydrachim.fr\/en\/wp-json\/wp\/v2\/product"}],"about":[{"href":"https:\/\/www.hydrachim.fr\/en\/wp-json\/wp\/v2\/types\/product"}],"wp:featuredmedia":[{"embeddable":true,"href":"https:\/\/www.hydrachim.fr\/en\/wp-json\/wp\/v2\/media\/10118"}],"wp:attachment":[{"href":"https:\/\/www.hydrachim.fr\/en\/wp-json\/wp\/v2\/media?parent=3496"}],"wp:term":[{"taxonomy":"product_brand","embeddable":true,"href":"https:\/\/www.hydrachim.fr\/en\/wp-json\/wp\/v2\/product_brand?post=3496"},{"taxonomy":"product_type","embeddable":true,"href":"https:\/\/www.hydrachim.fr\/en\/wp-json\/wp\/v2\/product_type?post=3496"},{"taxonomy":"product_visibility","embeddable":true,"href":"https:\/\/www.hydrachim.fr\/en\/wp-json\/wp\/v2\/product_visibility?post=3496"},{"taxonomy":"product_cat","embeddable":true,"href":"https:\/\/www.hydrachim.fr\/en\/wp-json\/wp\/v2\/product_cat?post=3496"}],"curies":[{"name":"wp","href":"https:\/\/api.w.org\/{rel}","templated":true}]}}