{"id":3494,"date":"2019-08-06T15:50:09","date_gmt":"2019-08-06T13:50:09","guid":{"rendered":"https:\/\/www.hydrachim.fr\/product\/eau-demineralisee\/"},"modified":"2024-05-27T15:36:32","modified_gmt":"2024-05-27T13:36:32","slug":"eau_demineralisee_002025991","status":"publish","type":"product","link":"https:\/\/www.hydrachim.fr\/en\/produit\/eau_demineralisee_002025991\/","title":{"rendered":"Eau d\u00e9min\u00e9ralis\u00e9e"},"content":{"rendered":"<p><strong>L\u2019eau d\u00e9min\u00e9ralis\u00e9e pr\u00e9vient l\u2019entartrage des r\u00e9servoirs et des circuits des appareils sensibles au tartre et au calcaire. <\/strong><\/p>\n<p>Fers \u00e0 repasser, centrales vapeur, nettoyeurs vapeur, d\u00e9colleuse de papier peint, \u2026<br \/>\nL\u2019eau d\u00e9min\u00e9ralis\u00e9e sert \u00e9galement \u00e0 l\u2019entretien des batteries et radiateurs de v\u00e9hicule.<br \/>\nS\u2019utilise \u00e9galement pour la brumisation des plantes d\u2019int\u00e9rieure.<\/p>\n<p><strong>Disponible en :<br \/>\n&#8211; Carton de 4 x 5L. R\u00e9f . 002025991<br \/>\n&#8211; En box de 54 bidons x 5L. R\u00e9f. 002025915<br \/>\n&#8211; Bidon de 20L. R\u00e9f. 002025910<\/strong><\/p>\n<p>Retrouvez le mode d&#8217;emploi et le dosage du produit en t\u00e9l\u00e9chargeant, ci-dessous, sa Fiche Technique et\/ou sa Fiche M\u00e9thode.<\/p>\n<p><em>Avant toute utilisation, lisez l&#8217;\u00e9tiquette et les informations concernant le produit.<\/em><\/p>\n","protected":false},"excerpt":{"rendered":"<p>Eau d\u00e9min\u00e9ralis\u00e9e<\/p>\n","protected":false},"featured_media":10114,"template":"","meta":[],"product_brand":[],"product_type":[2],"product_visibility":[],"product_cat":[4128,4145,4127],"class_list":{"0":"post-3494","1":"product","2":"type-product","3":"status-publish","4":"has-post-thumbnail","6":"product_cat-solentretien","7":"product_cat-marquesorlav","8":"product_cat-produitssurface-sol","9":"product_tag-chr","10":"product_tag-detartrant","11":"product_tag-nettoyant","12":"product_tag-preventif","14":"first","15":"instock","16":"shipping-taxable","17":"product-type-simple"},"yoast_head":"<!-- This site is optimized with the Yoast SEO plugin v27.5 - https:\/\/yoast.com\/product\/yoast-seo-wordpress\/ -->\n<title>Eau d\u00e9min\u00e9ralis\u00e9e - Hydrachim<\/title>\n<meta name=\"description\" content=\"Eau d\u00e9min\u00e9ralis\u00e9e pour lutter contre l&#039;entartrage des appareils et des circuits des appareils sensibles au tartre et au calcaire.\" \/>\n<meta name=\"robots\" content=\"index, follow, max-snippet:-1, max-image-preview:large, max-video-preview:-1\" \/>\n<link rel=\"canonical\" href=\"https:\/\/www.hydrachim.fr\/en\/produit\/eau_demineralisee_002025991\/\" \/>\n<meta property=\"og:locale\" content=\"en_US\" \/>\n<meta property=\"og:type\" content=\"article\" \/>\n<meta property=\"og:title\" content=\"Eau d\u00e9min\u00e9ralis\u00e9e - Hydrachim\" \/>\n<meta property=\"og:description\" content=\"Eau d\u00e9min\u00e9ralis\u00e9e pour lutter contre l&#039;entartrage des appareils et des circuits des appareils sensibles au tartre et au calcaire.\" \/>\n<meta property=\"og:url\" content=\"https:\/\/www.hydrachim.fr\/en\/produit\/eau_demineralisee_002025991\/\" \/>\n<meta property=\"og:site_name\" content=\"Hydrachim\" \/>\n<meta property=\"article:modified_time\" content=\"2024-05-27T13:36:32+00:00\" \/>\n<meta property=\"og:image\" content=\"https:\/\/www.hydrachim.fr\/app\/uploads\/2021\/10\/0259___EAU_D_MIN_RALIS_E___20L..png\" \/>\n\t<meta property=\"og:image:width\" content=\"502\" \/>\n\t<meta property=\"og:image:height\" content=\"750\" \/>\n\t<meta property=\"og:image:type\" content=\"image\/png\" \/>\n<meta name=\"twitter:card\" content=\"summary_large_image\" \/>\n<meta name=\"twitter:label1\" content=\"Est. reading time\" \/>\n\t<meta name=\"twitter:data1\" content=\"1 minute\" \/>\n<script type=\"application\/ld+json\" class=\"yoast-schema-graph\">{\"@context\":\"https:\\\/\\\/schema.org\",\"@graph\":[{\"@type\":\"WebPage\",\"@id\":\"https:\\\/\\\/www.hydrachim.fr\\\/en\\\/produit\\\/eau_demineralisee_002025991\\\/\",\"url\":\"https:\\\/\\\/www.hydrachim.fr\\\/en\\\/produit\\\/eau_demineralisee_002025991\\\/\",\"name\":\"Eau d\u00e9min\u00e9ralis\u00e9e - Hydrachim\",\"isPartOf\":{\"@id\":\"https:\\\/\\\/www.hydrachim.fr\\\/en\\\/#website\"},\"primaryImageOfPage\":{\"@id\":\"https:\\\/\\\/www.hydrachim.fr\\\/en\\\/produit\\\/eau_demineralisee_002025991\\\/#primaryimage\"},\"image\":{\"@id\":\"https:\\\/\\\/www.hydrachim.fr\\\/en\\\/produit\\\/eau_demineralisee_002025991\\\/#primaryimage\"},\"thumbnailUrl\":\"https:\\\/\\\/www.hydrachim.fr\\\/app\\\/uploads\\\/2021\\\/10\\\/0259___EAU_D_MIN_RALIS_E___20L..png\",\"datePublished\":\"2019-08-06T13:50:09+00:00\",\"dateModified\":\"2024-05-27T13:36:32+00:00\",\"description\":\"Eau d\u00e9min\u00e9ralis\u00e9e pour lutter contre l'entartrage des appareils et des circuits des appareils sensibles au tartre et au calcaire.\",\"breadcrumb\":{\"@id\":\"https:\\\/\\\/www.hydrachim.fr\\\/en\\\/produit\\\/eau_demineralisee_002025991\\\/#breadcrumb\"},\"inLanguage\":\"en-US\",\"potentialAction\":[{\"@type\":\"ReadAction\",\"target\":[\"https:\\\/\\\/www.hydrachim.fr\\\/en\\\/produit\\\/eau_demineralisee_002025991\\\/\"]}]},{\"@type\":\"ImageObject\",\"inLanguage\":\"en-US\",\"@id\":\"https:\\\/\\\/www.hydrachim.fr\\\/en\\\/produit\\\/eau_demineralisee_002025991\\\/#primaryimage\",\"url\":\"https:\\\/\\\/www.hydrachim.fr\\\/app\\\/uploads\\\/2021\\\/10\\\/0259___EAU_D_MIN_RALIS_E___20L..png\",\"contentUrl\":\"https:\\\/\\\/www.hydrachim.fr\\\/app\\\/uploads\\\/2021\\\/10\\\/0259___EAU_D_MIN_RALIS_E___20L..png\",\"width\":502,\"height\":750},{\"@type\":\"BreadcrumbList\",\"@id\":\"https:\\\/\\\/www.hydrachim.fr\\\/en\\\/produit\\\/eau_demineralisee_002025991\\\/#breadcrumb\",\"itemListElement\":[{\"@type\":\"ListItem\",\"position\":1,\"name\":\"Home\",\"item\":\"https:\\\/\\\/www.hydrachim.fr\\\/en\\\/\"},{\"@type\":\"ListItem\",\"position\":2,\"name\":\"Boutique\",\"item\":\"https:\\\/\\\/www.hydrachim.fr\\\/boutique\\\/\"},{\"@type\":\"ListItem\",\"position\":3,\"name\":\"Eau d\u00e9min\u00e9ralis\u00e9e\"}]},{\"@type\":\"WebSite\",\"@id\":\"https:\\\/\\\/www.hydrachim.fr\\\/en\\\/#website\",\"url\":\"https:\\\/\\\/www.hydrachim.fr\\\/en\\\/\",\"name\":\"Hydrachim\",\"description\":\"La science de l&#039;hygi\u00e8ne\",\"potentialAction\":[{\"@type\":\"SearchAction\",\"target\":{\"@type\":\"EntryPoint\",\"urlTemplate\":\"https:\\\/\\\/www.hydrachim.fr\\\/en\\\/?s={search_term_string}\"},\"query-input\":{\"@type\":\"PropertyValueSpecification\",\"valueRequired\":true,\"valueName\":\"search_term_string\"}}],\"inLanguage\":\"en-US\"}]}<\/script>\n<!-- \/ Yoast SEO plugin. -->","yoast_head_json":{"title":"Eau d\u00e9min\u00e9ralis\u00e9e - Hydrachim","description":"Eau d\u00e9min\u00e9ralis\u00e9e pour lutter contre l'entartrage des appareils et des circuits des appareils sensibles au tartre et au calcaire.","robots":{"index":"index","follow":"follow","max-snippet":"max-snippet:-1","max-image-preview":"max-image-preview:large","max-video-preview":"max-video-preview:-1"},"canonical":"https:\/\/www.hydrachim.fr\/en\/produit\/eau_demineralisee_002025991\/","og_locale":"en_US","og_type":"article","og_title":"Eau d\u00e9min\u00e9ralis\u00e9e - Hydrachim","og_description":"Eau d\u00e9min\u00e9ralis\u00e9e pour lutter contre l'entartrage des appareils et des circuits des appareils sensibles au tartre et au calcaire.","og_url":"https:\/\/www.hydrachim.fr\/en\/produit\/eau_demineralisee_002025991\/","og_site_name":"Hydrachim","article_modified_time":"2024-05-27T13:36:32+00:00","og_image":[{"width":502,"height":750,"url":"https:\/\/www.hydrachim.fr\/app\/uploads\/2021\/10\/0259___EAU_D_MIN_RALIS_E___20L..png","type":"image\/png"}],"twitter_card":"summary_large_image","twitter_misc":{"Est. reading time":"1 minute"},"schema":{"@context":"https:\/\/schema.org","@graph":[{"@type":"WebPage","@id":"https:\/\/www.hydrachim.fr\/en\/produit\/eau_demineralisee_002025991\/","url":"https:\/\/www.hydrachim.fr\/en\/produit\/eau_demineralisee_002025991\/","name":"Eau d\u00e9min\u00e9ralis\u00e9e - Hydrachim","isPartOf":{"@id":"https:\/\/www.hydrachim.fr\/en\/#website"},"primaryImageOfPage":{"@id":"https:\/\/www.hydrachim.fr\/en\/produit\/eau_demineralisee_002025991\/#primaryimage"},"image":{"@id":"https:\/\/www.hydrachim.fr\/en\/produit\/eau_demineralisee_002025991\/#primaryimage"},"thumbnailUrl":"https:\/\/www.hydrachim.fr\/app\/uploads\/2021\/10\/0259___EAU_D_MIN_RALIS_E___20L..png","datePublished":"2019-08-06T13:50:09+00:00","dateModified":"2024-05-27T13:36:32+00:00","description":"Eau d\u00e9min\u00e9ralis\u00e9e pour lutter contre l'entartrage des appareils et des circuits des appareils sensibles au tartre et au calcaire.","breadcrumb":{"@id":"https:\/\/www.hydrachim.fr\/en\/produit\/eau_demineralisee_002025991\/#breadcrumb"},"inLanguage":"en-US","potentialAction":[{"@type":"ReadAction","target":["https:\/\/www.hydrachim.fr\/en\/produit\/eau_demineralisee_002025991\/"]}]},{"@type":"ImageObject","inLanguage":"en-US","@id":"https:\/\/www.hydrachim.fr\/en\/produit\/eau_demineralisee_002025991\/#primaryimage","url":"https:\/\/www.hydrachim.fr\/app\/uploads\/2021\/10\/0259___EAU_D_MIN_RALIS_E___20L..png","contentUrl":"https:\/\/www.hydrachim.fr\/app\/uploads\/2021\/10\/0259___EAU_D_MIN_RALIS_E___20L..png","width":502,"height":750},{"@type":"BreadcrumbList","@id":"https:\/\/www.hydrachim.fr\/en\/produit\/eau_demineralisee_002025991\/#breadcrumb","itemListElement":[{"@type":"ListItem","position":1,"name":"Home","item":"https:\/\/www.hydrachim.fr\/en\/"},{"@type":"ListItem","position":2,"name":"Boutique","item":"https:\/\/www.hydrachim.fr\/boutique\/"},{"@type":"ListItem","position":3,"name":"Eau d\u00e9min\u00e9ralis\u00e9e"}]},{"@type":"WebSite","@id":"https:\/\/www.hydrachim.fr\/en\/#website","url":"https:\/\/www.hydrachim.fr\/en\/","name":"Hydrachim","description":"La science de l&#039;hygi\u00e8ne","potentialAction":[{"@type":"SearchAction","target":{"@type":"EntryPoint","urlTemplate":"https:\/\/www.hydrachim.fr\/en\/?s={search_term_string}"},"query-input":{"@type":"PropertyValueSpecification","valueRequired":true,"valueName":"search_term_string"}}],"inLanguage":"en-US"}]}},"acf":{"fiche_technique":"https:\/\/www.hydrachim.fr\/app\/uploads\/2021\/12\/FT_ORLAV___SURFACE___0259___EAU_D_MIN_RALIS_E.pdf","fiche_methode":""},"_links":{"self":[{"href":"https:\/\/www.hydrachim.fr\/en\/wp-json\/wp\/v2\/product\/3494","targetHints":{"allow":["GET"]}}],"collection":[{"href":"https:\/\/www.hydrachim.fr\/en\/wp-json\/wp\/v2\/product"}],"about":[{"href":"https:\/\/www.hydrachim.fr\/en\/wp-json\/wp\/v2\/types\/product"}],"wp:featuredmedia":[{"embeddable":true,"href":"https:\/\/www.hydrachim.fr\/en\/wp-json\/wp\/v2\/media\/10114"}],"wp:attachment":[{"href":"https:\/\/www.hydrachim.fr\/en\/wp-json\/wp\/v2\/media?parent=3494"}],"wp:term":[{"taxonomy":"product_brand","embeddable":true,"href":"https:\/\/www.hydrachim.fr\/en\/wp-json\/wp\/v2\/product_brand?post=3494"},{"taxonomy":"product_type","embeddable":true,"href":"https:\/\/www.hydrachim.fr\/en\/wp-json\/wp\/v2\/product_type?post=3494"},{"taxonomy":"product_visibility","embeddable":true,"href":"https:\/\/www.hydrachim.fr\/en\/wp-json\/wp\/v2\/product_visibility?post=3494"},{"taxonomy":"product_cat","embeddable":true,"href":"https:\/\/www.hydrachim.fr\/en\/wp-json\/wp\/v2\/product_cat?post=3494"}],"curies":[{"name":"wp","href":"https:\/\/api.w.org\/{rel}","templated":true}]}}