{"id":3490,"date":"2019-08-06T15:50:06","date_gmt":"2019-08-06T13:50:06","guid":{"rendered":"https:\/\/www.hydrachim.fr\/product\/nettoyant-sanitaire-concentre\/"},"modified":"2024-05-27T15:39:51","modified_gmt":"2024-05-27T13:39:51","slug":"nettoyant_sanitaire_concentre_002034505","status":"publish","type":"product","link":"https:\/\/www.hydrachim.fr\/en\/produit\/nettoyant_sanitaire_concentre_002034505\/","title":{"rendered":"Nettoyant sanitaire concentr\u00e9"},"content":{"rendered":"<p><strong>Nettoyant sanitaire concentr\u00e9 est un produit d&#8217;hygi\u00e8ne d\u00e9velopp\u00e9 pour le nettoyage, le d\u00e9tartrage, la d\u00e9sinfection et la d\u00e9sodorisation des sanitaires.<\/strong><\/p>\n<p>Le Nettoyant sanitaire concentr\u00e9 est un produit qui dissout le calcaire et les traces laiss\u00e9es par l&#8217;eau et le savon et redonne brillance aux baignoires, lavabos, robinetteries, vitres de douche, carrelages&amp; Il ne raye pas, convient \u00e0 tout type de sanitaires et s\u00e8che sans traces.<br \/>\nLe Nettoyant sanitaire concentr\u00e9 est un bact\u00e9ricide selon la norme EN 1276 en conditions de salet\u00e9 en 5 minutes \u00e0 20\u00b0C et fongicide selon la norme EN 1650 en conditions de salet\u00e9 en 15 minutes \u00e0 20\u00b0C.\n<\/p>\n<p><strong>Disponible en :<br \/>\n&#8211; Carton de 6 x 1L. R\u00e9f. 002034505<br \/>\n&#8211; Carton de 4 x 5L. R\u00e9f. 002034501<\/strong><\/p>\n<p class=\"y-product y-product__product-subtitle\">Avantage :<\/p>\n<p>Le Nettoyant sanitaire concentr\u00e9 enl\u00e8ve efficacement et fait briller les surfaces nettoy\u00e9es.<\/p>\n<p>Retrouvez le mode d&#8217;emploi et le dosage du produit en t\u00e9l\u00e9chargeant, ci-dessous, sa Fiche Technique et\/ou sa Fiche M\u00e9thode.<\/p>\n<p><em>Utilisez les biocides avec pr\u00e9caution. Avant toute utilisation, lisez l&#8217;\u00e9tiquette et les informations concernant le produit.<br \/>\nProduit strictement professionnel.<br \/>\nAvant toute utilisation, assurez-vous que celle-ci est indispensable, notamment dans les lieux fr\u00e9quent\u00e9s par le grand public. Privil\u00e9giez chaque fois que possible les m\u00e9thodes alternatives et les produits pr\u00e9sentant le risque le plus faible pour la sant\u00e9 humaine et animale et pour l&#8217;environnement.<\/p>\n<p>TP2 : D\u00e9sinfectants utilis\u00e9s dans le domaine priv\u00e9 et dans le domaine de la sant\u00e9 publique et autres produits biocides<\/em><\/p>\n","protected":false},"excerpt":{"rendered":"<p>Nettoyant sanitaire concentr\u00e9 liquide<\/p>\n","protected":false},"featured_media":10325,"template":"","meta":[],"product_brand":[],"product_type":[2],"product_visibility":[],"product_cat":[4145,4122,4124],"class_list":{"0":"post-3490","1":"product","2":"type-product","3":"status-publish","4":"has-post-thumbnail","6":"product_cat-marquesorlav","7":"product_cat-produitssanitaire","8":"product_cat-sanitairesurface","9":"product_tag-chr","10":"product_tag-concentre","11":"product_tag-detartrant","12":"product_tag-liquide","13":"product_tag-nettoyant","14":"product_tag-sanitaire","15":"product_tag-tp2","17":"first","18":"instock","19":"shipping-taxable","20":"product-type-simple"},"yoast_head":"<!-- This site is optimized with the Yoast SEO plugin v27.5 - https:\/\/yoast.com\/product\/yoast-seo-wordpress\/ -->\n<title>Nettoyant sanitaire concentr\u00e9 - Hydrachim<\/title>\n<meta name=\"robots\" content=\"index, follow, max-snippet:-1, max-image-preview:large, max-video-preview:-1\" \/>\n<link rel=\"canonical\" href=\"https:\/\/www.hydrachim.fr\/en\/produit\/nettoyant_sanitaire_concentre_002034505\/\" \/>\n<meta property=\"og:locale\" content=\"en_US\" \/>\n<meta property=\"og:type\" content=\"article\" \/>\n<meta property=\"og:title\" content=\"Nettoyant sanitaire concentr\u00e9 - Hydrachim\" \/>\n<meta property=\"og:description\" content=\"Nettoyant sanitaire concentr\u00e9 liquide\" \/>\n<meta property=\"og:url\" content=\"https:\/\/www.hydrachim.fr\/en\/produit\/nettoyant_sanitaire_concentre_002034505\/\" \/>\n<meta property=\"og:site_name\" content=\"Hydrachim\" \/>\n<meta property=\"article:modified_time\" content=\"2024-05-27T13:39:51+00:00\" \/>\n<meta property=\"og:image\" content=\"https:\/\/www.hydrachim.fr\/app\/uploads\/2021\/11\/0345___NETT_DESINFECTE_SANIT_CONCENTRE___5L..png\" \/>\n\t<meta property=\"og:image:width\" content=\"419\" \/>\n\t<meta property=\"og:image:height\" content=\"600\" \/>\n\t<meta property=\"og:image:type\" content=\"image\/png\" \/>\n<meta name=\"twitter:card\" content=\"summary_large_image\" \/>\n<meta name=\"twitter:label1\" content=\"Est. reading time\" \/>\n\t<meta name=\"twitter:data1\" content=\"1 minute\" \/>\n<script type=\"application\/ld+json\" class=\"yoast-schema-graph\">{\"@context\":\"https:\\\/\\\/schema.org\",\"@graph\":[{\"@type\":\"WebPage\",\"@id\":\"https:\\\/\\\/www.hydrachim.fr\\\/en\\\/produit\\\/nettoyant_sanitaire_concentre_002034505\\\/\",\"url\":\"https:\\\/\\\/www.hydrachim.fr\\\/en\\\/produit\\\/nettoyant_sanitaire_concentre_002034505\\\/\",\"name\":\"Nettoyant sanitaire concentr\u00e9 - Hydrachim\",\"isPartOf\":{\"@id\":\"https:\\\/\\\/www.hydrachim.fr\\\/en\\\/#website\"},\"primaryImageOfPage\":{\"@id\":\"https:\\\/\\\/www.hydrachim.fr\\\/en\\\/produit\\\/nettoyant_sanitaire_concentre_002034505\\\/#primaryimage\"},\"image\":{\"@id\":\"https:\\\/\\\/www.hydrachim.fr\\\/en\\\/produit\\\/nettoyant_sanitaire_concentre_002034505\\\/#primaryimage\"},\"thumbnailUrl\":\"https:\\\/\\\/www.hydrachim.fr\\\/app\\\/uploads\\\/2021\\\/11\\\/0345___NETT_DESINFECTE_SANIT_CONCENTRE___5L..png\",\"datePublished\":\"2019-08-06T13:50:06+00:00\",\"dateModified\":\"2024-05-27T13:39:51+00:00\",\"breadcrumb\":{\"@id\":\"https:\\\/\\\/www.hydrachim.fr\\\/en\\\/produit\\\/nettoyant_sanitaire_concentre_002034505\\\/#breadcrumb\"},\"inLanguage\":\"en-US\",\"potentialAction\":[{\"@type\":\"ReadAction\",\"target\":[\"https:\\\/\\\/www.hydrachim.fr\\\/en\\\/produit\\\/nettoyant_sanitaire_concentre_002034505\\\/\"]}]},{\"@type\":\"ImageObject\",\"inLanguage\":\"en-US\",\"@id\":\"https:\\\/\\\/www.hydrachim.fr\\\/en\\\/produit\\\/nettoyant_sanitaire_concentre_002034505\\\/#primaryimage\",\"url\":\"https:\\\/\\\/www.hydrachim.fr\\\/app\\\/uploads\\\/2021\\\/11\\\/0345___NETT_DESINFECTE_SANIT_CONCENTRE___5L..png\",\"contentUrl\":\"https:\\\/\\\/www.hydrachim.fr\\\/app\\\/uploads\\\/2021\\\/11\\\/0345___NETT_DESINFECTE_SANIT_CONCENTRE___5L..png\",\"width\":419,\"height\":600},{\"@type\":\"BreadcrumbList\",\"@id\":\"https:\\\/\\\/www.hydrachim.fr\\\/en\\\/produit\\\/nettoyant_sanitaire_concentre_002034505\\\/#breadcrumb\",\"itemListElement\":[{\"@type\":\"ListItem\",\"position\":1,\"name\":\"Home\",\"item\":\"https:\\\/\\\/www.hydrachim.fr\\\/en\\\/\"},{\"@type\":\"ListItem\",\"position\":2,\"name\":\"Boutique\",\"item\":\"https:\\\/\\\/www.hydrachim.fr\\\/boutique\\\/\"},{\"@type\":\"ListItem\",\"position\":3,\"name\":\"Nettoyant sanitaire concentr\u00e9\"}]},{\"@type\":\"WebSite\",\"@id\":\"https:\\\/\\\/www.hydrachim.fr\\\/en\\\/#website\",\"url\":\"https:\\\/\\\/www.hydrachim.fr\\\/en\\\/\",\"name\":\"Hydrachim\",\"description\":\"La science de l&#039;hygi\u00e8ne\",\"potentialAction\":[{\"@type\":\"SearchAction\",\"target\":{\"@type\":\"EntryPoint\",\"urlTemplate\":\"https:\\\/\\\/www.hydrachim.fr\\\/en\\\/?s={search_term_string}\"},\"query-input\":{\"@type\":\"PropertyValueSpecification\",\"valueRequired\":true,\"valueName\":\"search_term_string\"}}],\"inLanguage\":\"en-US\"}]}<\/script>\n<!-- \/ Yoast SEO plugin. -->","yoast_head_json":{"title":"Nettoyant sanitaire concentr\u00e9 - Hydrachim","robots":{"index":"index","follow":"follow","max-snippet":"max-snippet:-1","max-image-preview":"max-image-preview:large","max-video-preview":"max-video-preview:-1"},"canonical":"https:\/\/www.hydrachim.fr\/en\/produit\/nettoyant_sanitaire_concentre_002034505\/","og_locale":"en_US","og_type":"article","og_title":"Nettoyant sanitaire concentr\u00e9 - Hydrachim","og_description":"Nettoyant sanitaire concentr\u00e9 liquide","og_url":"https:\/\/www.hydrachim.fr\/en\/produit\/nettoyant_sanitaire_concentre_002034505\/","og_site_name":"Hydrachim","article_modified_time":"2024-05-27T13:39:51+00:00","og_image":[{"width":419,"height":600,"url":"https:\/\/www.hydrachim.fr\/app\/uploads\/2021\/11\/0345___NETT_DESINFECTE_SANIT_CONCENTRE___5L..png","type":"image\/png"}],"twitter_card":"summary_large_image","twitter_misc":{"Est. reading time":"1 minute"},"schema":{"@context":"https:\/\/schema.org","@graph":[{"@type":"WebPage","@id":"https:\/\/www.hydrachim.fr\/en\/produit\/nettoyant_sanitaire_concentre_002034505\/","url":"https:\/\/www.hydrachim.fr\/en\/produit\/nettoyant_sanitaire_concentre_002034505\/","name":"Nettoyant sanitaire concentr\u00e9 - Hydrachim","isPartOf":{"@id":"https:\/\/www.hydrachim.fr\/en\/#website"},"primaryImageOfPage":{"@id":"https:\/\/www.hydrachim.fr\/en\/produit\/nettoyant_sanitaire_concentre_002034505\/#primaryimage"},"image":{"@id":"https:\/\/www.hydrachim.fr\/en\/produit\/nettoyant_sanitaire_concentre_002034505\/#primaryimage"},"thumbnailUrl":"https:\/\/www.hydrachim.fr\/app\/uploads\/2021\/11\/0345___NETT_DESINFECTE_SANIT_CONCENTRE___5L..png","datePublished":"2019-08-06T13:50:06+00:00","dateModified":"2024-05-27T13:39:51+00:00","breadcrumb":{"@id":"https:\/\/www.hydrachim.fr\/en\/produit\/nettoyant_sanitaire_concentre_002034505\/#breadcrumb"},"inLanguage":"en-US","potentialAction":[{"@type":"ReadAction","target":["https:\/\/www.hydrachim.fr\/en\/produit\/nettoyant_sanitaire_concentre_002034505\/"]}]},{"@type":"ImageObject","inLanguage":"en-US","@id":"https:\/\/www.hydrachim.fr\/en\/produit\/nettoyant_sanitaire_concentre_002034505\/#primaryimage","url":"https:\/\/www.hydrachim.fr\/app\/uploads\/2021\/11\/0345___NETT_DESINFECTE_SANIT_CONCENTRE___5L..png","contentUrl":"https:\/\/www.hydrachim.fr\/app\/uploads\/2021\/11\/0345___NETT_DESINFECTE_SANIT_CONCENTRE___5L..png","width":419,"height":600},{"@type":"BreadcrumbList","@id":"https:\/\/www.hydrachim.fr\/en\/produit\/nettoyant_sanitaire_concentre_002034505\/#breadcrumb","itemListElement":[{"@type":"ListItem","position":1,"name":"Home","item":"https:\/\/www.hydrachim.fr\/en\/"},{"@type":"ListItem","position":2,"name":"Boutique","item":"https:\/\/www.hydrachim.fr\/boutique\/"},{"@type":"ListItem","position":3,"name":"Nettoyant sanitaire concentr\u00e9"}]},{"@type":"WebSite","@id":"https:\/\/www.hydrachim.fr\/en\/#website","url":"https:\/\/www.hydrachim.fr\/en\/","name":"Hydrachim","description":"La science de l&#039;hygi\u00e8ne","potentialAction":[{"@type":"SearchAction","target":{"@type":"EntryPoint","urlTemplate":"https:\/\/www.hydrachim.fr\/en\/?s={search_term_string}"},"query-input":{"@type":"PropertyValueSpecification","valueRequired":true,"valueName":"search_term_string"}}],"inLanguage":"en-US"}]}},"acf":{"fiche_technique":"https:\/\/www.hydrachim.fr\/app\/uploads\/2021\/12\/FT_ORLAV___SANITAIRE___0345___NETTOYANT_SANITAIRE_CONCENTR____BIOCIDE.pdf","fiche_methode":""},"_links":{"self":[{"href":"https:\/\/www.hydrachim.fr\/en\/wp-json\/wp\/v2\/product\/3490","targetHints":{"allow":["GET"]}}],"collection":[{"href":"https:\/\/www.hydrachim.fr\/en\/wp-json\/wp\/v2\/product"}],"about":[{"href":"https:\/\/www.hydrachim.fr\/en\/wp-json\/wp\/v2\/types\/product"}],"wp:featuredmedia":[{"embeddable":true,"href":"https:\/\/www.hydrachim.fr\/en\/wp-json\/wp\/v2\/media\/10325"}],"wp:attachment":[{"href":"https:\/\/www.hydrachim.fr\/en\/wp-json\/wp\/v2\/media?parent=3490"}],"wp:term":[{"taxonomy":"product_brand","embeddable":true,"href":"https:\/\/www.hydrachim.fr\/en\/wp-json\/wp\/v2\/product_brand?post=3490"},{"taxonomy":"product_type","embeddable":true,"href":"https:\/\/www.hydrachim.fr\/en\/wp-json\/wp\/v2\/product_type?post=3490"},{"taxonomy":"product_visibility","embeddable":true,"href":"https:\/\/www.hydrachim.fr\/en\/wp-json\/wp\/v2\/product_visibility?post=3490"},{"taxonomy":"product_cat","embeddable":true,"href":"https:\/\/www.hydrachim.fr\/en\/wp-json\/wp\/v2\/product_cat?post=3490"}],"curies":[{"name":"wp","href":"https:\/\/api.w.org\/{rel}","templated":true}]}}