{"id":3489,"date":"2019-08-06T15:50:05","date_gmt":"2019-08-06T13:50:05","guid":{"rendered":"https:\/\/www.hydrachim.fr\/product\/forcepro-1000\/"},"modified":"2024-05-27T15:32:15","modified_gmt":"2024-05-27T13:32:15","slug":"force_pro_1000_002008304","status":"publish","type":"product","link":"https:\/\/www.hydrachim.fr\/en\/produit\/force_pro_1000_002008304\/","title":{"rendered":"Force Pro 1000"},"content":{"rendered":"<p><strong>Nettoie les surfaces sans les ternir, sans les rayer.<br \/>\nS\u2019utilise dans de nombreux secteurs d\u2019activit\u00e9 comme les industries agro-alimentaire, l\u2019artisanat alimentaire, les industries, les collectivit\u00e9s, \u2026<br \/>\n<\/strong><\/p>\n<p>S\u2019utilise sur toutes surfaces comme les carrelages, les stratifi\u00e9s, les ska\u00efs, les surfaces peintes, \u2026<br \/>\nElimine facilement les mati\u00e8res organiques en particulier les graisses.\n<\/p>\n<p><strong>Disponible en :<br \/>\n&#8211; Carton de 4 x 5L. R\u00e9f. 002008302<br \/>\n&#8211; Carton de 12 x 750mL. R\u00e9f. 002008304<br \/>\n&#8211; Bidon de 20 L. R\u00e9f. 002008308<\/strong><\/p>\n<p class=\"y-product y-product__product-subtitle\">Avantage :<\/p>\n<p>Ce produit peut \u00eatre utilis\u00e9 avant toutes d\u00e9sinfections.<\/p>\n<p>Retrouvez le mode d&#8217;emploi et le dosage du produit en t\u00e9l\u00e9chargeant, ci-dessous, sa Fiche Technique et\/ou sa Fiche M\u00e9thode.<\/p>\n<p><em>Avant toute utilisation, lisez l&#8217;\u00e9tiquette et les informations concernant le produit.<\/em><\/p>\n","protected":false},"excerpt":{"rendered":"<p>FORCE PRO 1000 est un nettoyant toutes surfaces poss\u00e9dant un fort pouvoir d\u00e9graissant.<\/p>\n","protected":false},"featured_media":9777,"template":"","meta":[],"product_brand":[],"product_type":[2],"product_visibility":[],"product_cat":[4128,4145,4127],"class_list":{"0":"post-3489","1":"product","2":"type-product","3":"status-publish","4":"has-post-thumbnail","6":"product_cat-solentretien","7":"product_cat-marquesorlav","8":"product_cat-produitssurface-sol","9":"product_tag-chr","10":"product_tag-degraissant","11":"product_tag-liquide","12":"product_tag-multi-surfaces","13":"product_tag-nettoyant","15":"first","16":"instock","17":"shipping-taxable","18":"product-type-simple"},"yoast_head":"<!-- This site is optimized with the Yoast SEO plugin v27.5 - https:\/\/yoast.com\/product\/yoast-seo-wordpress\/ -->\n<title>Force Pro 1000 - Hydrachim<\/title>\n<meta name=\"robots\" content=\"index, follow, max-snippet:-1, max-image-preview:large, max-video-preview:-1\" \/>\n<link rel=\"canonical\" href=\"https:\/\/www.hydrachim.fr\/en\/produit\/force_pro_1000_002008304\/\" \/>\n<meta property=\"og:locale\" content=\"en_US\" \/>\n<meta property=\"og:type\" content=\"article\" \/>\n<meta property=\"og:title\" content=\"Force Pro 1000 - Hydrachim\" \/>\n<meta property=\"og:description\" content=\"FORCE PRO 1000 est un nettoyant toutes surfaces poss\u00e9dant un fort pouvoir d\u00e9graissant.\" \/>\n<meta property=\"og:url\" content=\"https:\/\/www.hydrachim.fr\/en\/produit\/force_pro_1000_002008304\/\" \/>\n<meta property=\"og:site_name\" content=\"Hydrachim\" \/>\n<meta property=\"article:modified_time\" content=\"2024-05-27T13:32:15+00:00\" \/>\n<meta property=\"og:image\" content=\"https:\/\/www.hydrachim.fr\/app\/uploads\/2021\/08\/0083___FORCE_PRO_1000___5L.png\" \/>\n\t<meta property=\"og:image:width\" content=\"460\" \/>\n\t<meta property=\"og:image:height\" content=\"725\" \/>\n\t<meta property=\"og:image:type\" content=\"image\/png\" \/>\n<meta name=\"twitter:card\" content=\"summary_large_image\" \/>\n<meta name=\"twitter:label1\" content=\"Est. reading time\" \/>\n\t<meta name=\"twitter:data1\" content=\"1 minute\" \/>\n<script type=\"application\/ld+json\" class=\"yoast-schema-graph\">{\"@context\":\"https:\\\/\\\/schema.org\",\"@graph\":[{\"@type\":\"WebPage\",\"@id\":\"https:\\\/\\\/www.hydrachim.fr\\\/en\\\/produit\\\/force_pro_1000_002008304\\\/\",\"url\":\"https:\\\/\\\/www.hydrachim.fr\\\/en\\\/produit\\\/force_pro_1000_002008304\\\/\",\"name\":\"Force Pro 1000 - Hydrachim\",\"isPartOf\":{\"@id\":\"https:\\\/\\\/www.hydrachim.fr\\\/en\\\/#website\"},\"primaryImageOfPage\":{\"@id\":\"https:\\\/\\\/www.hydrachim.fr\\\/en\\\/produit\\\/force_pro_1000_002008304\\\/#primaryimage\"},\"image\":{\"@id\":\"https:\\\/\\\/www.hydrachim.fr\\\/en\\\/produit\\\/force_pro_1000_002008304\\\/#primaryimage\"},\"thumbnailUrl\":\"https:\\\/\\\/www.hydrachim.fr\\\/app\\\/uploads\\\/2021\\\/08\\\/0083___FORCE_PRO_1000___5L.png\",\"datePublished\":\"2019-08-06T13:50:05+00:00\",\"dateModified\":\"2024-05-27T13:32:15+00:00\",\"breadcrumb\":{\"@id\":\"https:\\\/\\\/www.hydrachim.fr\\\/en\\\/produit\\\/force_pro_1000_002008304\\\/#breadcrumb\"},\"inLanguage\":\"en-US\",\"potentialAction\":[{\"@type\":\"ReadAction\",\"target\":[\"https:\\\/\\\/www.hydrachim.fr\\\/en\\\/produit\\\/force_pro_1000_002008304\\\/\"]}]},{\"@type\":\"ImageObject\",\"inLanguage\":\"en-US\",\"@id\":\"https:\\\/\\\/www.hydrachim.fr\\\/en\\\/produit\\\/force_pro_1000_002008304\\\/#primaryimage\",\"url\":\"https:\\\/\\\/www.hydrachim.fr\\\/app\\\/uploads\\\/2021\\\/08\\\/0083___FORCE_PRO_1000___5L.png\",\"contentUrl\":\"https:\\\/\\\/www.hydrachim.fr\\\/app\\\/uploads\\\/2021\\\/08\\\/0083___FORCE_PRO_1000___5L.png\",\"width\":460,\"height\":725},{\"@type\":\"BreadcrumbList\",\"@id\":\"https:\\\/\\\/www.hydrachim.fr\\\/en\\\/produit\\\/force_pro_1000_002008304\\\/#breadcrumb\",\"itemListElement\":[{\"@type\":\"ListItem\",\"position\":1,\"name\":\"Home\",\"item\":\"https:\\\/\\\/www.hydrachim.fr\\\/en\\\/\"},{\"@type\":\"ListItem\",\"position\":2,\"name\":\"Boutique\",\"item\":\"https:\\\/\\\/www.hydrachim.fr\\\/boutique\\\/\"},{\"@type\":\"ListItem\",\"position\":3,\"name\":\"Force Pro 1000\"}]},{\"@type\":\"WebSite\",\"@id\":\"https:\\\/\\\/www.hydrachim.fr\\\/en\\\/#website\",\"url\":\"https:\\\/\\\/www.hydrachim.fr\\\/en\\\/\",\"name\":\"Hydrachim\",\"description\":\"La science de l&#039;hygi\u00e8ne\",\"potentialAction\":[{\"@type\":\"SearchAction\",\"target\":{\"@type\":\"EntryPoint\",\"urlTemplate\":\"https:\\\/\\\/www.hydrachim.fr\\\/en\\\/?s={search_term_string}\"},\"query-input\":{\"@type\":\"PropertyValueSpecification\",\"valueRequired\":true,\"valueName\":\"search_term_string\"}}],\"inLanguage\":\"en-US\"}]}<\/script>\n<!-- \/ Yoast SEO plugin. -->","yoast_head_json":{"title":"Force Pro 1000 - Hydrachim","robots":{"index":"index","follow":"follow","max-snippet":"max-snippet:-1","max-image-preview":"max-image-preview:large","max-video-preview":"max-video-preview:-1"},"canonical":"https:\/\/www.hydrachim.fr\/en\/produit\/force_pro_1000_002008304\/","og_locale":"en_US","og_type":"article","og_title":"Force Pro 1000 - Hydrachim","og_description":"FORCE PRO 1000 est un nettoyant toutes surfaces poss\u00e9dant un fort pouvoir d\u00e9graissant.","og_url":"https:\/\/www.hydrachim.fr\/en\/produit\/force_pro_1000_002008304\/","og_site_name":"Hydrachim","article_modified_time":"2024-05-27T13:32:15+00:00","og_image":[{"width":460,"height":725,"url":"https:\/\/www.hydrachim.fr\/app\/uploads\/2021\/08\/0083___FORCE_PRO_1000___5L.png","type":"image\/png"}],"twitter_card":"summary_large_image","twitter_misc":{"Est. reading time":"1 minute"},"schema":{"@context":"https:\/\/schema.org","@graph":[{"@type":"WebPage","@id":"https:\/\/www.hydrachim.fr\/en\/produit\/force_pro_1000_002008304\/","url":"https:\/\/www.hydrachim.fr\/en\/produit\/force_pro_1000_002008304\/","name":"Force Pro 1000 - Hydrachim","isPartOf":{"@id":"https:\/\/www.hydrachim.fr\/en\/#website"},"primaryImageOfPage":{"@id":"https:\/\/www.hydrachim.fr\/en\/produit\/force_pro_1000_002008304\/#primaryimage"},"image":{"@id":"https:\/\/www.hydrachim.fr\/en\/produit\/force_pro_1000_002008304\/#primaryimage"},"thumbnailUrl":"https:\/\/www.hydrachim.fr\/app\/uploads\/2021\/08\/0083___FORCE_PRO_1000___5L.png","datePublished":"2019-08-06T13:50:05+00:00","dateModified":"2024-05-27T13:32:15+00:00","breadcrumb":{"@id":"https:\/\/www.hydrachim.fr\/en\/produit\/force_pro_1000_002008304\/#breadcrumb"},"inLanguage":"en-US","potentialAction":[{"@type":"ReadAction","target":["https:\/\/www.hydrachim.fr\/en\/produit\/force_pro_1000_002008304\/"]}]},{"@type":"ImageObject","inLanguage":"en-US","@id":"https:\/\/www.hydrachim.fr\/en\/produit\/force_pro_1000_002008304\/#primaryimage","url":"https:\/\/www.hydrachim.fr\/app\/uploads\/2021\/08\/0083___FORCE_PRO_1000___5L.png","contentUrl":"https:\/\/www.hydrachim.fr\/app\/uploads\/2021\/08\/0083___FORCE_PRO_1000___5L.png","width":460,"height":725},{"@type":"BreadcrumbList","@id":"https:\/\/www.hydrachim.fr\/en\/produit\/force_pro_1000_002008304\/#breadcrumb","itemListElement":[{"@type":"ListItem","position":1,"name":"Home","item":"https:\/\/www.hydrachim.fr\/en\/"},{"@type":"ListItem","position":2,"name":"Boutique","item":"https:\/\/www.hydrachim.fr\/boutique\/"},{"@type":"ListItem","position":3,"name":"Force Pro 1000"}]},{"@type":"WebSite","@id":"https:\/\/www.hydrachim.fr\/en\/#website","url":"https:\/\/www.hydrachim.fr\/en\/","name":"Hydrachim","description":"La science de l&#039;hygi\u00e8ne","potentialAction":[{"@type":"SearchAction","target":{"@type":"EntryPoint","urlTemplate":"https:\/\/www.hydrachim.fr\/en\/?s={search_term_string}"},"query-input":{"@type":"PropertyValueSpecification","valueRequired":true,"valueName":"search_term_string"}}],"inLanguage":"en-US"}]}},"acf":{"fiche_technique":"https:\/\/www.hydrachim.fr\/app\/uploads\/2021\/12\/FT_ORLAV___SURFACE___0083___FORCE_PRO_1000.pdf","fiche_methode":""},"_links":{"self":[{"href":"https:\/\/www.hydrachim.fr\/en\/wp-json\/wp\/v2\/product\/3489","targetHints":{"allow":["GET"]}}],"collection":[{"href":"https:\/\/www.hydrachim.fr\/en\/wp-json\/wp\/v2\/product"}],"about":[{"href":"https:\/\/www.hydrachim.fr\/en\/wp-json\/wp\/v2\/types\/product"}],"wp:featuredmedia":[{"embeddable":true,"href":"https:\/\/www.hydrachim.fr\/en\/wp-json\/wp\/v2\/media\/9777"}],"wp:attachment":[{"href":"https:\/\/www.hydrachim.fr\/en\/wp-json\/wp\/v2\/media?parent=3489"}],"wp:term":[{"taxonomy":"product_brand","embeddable":true,"href":"https:\/\/www.hydrachim.fr\/en\/wp-json\/wp\/v2\/product_brand?post=3489"},{"taxonomy":"product_type","embeddable":true,"href":"https:\/\/www.hydrachim.fr\/en\/wp-json\/wp\/v2\/product_type?post=3489"},{"taxonomy":"product_visibility","embeddable":true,"href":"https:\/\/www.hydrachim.fr\/en\/wp-json\/wp\/v2\/product_visibility?post=3489"},{"taxonomy":"product_cat","embeddable":true,"href":"https:\/\/www.hydrachim.fr\/en\/wp-json\/wp\/v2\/product_cat?post=3489"}],"curies":[{"name":"wp","href":"https:\/\/api.w.org\/{rel}","templated":true}]}}