{"id":3481,"date":"2019-08-06T15:49:57","date_gmt":"2019-08-06T13:49:57","guid":{"rendered":"https:\/\/www.hydrachim.fr\/product\/hydrazim-ds\/"},"modified":"2024-11-20T13:23:35","modified_gmt":"2024-11-20T11:23:35","slug":"hydrazym_ds_002151301","status":"publish","type":"product","link":"https:\/\/www.hydrachim.fr\/en\/produit\/hydrazym_ds_002151301\/","title":{"rendered":"Hydrazym DS"},"content":{"rendered":"<p><strong>Hydrazym DS est un nettoyant liquide d\u00e9sinfectant enzymatique alimentaire d\u00e9velopp\u00e9 pour le nettoyage de toutes les surfaces.<\/strong><\/p>\n<p>Hydrazym DS est un produit qui nettoie et d\u00e9sinfecte les surfaces. Il est tr\u00e8s efficace pour le nettoyage des surfaces comme les sols, murs, mat\u00e9riels.<br \/>\nHydrazym DS est un d\u00e9graissant alimentaire non caustique, repr\u00e9sentant une tr\u00e8s bonne alternative aux produits traditionnels.<br \/>\nHydrazym DS s&#8217;applique en cuisines collectives, bacs \u00e0 graisse, transformation des fruits et l\u00e9gumes, domaine de la vinification etc.<br \/>\nEn usage Industries Agro-alimentaires, l&#8217;Hydrazym DS ne peut \u00eatre utilis\u00e9 qu&#8217;en usage de d\u00e9tergent.<\/p>\n<p><strong>Disponible en :<br \/>\n&#8211; carton de 4 x 5L R\u00e9f. 002151301<br \/>\n&#8211; bidon de 20L R\u00e9f. 002151302<br \/>\n&#8211; container de 1000L R\u00e9f. 002151303<\/strong><\/p>\n<p class=\"y-product y-product__product-subtitle\">Avantage :<\/p>\n<p>Hydrazym DS est un d\u00e9graissant et d\u00e9sinfectant non caustique.<\/p>\n<p>Retrouvez le mode d&#8217;emploi et le dosage du produit en t\u00e9l\u00e9chargeant la Fiche Technique.<\/p>\n<p><em>Utilisez les biocides avec pr\u00e9caution. Avant toute utilisation, lisez l\u2019\u00e9tiquette et les informations concernant le produit.<br \/>\nAvant toute utilisation, assurez-vous que celle-ci est indispensable, notamment dans les lieux fr\u00e9quent\u00e9s par le grand public. Privil\u00e9giez chaque fois que possible les m\u00e9thodes alternatives et les produits pr\u00e9sentant le risque le plus faible pour la sant\u00e9 humaine et animale et pour l\u2019environnement.<br \/>\nTP4 : Surfaces en contact avec les denr\u00e9es alimentaires et les aliments pour animaux.<\/em><\/p>\n","protected":false},"excerpt":{"rendered":"<p>D\u00e9graissant d\u00e9sinfectant enzymatique.<\/p>\n","protected":false},"featured_media":19562,"template":"","meta":[],"product_brand":[],"product_type":[2],"product_visibility":[],"product_cat":[4027,4128,4009,4163],"class_list":{"0":"post-3481","1":"product","2":"type-product","3":"status-publish","4":"has-post-thumbnail","6":"product_cat-agro-alimentaire-industrie","7":"product_cat-solentretien","8":"product_cat-produitshygiene-enzymatique","9":"product_cat-marqueshygine-enzymatique","10":"product_tag-bactericide","11":"product_tag-desinfectant","12":"product_tag-enzymatique","13":"product_tag-fongicide","14":"product_tag-hydrazym","15":"product_tag-liquide","16":"product_tag-nettoyant","17":"product_tag-non-caustique","18":"product_tag-tp4","20":"first","21":"instock","22":"shipping-taxable","23":"product-type-simple"},"yoast_head":"<!-- This site is optimized with the Yoast SEO plugin v27.6 - https:\/\/yoast.com\/product\/yoast-seo-wordpress\/ -->\n<title>Hydrazym DS - Hydrachim<\/title>\n<meta name=\"robots\" content=\"index, follow, max-snippet:-1, max-image-preview:large, max-video-preview:-1\" \/>\n<link rel=\"canonical\" href=\"https:\/\/www.hydrachim.fr\/en\/produit\/hydrazym_ds_002151301\/\" \/>\n<meta property=\"og:locale\" content=\"en_US\" \/>\n<meta property=\"og:type\" content=\"article\" \/>\n<meta property=\"og:title\" content=\"Hydrazym DS - Hydrachim\" \/>\n<meta property=\"og:description\" content=\"D\u00e9graissant d\u00e9sinfectant enzymatique.\" \/>\n<meta property=\"og:url\" content=\"https:\/\/www.hydrachim.fr\/en\/produit\/hydrazym_ds_002151301\/\" \/>\n<meta property=\"og:site_name\" content=\"Hydrachim\" \/>\n<meta property=\"article:modified_time\" content=\"2024-11-20T11:23:35+00:00\" \/>\n<meta property=\"og:image\" content=\"https:\/\/www.hydrachim.fr\/app\/uploads\/2019\/10\/1513-HYDRAZYM-DS-5L-PHOTO-WEB.png\" \/>\n\t<meta property=\"og:image:width\" content=\"387\" \/>\n\t<meta property=\"og:image:height\" content=\"600\" \/>\n\t<meta property=\"og:image:type\" content=\"image\/png\" \/>\n<meta name=\"twitter:card\" content=\"summary_large_image\" \/>\n<meta name=\"twitter:label1\" content=\"Est. reading time\" \/>\n\t<meta name=\"twitter:data1\" content=\"1 minute\" \/>\n<script type=\"application\/ld+json\" class=\"yoast-schema-graph\">{\"@context\":\"https:\\\/\\\/schema.org\",\"@graph\":[{\"@type\":\"WebPage\",\"@id\":\"https:\\\/\\\/www.hydrachim.fr\\\/en\\\/produit\\\/hydrazym_ds_002151301\\\/\",\"url\":\"https:\\\/\\\/www.hydrachim.fr\\\/en\\\/produit\\\/hydrazym_ds_002151301\\\/\",\"name\":\"Hydrazym DS - Hydrachim\",\"isPartOf\":{\"@id\":\"https:\\\/\\\/www.hydrachim.fr\\\/en\\\/#website\"},\"primaryImageOfPage\":{\"@id\":\"https:\\\/\\\/www.hydrachim.fr\\\/en\\\/produit\\\/hydrazym_ds_002151301\\\/#primaryimage\"},\"image\":{\"@id\":\"https:\\\/\\\/www.hydrachim.fr\\\/en\\\/produit\\\/hydrazym_ds_002151301\\\/#primaryimage\"},\"thumbnailUrl\":\"https:\\\/\\\/www.hydrachim.fr\\\/app\\\/uploads\\\/2024\\\/11\\\/1513_HYDRAZIM_DS_5L.png\",\"datePublished\":\"2019-08-06T13:49:57+00:00\",\"dateModified\":\"2024-11-20T11:23:35+00:00\",\"breadcrumb\":{\"@id\":\"https:\\\/\\\/www.hydrachim.fr\\\/en\\\/produit\\\/hydrazym_ds_002151301\\\/#breadcrumb\"},\"inLanguage\":\"en-US\",\"potentialAction\":[{\"@type\":\"ReadAction\",\"target\":[\"https:\\\/\\\/www.hydrachim.fr\\\/en\\\/produit\\\/hydrazym_ds_002151301\\\/\"]}]},{\"@type\":\"ImageObject\",\"inLanguage\":\"en-US\",\"@id\":\"https:\\\/\\\/www.hydrachim.fr\\\/en\\\/produit\\\/hydrazym_ds_002151301\\\/#primaryimage\",\"url\":\"https:\\\/\\\/www.hydrachim.fr\\\/app\\\/uploads\\\/2024\\\/11\\\/1513_HYDRAZIM_DS_5L.png\",\"contentUrl\":\"https:\\\/\\\/www.hydrachim.fr\\\/app\\\/uploads\\\/2024\\\/11\\\/1513_HYDRAZIM_DS_5L.png\",\"width\":571,\"height\":886},{\"@type\":\"BreadcrumbList\",\"@id\":\"https:\\\/\\\/www.hydrachim.fr\\\/en\\\/produit\\\/hydrazym_ds_002151301\\\/#breadcrumb\",\"itemListElement\":[{\"@type\":\"ListItem\",\"position\":1,\"name\":\"Home\",\"item\":\"https:\\\/\\\/www.hydrachim.fr\\\/en\\\/\"},{\"@type\":\"ListItem\",\"position\":2,\"name\":\"Boutique\",\"item\":\"https:\\\/\\\/www.hydrachim.fr\\\/boutique\\\/\"},{\"@type\":\"ListItem\",\"position\":3,\"name\":\"Hydrazym DS\"}]},{\"@type\":\"WebSite\",\"@id\":\"https:\\\/\\\/www.hydrachim.fr\\\/en\\\/#website\",\"url\":\"https:\\\/\\\/www.hydrachim.fr\\\/en\\\/\",\"name\":\"Hydrachim\",\"description\":\"La science de l&#039;hygi\u00e8ne\",\"potentialAction\":[{\"@type\":\"SearchAction\",\"target\":{\"@type\":\"EntryPoint\",\"urlTemplate\":\"https:\\\/\\\/www.hydrachim.fr\\\/en\\\/?s={search_term_string}\"},\"query-input\":{\"@type\":\"PropertyValueSpecification\",\"valueRequired\":true,\"valueName\":\"search_term_string\"}}],\"inLanguage\":\"en-US\"}]}<\/script>\n<!-- \/ Yoast SEO plugin. -->","yoast_head_json":{"title":"Hydrazym DS - Hydrachim","robots":{"index":"index","follow":"follow","max-snippet":"max-snippet:-1","max-image-preview":"max-image-preview:large","max-video-preview":"max-video-preview:-1"},"canonical":"https:\/\/www.hydrachim.fr\/en\/produit\/hydrazym_ds_002151301\/","og_locale":"en_US","og_type":"article","og_title":"Hydrazym DS - Hydrachim","og_description":"D\u00e9graissant d\u00e9sinfectant enzymatique.","og_url":"https:\/\/www.hydrachim.fr\/en\/produit\/hydrazym_ds_002151301\/","og_site_name":"Hydrachim","article_modified_time":"2024-11-20T11:23:35+00:00","og_image":[{"width":387,"height":600,"url":"https:\/\/www.hydrachim.fr\/app\/uploads\/2019\/10\/1513-HYDRAZYM-DS-5L-PHOTO-WEB.png","type":"image\/png"}],"twitter_card":"summary_large_image","twitter_misc":{"Est. reading time":"1 minute"},"schema":{"@context":"https:\/\/schema.org","@graph":[{"@type":"WebPage","@id":"https:\/\/www.hydrachim.fr\/en\/produit\/hydrazym_ds_002151301\/","url":"https:\/\/www.hydrachim.fr\/en\/produit\/hydrazym_ds_002151301\/","name":"Hydrazym DS - Hydrachim","isPartOf":{"@id":"https:\/\/www.hydrachim.fr\/en\/#website"},"primaryImageOfPage":{"@id":"https:\/\/www.hydrachim.fr\/en\/produit\/hydrazym_ds_002151301\/#primaryimage"},"image":{"@id":"https:\/\/www.hydrachim.fr\/en\/produit\/hydrazym_ds_002151301\/#primaryimage"},"thumbnailUrl":"https:\/\/www.hydrachim.fr\/app\/uploads\/2024\/11\/1513_HYDRAZIM_DS_5L.png","datePublished":"2019-08-06T13:49:57+00:00","dateModified":"2024-11-20T11:23:35+00:00","breadcrumb":{"@id":"https:\/\/www.hydrachim.fr\/en\/produit\/hydrazym_ds_002151301\/#breadcrumb"},"inLanguage":"en-US","potentialAction":[{"@type":"ReadAction","target":["https:\/\/www.hydrachim.fr\/en\/produit\/hydrazym_ds_002151301\/"]}]},{"@type":"ImageObject","inLanguage":"en-US","@id":"https:\/\/www.hydrachim.fr\/en\/produit\/hydrazym_ds_002151301\/#primaryimage","url":"https:\/\/www.hydrachim.fr\/app\/uploads\/2024\/11\/1513_HYDRAZIM_DS_5L.png","contentUrl":"https:\/\/www.hydrachim.fr\/app\/uploads\/2024\/11\/1513_HYDRAZIM_DS_5L.png","width":571,"height":886},{"@type":"BreadcrumbList","@id":"https:\/\/www.hydrachim.fr\/en\/produit\/hydrazym_ds_002151301\/#breadcrumb","itemListElement":[{"@type":"ListItem","position":1,"name":"Home","item":"https:\/\/www.hydrachim.fr\/en\/"},{"@type":"ListItem","position":2,"name":"Boutique","item":"https:\/\/www.hydrachim.fr\/boutique\/"},{"@type":"ListItem","position":3,"name":"Hydrazym DS"}]},{"@type":"WebSite","@id":"https:\/\/www.hydrachim.fr\/en\/#website","url":"https:\/\/www.hydrachim.fr\/en\/","name":"Hydrachim","description":"La science de l&#039;hygi\u00e8ne","potentialAction":[{"@type":"SearchAction","target":{"@type":"EntryPoint","urlTemplate":"https:\/\/www.hydrachim.fr\/en\/?s={search_term_string}"},"query-input":{"@type":"PropertyValueSpecification","valueRequired":true,"valueName":"search_term_string"}}],"inLanguage":"en-US"}]}},"acf":{"fiche_technique":"https:\/\/www.hydrachim.fr\/app\/uploads\/2023\/11\/FT_1513_HYDRAZYM_DS.pdf","fiche_methode":""},"_links":{"self":[{"href":"https:\/\/www.hydrachim.fr\/en\/wp-json\/wp\/v2\/product\/3481","targetHints":{"allow":["GET"]}}],"collection":[{"href":"https:\/\/www.hydrachim.fr\/en\/wp-json\/wp\/v2\/product"}],"about":[{"href":"https:\/\/www.hydrachim.fr\/en\/wp-json\/wp\/v2\/types\/product"}],"wp:featuredmedia":[{"embeddable":true,"href":"https:\/\/www.hydrachim.fr\/en\/wp-json\/wp\/v2\/media\/19562"}],"wp:attachment":[{"href":"https:\/\/www.hydrachim.fr\/en\/wp-json\/wp\/v2\/media?parent=3481"}],"wp:term":[{"taxonomy":"product_brand","embeddable":true,"href":"https:\/\/www.hydrachim.fr\/en\/wp-json\/wp\/v2\/product_brand?post=3481"},{"taxonomy":"product_type","embeddable":true,"href":"https:\/\/www.hydrachim.fr\/en\/wp-json\/wp\/v2\/product_type?post=3481"},{"taxonomy":"product_visibility","embeddable":true,"href":"https:\/\/www.hydrachim.fr\/en\/wp-json\/wp\/v2\/product_visibility?post=3481"},{"taxonomy":"product_cat","embeddable":true,"href":"https:\/\/www.hydrachim.fr\/en\/wp-json\/wp\/v2\/product_cat?post=3481"}],"curies":[{"name":"wp","href":"https:\/\/api.w.org\/{rel}","templated":true}]}}