{"id":3467,"date":"2019-08-06T15:49:45","date_gmt":"2019-08-06T13:49:45","guid":{"rendered":"https:\/\/www.hydrachim.fr\/product\/vaisselle-plonge-t35\/"},"modified":"2021-10-08T10:03:35","modified_gmt":"2021-10-08T08:03:35","slug":"vaisselle_plonge_t35_002021703","status":"publish","type":"product","link":"https:\/\/www.hydrachim.fr\/en\/produit\/vaisselle_plonge_t35_002021703\/","title":{"rendered":"Vaisselle plonge T35"},"content":{"rendered":"<p><strong>Vaisselle plonge T35 liquide est un d\u00e9tergent multi-usages d\u00e9velopp\u00e9 pour le nettoyage de la vaisselle en manuel et laissant un agr\u00e9able parfum Citron.<\/strong><\/p>\n<p>Le Vaisselle plonge T35 est un produit qui s&#8217;utilise pour le nettoyage de toutes surfaces lavables. Son pouvoir moussant, d\u00e9graissant et mouillant dissout les graisses et les souillures les plus tenaces sans laisser de traces. Le Vaisselle plonge T35 est doux pour les mains gr\u00e2ce \u00e0 son pH neutre.<\/p>\n<p><strong>Disponible en :<br \/>\n&#8211; Carton de 4 x 5 L. R\u00e9f. 002021702<br \/>\n&#8211; Carton de 12 x 1 L. R\u00e9f. 002021703<br \/>\n&#8211; Bidon de 20 L. R\u00e9f. 002021701<\/strong><\/p>\n<p class=\"y-product y-product__product-subtitle\">Avantage :<\/p>\n<p>Economique d&#8217;usage gr\u00e2ce \u00e0 sa formule super concentr\u00e9e.<br \/>\nProduit non class\u00e9 corrosif aux doses d\u2019utilisation.<\/p>\n<p>Retrouvez le mode d&#8217;emploi et le dosage du produit en t\u00e9l\u00e9chargeant sa Fiche Technique et\/ou sa Fiche M\u00e9thode.<\/p>\n<p><em>Avant toute utilisation, lisez l&#8217;\u00e9tiquette et les informations concernant le produit.<\/em><\/p>\n","protected":false},"excerpt":{"rendered":"<p>Parfum Citron<\/p>\n","protected":false},"featured_media":10112,"template":"","meta":[],"product_brand":[],"product_type":[2],"product_visibility":[],"product_cat":[4117,4128,4145,4127,4121],"class_list":{"0":"post-3467","1":"product","2":"type-product","3":"status-publish","4":"has-post-thumbnail","6":"product_cat-produitscuisine","7":"product_cat-solentretien","8":"product_cat-marquesorlav","9":"product_cat-produitssurface-sol","10":"product_cat-cuisinevaisselle-manuelle","11":"product_tag-citron","12":"product_tag-detergent","13":"product_tag-liquide","14":"product_tag-manuel","15":"product_tag-multi-usages","16":"product_tag-plonge","17":"product_tag-vaisselle-2","19":"first","20":"instock","21":"shipping-taxable","22":"product-type-simple"},"yoast_head":"<!-- This site is optimized with the Yoast SEO plugin v27.1.1 - https:\/\/yoast.com\/product\/yoast-seo-wordpress\/ -->\n<title>Vaisselle plonge T35 - Hydrachim<\/title>\n<meta name=\"robots\" content=\"index, follow, max-snippet:-1, max-image-preview:large, max-video-preview:-1\" \/>\n<link rel=\"canonical\" href=\"https:\/\/www.hydrachim.fr\/en\/produit\/vaisselle_plonge_t35_002021703\/\" \/>\n<meta property=\"og:locale\" content=\"en_US\" \/>\n<meta property=\"og:type\" content=\"article\" \/>\n<meta property=\"og:title\" content=\"Vaisselle plonge T35 - Hydrachim\" \/>\n<meta property=\"og:description\" content=\"Parfum Citron\" \/>\n<meta property=\"og:url\" content=\"https:\/\/www.hydrachim.fr\/en\/produit\/vaisselle_plonge_t35_002021703\/\" \/>\n<meta property=\"og:site_name\" content=\"Hydrachim\" \/>\n<meta property=\"article:modified_time\" content=\"2021-10-08T08:03:35+00:00\" \/>\n<meta property=\"og:image\" content=\"https:\/\/www.hydrachim.fr\/app\/uploads\/2021\/10\/0217___VAISSELLE_PLONGE_T35___5L___bonne_nomenclature..png\" \/>\n\t<meta property=\"og:image:width\" content=\"559\" \/>\n\t<meta property=\"og:image:height\" content=\"800\" \/>\n\t<meta property=\"og:image:type\" content=\"image\/png\" \/>\n<meta name=\"twitter:card\" content=\"summary_large_image\" \/>\n<meta name=\"twitter:label1\" content=\"Est. reading time\" \/>\n\t<meta name=\"twitter:data1\" content=\"1 minute\" \/>\n<script type=\"application\/ld+json\" class=\"yoast-schema-graph\">{\"@context\":\"https:\/\/schema.org\",\"@graph\":[{\"@type\":\"WebPage\",\"@id\":\"https:\/\/www.hydrachim.fr\/en\/produit\/vaisselle_plonge_t35_002021703\/\",\"url\":\"https:\/\/www.hydrachim.fr\/en\/produit\/vaisselle_plonge_t35_002021703\/\",\"name\":\"Vaisselle plonge T35 - Hydrachim\",\"isPartOf\":{\"@id\":\"https:\/\/www.hydrachim.fr\/en\/#website\"},\"primaryImageOfPage\":{\"@id\":\"https:\/\/www.hydrachim.fr\/en\/produit\/vaisselle_plonge_t35_002021703\/#primaryimage\"},\"image\":{\"@id\":\"https:\/\/www.hydrachim.fr\/en\/produit\/vaisselle_plonge_t35_002021703\/#primaryimage\"},\"thumbnailUrl\":\"https:\/\/www.hydrachim.fr\/app\/uploads\/2021\/10\/0217___VAISSELLE_PLONGE_T35___5L___bonne_nomenclature..png\",\"datePublished\":\"2019-08-06T13:49:45+00:00\",\"dateModified\":\"2021-10-08T08:03:35+00:00\",\"breadcrumb\":{\"@id\":\"https:\/\/www.hydrachim.fr\/en\/produit\/vaisselle_plonge_t35_002021703\/#breadcrumb\"},\"inLanguage\":\"en-US\",\"potentialAction\":[{\"@type\":\"ReadAction\",\"target\":[\"https:\/\/www.hydrachim.fr\/en\/produit\/vaisselle_plonge_t35_002021703\/\"]}]},{\"@type\":\"ImageObject\",\"inLanguage\":\"en-US\",\"@id\":\"https:\/\/www.hydrachim.fr\/en\/produit\/vaisselle_plonge_t35_002021703\/#primaryimage\",\"url\":\"https:\/\/www.hydrachim.fr\/app\/uploads\/2021\/10\/0217___VAISSELLE_PLONGE_T35___5L___bonne_nomenclature..png\",\"contentUrl\":\"https:\/\/www.hydrachim.fr\/app\/uploads\/2021\/10\/0217___VAISSELLE_PLONGE_T35___5L___bonne_nomenclature..png\",\"width\":559,\"height\":800},{\"@type\":\"BreadcrumbList\",\"@id\":\"https:\/\/www.hydrachim.fr\/en\/produit\/vaisselle_plonge_t35_002021703\/#breadcrumb\",\"itemListElement\":[{\"@type\":\"ListItem\",\"position\":1,\"name\":\"Home\",\"item\":\"https:\/\/www.hydrachim.fr\/en\/\"},{\"@type\":\"ListItem\",\"position\":2,\"name\":\"Boutique\",\"item\":\"https:\/\/www.hydrachim.fr\/boutique\/\"},{\"@type\":\"ListItem\",\"position\":3,\"name\":\"Vaisselle plonge T35\"}]},{\"@type\":\"WebSite\",\"@id\":\"https:\/\/www.hydrachim.fr\/en\/#website\",\"url\":\"https:\/\/www.hydrachim.fr\/en\/\",\"name\":\"Hydrachim\",\"description\":\"La science de l&#039;hygi\u00e8ne\",\"potentialAction\":[{\"@type\":\"SearchAction\",\"target\":{\"@type\":\"EntryPoint\",\"urlTemplate\":\"https:\/\/www.hydrachim.fr\/en\/?s={search_term_string}\"},\"query-input\":{\"@type\":\"PropertyValueSpecification\",\"valueRequired\":true,\"valueName\":\"search_term_string\"}}],\"inLanguage\":\"en-US\"}]}<\/script>\n<!-- \/ Yoast SEO plugin. -->","yoast_head_json":{"title":"Vaisselle plonge T35 - Hydrachim","robots":{"index":"index","follow":"follow","max-snippet":"max-snippet:-1","max-image-preview":"max-image-preview:large","max-video-preview":"max-video-preview:-1"},"canonical":"https:\/\/www.hydrachim.fr\/en\/produit\/vaisselle_plonge_t35_002021703\/","og_locale":"en_US","og_type":"article","og_title":"Vaisselle plonge T35 - Hydrachim","og_description":"Parfum Citron","og_url":"https:\/\/www.hydrachim.fr\/en\/produit\/vaisselle_plonge_t35_002021703\/","og_site_name":"Hydrachim","article_modified_time":"2021-10-08T08:03:35+00:00","og_image":[{"width":559,"height":800,"url":"https:\/\/www.hydrachim.fr\/app\/uploads\/2021\/10\/0217___VAISSELLE_PLONGE_T35___5L___bonne_nomenclature..png","type":"image\/png"}],"twitter_card":"summary_large_image","twitter_misc":{"Est. reading time":"1 minute"},"schema":{"@context":"https:\/\/schema.org","@graph":[{"@type":"WebPage","@id":"https:\/\/www.hydrachim.fr\/en\/produit\/vaisselle_plonge_t35_002021703\/","url":"https:\/\/www.hydrachim.fr\/en\/produit\/vaisselle_plonge_t35_002021703\/","name":"Vaisselle plonge T35 - Hydrachim","isPartOf":{"@id":"https:\/\/www.hydrachim.fr\/en\/#website"},"primaryImageOfPage":{"@id":"https:\/\/www.hydrachim.fr\/en\/produit\/vaisselle_plonge_t35_002021703\/#primaryimage"},"image":{"@id":"https:\/\/www.hydrachim.fr\/en\/produit\/vaisselle_plonge_t35_002021703\/#primaryimage"},"thumbnailUrl":"https:\/\/www.hydrachim.fr\/app\/uploads\/2021\/10\/0217___VAISSELLE_PLONGE_T35___5L___bonne_nomenclature..png","datePublished":"2019-08-06T13:49:45+00:00","dateModified":"2021-10-08T08:03:35+00:00","breadcrumb":{"@id":"https:\/\/www.hydrachim.fr\/en\/produit\/vaisselle_plonge_t35_002021703\/#breadcrumb"},"inLanguage":"en-US","potentialAction":[{"@type":"ReadAction","target":["https:\/\/www.hydrachim.fr\/en\/produit\/vaisselle_plonge_t35_002021703\/"]}]},{"@type":"ImageObject","inLanguage":"en-US","@id":"https:\/\/www.hydrachim.fr\/en\/produit\/vaisselle_plonge_t35_002021703\/#primaryimage","url":"https:\/\/www.hydrachim.fr\/app\/uploads\/2021\/10\/0217___VAISSELLE_PLONGE_T35___5L___bonne_nomenclature..png","contentUrl":"https:\/\/www.hydrachim.fr\/app\/uploads\/2021\/10\/0217___VAISSELLE_PLONGE_T35___5L___bonne_nomenclature..png","width":559,"height":800},{"@type":"BreadcrumbList","@id":"https:\/\/www.hydrachim.fr\/en\/produit\/vaisselle_plonge_t35_002021703\/#breadcrumb","itemListElement":[{"@type":"ListItem","position":1,"name":"Home","item":"https:\/\/www.hydrachim.fr\/en\/"},{"@type":"ListItem","position":2,"name":"Boutique","item":"https:\/\/www.hydrachim.fr\/boutique\/"},{"@type":"ListItem","position":3,"name":"Vaisselle plonge T35"}]},{"@type":"WebSite","@id":"https:\/\/www.hydrachim.fr\/en\/#website","url":"https:\/\/www.hydrachim.fr\/en\/","name":"Hydrachim","description":"La science de l&#039;hygi\u00e8ne","potentialAction":[{"@type":"SearchAction","target":{"@type":"EntryPoint","urlTemplate":"https:\/\/www.hydrachim.fr\/en\/?s={search_term_string}"},"query-input":{"@type":"PropertyValueSpecification","valueRequired":true,"valueName":"search_term_string"}}],"inLanguage":"en-US"}]}},"acf":{"fiche_technique":"https:\/\/www.hydrachim.fr\/app\/uploads\/2021\/12\/FT_ORLAV___CUISINE___0217___VAISSELLE_PLONGE_T35.pdf","fiche_methode":""},"_links":{"self":[{"href":"https:\/\/www.hydrachim.fr\/en\/wp-json\/wp\/v2\/product\/3467","targetHints":{"allow":["GET"]}}],"collection":[{"href":"https:\/\/www.hydrachim.fr\/en\/wp-json\/wp\/v2\/product"}],"about":[{"href":"https:\/\/www.hydrachim.fr\/en\/wp-json\/wp\/v2\/types\/product"}],"wp:featuredmedia":[{"embeddable":true,"href":"https:\/\/www.hydrachim.fr\/en\/wp-json\/wp\/v2\/media\/10112"}],"wp:attachment":[{"href":"https:\/\/www.hydrachim.fr\/en\/wp-json\/wp\/v2\/media?parent=3467"}],"wp:term":[{"taxonomy":"product_brand","embeddable":true,"href":"https:\/\/www.hydrachim.fr\/en\/wp-json\/wp\/v2\/product_brand?post=3467"},{"taxonomy":"product_type","embeddable":true,"href":"https:\/\/www.hydrachim.fr\/en\/wp-json\/wp\/v2\/product_type?post=3467"},{"taxonomy":"product_visibility","embeddable":true,"href":"https:\/\/www.hydrachim.fr\/en\/wp-json\/wp\/v2\/product_visibility?post=3467"},{"taxonomy":"product_cat","embeddable":true,"href":"https:\/\/www.hydrachim.fr\/en\/wp-json\/wp\/v2\/product_cat?post=3467"}],"curies":[{"name":"wp","href":"https:\/\/api.w.org\/{rel}","templated":true}]}}