{"id":3459,"date":"2019-08-06T15:49:37","date_gmt":"2019-08-06T13:49:37","guid":{"rendered":"https:\/\/www.hydrachim.fr\/product\/renovant-inox\/"},"modified":"2022-02-17T15:58:17","modified_gmt":"2022-02-17T13:58:17","slug":"renovant_inox_002021403","status":"publish","type":"product","link":"https:\/\/www.hydrachim.fr\/en\/produit\/renovant_inox_002021403\/","title":{"rendered":"R\u00e9novant inox"},"content":{"rendered":"<p><strong>R\u00e9novant inox liquide est un produit d&#8217;hygi\u00e8ne d\u00e9velopp\u00e9 pour nettoyer et faire briller toutes les surfaces en inox.<\/strong><\/p>\n<p>Le R\u00e9novant inox d\u00e9graisse et \u00e9limine le tartre. Le R\u00e9novant inox s&#8217;utilise sur les r\u00e9frig\u00e9rateurs, les chariots, les \u00e9tag\u00e8res, les hottes, les machines \u00e0 laver etc&#8230;<br \/>\nIl convient \u00e9galement pour les chromes et l&#8217;\u00e9mail.<\/p>\n<p><strong>Disponible en :<br \/>\n&#8211; Carton de 4 X 5 L. R\u00e9f. 002021402<br \/>\n&#8211; Carton de 6 X 750 mL. R\u00e9f. 002021403<\/strong><\/p>\n<p class=\"y-product y-product__product-subtitle\">Avantage :<\/p>\n<p>D\u00e9graisse en profondeur sans laisser de traces et \u00e9limine le tartre.<\/p>\n<p>Retrouvez le mode d&#8217;emploi et le dosage du produit en t\u00e9l\u00e9chargeant sa Fiche Technique et\/ou sa Fiche M\u00e9thode.<\/p>\n<p><em>Avant toute utilisation, lisez l&#8217;\u00e9tiquette et les informations concernant le produit.<\/em><\/p>\n","protected":false},"excerpt":{"rendered":"<p>Produit d&#8217;hygi\u00e8ne d\u00e9velopp\u00e9 pour nettoyer et faire briller toutes les surfaces en inox.<\/p>\n","protected":false},"featured_media":9652,"template":"","meta":[],"product_brand":[],"product_type":[2],"product_visibility":[],"product_cat":[4117,4119,4128,4131,4145],"class_list":{"0":"post-3459","1":"product","2":"type-product","3":"status-publish","4":"has-post-thumbnail","6":"product_cat-produitscuisine","7":"product_cat-cuisineentretien","8":"product_cat-solentretien","9":"product_cat-solfinition","10":"product_cat-marquesorlav","11":"product_tag-entretien-3","12":"product_tag-inox","13":"product_tag-liquide","14":"product_tag-renovant","16":"first","17":"instock","18":"shipping-taxable","19":"product-type-simple"},"yoast_head":"<!-- This site is optimized with the Yoast SEO plugin v27.6 - https:\/\/yoast.com\/product\/yoast-seo-wordpress\/ -->\n<title>R\u00e9novant inox - Hydrachim<\/title>\n<meta name=\"robots\" content=\"index, follow, max-snippet:-1, max-image-preview:large, max-video-preview:-1\" \/>\n<link rel=\"canonical\" href=\"https:\/\/www.hydrachim.fr\/en\/produit\/renovant_inox_002021403\/\" \/>\n<meta property=\"og:locale\" content=\"en_US\" \/>\n<meta property=\"og:type\" content=\"article\" \/>\n<meta property=\"og:title\" content=\"R\u00e9novant inox - Hydrachim\" \/>\n<meta property=\"og:description\" content=\"Produit d&#039;hygi\u00e8ne d\u00e9velopp\u00e9 pour nettoyer et faire briller toutes les surfaces en inox.\" \/>\n<meta property=\"og:url\" content=\"https:\/\/www.hydrachim.fr\/en\/produit\/renovant_inox_002021403\/\" \/>\n<meta property=\"og:site_name\" content=\"Hydrachim\" \/>\n<meta property=\"article:modified_time\" content=\"2022-02-17T13:58:17+00:00\" \/>\n<meta property=\"og:image\" content=\"https:\/\/www.hydrachim.fr\/app\/uploads\/2021\/07\/0214___RENOVANT_INOX___750mL.-1.png\" \/>\n\t<meta property=\"og:image:width\" content=\"600\" \/>\n\t<meta property=\"og:image:height\" content=\"900\" \/>\n\t<meta property=\"og:image:type\" content=\"image\/png\" \/>\n<meta name=\"twitter:card\" content=\"summary_large_image\" \/>\n<meta name=\"twitter:label1\" content=\"Est. reading time\" \/>\n\t<meta name=\"twitter:data1\" content=\"1 minute\" \/>\n<script type=\"application\/ld+json\" class=\"yoast-schema-graph\">{\"@context\":\"https:\\\/\\\/schema.org\",\"@graph\":[{\"@type\":\"WebPage\",\"@id\":\"https:\\\/\\\/www.hydrachim.fr\\\/en\\\/produit\\\/renovant_inox_002021403\\\/\",\"url\":\"https:\\\/\\\/www.hydrachim.fr\\\/en\\\/produit\\\/renovant_inox_002021403\\\/\",\"name\":\"R\u00e9novant inox - Hydrachim\",\"isPartOf\":{\"@id\":\"https:\\\/\\\/www.hydrachim.fr\\\/en\\\/#website\"},\"primaryImageOfPage\":{\"@id\":\"https:\\\/\\\/www.hydrachim.fr\\\/en\\\/produit\\\/renovant_inox_002021403\\\/#primaryimage\"},\"image\":{\"@id\":\"https:\\\/\\\/www.hydrachim.fr\\\/en\\\/produit\\\/renovant_inox_002021403\\\/#primaryimage\"},\"thumbnailUrl\":\"https:\\\/\\\/www.hydrachim.fr\\\/app\\\/uploads\\\/2021\\\/07\\\/0214___RENOVANT_INOX___750mL.-1.png\",\"datePublished\":\"2019-08-06T13:49:37+00:00\",\"dateModified\":\"2022-02-17T13:58:17+00:00\",\"breadcrumb\":{\"@id\":\"https:\\\/\\\/www.hydrachim.fr\\\/en\\\/produit\\\/renovant_inox_002021403\\\/#breadcrumb\"},\"inLanguage\":\"en-US\",\"potentialAction\":[{\"@type\":\"ReadAction\",\"target\":[\"https:\\\/\\\/www.hydrachim.fr\\\/en\\\/produit\\\/renovant_inox_002021403\\\/\"]}]},{\"@type\":\"ImageObject\",\"inLanguage\":\"en-US\",\"@id\":\"https:\\\/\\\/www.hydrachim.fr\\\/en\\\/produit\\\/renovant_inox_002021403\\\/#primaryimage\",\"url\":\"https:\\\/\\\/www.hydrachim.fr\\\/app\\\/uploads\\\/2021\\\/07\\\/0214___RENOVANT_INOX___750mL.-1.png\",\"contentUrl\":\"https:\\\/\\\/www.hydrachim.fr\\\/app\\\/uploads\\\/2021\\\/07\\\/0214___RENOVANT_INOX___750mL.-1.png\",\"width\":600,\"height\":900},{\"@type\":\"BreadcrumbList\",\"@id\":\"https:\\\/\\\/www.hydrachim.fr\\\/en\\\/produit\\\/renovant_inox_002021403\\\/#breadcrumb\",\"itemListElement\":[{\"@type\":\"ListItem\",\"position\":1,\"name\":\"Home\",\"item\":\"https:\\\/\\\/www.hydrachim.fr\\\/en\\\/\"},{\"@type\":\"ListItem\",\"position\":2,\"name\":\"Boutique\",\"item\":\"https:\\\/\\\/www.hydrachim.fr\\\/boutique\\\/\"},{\"@type\":\"ListItem\",\"position\":3,\"name\":\"R\u00e9novant inox\"}]},{\"@type\":\"WebSite\",\"@id\":\"https:\\\/\\\/www.hydrachim.fr\\\/en\\\/#website\",\"url\":\"https:\\\/\\\/www.hydrachim.fr\\\/en\\\/\",\"name\":\"Hydrachim\",\"description\":\"La science de l&#039;hygi\u00e8ne\",\"potentialAction\":[{\"@type\":\"SearchAction\",\"target\":{\"@type\":\"EntryPoint\",\"urlTemplate\":\"https:\\\/\\\/www.hydrachim.fr\\\/en\\\/?s={search_term_string}\"},\"query-input\":{\"@type\":\"PropertyValueSpecification\",\"valueRequired\":true,\"valueName\":\"search_term_string\"}}],\"inLanguage\":\"en-US\"}]}<\/script>\n<!-- \/ Yoast SEO plugin. -->","yoast_head_json":{"title":"R\u00e9novant inox - Hydrachim","robots":{"index":"index","follow":"follow","max-snippet":"max-snippet:-1","max-image-preview":"max-image-preview:large","max-video-preview":"max-video-preview:-1"},"canonical":"https:\/\/www.hydrachim.fr\/en\/produit\/renovant_inox_002021403\/","og_locale":"en_US","og_type":"article","og_title":"R\u00e9novant inox - Hydrachim","og_description":"Produit d'hygi\u00e8ne d\u00e9velopp\u00e9 pour nettoyer et faire briller toutes les surfaces en inox.","og_url":"https:\/\/www.hydrachim.fr\/en\/produit\/renovant_inox_002021403\/","og_site_name":"Hydrachim","article_modified_time":"2022-02-17T13:58:17+00:00","og_image":[{"width":600,"height":900,"url":"https:\/\/www.hydrachim.fr\/app\/uploads\/2021\/07\/0214___RENOVANT_INOX___750mL.-1.png","type":"image\/png"}],"twitter_card":"summary_large_image","twitter_misc":{"Est. reading time":"1 minute"},"schema":{"@context":"https:\/\/schema.org","@graph":[{"@type":"WebPage","@id":"https:\/\/www.hydrachim.fr\/en\/produit\/renovant_inox_002021403\/","url":"https:\/\/www.hydrachim.fr\/en\/produit\/renovant_inox_002021403\/","name":"R\u00e9novant inox - Hydrachim","isPartOf":{"@id":"https:\/\/www.hydrachim.fr\/en\/#website"},"primaryImageOfPage":{"@id":"https:\/\/www.hydrachim.fr\/en\/produit\/renovant_inox_002021403\/#primaryimage"},"image":{"@id":"https:\/\/www.hydrachim.fr\/en\/produit\/renovant_inox_002021403\/#primaryimage"},"thumbnailUrl":"https:\/\/www.hydrachim.fr\/app\/uploads\/2021\/07\/0214___RENOVANT_INOX___750mL.-1.png","datePublished":"2019-08-06T13:49:37+00:00","dateModified":"2022-02-17T13:58:17+00:00","breadcrumb":{"@id":"https:\/\/www.hydrachim.fr\/en\/produit\/renovant_inox_002021403\/#breadcrumb"},"inLanguage":"en-US","potentialAction":[{"@type":"ReadAction","target":["https:\/\/www.hydrachim.fr\/en\/produit\/renovant_inox_002021403\/"]}]},{"@type":"ImageObject","inLanguage":"en-US","@id":"https:\/\/www.hydrachim.fr\/en\/produit\/renovant_inox_002021403\/#primaryimage","url":"https:\/\/www.hydrachim.fr\/app\/uploads\/2021\/07\/0214___RENOVANT_INOX___750mL.-1.png","contentUrl":"https:\/\/www.hydrachim.fr\/app\/uploads\/2021\/07\/0214___RENOVANT_INOX___750mL.-1.png","width":600,"height":900},{"@type":"BreadcrumbList","@id":"https:\/\/www.hydrachim.fr\/en\/produit\/renovant_inox_002021403\/#breadcrumb","itemListElement":[{"@type":"ListItem","position":1,"name":"Home","item":"https:\/\/www.hydrachim.fr\/en\/"},{"@type":"ListItem","position":2,"name":"Boutique","item":"https:\/\/www.hydrachim.fr\/boutique\/"},{"@type":"ListItem","position":3,"name":"R\u00e9novant inox"}]},{"@type":"WebSite","@id":"https:\/\/www.hydrachim.fr\/en\/#website","url":"https:\/\/www.hydrachim.fr\/en\/","name":"Hydrachim","description":"La science de l&#039;hygi\u00e8ne","potentialAction":[{"@type":"SearchAction","target":{"@type":"EntryPoint","urlTemplate":"https:\/\/www.hydrachim.fr\/en\/?s={search_term_string}"},"query-input":{"@type":"PropertyValueSpecification","valueRequired":true,"valueName":"search_term_string"}}],"inLanguage":"en-US"}]}},"acf":{"fiche_technique":"https:\/\/www.hydrachim.fr\/app\/uploads\/2022\/02\/FT_ORLAV___CUISINE___0214___R_NOVANT_INOX.pdf","fiche_methode":""},"_links":{"self":[{"href":"https:\/\/www.hydrachim.fr\/en\/wp-json\/wp\/v2\/product\/3459","targetHints":{"allow":["GET"]}}],"collection":[{"href":"https:\/\/www.hydrachim.fr\/en\/wp-json\/wp\/v2\/product"}],"about":[{"href":"https:\/\/www.hydrachim.fr\/en\/wp-json\/wp\/v2\/types\/product"}],"wp:featuredmedia":[{"embeddable":true,"href":"https:\/\/www.hydrachim.fr\/en\/wp-json\/wp\/v2\/media\/9652"}],"wp:attachment":[{"href":"https:\/\/www.hydrachim.fr\/en\/wp-json\/wp\/v2\/media?parent=3459"}],"wp:term":[{"taxonomy":"product_brand","embeddable":true,"href":"https:\/\/www.hydrachim.fr\/en\/wp-json\/wp\/v2\/product_brand?post=3459"},{"taxonomy":"product_type","embeddable":true,"href":"https:\/\/www.hydrachim.fr\/en\/wp-json\/wp\/v2\/product_type?post=3459"},{"taxonomy":"product_visibility","embeddable":true,"href":"https:\/\/www.hydrachim.fr\/en\/wp-json\/wp\/v2\/product_visibility?post=3459"},{"taxonomy":"product_cat","embeddable":true,"href":"https:\/\/www.hydrachim.fr\/en\/wp-json\/wp\/v2\/product_cat?post=3459"}],"curies":[{"name":"wp","href":"https:\/\/api.w.org\/{rel}","templated":true}]}}