{"id":3454,"date":"2019-08-06T15:49:33","date_gmt":"2019-08-06T13:49:33","guid":{"rendered":"https:\/\/www.hydrachim.fr\/product\/kem-carrosserie\/"},"modified":"2025-02-14T15:32:03","modified_gmt":"2025-02-14T13:32:03","slug":"kem_carrosserie_003190701","status":"publish","type":"product","link":"https:\/\/www.hydrachim.fr\/en\/produit\/kem_carrosserie_003190701\/","title":{"rendered":"KEM CARROSSERIE"},"content":{"rendered":"<p><strong>KEM carrosserie liquide est un shampoing d\u00e9graissant sp\u00e9cial film routier d\u00e9velopp\u00e9 pour le nettoyage des v\u00e9hicules tout en laissant un agr\u00e9able parfum Citron.<\/strong><\/p>\n<p>Le KEM carrosserie est un produit qui s&#8217;utilise aussi bien en machine basse et haute pression pour le nettoyage des v\u00e9hicules l\u00e9gers et poids lourds (carrosseries, b\u00e2ches, ch\u00e2ssis,&amp;). C&#8217;est un shampoing \u00e9conomique \u00e0 base de soude. Le KEM carrosserie a une formule concentr\u00e9e et un parfum citron.<br \/>\nBien respecter les doses conseill\u00e9es.\n<\/p>\n<p><strong>Disponible en bidon de 22 kg.<\/strong><\/p>\n<p class=\"y-product y-product__product-subtitle\">Avantage :<\/p>\n<p>Le KEM carrosserie est antistatique et efficace sur le film routier.<\/p>\n<p>Retrouvez le mode d&#8217;emploi et le dosage du produit en t\u00e9l\u00e9chargeant, ci-dessous, sa Fiche Technique.<\/p>\n<p><em>Utilisez les biocides avec pr\u00e9caution. Avant toute utilisation, lisez l&#8217;\u00e9tiquette et les informations concernant le produit.<\/em><\/p>\n","protected":false},"excerpt":{"rendered":"<p>KEM carrosserie parfum citron<\/p>\n","protected":false},"featured_media":20903,"template":"","meta":[],"product_brand":[],"product_type":[2],"product_visibility":[],"product_cat":[4153,4092],"class_list":{"0":"post-3454","1":"product","2":"type-product","3":"status-publish","4":"has-post-thumbnail","6":"product_cat-marqueskemnet","7":"product_cat-industriestation-vhicule","8":"product_tag-camion","9":"product_tag-carrosserie","10":"product_tag-citron","11":"product_tag-haute-pression","12":"product_tag-moussant","13":"product_tag-nettoyage","15":"first","16":"instock","17":"shipping-taxable","18":"product-type-simple"},"yoast_head":"<!-- This site is optimized with the Yoast SEO plugin v27.5 - https:\/\/yoast.com\/product\/yoast-seo-wordpress\/ -->\n<title>KEM CARROSSERIE - Hydrachim<\/title>\n<meta name=\"robots\" content=\"index, follow, max-snippet:-1, max-image-preview:large, max-video-preview:-1\" \/>\n<link rel=\"canonical\" href=\"https:\/\/www.hydrachim.fr\/en\/produit\/kem_carrosserie_003190701\/\" \/>\n<meta property=\"og:locale\" content=\"en_US\" \/>\n<meta property=\"og:type\" content=\"article\" \/>\n<meta property=\"og:title\" content=\"KEM CARROSSERIE - Hydrachim\" \/>\n<meta property=\"og:description\" content=\"KEM carrosserie parfum citron\" \/>\n<meta property=\"og:url\" content=\"https:\/\/www.hydrachim.fr\/en\/produit\/kem_carrosserie_003190701\/\" \/>\n<meta property=\"og:site_name\" content=\"Hydrachim\" \/>\n<meta property=\"article:modified_time\" content=\"2025-02-14T13:32:03+00:00\" \/>\n<meta property=\"og:image\" content=\"https:\/\/www.hydrachim.fr\/app\/uploads\/2025\/02\/1907___KEM_CARROSSERIE___22_KG.png\" \/>\n\t<meta property=\"og:image:width\" content=\"600\" \/>\n\t<meta property=\"og:image:height\" content=\"655\" \/>\n\t<meta property=\"og:image:type\" content=\"image\/png\" \/>\n<meta name=\"twitter:card\" content=\"summary_large_image\" \/>\n<meta name=\"twitter:label1\" content=\"Est. reading time\" \/>\n\t<meta name=\"twitter:data1\" content=\"1 minute\" \/>\n<script type=\"application\/ld+json\" class=\"yoast-schema-graph\">{\"@context\":\"https:\\\/\\\/schema.org\",\"@graph\":[{\"@type\":\"WebPage\",\"@id\":\"https:\\\/\\\/www.hydrachim.fr\\\/en\\\/produit\\\/kem_carrosserie_003190701\\\/\",\"url\":\"https:\\\/\\\/www.hydrachim.fr\\\/en\\\/produit\\\/kem_carrosserie_003190701\\\/\",\"name\":\"KEM CARROSSERIE - Hydrachim\",\"isPartOf\":{\"@id\":\"https:\\\/\\\/www.hydrachim.fr\\\/en\\\/#website\"},\"primaryImageOfPage\":{\"@id\":\"https:\\\/\\\/www.hydrachim.fr\\\/en\\\/produit\\\/kem_carrosserie_003190701\\\/#primaryimage\"},\"image\":{\"@id\":\"https:\\\/\\\/www.hydrachim.fr\\\/en\\\/produit\\\/kem_carrosserie_003190701\\\/#primaryimage\"},\"thumbnailUrl\":\"https:\\\/\\\/www.hydrachim.fr\\\/app\\\/uploads\\\/2025\\\/02\\\/1907___KEM_CARROSSERIE___22_KG.png\",\"datePublished\":\"2019-08-06T13:49:33+00:00\",\"dateModified\":\"2025-02-14T13:32:03+00:00\",\"breadcrumb\":{\"@id\":\"https:\\\/\\\/www.hydrachim.fr\\\/en\\\/produit\\\/kem_carrosserie_003190701\\\/#breadcrumb\"},\"inLanguage\":\"en-US\",\"potentialAction\":[{\"@type\":\"ReadAction\",\"target\":[\"https:\\\/\\\/www.hydrachim.fr\\\/en\\\/produit\\\/kem_carrosserie_003190701\\\/\"]}]},{\"@type\":\"ImageObject\",\"inLanguage\":\"en-US\",\"@id\":\"https:\\\/\\\/www.hydrachim.fr\\\/en\\\/produit\\\/kem_carrosserie_003190701\\\/#primaryimage\",\"url\":\"https:\\\/\\\/www.hydrachim.fr\\\/app\\\/uploads\\\/2025\\\/02\\\/1907___KEM_CARROSSERIE___22_KG.png\",\"contentUrl\":\"https:\\\/\\\/www.hydrachim.fr\\\/app\\\/uploads\\\/2025\\\/02\\\/1907___KEM_CARROSSERIE___22_KG.png\",\"width\":600,\"height\":655},{\"@type\":\"BreadcrumbList\",\"@id\":\"https:\\\/\\\/www.hydrachim.fr\\\/en\\\/produit\\\/kem_carrosserie_003190701\\\/#breadcrumb\",\"itemListElement\":[{\"@type\":\"ListItem\",\"position\":1,\"name\":\"Home\",\"item\":\"https:\\\/\\\/www.hydrachim.fr\\\/en\\\/\"},{\"@type\":\"ListItem\",\"position\":2,\"name\":\"Boutique\",\"item\":\"https:\\\/\\\/www.hydrachim.fr\\\/boutique\\\/\"},{\"@type\":\"ListItem\",\"position\":3,\"name\":\"KEM CARROSSERIE\"}]},{\"@type\":\"WebSite\",\"@id\":\"https:\\\/\\\/www.hydrachim.fr\\\/en\\\/#website\",\"url\":\"https:\\\/\\\/www.hydrachim.fr\\\/en\\\/\",\"name\":\"Hydrachim\",\"description\":\"La science de l&#039;hygi\u00e8ne\",\"potentialAction\":[{\"@type\":\"SearchAction\",\"target\":{\"@type\":\"EntryPoint\",\"urlTemplate\":\"https:\\\/\\\/www.hydrachim.fr\\\/en\\\/?s={search_term_string}\"},\"query-input\":{\"@type\":\"PropertyValueSpecification\",\"valueRequired\":true,\"valueName\":\"search_term_string\"}}],\"inLanguage\":\"en-US\"}]}<\/script>\n<!-- \/ Yoast SEO plugin. -->","yoast_head_json":{"title":"KEM CARROSSERIE - Hydrachim","robots":{"index":"index","follow":"follow","max-snippet":"max-snippet:-1","max-image-preview":"max-image-preview:large","max-video-preview":"max-video-preview:-1"},"canonical":"https:\/\/www.hydrachim.fr\/en\/produit\/kem_carrosserie_003190701\/","og_locale":"en_US","og_type":"article","og_title":"KEM CARROSSERIE - Hydrachim","og_description":"KEM carrosserie parfum citron","og_url":"https:\/\/www.hydrachim.fr\/en\/produit\/kem_carrosserie_003190701\/","og_site_name":"Hydrachim","article_modified_time":"2025-02-14T13:32:03+00:00","og_image":[{"width":600,"height":655,"url":"https:\/\/www.hydrachim.fr\/app\/uploads\/2025\/02\/1907___KEM_CARROSSERIE___22_KG.png","type":"image\/png"}],"twitter_card":"summary_large_image","twitter_misc":{"Est. reading time":"1 minute"},"schema":{"@context":"https:\/\/schema.org","@graph":[{"@type":"WebPage","@id":"https:\/\/www.hydrachim.fr\/en\/produit\/kem_carrosserie_003190701\/","url":"https:\/\/www.hydrachim.fr\/en\/produit\/kem_carrosserie_003190701\/","name":"KEM CARROSSERIE - Hydrachim","isPartOf":{"@id":"https:\/\/www.hydrachim.fr\/en\/#website"},"primaryImageOfPage":{"@id":"https:\/\/www.hydrachim.fr\/en\/produit\/kem_carrosserie_003190701\/#primaryimage"},"image":{"@id":"https:\/\/www.hydrachim.fr\/en\/produit\/kem_carrosserie_003190701\/#primaryimage"},"thumbnailUrl":"https:\/\/www.hydrachim.fr\/app\/uploads\/2025\/02\/1907___KEM_CARROSSERIE___22_KG.png","datePublished":"2019-08-06T13:49:33+00:00","dateModified":"2025-02-14T13:32:03+00:00","breadcrumb":{"@id":"https:\/\/www.hydrachim.fr\/en\/produit\/kem_carrosserie_003190701\/#breadcrumb"},"inLanguage":"en-US","potentialAction":[{"@type":"ReadAction","target":["https:\/\/www.hydrachim.fr\/en\/produit\/kem_carrosserie_003190701\/"]}]},{"@type":"ImageObject","inLanguage":"en-US","@id":"https:\/\/www.hydrachim.fr\/en\/produit\/kem_carrosserie_003190701\/#primaryimage","url":"https:\/\/www.hydrachim.fr\/app\/uploads\/2025\/02\/1907___KEM_CARROSSERIE___22_KG.png","contentUrl":"https:\/\/www.hydrachim.fr\/app\/uploads\/2025\/02\/1907___KEM_CARROSSERIE___22_KG.png","width":600,"height":655},{"@type":"BreadcrumbList","@id":"https:\/\/www.hydrachim.fr\/en\/produit\/kem_carrosserie_003190701\/#breadcrumb","itemListElement":[{"@type":"ListItem","position":1,"name":"Home","item":"https:\/\/www.hydrachim.fr\/en\/"},{"@type":"ListItem","position":2,"name":"Boutique","item":"https:\/\/www.hydrachim.fr\/boutique\/"},{"@type":"ListItem","position":3,"name":"KEM CARROSSERIE"}]},{"@type":"WebSite","@id":"https:\/\/www.hydrachim.fr\/en\/#website","url":"https:\/\/www.hydrachim.fr\/en\/","name":"Hydrachim","description":"La science de l&#039;hygi\u00e8ne","potentialAction":[{"@type":"SearchAction","target":{"@type":"EntryPoint","urlTemplate":"https:\/\/www.hydrachim.fr\/en\/?s={search_term_string}"},"query-input":{"@type":"PropertyValueSpecification","valueRequired":true,"valueName":"search_term_string"}}],"inLanguage":"en-US"}]}},"acf":{"fiche_technique":"https:\/\/www.hydrachim.fr\/app\/uploads\/2024\/11\/FT___1907___KEM_CARROSSERIE.pdf","fiche_methode":""},"_links":{"self":[{"href":"https:\/\/www.hydrachim.fr\/en\/wp-json\/wp\/v2\/product\/3454","targetHints":{"allow":["GET"]}}],"collection":[{"href":"https:\/\/www.hydrachim.fr\/en\/wp-json\/wp\/v2\/product"}],"about":[{"href":"https:\/\/www.hydrachim.fr\/en\/wp-json\/wp\/v2\/types\/product"}],"wp:featuredmedia":[{"embeddable":true,"href":"https:\/\/www.hydrachim.fr\/en\/wp-json\/wp\/v2\/media\/20903"}],"wp:attachment":[{"href":"https:\/\/www.hydrachim.fr\/en\/wp-json\/wp\/v2\/media?parent=3454"}],"wp:term":[{"taxonomy":"product_brand","embeddable":true,"href":"https:\/\/www.hydrachim.fr\/en\/wp-json\/wp\/v2\/product_brand?post=3454"},{"taxonomy":"product_type","embeddable":true,"href":"https:\/\/www.hydrachim.fr\/en\/wp-json\/wp\/v2\/product_type?post=3454"},{"taxonomy":"product_visibility","embeddable":true,"href":"https:\/\/www.hydrachim.fr\/en\/wp-json\/wp\/v2\/product_visibility?post=3454"},{"taxonomy":"product_cat","embeddable":true,"href":"https:\/\/www.hydrachim.fr\/en\/wp-json\/wp\/v2\/product_cat?post=3454"}],"curies":[{"name":"wp","href":"https:\/\/api.w.org\/{rel}","templated":true}]}}