{"id":3452,"date":"2019-08-06T15:49:31","date_gmt":"2019-08-06T13:49:31","guid":{"rendered":"https:\/\/www.hydrachim.fr\/product\/vaisselle-plonge-bactericide\/"},"modified":"2026-01-26T16:08:12","modified_gmt":"2026-01-26T14:08:12","slug":"liquide_vaisselle_desinfectant_002040710","status":"publish","type":"product","link":"https:\/\/www.hydrachim.fr\/en\/produit\/liquide_vaisselle_desinfectant_002040710\/","title":{"rendered":"Liquide Vaisselle D\u00e9sinfectant"},"content":{"rendered":"<p><strong>Le liquide vaisselle d\u00e9sinfectant est un produit qui permet de nettoyer manuellement la vaisselle.<br \/>\nBact\u00e9ricide &#8211; Levuricide &#8211; Fongicide &#8211; Virucide<br \/>\nEfficace sur Coronavirus<\/strong><\/p>\n<p>Le liquide vaisselle d\u00e9sinfectant est agr\u00e9ablement parfum\u00e9. Son pouvoir moussant, d\u00e9graissant et mouillant dissout les graisses et les souillures tenaces. Il s\u00e8che sans laisser de traces et donne de l&#8217;\u00e9clat \u00e0 la vaisselle.\n<\/p>\n<p><strong>Disponible en :<br \/>\n&#8211; Carton de 12 x 1 L push pull. R\u00e9f. 002040710<br \/>\n&#8211; Carton de 6x1L avec pompe doseuse. R\u00e9f. 002040721<br \/>\n&#8211; Carton de 4 x 5 L. R\u00e9f. 002040702<br \/>\n&#8211; Bidon 10L. R\u00e9f. 002040717<br \/>\n&#8211; Bidon de 20 L. R\u00e9f. 002040703<\/strong><\/p>\n<p class=\"y-product y-product__product-subtitle\">Avantage :<\/p>\n<p>Efficace m\u00eame sur les souillures les plus tenaces.<\/p>\n<p>Retrouvez le mode d&#8217;emploi et le dosage du produit en t\u00e9l\u00e9chargeant, ci-dessous, sa Fiche Technique et\/ou sa Fiche M\u00e9thode.<\/p>\n<p><em>Utilisez les biocides avec pr\u00e9caution. Avant toute utilisation, lisez l&#8217;\u00e9tiquette et les informations concernant le produit.<br \/>\nProduit strictement professionnel.<br \/>\nAvant toute utilisation, assurez-vous que celle-ci est indispensable, notamment dans les lieux fr\u00e9quent\u00e9s par le grand public. Privil\u00e9giez chaque fois que possible les m\u00e9thodes alternatives et les produits pr\u00e9sentant le risque le plus faible pour la sant\u00e9 humaine et animale et pour l&#8217;environnement.<\/p>\n<p>TP4 : D\u00e9sinfectants pour les surfaces en contact avec les denr\u00e9es alimentaires et les aliments pour animaux<\/em><\/p>\n","protected":false},"excerpt":{"rendered":"<p>D\u00e9tergent d\u00e9velopp\u00e9 pour le lavage et la d\u00e9sinfection de la vaisselle en manuel.<\/p>\n","protected":false},"featured_media":9592,"template":"","meta":[],"product_brand":[],"product_type":[2],"product_visibility":[],"product_cat":[4117,4145,4121],"class_list":{"0":"post-3452","1":"product","2":"type-product","3":"status-publish","4":"has-post-thumbnail","6":"product_cat-produitscuisine","7":"product_cat-marquesorlav","8":"product_cat-cuisinevaisselle-manuelle","9":"product_tag-bactericide","10":"product_tag-detergent","11":"product_tag-fongicide","12":"product_tag-lavage","13":"product_tag-levuricide","14":"product_tag-manuel","15":"product_tag-moussant","16":"product_tag-plonge","17":"product_tag-tp4","18":"product_tag-vaisselle-2","19":"product_tag-virucide","21":"first","22":"instock","23":"shipping-taxable","24":"product-type-simple"},"yoast_head":"<!-- This site is optimized with the Yoast SEO plugin v27.5 - https:\/\/yoast.com\/product\/yoast-seo-wordpress\/ -->\n<title>Liquide Vaisselle D\u00e9sinfectant - Hydrachim<\/title>\n<meta name=\"robots\" content=\"index, follow, max-snippet:-1, max-image-preview:large, max-video-preview:-1\" \/>\n<link rel=\"canonical\" href=\"https:\/\/www.hydrachim.fr\/en\/produit\/liquide_vaisselle_desinfectant_002040710\/\" \/>\n<meta property=\"og:locale\" content=\"en_US\" \/>\n<meta property=\"og:type\" content=\"article\" \/>\n<meta property=\"og:title\" content=\"Liquide Vaisselle D\u00e9sinfectant - Hydrachim\" \/>\n<meta property=\"og:description\" content=\"D\u00e9tergent d\u00e9velopp\u00e9 pour le lavage et la d\u00e9sinfection de la vaisselle en manuel.\" \/>\n<meta property=\"og:url\" content=\"https:\/\/www.hydrachim.fr\/en\/produit\/liquide_vaisselle_desinfectant_002040710\/\" \/>\n<meta property=\"og:site_name\" content=\"Hydrachim\" \/>\n<meta property=\"article:modified_time\" content=\"2026-01-26T14:08:12+00:00\" \/>\n<meta property=\"og:image\" content=\"https:\/\/www.hydrachim.fr\/app\/uploads\/2021\/07\/0407_LIQ_VAISSELLE_DESINFECTANT_4x5L_..png\" \/>\n\t<meta property=\"og:image:width\" content=\"629\" \/>\n\t<meta property=\"og:image:height\" content=\"900\" \/>\n\t<meta property=\"og:image:type\" content=\"image\/png\" \/>\n<meta name=\"twitter:card\" content=\"summary_large_image\" \/>\n<meta name=\"twitter:label1\" content=\"Est. reading time\" \/>\n\t<meta name=\"twitter:data1\" content=\"1 minute\" \/>\n<script type=\"application\/ld+json\" class=\"yoast-schema-graph\">{\"@context\":\"https:\\\/\\\/schema.org\",\"@graph\":[{\"@type\":\"WebPage\",\"@id\":\"https:\\\/\\\/www.hydrachim.fr\\\/en\\\/produit\\\/liquide_vaisselle_desinfectant_002040710\\\/\",\"url\":\"https:\\\/\\\/www.hydrachim.fr\\\/en\\\/produit\\\/liquide_vaisselle_desinfectant_002040710\\\/\",\"name\":\"Liquide Vaisselle D\u00e9sinfectant - Hydrachim\",\"isPartOf\":{\"@id\":\"https:\\\/\\\/www.hydrachim.fr\\\/en\\\/#website\"},\"primaryImageOfPage\":{\"@id\":\"https:\\\/\\\/www.hydrachim.fr\\\/en\\\/produit\\\/liquide_vaisselle_desinfectant_002040710\\\/#primaryimage\"},\"image\":{\"@id\":\"https:\\\/\\\/www.hydrachim.fr\\\/en\\\/produit\\\/liquide_vaisselle_desinfectant_002040710\\\/#primaryimage\"},\"thumbnailUrl\":\"https:\\\/\\\/www.hydrachim.fr\\\/app\\\/uploads\\\/2021\\\/07\\\/0407_LIQ_VAISSELLE_DESINFECTANT_4x5L_..png\",\"datePublished\":\"2019-08-06T13:49:31+00:00\",\"dateModified\":\"2026-01-26T14:08:12+00:00\",\"breadcrumb\":{\"@id\":\"https:\\\/\\\/www.hydrachim.fr\\\/en\\\/produit\\\/liquide_vaisselle_desinfectant_002040710\\\/#breadcrumb\"},\"inLanguage\":\"en-US\",\"potentialAction\":[{\"@type\":\"ReadAction\",\"target\":[\"https:\\\/\\\/www.hydrachim.fr\\\/en\\\/produit\\\/liquide_vaisselle_desinfectant_002040710\\\/\"]}]},{\"@type\":\"ImageObject\",\"inLanguage\":\"en-US\",\"@id\":\"https:\\\/\\\/www.hydrachim.fr\\\/en\\\/produit\\\/liquide_vaisselle_desinfectant_002040710\\\/#primaryimage\",\"url\":\"https:\\\/\\\/www.hydrachim.fr\\\/app\\\/uploads\\\/2021\\\/07\\\/0407_LIQ_VAISSELLE_DESINFECTANT_4x5L_..png\",\"contentUrl\":\"https:\\\/\\\/www.hydrachim.fr\\\/app\\\/uploads\\\/2021\\\/07\\\/0407_LIQ_VAISSELLE_DESINFECTANT_4x5L_..png\",\"width\":629,\"height\":900},{\"@type\":\"BreadcrumbList\",\"@id\":\"https:\\\/\\\/www.hydrachim.fr\\\/en\\\/produit\\\/liquide_vaisselle_desinfectant_002040710\\\/#breadcrumb\",\"itemListElement\":[{\"@type\":\"ListItem\",\"position\":1,\"name\":\"Home\",\"item\":\"https:\\\/\\\/www.hydrachim.fr\\\/en\\\/\"},{\"@type\":\"ListItem\",\"position\":2,\"name\":\"Boutique\",\"item\":\"https:\\\/\\\/www.hydrachim.fr\\\/boutique\\\/\"},{\"@type\":\"ListItem\",\"position\":3,\"name\":\"Liquide Vaisselle D\u00e9sinfectant\"}]},{\"@type\":\"WebSite\",\"@id\":\"https:\\\/\\\/www.hydrachim.fr\\\/en\\\/#website\",\"url\":\"https:\\\/\\\/www.hydrachim.fr\\\/en\\\/\",\"name\":\"Hydrachim\",\"description\":\"La science de l&#039;hygi\u00e8ne\",\"potentialAction\":[{\"@type\":\"SearchAction\",\"target\":{\"@type\":\"EntryPoint\",\"urlTemplate\":\"https:\\\/\\\/www.hydrachim.fr\\\/en\\\/?s={search_term_string}\"},\"query-input\":{\"@type\":\"PropertyValueSpecification\",\"valueRequired\":true,\"valueName\":\"search_term_string\"}}],\"inLanguage\":\"en-US\"}]}<\/script>\n<!-- \/ Yoast SEO plugin. -->","yoast_head_json":{"title":"Liquide Vaisselle D\u00e9sinfectant - Hydrachim","robots":{"index":"index","follow":"follow","max-snippet":"max-snippet:-1","max-image-preview":"max-image-preview:large","max-video-preview":"max-video-preview:-1"},"canonical":"https:\/\/www.hydrachim.fr\/en\/produit\/liquide_vaisselle_desinfectant_002040710\/","og_locale":"en_US","og_type":"article","og_title":"Liquide Vaisselle D\u00e9sinfectant - Hydrachim","og_description":"D\u00e9tergent d\u00e9velopp\u00e9 pour le lavage et la d\u00e9sinfection de la vaisselle en manuel.","og_url":"https:\/\/www.hydrachim.fr\/en\/produit\/liquide_vaisselle_desinfectant_002040710\/","og_site_name":"Hydrachim","article_modified_time":"2026-01-26T14:08:12+00:00","og_image":[{"width":629,"height":900,"url":"https:\/\/www.hydrachim.fr\/app\/uploads\/2021\/07\/0407_LIQ_VAISSELLE_DESINFECTANT_4x5L_..png","type":"image\/png"}],"twitter_card":"summary_large_image","twitter_misc":{"Est. reading time":"1 minute"},"schema":{"@context":"https:\/\/schema.org","@graph":[{"@type":"WebPage","@id":"https:\/\/www.hydrachim.fr\/en\/produit\/liquide_vaisselle_desinfectant_002040710\/","url":"https:\/\/www.hydrachim.fr\/en\/produit\/liquide_vaisselle_desinfectant_002040710\/","name":"Liquide Vaisselle D\u00e9sinfectant - Hydrachim","isPartOf":{"@id":"https:\/\/www.hydrachim.fr\/en\/#website"},"primaryImageOfPage":{"@id":"https:\/\/www.hydrachim.fr\/en\/produit\/liquide_vaisselle_desinfectant_002040710\/#primaryimage"},"image":{"@id":"https:\/\/www.hydrachim.fr\/en\/produit\/liquide_vaisselle_desinfectant_002040710\/#primaryimage"},"thumbnailUrl":"https:\/\/www.hydrachim.fr\/app\/uploads\/2021\/07\/0407_LIQ_VAISSELLE_DESINFECTANT_4x5L_..png","datePublished":"2019-08-06T13:49:31+00:00","dateModified":"2026-01-26T14:08:12+00:00","breadcrumb":{"@id":"https:\/\/www.hydrachim.fr\/en\/produit\/liquide_vaisselle_desinfectant_002040710\/#breadcrumb"},"inLanguage":"en-US","potentialAction":[{"@type":"ReadAction","target":["https:\/\/www.hydrachim.fr\/en\/produit\/liquide_vaisselle_desinfectant_002040710\/"]}]},{"@type":"ImageObject","inLanguage":"en-US","@id":"https:\/\/www.hydrachim.fr\/en\/produit\/liquide_vaisselle_desinfectant_002040710\/#primaryimage","url":"https:\/\/www.hydrachim.fr\/app\/uploads\/2021\/07\/0407_LIQ_VAISSELLE_DESINFECTANT_4x5L_..png","contentUrl":"https:\/\/www.hydrachim.fr\/app\/uploads\/2021\/07\/0407_LIQ_VAISSELLE_DESINFECTANT_4x5L_..png","width":629,"height":900},{"@type":"BreadcrumbList","@id":"https:\/\/www.hydrachim.fr\/en\/produit\/liquide_vaisselle_desinfectant_002040710\/#breadcrumb","itemListElement":[{"@type":"ListItem","position":1,"name":"Home","item":"https:\/\/www.hydrachim.fr\/en\/"},{"@type":"ListItem","position":2,"name":"Boutique","item":"https:\/\/www.hydrachim.fr\/boutique\/"},{"@type":"ListItem","position":3,"name":"Liquide Vaisselle D\u00e9sinfectant"}]},{"@type":"WebSite","@id":"https:\/\/www.hydrachim.fr\/en\/#website","url":"https:\/\/www.hydrachim.fr\/en\/","name":"Hydrachim","description":"La science de l&#039;hygi\u00e8ne","potentialAction":[{"@type":"SearchAction","target":{"@type":"EntryPoint","urlTemplate":"https:\/\/www.hydrachim.fr\/en\/?s={search_term_string}"},"query-input":{"@type":"PropertyValueSpecification","valueRequired":true,"valueName":"search_term_string"}}],"inLanguage":"en-US"}]}},"acf":{"fiche_technique":"https:\/\/www.hydrachim.fr\/app\/uploads\/2026\/01\/FT_ORLAV___CUISINE___0407___LIQUIDE_VAISSELLE_D_SINFECTANT___BIOCIDE-1.pdf","fiche_methode":""},"_links":{"self":[{"href":"https:\/\/www.hydrachim.fr\/en\/wp-json\/wp\/v2\/product\/3452","targetHints":{"allow":["GET"]}}],"collection":[{"href":"https:\/\/www.hydrachim.fr\/en\/wp-json\/wp\/v2\/product"}],"about":[{"href":"https:\/\/www.hydrachim.fr\/en\/wp-json\/wp\/v2\/types\/product"}],"wp:featuredmedia":[{"embeddable":true,"href":"https:\/\/www.hydrachim.fr\/en\/wp-json\/wp\/v2\/media\/9592"}],"wp:attachment":[{"href":"https:\/\/www.hydrachim.fr\/en\/wp-json\/wp\/v2\/media?parent=3452"}],"wp:term":[{"taxonomy":"product_brand","embeddable":true,"href":"https:\/\/www.hydrachim.fr\/en\/wp-json\/wp\/v2\/product_brand?post=3452"},{"taxonomy":"product_type","embeddable":true,"href":"https:\/\/www.hydrachim.fr\/en\/wp-json\/wp\/v2\/product_type?post=3452"},{"taxonomy":"product_visibility","embeddable":true,"href":"https:\/\/www.hydrachim.fr\/en\/wp-json\/wp\/v2\/product_visibility?post=3452"},{"taxonomy":"product_cat","embeddable":true,"href":"https:\/\/www.hydrachim.fr\/en\/wp-json\/wp\/v2\/product_cat?post=3452"}],"curies":[{"name":"wp","href":"https:\/\/api.w.org\/{rel}","templated":true}]}}