{"id":3447,"date":"2019-08-06T15:49:26","date_gmt":"2019-08-06T13:49:26","guid":{"rendered":"https:\/\/www.hydrachim.fr\/product\/degraissant-sol\/"},"modified":"2026-03-06T17:13:33","modified_gmt":"2026-03-06T15:13:33","slug":"sportech_003613404","status":"publish","type":"product","link":"https:\/\/www.hydrachim.fr\/en\/produit\/sportech_003613404\/","title":{"rendered":"SPOR&#8217;TECH"},"content":{"rendered":"<p><strong>SPOR&#8217;TECH est un produit d&#8217;hygi\u00e8ne sp\u00e9cial sol et grandes surfaces d\u00e9velopp\u00e9 pour le nettoyage des sols en autolaveuse.<\/strong><\/p>\n<p>SPOR&#8217;TECH est un produit qui a un tr\u00e8s haut pouvoir nettoyant pour les sols et les grandes surfaces. C&#8217;est un produit concentr\u00e9 \u00e9conomique et tr\u00e8s d\u00e9graissant. Spor&#8217;tech ne n\u00e9cessite pas de rin\u00e7age apr\u00e8s son utilisation. C&#8217;est un produit \u00e0 mousse contr\u00f4l\u00e9e.\n<\/p>\n<p><strong>Disponible en :<br \/>\n&#8211; Carton de 4 x 5 L. R\u00e9f. 003613404<br \/>\n&#8211; F\u00fbt de 220 L. R\u00e9f. 003613406<\/strong><\/p>\n<p class=\"y-product y-product__product-subtitle\">Avantage :<\/p>\n<p>SPOR&#8217;TECH est actif \u00e0 faible dose sur tous les corps gras d&#8217;origine animale, v\u00e9g\u00e9tale ou min\u00e9rale.<\/p>\n<p>Retrouvez le mode d&#8217;emploi et le dosage du produit en t\u00e9l\u00e9chargeant, ci-dessous, sa Fiche Technique et\/ou sa Fiche M\u00e9thode.<\/p>\n","protected":false},"excerpt":{"rendered":"<p>D\u00e9graissant sol liquide<\/p>\n","protected":false},"featured_media":6133,"template":"","meta":[],"product_brand":[],"product_type":[2],"product_visibility":[],"product_cat":[4026,4153,4141,4092],"class_list":{"0":"post-3447","1":"product","2":"type-product","3":"status-publish","4":"has-post-thumbnail","6":"product_cat-produitsindustrie","7":"product_cat-marqueskemnet","8":"product_cat-produits","9":"product_cat-industriestation-vhicule","10":"product_tag-degraissant","11":"product_tag-liquide","12":"product_tag-nettoyage","13":"product_tag-sol","15":"first","16":"instock","17":"shipping-taxable","18":"product-type-simple"},"yoast_head":"<!-- This site is optimized with the Yoast SEO plugin v27.4 - https:\/\/yoast.com\/product\/yoast-seo-wordpress\/ -->\n<title>SPOR&#039;TECH - Hydrachim<\/title>\n<meta name=\"robots\" content=\"index, follow, max-snippet:-1, max-image-preview:large, max-video-preview:-1\" \/>\n<link rel=\"canonical\" href=\"https:\/\/www.hydrachim.fr\/en\/produit\/sportech_003613404\/\" \/>\n<meta property=\"og:locale\" content=\"en_US\" \/>\n<meta property=\"og:type\" content=\"article\" \/>\n<meta property=\"og:title\" content=\"SPOR&#039;TECH - Hydrachim\" \/>\n<meta property=\"og:description\" content=\"D\u00e9graissant sol liquide\" \/>\n<meta property=\"og:url\" content=\"https:\/\/www.hydrachim.fr\/en\/produit\/sportech_003613404\/\" \/>\n<meta property=\"og:site_name\" content=\"Hydrachim\" \/>\n<meta property=\"article:modified_time\" content=\"2026-03-06T15:13:33+00:00\" \/>\n<meta property=\"og:image\" content=\"https:\/\/www.hydrachim.fr\/app\/uploads\/2019\/12\/6134_KEMNET_PROFESSIONNEL___SPOR_TECH___5L..png\" \/>\n\t<meta property=\"og:image:width\" content=\"600\" \/>\n\t<meta property=\"og:image:height\" content=\"869\" \/>\n\t<meta property=\"og:image:type\" content=\"image\/png\" \/>\n<meta name=\"twitter:card\" content=\"summary_large_image\" \/>\n<meta name=\"twitter:label1\" content=\"Est. reading time\" \/>\n\t<meta name=\"twitter:data1\" content=\"1 minute\" \/>\n<script type=\"application\/ld+json\" class=\"yoast-schema-graph\">{\"@context\":\"https:\\\/\\\/schema.org\",\"@graph\":[{\"@type\":\"WebPage\",\"@id\":\"https:\\\/\\\/www.hydrachim.fr\\\/en\\\/produit\\\/sportech_003613404\\\/\",\"url\":\"https:\\\/\\\/www.hydrachim.fr\\\/en\\\/produit\\\/sportech_003613404\\\/\",\"name\":\"SPOR'TECH - Hydrachim\",\"isPartOf\":{\"@id\":\"https:\\\/\\\/www.hydrachim.fr\\\/en\\\/#website\"},\"primaryImageOfPage\":{\"@id\":\"https:\\\/\\\/www.hydrachim.fr\\\/en\\\/produit\\\/sportech_003613404\\\/#primaryimage\"},\"image\":{\"@id\":\"https:\\\/\\\/www.hydrachim.fr\\\/en\\\/produit\\\/sportech_003613404\\\/#primaryimage\"},\"thumbnailUrl\":\"https:\\\/\\\/www.hydrachim.fr\\\/app\\\/uploads\\\/2019\\\/12\\\/6134_KEMNET_PROFESSIONNEL___SPOR_TECH___5L..png\",\"datePublished\":\"2019-08-06T13:49:26+00:00\",\"dateModified\":\"2026-03-06T15:13:33+00:00\",\"breadcrumb\":{\"@id\":\"https:\\\/\\\/www.hydrachim.fr\\\/en\\\/produit\\\/sportech_003613404\\\/#breadcrumb\"},\"inLanguage\":\"en-US\",\"potentialAction\":[{\"@type\":\"ReadAction\",\"target\":[\"https:\\\/\\\/www.hydrachim.fr\\\/en\\\/produit\\\/sportech_003613404\\\/\"]}]},{\"@type\":\"ImageObject\",\"inLanguage\":\"en-US\",\"@id\":\"https:\\\/\\\/www.hydrachim.fr\\\/en\\\/produit\\\/sportech_003613404\\\/#primaryimage\",\"url\":\"https:\\\/\\\/www.hydrachim.fr\\\/app\\\/uploads\\\/2019\\\/12\\\/6134_KEMNET_PROFESSIONNEL___SPOR_TECH___5L..png\",\"contentUrl\":\"https:\\\/\\\/www.hydrachim.fr\\\/app\\\/uploads\\\/2019\\\/12\\\/6134_KEMNET_PROFESSIONNEL___SPOR_TECH___5L..png\",\"width\":600,\"height\":869},{\"@type\":\"BreadcrumbList\",\"@id\":\"https:\\\/\\\/www.hydrachim.fr\\\/en\\\/produit\\\/sportech_003613404\\\/#breadcrumb\",\"itemListElement\":[{\"@type\":\"ListItem\",\"position\":1,\"name\":\"Home\",\"item\":\"https:\\\/\\\/www.hydrachim.fr\\\/en\\\/\"},{\"@type\":\"ListItem\",\"position\":2,\"name\":\"Boutique\",\"item\":\"https:\\\/\\\/www.hydrachim.fr\\\/boutique\\\/\"},{\"@type\":\"ListItem\",\"position\":3,\"name\":\"SPOR&rsquo;TECH\"}]},{\"@type\":\"WebSite\",\"@id\":\"https:\\\/\\\/www.hydrachim.fr\\\/en\\\/#website\",\"url\":\"https:\\\/\\\/www.hydrachim.fr\\\/en\\\/\",\"name\":\"Hydrachim\",\"description\":\"La science de l&#039;hygi\u00e8ne\",\"potentialAction\":[{\"@type\":\"SearchAction\",\"target\":{\"@type\":\"EntryPoint\",\"urlTemplate\":\"https:\\\/\\\/www.hydrachim.fr\\\/en\\\/?s={search_term_string}\"},\"query-input\":{\"@type\":\"PropertyValueSpecification\",\"valueRequired\":true,\"valueName\":\"search_term_string\"}}],\"inLanguage\":\"en-US\"}]}<\/script>\n<!-- \/ Yoast SEO plugin. -->","yoast_head_json":{"title":"SPOR'TECH - Hydrachim","robots":{"index":"index","follow":"follow","max-snippet":"max-snippet:-1","max-image-preview":"max-image-preview:large","max-video-preview":"max-video-preview:-1"},"canonical":"https:\/\/www.hydrachim.fr\/en\/produit\/sportech_003613404\/","og_locale":"en_US","og_type":"article","og_title":"SPOR'TECH - Hydrachim","og_description":"D\u00e9graissant sol liquide","og_url":"https:\/\/www.hydrachim.fr\/en\/produit\/sportech_003613404\/","og_site_name":"Hydrachim","article_modified_time":"2026-03-06T15:13:33+00:00","og_image":[{"width":600,"height":869,"url":"https:\/\/www.hydrachim.fr\/app\/uploads\/2019\/12\/6134_KEMNET_PROFESSIONNEL___SPOR_TECH___5L..png","type":"image\/png"}],"twitter_card":"summary_large_image","twitter_misc":{"Est. reading time":"1 minute"},"schema":{"@context":"https:\/\/schema.org","@graph":[{"@type":"WebPage","@id":"https:\/\/www.hydrachim.fr\/en\/produit\/sportech_003613404\/","url":"https:\/\/www.hydrachim.fr\/en\/produit\/sportech_003613404\/","name":"SPOR'TECH - Hydrachim","isPartOf":{"@id":"https:\/\/www.hydrachim.fr\/en\/#website"},"primaryImageOfPage":{"@id":"https:\/\/www.hydrachim.fr\/en\/produit\/sportech_003613404\/#primaryimage"},"image":{"@id":"https:\/\/www.hydrachim.fr\/en\/produit\/sportech_003613404\/#primaryimage"},"thumbnailUrl":"https:\/\/www.hydrachim.fr\/app\/uploads\/2019\/12\/6134_KEMNET_PROFESSIONNEL___SPOR_TECH___5L..png","datePublished":"2019-08-06T13:49:26+00:00","dateModified":"2026-03-06T15:13:33+00:00","breadcrumb":{"@id":"https:\/\/www.hydrachim.fr\/en\/produit\/sportech_003613404\/#breadcrumb"},"inLanguage":"en-US","potentialAction":[{"@type":"ReadAction","target":["https:\/\/www.hydrachim.fr\/en\/produit\/sportech_003613404\/"]}]},{"@type":"ImageObject","inLanguage":"en-US","@id":"https:\/\/www.hydrachim.fr\/en\/produit\/sportech_003613404\/#primaryimage","url":"https:\/\/www.hydrachim.fr\/app\/uploads\/2019\/12\/6134_KEMNET_PROFESSIONNEL___SPOR_TECH___5L..png","contentUrl":"https:\/\/www.hydrachim.fr\/app\/uploads\/2019\/12\/6134_KEMNET_PROFESSIONNEL___SPOR_TECH___5L..png","width":600,"height":869},{"@type":"BreadcrumbList","@id":"https:\/\/www.hydrachim.fr\/en\/produit\/sportech_003613404\/#breadcrumb","itemListElement":[{"@type":"ListItem","position":1,"name":"Home","item":"https:\/\/www.hydrachim.fr\/en\/"},{"@type":"ListItem","position":2,"name":"Boutique","item":"https:\/\/www.hydrachim.fr\/boutique\/"},{"@type":"ListItem","position":3,"name":"SPOR&rsquo;TECH"}]},{"@type":"WebSite","@id":"https:\/\/www.hydrachim.fr\/en\/#website","url":"https:\/\/www.hydrachim.fr\/en\/","name":"Hydrachim","description":"La science de l&#039;hygi\u00e8ne","potentialAction":[{"@type":"SearchAction","target":{"@type":"EntryPoint","urlTemplate":"https:\/\/www.hydrachim.fr\/en\/?s={search_term_string}"},"query-input":{"@type":"PropertyValueSpecification","valueRequired":true,"valueName":"search_term_string"}}],"inLanguage":"en-US"}]}},"acf":{"fiche_technique":"https:\/\/www.hydrachim.fr\/app\/uploads\/2026\/03\/FT_6134_Kemnetpro_SPOR_TECH.pdf","fiche_methode":""},"_links":{"self":[{"href":"https:\/\/www.hydrachim.fr\/en\/wp-json\/wp\/v2\/product\/3447","targetHints":{"allow":["GET"]}}],"collection":[{"href":"https:\/\/www.hydrachim.fr\/en\/wp-json\/wp\/v2\/product"}],"about":[{"href":"https:\/\/www.hydrachim.fr\/en\/wp-json\/wp\/v2\/types\/product"}],"wp:featuredmedia":[{"embeddable":true,"href":"https:\/\/www.hydrachim.fr\/en\/wp-json\/wp\/v2\/media\/6133"}],"wp:attachment":[{"href":"https:\/\/www.hydrachim.fr\/en\/wp-json\/wp\/v2\/media?parent=3447"}],"wp:term":[{"taxonomy":"product_brand","embeddable":true,"href":"https:\/\/www.hydrachim.fr\/en\/wp-json\/wp\/v2\/product_brand?post=3447"},{"taxonomy":"product_type","embeddable":true,"href":"https:\/\/www.hydrachim.fr\/en\/wp-json\/wp\/v2\/product_type?post=3447"},{"taxonomy":"product_visibility","embeddable":true,"href":"https:\/\/www.hydrachim.fr\/en\/wp-json\/wp\/v2\/product_visibility?post=3447"},{"taxonomy":"product_cat","embeddable":true,"href":"https:\/\/www.hydrachim.fr\/en\/wp-json\/wp\/v2\/product_cat?post=3447"}],"curies":[{"name":"wp","href":"https:\/\/api.w.org\/{rel}","templated":true}]}}