{"id":3446,"date":"2019-08-06T15:49:26","date_gmt":"2019-08-06T13:49:26","guid":{"rendered":"https:\/\/www.hydrachim.fr\/product\/eligel-a\/"},"modified":"2026-03-11T16:13:55","modified_gmt":"2026-03-11T14:13:55","slug":"eligel_a_002313146","status":"publish","type":"product","link":"https:\/\/www.hydrachim.fr\/en\/produit\/eligel_a_002313146\/","title":{"rendered":"Eligel A"},"content":{"rendered":"<p><strong>Eligel A est un gel hydroalcoolique d\u00e9velopp\u00e9 pour la d\u00e9sinfection des mains en l&#8217;absence de point d&#8217;eau.<br \/>\nEfficace sur Coronavirus*.<\/strong><\/p>\n<p>Le Eligel A est un produit qui d\u00e9sinfecte les mains par friction. Il est sans colorant ni parfum. Le Eligel A n&#8217;ass\u00e8che pas la peau.<br \/>\n*Virucide sur MVA (Modified Vacciniarus Ankara), Ad\u00e9novirus, Murine norovirus, Coronavirus et incluant l\u2019activit\u00e9 contre les virus envelopp\u00e9s comme Influenza virus (H1N1 Grippe A, H5N1 Grippe aviaire), h\u00e9patite B et C, HIV, virus Herp\u00e8s simplex selon la norme EN14476+A2 (2019), (30 sec. 20\u00b0C en conditions de propret\u00e9). \u00ab **Virucide spectre limit\u00e9 \u00bb.<br \/>\n&#8211; Bact\u00e9ricide EN 13727 (30 sec. 20\u00b0C) et EN 1500 (d\u00e9sinfection des mains par friction en 30 sec.).<br \/>\n&#8211; Levuricide EN 13624 (30 sec. 20\u00b0C).<br \/>\n&#8211; Fongicide EN 13624 (60 sec. 20\u00b0C).<br \/>\n&#8211; Mycobact\u00e9ricide EN 14348 (30 sec. 20\u00b0C).<br \/>\nNormes en conditions de salet\u00e9.<\/p>\n<p><strong>Disponible en :<br \/>\n&#8211; Carton de 24 x 100mL. R\u00e9f. 002313122<br \/>\n&#8211; Carton de 6 x 500mL. R\u00e9f. 002313135<br \/>\n&#8211; Carton de 6 x 1L avec pompe. R\u00e9f. 002313149<br \/>\n&#8211; Carton de 6 recharges poches souples x 1L. R\u00e9f. 002313110<br \/>\n&#8211; Carton de 12 x 1L flacon airless. R\u00e9f. 002313120<br \/>\n&#8211; Carton de 4 x 5L. R\u00e9f. 002313121<\/p>\n<p>Ce   produit   est   commercialisable   dans   les   pays   suivants : Espagne, Portugal, Luxembourg et Allemagne. Pour toute d\u00e9marche commerciale \u00e0 l\u2019international, merci de vous rapprocher de votre contact commercial.<\/strong><\/p>\n<p class=\"y-product y-product__product-subtitle\">Avantage :<\/p>\n<p>Sans colorant ni parfum.<br \/>\nN&#8217;ass\u00e8che pas les mains.<\/p>\n<p>Retrouvez le mode d&#8217;emploi et le dosage du produit en t\u00e9l\u00e9chargeant, ci-dessous, sa Fiche Technique et\/ou sa Fiche M\u00e9thode.<\/p>\n<p><em>Attention, l&#8217;Eligel A est \u00e0 utiliser avec pr\u00e9caution sur les surfaces peintes. Faire un essai pr\u00e9alable sur une petite surface.<br \/>\nUtilisez les biocides avec pr\u00e9caution. Avant toute utilisation, lisez l&#8217;\u00e9tiquette et les informations concernant le produit.<\/p>\n<p>TP1 : Produits biocides destin\u00e9s \u00e0 l\u2019hygi\u00e8ne humaine<\/p>\n<p>Mati\u00e8re active : Alcool \u00e9thylique (N\u00b0CAS : 64-17-5) \u00e0 751,20 g\/Kg.<br \/>\n<\/em><\/p>\n","protected":false},"excerpt":{"rendered":"<p>Gel d\u00e9sinfectant hydroalcoolique (+ de 75% d&#8217;alcool).<br \/>\nEFFICACE SUR CORONAVIRUS.<\/p>\n","protected":false},"featured_media":30564,"template":"","meta":[],"product_brand":[],"product_type":[2],"product_visibility":[],"product_cat":[4237,4140,4137,4295],"class_list":{"0":"post-3446","1":"product","2":"type-product","3":"status-publish","4":"has-post-thumbnail","6":"product_cat-produits-produitsdsinfectioncoronavirus","7":"product_cat-produits-produitsmains-corpsdesinfectants-pour-les-mains","8":"product_cat-produitsmains-corps","9":"product_cat-marquessimplement","10":"product_tag-de-75-dalcool","11":"product_tag-bactericide","12":"product_tag-fongicide","13":"product_tag-gel","14":"product_tag-hydroalcoolique","15":"product_tag-tp1","16":"product_tag-virucide","18":"first","19":"instock","20":"shipping-taxable","21":"product-type-simple"},"yoast_head":"<!-- This site is optimized with the Yoast SEO plugin v27.6 - https:\/\/yoast.com\/product\/yoast-seo-wordpress\/ -->\n<title>Gel hydroalcoolique - Eligel A, efficace sur Coronavirus - Hydrachim<\/title>\n<meta name=\"description\" content=\"Eligel A est un gel hydroalcoolique d\u00e9velopp\u00e9 pour la d\u00e9sinfection des mains en l&#039;absence de point d&#039;eau. Efficace sur Coronavirus.\" \/>\n<meta name=\"robots\" content=\"index, follow, max-snippet:-1, max-image-preview:large, max-video-preview:-1\" \/>\n<link rel=\"canonical\" href=\"https:\/\/www.hydrachim.fr\/en\/produit\/eligel_a_002313146\/\" \/>\n<meta property=\"og:locale\" content=\"en_US\" \/>\n<meta property=\"og:type\" content=\"article\" \/>\n<meta property=\"og:title\" content=\"Gel hydroalcoolique - Eligel A, efficace sur Coronavirus - Hydrachim\" \/>\n<meta property=\"og:description\" content=\"Eligel A est un gel hydroalcoolique d\u00e9velopp\u00e9 pour la d\u00e9sinfection des mains en l&#039;absence de point d&#039;eau. Efficace sur Coronavirus.\" \/>\n<meta property=\"og:url\" content=\"https:\/\/www.hydrachim.fr\/en\/produit\/eligel_a_002313146\/\" \/>\n<meta property=\"og:site_name\" content=\"Hydrachim\" \/>\n<meta property=\"article:modified_time\" content=\"2026-03-11T14:13:55+00:00\" \/>\n<meta property=\"og:image\" content=\"https:\/\/www.hydrachim.fr\/app\/uploads\/2026\/03\/SIMPLEMENT___3131___ELIGEL_A___500ML___NV_LOGO.png\" \/>\n\t<meta property=\"og:image:width\" content=\"500\" \/>\n\t<meta property=\"og:image:height\" content=\"800\" \/>\n\t<meta property=\"og:image:type\" content=\"image\/png\" \/>\n<meta name=\"twitter:card\" content=\"summary_large_image\" \/>\n<meta name=\"twitter:label1\" content=\"Est. reading time\" \/>\n\t<meta name=\"twitter:data1\" content=\"2 minutes\" \/>\n<script type=\"application\/ld+json\" class=\"yoast-schema-graph\">{\"@context\":\"https:\\\/\\\/schema.org\",\"@graph\":[{\"@type\":\"WebPage\",\"@id\":\"https:\\\/\\\/www.hydrachim.fr\\\/en\\\/produit\\\/eligel_a_002313146\\\/\",\"url\":\"https:\\\/\\\/www.hydrachim.fr\\\/en\\\/produit\\\/eligel_a_002313146\\\/\",\"name\":\"Gel hydroalcoolique - Eligel A, efficace sur Coronavirus - Hydrachim\",\"isPartOf\":{\"@id\":\"https:\\\/\\\/www.hydrachim.fr\\\/en\\\/#website\"},\"primaryImageOfPage\":{\"@id\":\"https:\\\/\\\/www.hydrachim.fr\\\/en\\\/produit\\\/eligel_a_002313146\\\/#primaryimage\"},\"image\":{\"@id\":\"https:\\\/\\\/www.hydrachim.fr\\\/en\\\/produit\\\/eligel_a_002313146\\\/#primaryimage\"},\"thumbnailUrl\":\"https:\\\/\\\/www.hydrachim.fr\\\/app\\\/uploads\\\/2026\\\/03\\\/SIMPLEMENT___3131___ELIGEL_A___500ML___NV_LOGO.png\",\"datePublished\":\"2019-08-06T13:49:26+00:00\",\"dateModified\":\"2026-03-11T14:13:55+00:00\",\"description\":\"Eligel A est un gel hydroalcoolique d\u00e9velopp\u00e9 pour la d\u00e9sinfection des mains en l'absence de point d'eau. Efficace sur Coronavirus.\",\"breadcrumb\":{\"@id\":\"https:\\\/\\\/www.hydrachim.fr\\\/en\\\/produit\\\/eligel_a_002313146\\\/#breadcrumb\"},\"inLanguage\":\"en-US\",\"potentialAction\":[{\"@type\":\"ReadAction\",\"target\":[\"https:\\\/\\\/www.hydrachim.fr\\\/en\\\/produit\\\/eligel_a_002313146\\\/\"]}]},{\"@type\":\"ImageObject\",\"inLanguage\":\"en-US\",\"@id\":\"https:\\\/\\\/www.hydrachim.fr\\\/en\\\/produit\\\/eligel_a_002313146\\\/#primaryimage\",\"url\":\"https:\\\/\\\/www.hydrachim.fr\\\/app\\\/uploads\\\/2026\\\/03\\\/SIMPLEMENT___3131___ELIGEL_A___500ML___NV_LOGO.png\",\"contentUrl\":\"https:\\\/\\\/www.hydrachim.fr\\\/app\\\/uploads\\\/2026\\\/03\\\/SIMPLEMENT___3131___ELIGEL_A___500ML___NV_LOGO.png\",\"width\":500,\"height\":800},{\"@type\":\"BreadcrumbList\",\"@id\":\"https:\\\/\\\/www.hydrachim.fr\\\/en\\\/produit\\\/eligel_a_002313146\\\/#breadcrumb\",\"itemListElement\":[{\"@type\":\"ListItem\",\"position\":1,\"name\":\"Home\",\"item\":\"https:\\\/\\\/www.hydrachim.fr\\\/en\\\/\"},{\"@type\":\"ListItem\",\"position\":2,\"name\":\"Boutique\",\"item\":\"https:\\\/\\\/www.hydrachim.fr\\\/boutique\\\/\"},{\"@type\":\"ListItem\",\"position\":3,\"name\":\"Eligel A\"}]},{\"@type\":\"WebSite\",\"@id\":\"https:\\\/\\\/www.hydrachim.fr\\\/en\\\/#website\",\"url\":\"https:\\\/\\\/www.hydrachim.fr\\\/en\\\/\",\"name\":\"Hydrachim\",\"description\":\"La science de l&#039;hygi\u00e8ne\",\"potentialAction\":[{\"@type\":\"SearchAction\",\"target\":{\"@type\":\"EntryPoint\",\"urlTemplate\":\"https:\\\/\\\/www.hydrachim.fr\\\/en\\\/?s={search_term_string}\"},\"query-input\":{\"@type\":\"PropertyValueSpecification\",\"valueRequired\":true,\"valueName\":\"search_term_string\"}}],\"inLanguage\":\"en-US\"}]}<\/script>\n<!-- \/ Yoast SEO plugin. -->","yoast_head_json":{"title":"Gel hydroalcoolique - Eligel A, efficace sur Coronavirus - Hydrachim","description":"Eligel A est un gel hydroalcoolique d\u00e9velopp\u00e9 pour la d\u00e9sinfection des mains en l'absence de point d'eau. Efficace sur Coronavirus.","robots":{"index":"index","follow":"follow","max-snippet":"max-snippet:-1","max-image-preview":"max-image-preview:large","max-video-preview":"max-video-preview:-1"},"canonical":"https:\/\/www.hydrachim.fr\/en\/produit\/eligel_a_002313146\/","og_locale":"en_US","og_type":"article","og_title":"Gel hydroalcoolique - Eligel A, efficace sur Coronavirus - Hydrachim","og_description":"Eligel A est un gel hydroalcoolique d\u00e9velopp\u00e9 pour la d\u00e9sinfection des mains en l'absence de point d'eau. Efficace sur Coronavirus.","og_url":"https:\/\/www.hydrachim.fr\/en\/produit\/eligel_a_002313146\/","og_site_name":"Hydrachim","article_modified_time":"2026-03-11T14:13:55+00:00","og_image":[{"width":500,"height":800,"url":"https:\/\/www.hydrachim.fr\/app\/uploads\/2026\/03\/SIMPLEMENT___3131___ELIGEL_A___500ML___NV_LOGO.png","type":"image\/png"}],"twitter_card":"summary_large_image","twitter_misc":{"Est. reading time":"2 minutes"},"schema":{"@context":"https:\/\/schema.org","@graph":[{"@type":"WebPage","@id":"https:\/\/www.hydrachim.fr\/en\/produit\/eligel_a_002313146\/","url":"https:\/\/www.hydrachim.fr\/en\/produit\/eligel_a_002313146\/","name":"Gel hydroalcoolique - Eligel A, efficace sur Coronavirus - Hydrachim","isPartOf":{"@id":"https:\/\/www.hydrachim.fr\/en\/#website"},"primaryImageOfPage":{"@id":"https:\/\/www.hydrachim.fr\/en\/produit\/eligel_a_002313146\/#primaryimage"},"image":{"@id":"https:\/\/www.hydrachim.fr\/en\/produit\/eligel_a_002313146\/#primaryimage"},"thumbnailUrl":"https:\/\/www.hydrachim.fr\/app\/uploads\/2026\/03\/SIMPLEMENT___3131___ELIGEL_A___500ML___NV_LOGO.png","datePublished":"2019-08-06T13:49:26+00:00","dateModified":"2026-03-11T14:13:55+00:00","description":"Eligel A est un gel hydroalcoolique d\u00e9velopp\u00e9 pour la d\u00e9sinfection des mains en l'absence de point d'eau. Efficace sur Coronavirus.","breadcrumb":{"@id":"https:\/\/www.hydrachim.fr\/en\/produit\/eligel_a_002313146\/#breadcrumb"},"inLanguage":"en-US","potentialAction":[{"@type":"ReadAction","target":["https:\/\/www.hydrachim.fr\/en\/produit\/eligel_a_002313146\/"]}]},{"@type":"ImageObject","inLanguage":"en-US","@id":"https:\/\/www.hydrachim.fr\/en\/produit\/eligel_a_002313146\/#primaryimage","url":"https:\/\/www.hydrachim.fr\/app\/uploads\/2026\/03\/SIMPLEMENT___3131___ELIGEL_A___500ML___NV_LOGO.png","contentUrl":"https:\/\/www.hydrachim.fr\/app\/uploads\/2026\/03\/SIMPLEMENT___3131___ELIGEL_A___500ML___NV_LOGO.png","width":500,"height":800},{"@type":"BreadcrumbList","@id":"https:\/\/www.hydrachim.fr\/en\/produit\/eligel_a_002313146\/#breadcrumb","itemListElement":[{"@type":"ListItem","position":1,"name":"Home","item":"https:\/\/www.hydrachim.fr\/en\/"},{"@type":"ListItem","position":2,"name":"Boutique","item":"https:\/\/www.hydrachim.fr\/boutique\/"},{"@type":"ListItem","position":3,"name":"Eligel A"}]},{"@type":"WebSite","@id":"https:\/\/www.hydrachim.fr\/en\/#website","url":"https:\/\/www.hydrachim.fr\/en\/","name":"Hydrachim","description":"La science de l&#039;hygi\u00e8ne","potentialAction":[{"@type":"SearchAction","target":{"@type":"EntryPoint","urlTemplate":"https:\/\/www.hydrachim.fr\/en\/?s={search_term_string}"},"query-input":{"@type":"PropertyValueSpecification","valueRequired":true,"valueName":"search_term_string"}}],"inLanguage":"en-US"}]}},"acf":{"fiche_technique":"https:\/\/www.hydrachim.fr\/app\/uploads\/2023\/10\/FT_SIMPLEMENT___3131___ELIGEL_A.pdf","fiche_methode":""},"_links":{"self":[{"href":"https:\/\/www.hydrachim.fr\/en\/wp-json\/wp\/v2\/product\/3446","targetHints":{"allow":["GET"]}}],"collection":[{"href":"https:\/\/www.hydrachim.fr\/en\/wp-json\/wp\/v2\/product"}],"about":[{"href":"https:\/\/www.hydrachim.fr\/en\/wp-json\/wp\/v2\/types\/product"}],"wp:featuredmedia":[{"embeddable":true,"href":"https:\/\/www.hydrachim.fr\/en\/wp-json\/wp\/v2\/media\/30564"}],"wp:attachment":[{"href":"https:\/\/www.hydrachim.fr\/en\/wp-json\/wp\/v2\/media?parent=3446"}],"wp:term":[{"taxonomy":"product_brand","embeddable":true,"href":"https:\/\/www.hydrachim.fr\/en\/wp-json\/wp\/v2\/product_brand?post=3446"},{"taxonomy":"product_type","embeddable":true,"href":"https:\/\/www.hydrachim.fr\/en\/wp-json\/wp\/v2\/product_type?post=3446"},{"taxonomy":"product_visibility","embeddable":true,"href":"https:\/\/www.hydrachim.fr\/en\/wp-json\/wp\/v2\/product_visibility?post=3446"},{"taxonomy":"product_cat","embeddable":true,"href":"https:\/\/www.hydrachim.fr\/en\/wp-json\/wp\/v2\/product_cat?post=3446"}],"curies":[{"name":"wp","href":"https:\/\/api.w.org\/{rel}","templated":true}]}}