{"id":3436,"date":"2019-08-06T15:49:16","date_gmt":"2019-08-06T13:49:16","guid":{"rendered":"https:\/\/www.hydrachim.fr\/product\/galets-urinoirs\/"},"modified":"2025-04-10T14:45:23","modified_gmt":"2025-04-10T12:45:23","slug":"cubes_urinoirs_002056901","status":"publish","type":"product","link":"https:\/\/www.hydrachim.fr\/en\/produit\/cubes_urinoirs_002056901\/","title":{"rendered":"Cubes urinoirs"},"content":{"rendered":"<p><strong>Les Cubes urinoirs parfum agrumes sont des produits d&#8217;hygi\u00e8ne nettoyants, d\u00e9sodorisants, d\u00e9tartrants et rafraichissants pour l&#8217;entretien des urinoirs.<\/strong><\/p>\n<p>Les Cubes urinoirs parfument agr\u00e9ablement gr\u00e2ce \u00e0 leur parfum agrumes. Ils nettoient et \u00e9liminent les mati\u00e8res organiques et l\u2019ur\u00e9e. Les urinoirs restent nets plus longtemps.<\/p>\n<p>Ils \u00e9vitent les d\u00e9p\u00f4ts de calcaire au fond de l\u2019urinoir et permettent d\u2019entretenir les canalisations. Avec le temps, le calcaire se d\u00e9pose dans les canalisations. Ce calcaire s\u2019impr\u00e8gne d\u2019acide urique et est \u00e0 l\u2019origine des mauvaises odeurs. L\u2019utilisation des cubes urinoirs \u00e9vite la formation de ces mauvaises odeurs.<\/p>\n<p>Ils pr\u00e9viennent les engorgements dus au tartre urique et se d\u00e9litent progressivement et compl\u00e8tement.<\/p>\n<p><strong>Disponible en carton de 6 pots x 1kg (environ 33 cubes de 33g)<\/strong><\/p>\n<p class=\"y-product y-product__product-subtitle\">Avantage :<\/p>\n<p>Les Cubes urinoirs sont sans paradichlorobenz\u00e8ne.<\/p>\n<p>Retrouvez le mode d&#8217;emploi et le dosage du produit en t\u00e9l\u00e9chargeant, ci-dessous, sa Fiche Technique.<\/p>\n<p><em>PRODUIT STRICTEMENT PROFESSIONNEL. Fiche de donn\u00e9es de s\u00e9curit\u00e9 disponible sur le site www.hydrachim.fr.<br \/>\nFormule d\u00e9pos\u00e9e au centre antipoison de Nancy (N\u00b0 0569). T\u00e9l : +33(0)3 83 22 50 50.<br \/>\nN\u00b0 de t\u00e9l\u00e9phone d\u2019appel d\u2019urgence INRS\/ORFILA : +33(0)1 45 42 59 59.<br \/>\nPour une question de s\u00e9curit\u00e9, utiliser des gants pour manipuler le produit. Ne pas d\u00e9conditionner le produit de son emballage d\u2019origine et ne pas r\u00e9utiliser l\u2019emballage vide.<br \/>\n<\/em><\/p>\n","protected":false},"excerpt":{"rendered":"<p>Cubes urinoirs parfum agrumes<\/p>\n","protected":false},"featured_media":8987,"template":"","meta":[],"product_brand":[],"product_type":[2],"product_visibility":[],"product_cat":[4125,4126,4145,4122,4123],"class_list":{"0":"post-3436","1":"product","2":"type-product","3":"status-publish","4":"has-post-thumbnail","6":"product_cat-sanitairecanalisations","7":"product_cat-sanitaireodeur","8":"product_cat-marquesorlav","9":"product_cat-produitssanitaire","10":"product_cat-sanitairewc","11":"product_tag-anti-calcaire","12":"product_tag-canalisation","13":"product_tag-chr","14":"product_tag-cube","15":"product_tag-desodorisant","16":"product_tag-detartrant","17":"product_tag-nettoyant","18":"product_tag-sanitaire","19":"product_tag-urinoir","21":"first","22":"instock","23":"shipping-taxable","24":"product-type-simple"},"yoast_head":"<!-- This site is optimized with the Yoast SEO plugin v27.5 - https:\/\/yoast.com\/product\/yoast-seo-wordpress\/ -->\n<title>Cubes urinoirs - Hydrachim<\/title>\n<meta name=\"robots\" content=\"index, follow, max-snippet:-1, max-image-preview:large, max-video-preview:-1\" \/>\n<link rel=\"canonical\" href=\"https:\/\/www.hydrachim.fr\/en\/produit\/cubes_urinoirs_002056901\/\" \/>\n<meta property=\"og:locale\" content=\"en_US\" \/>\n<meta property=\"og:type\" content=\"article\" \/>\n<meta property=\"og:title\" content=\"Cubes urinoirs - Hydrachim\" \/>\n<meta property=\"og:description\" content=\"Cubes urinoirs parfum agrumes\" \/>\n<meta property=\"og:url\" content=\"https:\/\/www.hydrachim.fr\/en\/produit\/cubes_urinoirs_002056901\/\" \/>\n<meta property=\"og:site_name\" content=\"Hydrachim\" \/>\n<meta property=\"article:modified_time\" content=\"2025-04-10T12:45:23+00:00\" \/>\n<meta property=\"og:image\" content=\"https:\/\/www.hydrachim.fr\/app\/uploads\/2021\/05\/0569___CUBES_URINOIRS___1KG__mercury_..png\" \/>\n\t<meta property=\"og:image:width\" content=\"400\" \/>\n\t<meta property=\"og:image:height\" content=\"485\" \/>\n\t<meta property=\"og:image:type\" content=\"image\/png\" \/>\n<meta name=\"twitter:card\" content=\"summary_large_image\" \/>\n<meta name=\"twitter:label1\" content=\"Est. reading time\" \/>\n\t<meta name=\"twitter:data1\" content=\"1 minute\" \/>\n<script type=\"application\/ld+json\" class=\"yoast-schema-graph\">{\"@context\":\"https:\\\/\\\/schema.org\",\"@graph\":[{\"@type\":\"WebPage\",\"@id\":\"https:\\\/\\\/www.hydrachim.fr\\\/en\\\/produit\\\/cubes_urinoirs_002056901\\\/\",\"url\":\"https:\\\/\\\/www.hydrachim.fr\\\/en\\\/produit\\\/cubes_urinoirs_002056901\\\/\",\"name\":\"Cubes urinoirs - Hydrachim\",\"isPartOf\":{\"@id\":\"https:\\\/\\\/www.hydrachim.fr\\\/en\\\/#website\"},\"primaryImageOfPage\":{\"@id\":\"https:\\\/\\\/www.hydrachim.fr\\\/en\\\/produit\\\/cubes_urinoirs_002056901\\\/#primaryimage\"},\"image\":{\"@id\":\"https:\\\/\\\/www.hydrachim.fr\\\/en\\\/produit\\\/cubes_urinoirs_002056901\\\/#primaryimage\"},\"thumbnailUrl\":\"https:\\\/\\\/www.hydrachim.fr\\\/app\\\/uploads\\\/2021\\\/05\\\/0569___CUBES_URINOIRS___1KG__mercury_..png\",\"datePublished\":\"2019-08-06T13:49:16+00:00\",\"dateModified\":\"2025-04-10T12:45:23+00:00\",\"breadcrumb\":{\"@id\":\"https:\\\/\\\/www.hydrachim.fr\\\/en\\\/produit\\\/cubes_urinoirs_002056901\\\/#breadcrumb\"},\"inLanguage\":\"en-US\",\"potentialAction\":[{\"@type\":\"ReadAction\",\"target\":[\"https:\\\/\\\/www.hydrachim.fr\\\/en\\\/produit\\\/cubes_urinoirs_002056901\\\/\"]}]},{\"@type\":\"ImageObject\",\"inLanguage\":\"en-US\",\"@id\":\"https:\\\/\\\/www.hydrachim.fr\\\/en\\\/produit\\\/cubes_urinoirs_002056901\\\/#primaryimage\",\"url\":\"https:\\\/\\\/www.hydrachim.fr\\\/app\\\/uploads\\\/2021\\\/05\\\/0569___CUBES_URINOIRS___1KG__mercury_..png\",\"contentUrl\":\"https:\\\/\\\/www.hydrachim.fr\\\/app\\\/uploads\\\/2021\\\/05\\\/0569___CUBES_URINOIRS___1KG__mercury_..png\",\"width\":400,\"height\":485},{\"@type\":\"BreadcrumbList\",\"@id\":\"https:\\\/\\\/www.hydrachim.fr\\\/en\\\/produit\\\/cubes_urinoirs_002056901\\\/#breadcrumb\",\"itemListElement\":[{\"@type\":\"ListItem\",\"position\":1,\"name\":\"Home\",\"item\":\"https:\\\/\\\/www.hydrachim.fr\\\/en\\\/\"},{\"@type\":\"ListItem\",\"position\":2,\"name\":\"Boutique\",\"item\":\"https:\\\/\\\/www.hydrachim.fr\\\/boutique\\\/\"},{\"@type\":\"ListItem\",\"position\":3,\"name\":\"Cubes urinoirs\"}]},{\"@type\":\"WebSite\",\"@id\":\"https:\\\/\\\/www.hydrachim.fr\\\/en\\\/#website\",\"url\":\"https:\\\/\\\/www.hydrachim.fr\\\/en\\\/\",\"name\":\"Hydrachim\",\"description\":\"La science de l&#039;hygi\u00e8ne\",\"potentialAction\":[{\"@type\":\"SearchAction\",\"target\":{\"@type\":\"EntryPoint\",\"urlTemplate\":\"https:\\\/\\\/www.hydrachim.fr\\\/en\\\/?s={search_term_string}\"},\"query-input\":{\"@type\":\"PropertyValueSpecification\",\"valueRequired\":true,\"valueName\":\"search_term_string\"}}],\"inLanguage\":\"en-US\"}]}<\/script>\n<!-- \/ Yoast SEO plugin. -->","yoast_head_json":{"title":"Cubes urinoirs - Hydrachim","robots":{"index":"index","follow":"follow","max-snippet":"max-snippet:-1","max-image-preview":"max-image-preview:large","max-video-preview":"max-video-preview:-1"},"canonical":"https:\/\/www.hydrachim.fr\/en\/produit\/cubes_urinoirs_002056901\/","og_locale":"en_US","og_type":"article","og_title":"Cubes urinoirs - Hydrachim","og_description":"Cubes urinoirs parfum agrumes","og_url":"https:\/\/www.hydrachim.fr\/en\/produit\/cubes_urinoirs_002056901\/","og_site_name":"Hydrachim","article_modified_time":"2025-04-10T12:45:23+00:00","og_image":[{"width":400,"height":485,"url":"https:\/\/www.hydrachim.fr\/app\/uploads\/2021\/05\/0569___CUBES_URINOIRS___1KG__mercury_..png","type":"image\/png"}],"twitter_card":"summary_large_image","twitter_misc":{"Est. reading time":"1 minute"},"schema":{"@context":"https:\/\/schema.org","@graph":[{"@type":"WebPage","@id":"https:\/\/www.hydrachim.fr\/en\/produit\/cubes_urinoirs_002056901\/","url":"https:\/\/www.hydrachim.fr\/en\/produit\/cubes_urinoirs_002056901\/","name":"Cubes urinoirs - Hydrachim","isPartOf":{"@id":"https:\/\/www.hydrachim.fr\/en\/#website"},"primaryImageOfPage":{"@id":"https:\/\/www.hydrachim.fr\/en\/produit\/cubes_urinoirs_002056901\/#primaryimage"},"image":{"@id":"https:\/\/www.hydrachim.fr\/en\/produit\/cubes_urinoirs_002056901\/#primaryimage"},"thumbnailUrl":"https:\/\/www.hydrachim.fr\/app\/uploads\/2021\/05\/0569___CUBES_URINOIRS___1KG__mercury_..png","datePublished":"2019-08-06T13:49:16+00:00","dateModified":"2025-04-10T12:45:23+00:00","breadcrumb":{"@id":"https:\/\/www.hydrachim.fr\/en\/produit\/cubes_urinoirs_002056901\/#breadcrumb"},"inLanguage":"en-US","potentialAction":[{"@type":"ReadAction","target":["https:\/\/www.hydrachim.fr\/en\/produit\/cubes_urinoirs_002056901\/"]}]},{"@type":"ImageObject","inLanguage":"en-US","@id":"https:\/\/www.hydrachim.fr\/en\/produit\/cubes_urinoirs_002056901\/#primaryimage","url":"https:\/\/www.hydrachim.fr\/app\/uploads\/2021\/05\/0569___CUBES_URINOIRS___1KG__mercury_..png","contentUrl":"https:\/\/www.hydrachim.fr\/app\/uploads\/2021\/05\/0569___CUBES_URINOIRS___1KG__mercury_..png","width":400,"height":485},{"@type":"BreadcrumbList","@id":"https:\/\/www.hydrachim.fr\/en\/produit\/cubes_urinoirs_002056901\/#breadcrumb","itemListElement":[{"@type":"ListItem","position":1,"name":"Home","item":"https:\/\/www.hydrachim.fr\/en\/"},{"@type":"ListItem","position":2,"name":"Boutique","item":"https:\/\/www.hydrachim.fr\/boutique\/"},{"@type":"ListItem","position":3,"name":"Cubes urinoirs"}]},{"@type":"WebSite","@id":"https:\/\/www.hydrachim.fr\/en\/#website","url":"https:\/\/www.hydrachim.fr\/en\/","name":"Hydrachim","description":"La science de l&#039;hygi\u00e8ne","potentialAction":[{"@type":"SearchAction","target":{"@type":"EntryPoint","urlTemplate":"https:\/\/www.hydrachim.fr\/en\/?s={search_term_string}"},"query-input":{"@type":"PropertyValueSpecification","valueRequired":true,"valueName":"search_term_string"}}],"inLanguage":"en-US"}]}},"acf":{"fiche_technique":"https:\/\/www.hydrachim.fr\/app\/uploads\/2025\/04\/FT___0569___CUBES_URINOIRS.pdf","fiche_methode":""},"_links":{"self":[{"href":"https:\/\/www.hydrachim.fr\/en\/wp-json\/wp\/v2\/product\/3436","targetHints":{"allow":["GET"]}}],"collection":[{"href":"https:\/\/www.hydrachim.fr\/en\/wp-json\/wp\/v2\/product"}],"about":[{"href":"https:\/\/www.hydrachim.fr\/en\/wp-json\/wp\/v2\/types\/product"}],"wp:featuredmedia":[{"embeddable":true,"href":"https:\/\/www.hydrachim.fr\/en\/wp-json\/wp\/v2\/media\/8987"}],"wp:attachment":[{"href":"https:\/\/www.hydrachim.fr\/en\/wp-json\/wp\/v2\/media?parent=3436"}],"wp:term":[{"taxonomy":"product_brand","embeddable":true,"href":"https:\/\/www.hydrachim.fr\/en\/wp-json\/wp\/v2\/product_brand?post=3436"},{"taxonomy":"product_type","embeddable":true,"href":"https:\/\/www.hydrachim.fr\/en\/wp-json\/wp\/v2\/product_type?post=3436"},{"taxonomy":"product_visibility","embeddable":true,"href":"https:\/\/www.hydrachim.fr\/en\/wp-json\/wp\/v2\/product_visibility?post=3436"},{"taxonomy":"product_cat","embeddable":true,"href":"https:\/\/www.hydrachim.fr\/en\/wp-json\/wp\/v2\/product_cat?post=3436"}],"curies":[{"name":"wp","href":"https:\/\/api.w.org\/{rel}","templated":true}]}}