{"id":3434,"date":"2019-08-06T15:49:14","date_gmt":"2019-08-06T13:49:14","guid":{"rendered":"https:\/\/www.hydrachim.fr\/product\/oxy-o-pae-surface-alimentaire\/"},"modified":"2025-04-24T14:04:28","modified_gmt":"2025-04-24T12:04:28","slug":"oxyo_002108691","status":"publish","type":"product","link":"https:\/\/www.hydrachim.fr\/en\/produit\/oxyo_002108691\/","title":{"rendered":"OXY&#8217;O\u00ae"},"content":{"rendered":"<p><strong>D\u00e9sinfectant bact\u00e9ricide, levuricide, fongicide, virucide, mycobact\u00e9ricide et sporicide utilis\u00e9 pour les surfaces alimentaires.<br \/>\nEfficace sur Coronavirus.<\/strong><\/p>\n<p>OXY&#8217;O s&#8217;utilise soit en pulv\u00e9risation directe sur les surfaces propres pr\u00e9alablement nettoy\u00e9es, soit en n\u00e9bulisation.<br \/>\nOXY&#8217;O s&#8217;utilise dans le domaine des cuisines professionnelles, les vitrines alimentaires, les restaurants d&#8217;entreprises, industries agro-alimentaires.<\/p>\n<p><strong>Disponible en :<br \/>\n&#8211; Carton de 6 x 750 mL. R\u00e9f.002108691<br \/>\n&#8211; Carton de 2 x 5 L. R\u00e9f. 002108602<br \/>\n&#8211; Bidon de 20 L. R\u00e9f. 002108603<\/strong><\/p>\n<p class=\"y-product y-product__product-subtitle\">Avantage :<\/p>\n<p>La formule OXY\u2019O\u00ae est soutenue au niveau du r\u00e8glement biocide (CE) n\u00b0528\/2012.<br \/>\nN\u00b0AMM : FR-2019-0068.<br \/>\nSans rin\u00e7age.<br \/>\nR\u00e9duit les mauvaises odeurs.<\/p>\n<p>Retrouvez le mode d&#8217;emploi et le dosage du produit en t\u00e9l\u00e9chargeant sa Fiche Technique et\/ou sa Fiche M\u00e9thode.<\/p>\n<p><em>Utilisez les biocides avec pr\u00e9caution. Avant toute utilisation, lisez l&#8217;\u00e9tiquette et les informations concernant le produit.<br \/>\nConforme \u00e0 la l\u00e9gislation relative aux produits de nettoyage du mat\u00e9riel pouvant se trouver en contact des denr\u00e9es alimentaires (Arr\u00eat\u00e9 du 08\/09\/1999 et ses amendements).<br \/>\nD\u00e9tergent certifi\u00e9 par ECOCERT Greenlife selon le r\u00e9f\u00e9rentiel ECOCERT \u00abEcod\u00e9tergent\u00bb disponible sur http:\/\/detergents.ecocert.com.<br \/>\nPhoto non contractuelle.<\/p>\n<p>TP2 : D\u00e9sinfectants utilis\u00e9s dans le domaine priv\u00e9 et dans le domaine de la sant\u00e9 publique et autres produits biocides.<br \/>\nTP4 : D\u00e9sinfectants pour les surfaces en contact avec les denr\u00e9es alimentaires et les aliments pour animaux.<\/em><\/p>\n","protected":false},"excerpt":{"rendered":"<p>D\u00e9sinfectant liquide pr\u00eat \u00e0 l&#8217;emploi. Ecocert<\/p>\n","protected":false},"featured_media":21485,"template":"","meta":[],"product_brand":[],"product_type":[2],"product_visibility":[],"product_cat":[4116,4027,4237,4114,4117,4098,4111,4174,4118,4097,4189,4143,4173],"class_list":{"0":"post-3434","1":"product","2":"type-product","3":"status-publish","4":"has-post-thumbnail","6":"product_cat-dsinfectionagro-alimentaire","7":"product_cat-agro-alimentaire-industrie","8":"product_cat-produits-produitsdsinfectioncoronavirus","9":"product_cat-dsinfectioncuisine","10":"product_cat-produitscuisine","11":"product_cat-ecocertcuisine","12":"product_cat-produitsdesinfection","13":"product_cat-nouveautesdesinfection","14":"product_cat-produits-produitscuisinedesinfection","15":"product_cat-produitsecocert","16":"product_cat-marquesidegreen","17":"product_cat-nouveautes","18":"product_cat-nouveautesproduits-verts","19":"product_tag-agro-alimentaire","20":"product_tag-anti-odeurs","21":"product_tag-bactericide","22":"product_tag-cuisine","23":"product_tag-desinfectant","24":"product_tag-ecocert","25":"product_tag-fongicide","26":"product_tag-levuricide","27":"product_tag-mycobactricide","28":"product_tag-pret-a-lemploi","29":"product_tag-pulverisation","30":"product_tag-restaurant","31":"product_tag-sporicide","32":"product_tag-tp2","33":"product_tag-tp4","34":"product_tag-virucide","36":"first","37":"instock","38":"shipping-taxable","39":"product-type-simple"},"yoast_head":"<!-- This site is optimized with the Yoast SEO plugin v27.5 - https:\/\/yoast.com\/product\/yoast-seo-wordpress\/ -->\n<title>OXY&#039;O\u00ae - Hydrachim<\/title>\n<meta name=\"robots\" content=\"index, follow, max-snippet:-1, max-image-preview:large, max-video-preview:-1\" \/>\n<link rel=\"canonical\" href=\"https:\/\/www.hydrachim.fr\/en\/produit\/oxyo_002108691\/\" \/>\n<meta property=\"og:locale\" content=\"en_US\" \/>\n<meta property=\"og:type\" content=\"article\" \/>\n<meta property=\"og:title\" content=\"OXY&#039;O\u00ae - Hydrachim\" \/>\n<meta property=\"og:description\" content=\"D\u00e9sinfectant liquide pr\u00eat \u00e0 l&#039;emploi. Ecocert\" \/>\n<meta property=\"og:url\" content=\"https:\/\/www.hydrachim.fr\/en\/produit\/oxyo_002108691\/\" \/>\n<meta property=\"og:site_name\" content=\"Hydrachim\" \/>\n<meta property=\"article:modified_time\" content=\"2025-04-24T12:04:28+00:00\" \/>\n<meta property=\"og:image\" content=\"https:\/\/www.hydrachim.fr\/app\/uploads\/2025\/04\/1086___OXY_O_DETERQUAT.png\" \/>\n\t<meta property=\"og:image:width\" content=\"1631\" \/>\n\t<meta property=\"og:image:height\" content=\"2398\" \/>\n\t<meta property=\"og:image:type\" content=\"image\/png\" \/>\n<meta name=\"twitter:card\" content=\"summary_large_image\" \/>\n<meta name=\"twitter:label1\" content=\"Est. reading time\" \/>\n\t<meta name=\"twitter:data1\" content=\"1 minute\" \/>\n<script type=\"application\/ld+json\" class=\"yoast-schema-graph\">{\"@context\":\"https:\\\/\\\/schema.org\",\"@graph\":[{\"@type\":\"WebPage\",\"@id\":\"https:\\\/\\\/www.hydrachim.fr\\\/en\\\/produit\\\/oxyo_002108691\\\/\",\"url\":\"https:\\\/\\\/www.hydrachim.fr\\\/en\\\/produit\\\/oxyo_002108691\\\/\",\"name\":\"OXY'O\u00ae - Hydrachim\",\"isPartOf\":{\"@id\":\"https:\\\/\\\/www.hydrachim.fr\\\/en\\\/#website\"},\"primaryImageOfPage\":{\"@id\":\"https:\\\/\\\/www.hydrachim.fr\\\/en\\\/produit\\\/oxyo_002108691\\\/#primaryimage\"},\"image\":{\"@id\":\"https:\\\/\\\/www.hydrachim.fr\\\/en\\\/produit\\\/oxyo_002108691\\\/#primaryimage\"},\"thumbnailUrl\":\"https:\\\/\\\/www.hydrachim.fr\\\/app\\\/uploads\\\/2025\\\/04\\\/1086___OXY_O_DETERQUAT__1_.png\",\"datePublished\":\"2019-08-06T13:49:14+00:00\",\"dateModified\":\"2025-04-24T12:04:28+00:00\",\"breadcrumb\":{\"@id\":\"https:\\\/\\\/www.hydrachim.fr\\\/en\\\/produit\\\/oxyo_002108691\\\/#breadcrumb\"},\"inLanguage\":\"en-US\",\"potentialAction\":[{\"@type\":\"ReadAction\",\"target\":[\"https:\\\/\\\/www.hydrachim.fr\\\/en\\\/produit\\\/oxyo_002108691\\\/\"]}]},{\"@type\":\"ImageObject\",\"inLanguage\":\"en-US\",\"@id\":\"https:\\\/\\\/www.hydrachim.fr\\\/en\\\/produit\\\/oxyo_002108691\\\/#primaryimage\",\"url\":\"https:\\\/\\\/www.hydrachim.fr\\\/app\\\/uploads\\\/2025\\\/04\\\/1086___OXY_O_DETERQUAT__1_.png\",\"contentUrl\":\"https:\\\/\\\/www.hydrachim.fr\\\/app\\\/uploads\\\/2025\\\/04\\\/1086___OXY_O_DETERQUAT__1_.png\",\"width\":1407,\"height\":2113},{\"@type\":\"BreadcrumbList\",\"@id\":\"https:\\\/\\\/www.hydrachim.fr\\\/en\\\/produit\\\/oxyo_002108691\\\/#breadcrumb\",\"itemListElement\":[{\"@type\":\"ListItem\",\"position\":1,\"name\":\"Home\",\"item\":\"https:\\\/\\\/www.hydrachim.fr\\\/en\\\/\"},{\"@type\":\"ListItem\",\"position\":2,\"name\":\"Boutique\",\"item\":\"https:\\\/\\\/www.hydrachim.fr\\\/boutique\\\/\"},{\"@type\":\"ListItem\",\"position\":3,\"name\":\"OXY&rsquo;O\u00ae\"}]},{\"@type\":\"WebSite\",\"@id\":\"https:\\\/\\\/www.hydrachim.fr\\\/en\\\/#website\",\"url\":\"https:\\\/\\\/www.hydrachim.fr\\\/en\\\/\",\"name\":\"Hydrachim\",\"description\":\"La science de l&#039;hygi\u00e8ne\",\"potentialAction\":[{\"@type\":\"SearchAction\",\"target\":{\"@type\":\"EntryPoint\",\"urlTemplate\":\"https:\\\/\\\/www.hydrachim.fr\\\/en\\\/?s={search_term_string}\"},\"query-input\":{\"@type\":\"PropertyValueSpecification\",\"valueRequired\":true,\"valueName\":\"search_term_string\"}}],\"inLanguage\":\"en-US\"}]}<\/script>\n<!-- \/ Yoast SEO plugin. -->","yoast_head_json":{"title":"OXY'O\u00ae - Hydrachim","robots":{"index":"index","follow":"follow","max-snippet":"max-snippet:-1","max-image-preview":"max-image-preview:large","max-video-preview":"max-video-preview:-1"},"canonical":"https:\/\/www.hydrachim.fr\/en\/produit\/oxyo_002108691\/","og_locale":"en_US","og_type":"article","og_title":"OXY'O\u00ae - Hydrachim","og_description":"D\u00e9sinfectant liquide pr\u00eat \u00e0 l'emploi. Ecocert","og_url":"https:\/\/www.hydrachim.fr\/en\/produit\/oxyo_002108691\/","og_site_name":"Hydrachim","article_modified_time":"2025-04-24T12:04:28+00:00","og_image":[{"width":1631,"height":2398,"url":"https:\/\/www.hydrachim.fr\/app\/uploads\/2025\/04\/1086___OXY_O_DETERQUAT.png","type":"image\/png"}],"twitter_card":"summary_large_image","twitter_misc":{"Est. reading time":"1 minute"},"schema":{"@context":"https:\/\/schema.org","@graph":[{"@type":"WebPage","@id":"https:\/\/www.hydrachim.fr\/en\/produit\/oxyo_002108691\/","url":"https:\/\/www.hydrachim.fr\/en\/produit\/oxyo_002108691\/","name":"OXY'O\u00ae - Hydrachim","isPartOf":{"@id":"https:\/\/www.hydrachim.fr\/en\/#website"},"primaryImageOfPage":{"@id":"https:\/\/www.hydrachim.fr\/en\/produit\/oxyo_002108691\/#primaryimage"},"image":{"@id":"https:\/\/www.hydrachim.fr\/en\/produit\/oxyo_002108691\/#primaryimage"},"thumbnailUrl":"https:\/\/www.hydrachim.fr\/app\/uploads\/2025\/04\/1086___OXY_O_DETERQUAT__1_.png","datePublished":"2019-08-06T13:49:14+00:00","dateModified":"2025-04-24T12:04:28+00:00","breadcrumb":{"@id":"https:\/\/www.hydrachim.fr\/en\/produit\/oxyo_002108691\/#breadcrumb"},"inLanguage":"en-US","potentialAction":[{"@type":"ReadAction","target":["https:\/\/www.hydrachim.fr\/en\/produit\/oxyo_002108691\/"]}]},{"@type":"ImageObject","inLanguage":"en-US","@id":"https:\/\/www.hydrachim.fr\/en\/produit\/oxyo_002108691\/#primaryimage","url":"https:\/\/www.hydrachim.fr\/app\/uploads\/2025\/04\/1086___OXY_O_DETERQUAT__1_.png","contentUrl":"https:\/\/www.hydrachim.fr\/app\/uploads\/2025\/04\/1086___OXY_O_DETERQUAT__1_.png","width":1407,"height":2113},{"@type":"BreadcrumbList","@id":"https:\/\/www.hydrachim.fr\/en\/produit\/oxyo_002108691\/#breadcrumb","itemListElement":[{"@type":"ListItem","position":1,"name":"Home","item":"https:\/\/www.hydrachim.fr\/en\/"},{"@type":"ListItem","position":2,"name":"Boutique","item":"https:\/\/www.hydrachim.fr\/boutique\/"},{"@type":"ListItem","position":3,"name":"OXY&rsquo;O\u00ae"}]},{"@type":"WebSite","@id":"https:\/\/www.hydrachim.fr\/en\/#website","url":"https:\/\/www.hydrachim.fr\/en\/","name":"Hydrachim","description":"La science de l&#039;hygi\u00e8ne","potentialAction":[{"@type":"SearchAction","target":{"@type":"EntryPoint","urlTemplate":"https:\/\/www.hydrachim.fr\/en\/?s={search_term_string}"},"query-input":{"@type":"PropertyValueSpecification","valueRequired":true,"valueName":"search_term_string"}}],"inLanguage":"en-US"}]}},"acf":{"fiche_technique":"https:\/\/www.hydrachim.fr\/app\/uploads\/2024\/03\/FT_1086_IDEGREEN_ECOCERT___DETERQUAT_OXY_O.pdf","fiche_methode":"https:\/\/www.hydrachim.fr\/app\/uploads\/2022\/01\/1086___OXY_O___IDEGREEN_ECOCERT_h-1.pdf"},"_links":{"self":[{"href":"https:\/\/www.hydrachim.fr\/en\/wp-json\/wp\/v2\/product\/3434","targetHints":{"allow":["GET"]}}],"collection":[{"href":"https:\/\/www.hydrachim.fr\/en\/wp-json\/wp\/v2\/product"}],"about":[{"href":"https:\/\/www.hydrachim.fr\/en\/wp-json\/wp\/v2\/types\/product"}],"wp:featuredmedia":[{"embeddable":true,"href":"https:\/\/www.hydrachim.fr\/en\/wp-json\/wp\/v2\/media\/21485"}],"wp:attachment":[{"href":"https:\/\/www.hydrachim.fr\/en\/wp-json\/wp\/v2\/media?parent=3434"}],"wp:term":[{"taxonomy":"product_brand","embeddable":true,"href":"https:\/\/www.hydrachim.fr\/en\/wp-json\/wp\/v2\/product_brand?post=3434"},{"taxonomy":"product_type","embeddable":true,"href":"https:\/\/www.hydrachim.fr\/en\/wp-json\/wp\/v2\/product_type?post=3434"},{"taxonomy":"product_visibility","embeddable":true,"href":"https:\/\/www.hydrachim.fr\/en\/wp-json\/wp\/v2\/product_visibility?post=3434"},{"taxonomy":"product_cat","embeddable":true,"href":"https:\/\/www.hydrachim.fr\/en\/wp-json\/wp\/v2\/product_cat?post=3434"}],"curies":[{"name":"wp","href":"https:\/\/api.w.org\/{rel}","templated":true}]}}