{"id":3429,"date":"2019-08-06T15:49:10","date_gmt":"2019-08-06T13:49:10","guid":{"rendered":"https:\/\/www.hydrachim.fr\/product\/detergent-dtn\/"},"modified":"2023-06-14T15:47:03","modified_gmt":"2023-06-14T13:47:03","slug":"detergent_dtn_002031301","status":"publish","type":"product","link":"https:\/\/www.hydrachim.fr\/en\/produit\/detergent_dtn_002031301\/","title":{"rendered":"Detergent DTN"},"content":{"rendered":"<p><strong>D\u00e9tergent DTN liquide est un d\u00e9tergent neutre multi-usages moussant d\u00e9velopp\u00e9 pour d\u00e9graisser les sols, les murs et toutes les surfaces lavables.<\/strong><\/p>\n<p>Le D\u00e9tergent DTN est un produit qui d\u00e9graisse les surfaces. Il a un fort pouvoir moussant et mouillant.\n<\/p>\n<p><strong>Disponible en carton de 4 x 5L. R\u00e9f. 002031301<\/strong><\/p>\n<p class=\"y-product y-product__product-subtitle\">Avantage :<\/p>\n<p>Le D\u00e9tergent DTN est un produit non agressif gr\u00e2ce \u00e0 son pH neutre.<\/p>\n<p>Retrouvez le mode d&#8217;emploi et le dosage du produit en t\u00e9l\u00e9chargeant, ci-dessous, sa Fiche Technique et\/ou sa Fiche M\u00e9thode.<\/p>\n<p><em>Avant toute utilisation, lisez l&#8217;\u00e9tiquette et les informations concernant le produit.<\/em><\/p>\n","protected":false},"excerpt":{"rendered":"<p>D\u00e9tergent DTN liquide moussant et neutre<\/p>\n","protected":false},"featured_media":10311,"template":"","meta":[],"product_brand":[],"product_type":[2],"product_visibility":[],"product_cat":[4128,4145,4127],"class_list":{"0":"post-3429","1":"product","2":"type-product","3":"status-publish","4":"has-post-thumbnail","6":"product_cat-solentretien","7":"product_cat-marquesorlav","8":"product_cat-produitssurface-sol","9":"product_tag-detergent","10":"product_tag-liquide","11":"product_tag-moussant","12":"product_tag-multi-usages","13":"product_tag-neutre","15":"first","16":"instock","17":"shipping-taxable","18":"product-type-simple"},"yoast_head":"<!-- This site is optimized with the Yoast SEO plugin v27.5 - https:\/\/yoast.com\/product\/yoast-seo-wordpress\/ -->\n<title>Detergent DTN - Hydrachim<\/title>\n<meta name=\"robots\" content=\"index, follow, max-snippet:-1, max-image-preview:large, max-video-preview:-1\" \/>\n<link rel=\"canonical\" href=\"https:\/\/www.hydrachim.fr\/en\/produit\/detergent_dtn_002031301\/\" \/>\n<meta property=\"og:locale\" content=\"en_US\" \/>\n<meta property=\"og:type\" content=\"article\" \/>\n<meta property=\"og:title\" content=\"Detergent DTN - Hydrachim\" \/>\n<meta property=\"og:description\" content=\"D\u00e9tergent DTN liquide moussant et neutre\" \/>\n<meta property=\"og:url\" content=\"https:\/\/www.hydrachim.fr\/en\/produit\/detergent_dtn_002031301\/\" \/>\n<meta property=\"og:site_name\" content=\"Hydrachim\" \/>\n<meta property=\"article:modified_time\" content=\"2023-06-14T13:47:03+00:00\" \/>\n<meta property=\"og:image\" content=\"https:\/\/www.hydrachim.fr\/app\/uploads\/2021\/11\/0313___DETERGENT_DTN___5L..png\" \/>\n\t<meta property=\"og:image:width\" content=\"489\" \/>\n\t<meta property=\"og:image:height\" content=\"700\" \/>\n\t<meta property=\"og:image:type\" content=\"image\/png\" \/>\n<meta name=\"twitter:card\" content=\"summary_large_image\" \/>\n<meta name=\"twitter:label1\" content=\"Est. reading time\" \/>\n\t<meta name=\"twitter:data1\" content=\"1 minute\" \/>\n<script type=\"application\/ld+json\" class=\"yoast-schema-graph\">{\"@context\":\"https:\\\/\\\/schema.org\",\"@graph\":[{\"@type\":\"WebPage\",\"@id\":\"https:\\\/\\\/www.hydrachim.fr\\\/en\\\/produit\\\/detergent_dtn_002031301\\\/\",\"url\":\"https:\\\/\\\/www.hydrachim.fr\\\/en\\\/produit\\\/detergent_dtn_002031301\\\/\",\"name\":\"Detergent DTN - Hydrachim\",\"isPartOf\":{\"@id\":\"https:\\\/\\\/www.hydrachim.fr\\\/en\\\/#website\"},\"primaryImageOfPage\":{\"@id\":\"https:\\\/\\\/www.hydrachim.fr\\\/en\\\/produit\\\/detergent_dtn_002031301\\\/#primaryimage\"},\"image\":{\"@id\":\"https:\\\/\\\/www.hydrachim.fr\\\/en\\\/produit\\\/detergent_dtn_002031301\\\/#primaryimage\"},\"thumbnailUrl\":\"https:\\\/\\\/www.hydrachim.fr\\\/app\\\/uploads\\\/2021\\\/11\\\/0313___DETERGENT_DTN___5L..png\",\"datePublished\":\"2019-08-06T13:49:10+00:00\",\"dateModified\":\"2023-06-14T13:47:03+00:00\",\"breadcrumb\":{\"@id\":\"https:\\\/\\\/www.hydrachim.fr\\\/en\\\/produit\\\/detergent_dtn_002031301\\\/#breadcrumb\"},\"inLanguage\":\"en-US\",\"potentialAction\":[{\"@type\":\"ReadAction\",\"target\":[\"https:\\\/\\\/www.hydrachim.fr\\\/en\\\/produit\\\/detergent_dtn_002031301\\\/\"]}]},{\"@type\":\"ImageObject\",\"inLanguage\":\"en-US\",\"@id\":\"https:\\\/\\\/www.hydrachim.fr\\\/en\\\/produit\\\/detergent_dtn_002031301\\\/#primaryimage\",\"url\":\"https:\\\/\\\/www.hydrachim.fr\\\/app\\\/uploads\\\/2021\\\/11\\\/0313___DETERGENT_DTN___5L..png\",\"contentUrl\":\"https:\\\/\\\/www.hydrachim.fr\\\/app\\\/uploads\\\/2021\\\/11\\\/0313___DETERGENT_DTN___5L..png\",\"width\":489,\"height\":700},{\"@type\":\"BreadcrumbList\",\"@id\":\"https:\\\/\\\/www.hydrachim.fr\\\/en\\\/produit\\\/detergent_dtn_002031301\\\/#breadcrumb\",\"itemListElement\":[{\"@type\":\"ListItem\",\"position\":1,\"name\":\"Home\",\"item\":\"https:\\\/\\\/www.hydrachim.fr\\\/en\\\/\"},{\"@type\":\"ListItem\",\"position\":2,\"name\":\"Boutique\",\"item\":\"https:\\\/\\\/www.hydrachim.fr\\\/boutique\\\/\"},{\"@type\":\"ListItem\",\"position\":3,\"name\":\"Detergent DTN\"}]},{\"@type\":\"WebSite\",\"@id\":\"https:\\\/\\\/www.hydrachim.fr\\\/en\\\/#website\",\"url\":\"https:\\\/\\\/www.hydrachim.fr\\\/en\\\/\",\"name\":\"Hydrachim\",\"description\":\"La science de l&#039;hygi\u00e8ne\",\"potentialAction\":[{\"@type\":\"SearchAction\",\"target\":{\"@type\":\"EntryPoint\",\"urlTemplate\":\"https:\\\/\\\/www.hydrachim.fr\\\/en\\\/?s={search_term_string}\"},\"query-input\":{\"@type\":\"PropertyValueSpecification\",\"valueRequired\":true,\"valueName\":\"search_term_string\"}}],\"inLanguage\":\"en-US\"}]}<\/script>\n<!-- \/ Yoast SEO plugin. -->","yoast_head_json":{"title":"Detergent DTN - Hydrachim","robots":{"index":"index","follow":"follow","max-snippet":"max-snippet:-1","max-image-preview":"max-image-preview:large","max-video-preview":"max-video-preview:-1"},"canonical":"https:\/\/www.hydrachim.fr\/en\/produit\/detergent_dtn_002031301\/","og_locale":"en_US","og_type":"article","og_title":"Detergent DTN - Hydrachim","og_description":"D\u00e9tergent DTN liquide moussant et neutre","og_url":"https:\/\/www.hydrachim.fr\/en\/produit\/detergent_dtn_002031301\/","og_site_name":"Hydrachim","article_modified_time":"2023-06-14T13:47:03+00:00","og_image":[{"width":489,"height":700,"url":"https:\/\/www.hydrachim.fr\/app\/uploads\/2021\/11\/0313___DETERGENT_DTN___5L..png","type":"image\/png"}],"twitter_card":"summary_large_image","twitter_misc":{"Est. reading time":"1 minute"},"schema":{"@context":"https:\/\/schema.org","@graph":[{"@type":"WebPage","@id":"https:\/\/www.hydrachim.fr\/en\/produit\/detergent_dtn_002031301\/","url":"https:\/\/www.hydrachim.fr\/en\/produit\/detergent_dtn_002031301\/","name":"Detergent DTN - Hydrachim","isPartOf":{"@id":"https:\/\/www.hydrachim.fr\/en\/#website"},"primaryImageOfPage":{"@id":"https:\/\/www.hydrachim.fr\/en\/produit\/detergent_dtn_002031301\/#primaryimage"},"image":{"@id":"https:\/\/www.hydrachim.fr\/en\/produit\/detergent_dtn_002031301\/#primaryimage"},"thumbnailUrl":"https:\/\/www.hydrachim.fr\/app\/uploads\/2021\/11\/0313___DETERGENT_DTN___5L..png","datePublished":"2019-08-06T13:49:10+00:00","dateModified":"2023-06-14T13:47:03+00:00","breadcrumb":{"@id":"https:\/\/www.hydrachim.fr\/en\/produit\/detergent_dtn_002031301\/#breadcrumb"},"inLanguage":"en-US","potentialAction":[{"@type":"ReadAction","target":["https:\/\/www.hydrachim.fr\/en\/produit\/detergent_dtn_002031301\/"]}]},{"@type":"ImageObject","inLanguage":"en-US","@id":"https:\/\/www.hydrachim.fr\/en\/produit\/detergent_dtn_002031301\/#primaryimage","url":"https:\/\/www.hydrachim.fr\/app\/uploads\/2021\/11\/0313___DETERGENT_DTN___5L..png","contentUrl":"https:\/\/www.hydrachim.fr\/app\/uploads\/2021\/11\/0313___DETERGENT_DTN___5L..png","width":489,"height":700},{"@type":"BreadcrumbList","@id":"https:\/\/www.hydrachim.fr\/en\/produit\/detergent_dtn_002031301\/#breadcrumb","itemListElement":[{"@type":"ListItem","position":1,"name":"Home","item":"https:\/\/www.hydrachim.fr\/en\/"},{"@type":"ListItem","position":2,"name":"Boutique","item":"https:\/\/www.hydrachim.fr\/boutique\/"},{"@type":"ListItem","position":3,"name":"Detergent DTN"}]},{"@type":"WebSite","@id":"https:\/\/www.hydrachim.fr\/en\/#website","url":"https:\/\/www.hydrachim.fr\/en\/","name":"Hydrachim","description":"La science de l&#039;hygi\u00e8ne","potentialAction":[{"@type":"SearchAction","target":{"@type":"EntryPoint","urlTemplate":"https:\/\/www.hydrachim.fr\/en\/?s={search_term_string}"},"query-input":{"@type":"PropertyValueSpecification","valueRequired":true,"valueName":"search_term_string"}}],"inLanguage":"en-US"}]}},"acf":{"fiche_technique":"https:\/\/www.hydrachim.fr\/app\/uploads\/2021\/12\/FT_ORLAV___SURFACE___0313___D_TERGENT_DTN.pdf","fiche_methode":""},"_links":{"self":[{"href":"https:\/\/www.hydrachim.fr\/en\/wp-json\/wp\/v2\/product\/3429","targetHints":{"allow":["GET"]}}],"collection":[{"href":"https:\/\/www.hydrachim.fr\/en\/wp-json\/wp\/v2\/product"}],"about":[{"href":"https:\/\/www.hydrachim.fr\/en\/wp-json\/wp\/v2\/types\/product"}],"wp:featuredmedia":[{"embeddable":true,"href":"https:\/\/www.hydrachim.fr\/en\/wp-json\/wp\/v2\/media\/10311"}],"wp:attachment":[{"href":"https:\/\/www.hydrachim.fr\/en\/wp-json\/wp\/v2\/media?parent=3429"}],"wp:term":[{"taxonomy":"product_brand","embeddable":true,"href":"https:\/\/www.hydrachim.fr\/en\/wp-json\/wp\/v2\/product_brand?post=3429"},{"taxonomy":"product_type","embeddable":true,"href":"https:\/\/www.hydrachim.fr\/en\/wp-json\/wp\/v2\/product_type?post=3429"},{"taxonomy":"product_visibility","embeddable":true,"href":"https:\/\/www.hydrachim.fr\/en\/wp-json\/wp\/v2\/product_visibility?post=3429"},{"taxonomy":"product_cat","embeddable":true,"href":"https:\/\/www.hydrachim.fr\/en\/wp-json\/wp\/v2\/product_cat?post=3429"}],"curies":[{"name":"wp","href":"https:\/\/api.w.org\/{rel}","templated":true}]}}