{"id":3413,"date":"2019-08-06T15:48:55","date_gmt":"2019-08-06T13:48:55","guid":{"rendered":"https:\/\/www.hydrachim.fr\/product\/liquide-rincage-eaux-dures-50\/"},"modified":"2021-10-08T09:50:11","modified_gmt":"2021-10-08T07:50:11","slug":"liquide_rincage_50_002040402","status":"publish","type":"product","link":"https:\/\/www.hydrachim.fr\/en\/produit\/liquide_rincage_50_002040402\/","title":{"rendered":"Liquide Rincage 50"},"content":{"rendered":"<p><strong>Le Liquide rin\u00e7age eaux dures 50 est un produit qui permet le s\u00e9chage rapide de la vaisselle tout en \u00e9vitant la formation de traces ou de voiles.<\/strong><\/p>\n<p>Le Liquide rin\u00e7age eaux dures 50 donne de l&#8217;\u00e9clat \u00e0 la vaisselle. Il contient des agents non moussants permettant la ma\u00eetrise de la formation de mousse.\n<\/p>\n<p><strong>Disponible en :<br \/>\n&#8211; Carton de 4 x 5 L. R\u00e9f. 002040402<br \/>\n&#8211; Bidon de 20 L. R\u00e9f. 002040405<\/strong><\/p>\n<p class=\"y-product y-product__product-subtitle\">Avantage :<\/p>\n<p>Laisse une vaisselle brillante m\u00eame en eaux dures.<br \/>\nNon moussant.<\/p>\n<p>Retrouvez le mode d&#8217;emploi et le dosage du produit en t\u00e9l\u00e9chargeant sa Fiche Technique et\/ou sa Fiche M\u00e9thode.<\/p>\n<p><em>Avant toute utilisation, lisez l&#8217;\u00e9tiquette et les informations concernant le produit.<\/em><\/p>\n","protected":false},"excerpt":{"rendered":"<p>Additif de rin\u00e7age d\u00e9velopp\u00e9 pour le s\u00e9chage de la vaisselle en eaux dures.<\/p>\n","protected":false},"featured_media":10108,"template":"","meta":[],"product_brand":[],"product_type":[2],"product_visibility":[],"product_cat":[4117,4145,4120],"class_list":{"0":"post-3413","1":"product","2":"type-product","3":"status-publish","4":"has-post-thumbnail","6":"product_cat-produitscuisine","7":"product_cat-marquesorlav","8":"product_cat-cuisinevaisselle-machine","9":"product_tag-additif","10":"product_tag-liquide","11":"product_tag-non-moussant","12":"product_tag-rincage","14":"first","15":"instock","16":"shipping-taxable","17":"product-type-simple"},"yoast_head":"<!-- This site is optimized with the Yoast SEO plugin v27.1.1 - https:\/\/yoast.com\/product\/yoast-seo-wordpress\/ -->\n<title>Liquide Rincage 50 - Hydrachim<\/title>\n<meta name=\"robots\" content=\"index, follow, max-snippet:-1, max-image-preview:large, max-video-preview:-1\" \/>\n<link rel=\"canonical\" href=\"https:\/\/www.hydrachim.fr\/en\/produit\/liquide_rincage_50_002040402\/\" \/>\n<meta property=\"og:locale\" content=\"en_US\" \/>\n<meta property=\"og:type\" content=\"article\" \/>\n<meta property=\"og:title\" content=\"Liquide Rincage 50 - Hydrachim\" \/>\n<meta property=\"og:description\" content=\"Additif de rin\u00e7age d\u00e9velopp\u00e9 pour le s\u00e9chage de la vaisselle en eaux dures.\" \/>\n<meta property=\"og:url\" content=\"https:\/\/www.hydrachim.fr\/en\/produit\/liquide_rincage_50_002040402\/\" \/>\n<meta property=\"og:site_name\" content=\"Hydrachim\" \/>\n<meta property=\"article:modified_time\" content=\"2021-10-08T07:50:11+00:00\" \/>\n<meta property=\"og:image\" content=\"https:\/\/www.hydrachim.fr\/app\/uploads\/2021\/10\/0404____LIQUIDE_RINCAGE_EAUX_DURES___5L___bonne_nomenclature..png\" \/>\n\t<meta property=\"og:image:width\" content=\"600\" \/>\n\t<meta property=\"og:image:height\" content=\"938\" \/>\n\t<meta property=\"og:image:type\" content=\"image\/png\" \/>\n<meta name=\"twitter:card\" content=\"summary_large_image\" \/>\n<meta name=\"twitter:label1\" content=\"Est. reading time\" \/>\n\t<meta name=\"twitter:data1\" content=\"1 minute\" \/>\n<script type=\"application\/ld+json\" class=\"yoast-schema-graph\">{\"@context\":\"https:\/\/schema.org\",\"@graph\":[{\"@type\":\"WebPage\",\"@id\":\"https:\/\/www.hydrachim.fr\/en\/produit\/liquide_rincage_50_002040402\/\",\"url\":\"https:\/\/www.hydrachim.fr\/en\/produit\/liquide_rincage_50_002040402\/\",\"name\":\"Liquide Rincage 50 - Hydrachim\",\"isPartOf\":{\"@id\":\"https:\/\/www.hydrachim.fr\/en\/#website\"},\"primaryImageOfPage\":{\"@id\":\"https:\/\/www.hydrachim.fr\/en\/produit\/liquide_rincage_50_002040402\/#primaryimage\"},\"image\":{\"@id\":\"https:\/\/www.hydrachim.fr\/en\/produit\/liquide_rincage_50_002040402\/#primaryimage\"},\"thumbnailUrl\":\"https:\/\/www.hydrachim.fr\/app\/uploads\/2021\/10\/0404____LIQUIDE_RINCAGE_EAUX_DURES___5L___bonne_nomenclature..png\",\"datePublished\":\"2019-08-06T13:48:55+00:00\",\"dateModified\":\"2021-10-08T07:50:11+00:00\",\"breadcrumb\":{\"@id\":\"https:\/\/www.hydrachim.fr\/en\/produit\/liquide_rincage_50_002040402\/#breadcrumb\"},\"inLanguage\":\"en-US\",\"potentialAction\":[{\"@type\":\"ReadAction\",\"target\":[\"https:\/\/www.hydrachim.fr\/en\/produit\/liquide_rincage_50_002040402\/\"]}]},{\"@type\":\"ImageObject\",\"inLanguage\":\"en-US\",\"@id\":\"https:\/\/www.hydrachim.fr\/en\/produit\/liquide_rincage_50_002040402\/#primaryimage\",\"url\":\"https:\/\/www.hydrachim.fr\/app\/uploads\/2021\/10\/0404____LIQUIDE_RINCAGE_EAUX_DURES___5L___bonne_nomenclature..png\",\"contentUrl\":\"https:\/\/www.hydrachim.fr\/app\/uploads\/2021\/10\/0404____LIQUIDE_RINCAGE_EAUX_DURES___5L___bonne_nomenclature..png\",\"width\":600,\"height\":938},{\"@type\":\"BreadcrumbList\",\"@id\":\"https:\/\/www.hydrachim.fr\/en\/produit\/liquide_rincage_50_002040402\/#breadcrumb\",\"itemListElement\":[{\"@type\":\"ListItem\",\"position\":1,\"name\":\"Home\",\"item\":\"https:\/\/www.hydrachim.fr\/en\/\"},{\"@type\":\"ListItem\",\"position\":2,\"name\":\"Boutique\",\"item\":\"https:\/\/www.hydrachim.fr\/boutique\/\"},{\"@type\":\"ListItem\",\"position\":3,\"name\":\"Liquide Rincage 50\"}]},{\"@type\":\"WebSite\",\"@id\":\"https:\/\/www.hydrachim.fr\/en\/#website\",\"url\":\"https:\/\/www.hydrachim.fr\/en\/\",\"name\":\"Hydrachim\",\"description\":\"La science de l&#039;hygi\u00e8ne\",\"potentialAction\":[{\"@type\":\"SearchAction\",\"target\":{\"@type\":\"EntryPoint\",\"urlTemplate\":\"https:\/\/www.hydrachim.fr\/en\/?s={search_term_string}\"},\"query-input\":{\"@type\":\"PropertyValueSpecification\",\"valueRequired\":true,\"valueName\":\"search_term_string\"}}],\"inLanguage\":\"en-US\"}]}<\/script>\n<!-- \/ Yoast SEO plugin. -->","yoast_head_json":{"title":"Liquide Rincage 50 - Hydrachim","robots":{"index":"index","follow":"follow","max-snippet":"max-snippet:-1","max-image-preview":"max-image-preview:large","max-video-preview":"max-video-preview:-1"},"canonical":"https:\/\/www.hydrachim.fr\/en\/produit\/liquide_rincage_50_002040402\/","og_locale":"en_US","og_type":"article","og_title":"Liquide Rincage 50 - Hydrachim","og_description":"Additif de rin\u00e7age d\u00e9velopp\u00e9 pour le s\u00e9chage de la vaisselle en eaux dures.","og_url":"https:\/\/www.hydrachim.fr\/en\/produit\/liquide_rincage_50_002040402\/","og_site_name":"Hydrachim","article_modified_time":"2021-10-08T07:50:11+00:00","og_image":[{"width":600,"height":938,"url":"https:\/\/www.hydrachim.fr\/app\/uploads\/2021\/10\/0404____LIQUIDE_RINCAGE_EAUX_DURES___5L___bonne_nomenclature..png","type":"image\/png"}],"twitter_card":"summary_large_image","twitter_misc":{"Est. reading time":"1 minute"},"schema":{"@context":"https:\/\/schema.org","@graph":[{"@type":"WebPage","@id":"https:\/\/www.hydrachim.fr\/en\/produit\/liquide_rincage_50_002040402\/","url":"https:\/\/www.hydrachim.fr\/en\/produit\/liquide_rincage_50_002040402\/","name":"Liquide Rincage 50 - Hydrachim","isPartOf":{"@id":"https:\/\/www.hydrachim.fr\/en\/#website"},"primaryImageOfPage":{"@id":"https:\/\/www.hydrachim.fr\/en\/produit\/liquide_rincage_50_002040402\/#primaryimage"},"image":{"@id":"https:\/\/www.hydrachim.fr\/en\/produit\/liquide_rincage_50_002040402\/#primaryimage"},"thumbnailUrl":"https:\/\/www.hydrachim.fr\/app\/uploads\/2021\/10\/0404____LIQUIDE_RINCAGE_EAUX_DURES___5L___bonne_nomenclature..png","datePublished":"2019-08-06T13:48:55+00:00","dateModified":"2021-10-08T07:50:11+00:00","breadcrumb":{"@id":"https:\/\/www.hydrachim.fr\/en\/produit\/liquide_rincage_50_002040402\/#breadcrumb"},"inLanguage":"en-US","potentialAction":[{"@type":"ReadAction","target":["https:\/\/www.hydrachim.fr\/en\/produit\/liquide_rincage_50_002040402\/"]}]},{"@type":"ImageObject","inLanguage":"en-US","@id":"https:\/\/www.hydrachim.fr\/en\/produit\/liquide_rincage_50_002040402\/#primaryimage","url":"https:\/\/www.hydrachim.fr\/app\/uploads\/2021\/10\/0404____LIQUIDE_RINCAGE_EAUX_DURES___5L___bonne_nomenclature..png","contentUrl":"https:\/\/www.hydrachim.fr\/app\/uploads\/2021\/10\/0404____LIQUIDE_RINCAGE_EAUX_DURES___5L___bonne_nomenclature..png","width":600,"height":938},{"@type":"BreadcrumbList","@id":"https:\/\/www.hydrachim.fr\/en\/produit\/liquide_rincage_50_002040402\/#breadcrumb","itemListElement":[{"@type":"ListItem","position":1,"name":"Home","item":"https:\/\/www.hydrachim.fr\/en\/"},{"@type":"ListItem","position":2,"name":"Boutique","item":"https:\/\/www.hydrachim.fr\/boutique\/"},{"@type":"ListItem","position":3,"name":"Liquide Rincage 50"}]},{"@type":"WebSite","@id":"https:\/\/www.hydrachim.fr\/en\/#website","url":"https:\/\/www.hydrachim.fr\/en\/","name":"Hydrachim","description":"La science de l&#039;hygi\u00e8ne","potentialAction":[{"@type":"SearchAction","target":{"@type":"EntryPoint","urlTemplate":"https:\/\/www.hydrachim.fr\/en\/?s={search_term_string}"},"query-input":{"@type":"PropertyValueSpecification","valueRequired":true,"valueName":"search_term_string"}}],"inLanguage":"en-US"}]}},"acf":{"fiche_technique":"https:\/\/www.hydrachim.fr\/app\/uploads\/2021\/12\/FT_ORLAV___CUISINE___0404___LIQUIDE_RINCAGE_50.pdf","fiche_methode":""},"_links":{"self":[{"href":"https:\/\/www.hydrachim.fr\/en\/wp-json\/wp\/v2\/product\/3413","targetHints":{"allow":["GET"]}}],"collection":[{"href":"https:\/\/www.hydrachim.fr\/en\/wp-json\/wp\/v2\/product"}],"about":[{"href":"https:\/\/www.hydrachim.fr\/en\/wp-json\/wp\/v2\/types\/product"}],"wp:featuredmedia":[{"embeddable":true,"href":"https:\/\/www.hydrachim.fr\/en\/wp-json\/wp\/v2\/media\/10108"}],"wp:attachment":[{"href":"https:\/\/www.hydrachim.fr\/en\/wp-json\/wp\/v2\/media?parent=3413"}],"wp:term":[{"taxonomy":"product_brand","embeddable":true,"href":"https:\/\/www.hydrachim.fr\/en\/wp-json\/wp\/v2\/product_brand?post=3413"},{"taxonomy":"product_type","embeddable":true,"href":"https:\/\/www.hydrachim.fr\/en\/wp-json\/wp\/v2\/product_type?post=3413"},{"taxonomy":"product_visibility","embeddable":true,"href":"https:\/\/www.hydrachim.fr\/en\/wp-json\/wp\/v2\/product_visibility?post=3413"},{"taxonomy":"product_cat","embeddable":true,"href":"https:\/\/www.hydrachim.fr\/en\/wp-json\/wp\/v2\/product_cat?post=3413"}],"curies":[{"name":"wp","href":"https:\/\/api.w.org\/{rel}","templated":true}]}}