{"id":3381,"date":"2019-08-06T15:48:26","date_gmt":"2019-08-06T13:48:26","guid":{"rendered":"https:\/\/www.hydrachim.fr\/product\/decapcire\/"},"modified":"2023-08-23T14:46:08","modified_gmt":"2023-08-23T12:46:08","slug":"decapcire_002024191","status":"publish","type":"product","link":"https:\/\/www.hydrachim.fr\/en\/produit\/decapcire_002024191\/","title":{"rendered":"D\u00e9cap&#8217;cire"},"content":{"rendered":"<p><strong>D\u00e9cap&#8217;cire liquide est un d\u00e9capant polyvalent avec rin\u00e7age d\u00e9velopp\u00e9 pour l&#8217;\u00e9limination des \u00e9mulsions m\u00e9tallis\u00e9es ou les cires les plus anciennes sur tous les types de surfaces, sp\u00e9cial sol m\u00e9tallis\u00e9.<\/strong><\/p>\n<p>Le D\u00e9cap&#8217;cire est un produit non moussant qui d\u00e9cape les \u00e9mulsions m\u00e9tallis\u00e9es ou les cires les plus anciennes. C&#8217;est un d\u00e9capant polyvalent pour tous les types de surfaces, sp\u00e9cial sol m\u00e9tallis\u00e9. Le D\u00e9cap&#8217;cire s&#8217;utilise \u00e9galement pour la remise en \u00e9tat de tous types de carrelages.\n<\/p>\n<p><strong>Disponible en carton de 4 x 5 L. R\u00e9f. 002024191<\/strong><\/p>\n<p class=\"y-product y-product__product-subtitle\">Avantage :<\/p>\n<p>Le D\u00e9cap&#8217;cire a une double action pour vos sols : d\u00e9capage et remise en \u00e9tat.<\/p>\n<p>Retrouvez le mode d&#8217;emploi et le dosage du produit en t\u00e9l\u00e9chargeant, ci-dessous, sa Fiche Technique et\/ou sa Fiche M\u00e9thode.<\/p>\n","protected":false},"excerpt":{"rendered":"<p>D\u00e9cap&#039;cire liquide<\/p>\n","protected":false},"featured_media":4511,"template":"","meta":[],"product_brand":[],"product_type":[2],"product_visibility":[],"product_cat":[4152,4128,4127],"class_list":{"0":"post-3381","1":"product","2":"type-product","3":"status-publish","4":"has-post-thumbnail","6":"product_cat-marqueseclador","7":"product_cat-solentretien","8":"product_cat-produitssurface-sol","9":"product_tag-cire","10":"product_tag-decapcire","11":"product_tag-decapant","12":"product_tag-mulsion","13":"product_tag-liquide","14":"product_tag-metallise","16":"first","17":"instock","18":"shipping-taxable","19":"product-type-simple"},"yoast_head":"<!-- This site is optimized with the Yoast SEO plugin v27.4 - https:\/\/yoast.com\/product\/yoast-seo-wordpress\/ -->\n<title>D\u00e9cap&#039;cire - Hydrachim<\/title>\n<meta name=\"robots\" content=\"index, follow, max-snippet:-1, max-image-preview:large, max-video-preview:-1\" \/>\n<link rel=\"canonical\" href=\"https:\/\/www.hydrachim.fr\/en\/produit\/decapcire_002024191\/\" \/>\n<meta property=\"og:locale\" content=\"en_US\" \/>\n<meta property=\"og:type\" content=\"article\" \/>\n<meta property=\"og:title\" content=\"D\u00e9cap&#039;cire - Hydrachim\" \/>\n<meta property=\"og:description\" content=\"D\u00e9cap&#039;cire liquide\" \/>\n<meta property=\"og:url\" content=\"https:\/\/www.hydrachim.fr\/en\/produit\/decapcire_002024191\/\" \/>\n<meta property=\"og:site_name\" content=\"Hydrachim\" \/>\n<meta property=\"article:modified_time\" content=\"2023-08-23T12:46:08+00:00\" \/>\n<meta property=\"og:image\" content=\"https:\/\/www.hydrachim.fr\/app\/uploads\/2019\/09\/0241-DECAP-CIRE-AVEC-RINCAGE-5L.png\" \/>\n\t<meta property=\"og:image:width\" content=\"500\" \/>\n\t<meta property=\"og:image:height\" content=\"776\" \/>\n\t<meta property=\"og:image:type\" content=\"image\/png\" \/>\n<meta name=\"twitter:card\" content=\"summary_large_image\" \/>\n<meta name=\"twitter:label1\" content=\"Est. reading time\" \/>\n\t<meta name=\"twitter:data1\" content=\"1 minute\" \/>\n<script type=\"application\/ld+json\" class=\"yoast-schema-graph\">{\"@context\":\"https:\\\/\\\/schema.org\",\"@graph\":[{\"@type\":\"WebPage\",\"@id\":\"https:\\\/\\\/www.hydrachim.fr\\\/en\\\/produit\\\/decapcire_002024191\\\/\",\"url\":\"https:\\\/\\\/www.hydrachim.fr\\\/en\\\/produit\\\/decapcire_002024191\\\/\",\"name\":\"D\u00e9cap'cire - Hydrachim\",\"isPartOf\":{\"@id\":\"https:\\\/\\\/www.hydrachim.fr\\\/en\\\/#website\"},\"primaryImageOfPage\":{\"@id\":\"https:\\\/\\\/www.hydrachim.fr\\\/en\\\/produit\\\/decapcire_002024191\\\/#primaryimage\"},\"image\":{\"@id\":\"https:\\\/\\\/www.hydrachim.fr\\\/en\\\/produit\\\/decapcire_002024191\\\/#primaryimage\"},\"thumbnailUrl\":\"https:\\\/\\\/www.hydrachim.fr\\\/app\\\/uploads\\\/2019\\\/09\\\/0241-DECAP-CIRE-AVEC-RINCAGE-5L.png\",\"datePublished\":\"2019-08-06T13:48:26+00:00\",\"dateModified\":\"2023-08-23T12:46:08+00:00\",\"breadcrumb\":{\"@id\":\"https:\\\/\\\/www.hydrachim.fr\\\/en\\\/produit\\\/decapcire_002024191\\\/#breadcrumb\"},\"inLanguage\":\"en-US\",\"potentialAction\":[{\"@type\":\"ReadAction\",\"target\":[\"https:\\\/\\\/www.hydrachim.fr\\\/en\\\/produit\\\/decapcire_002024191\\\/\"]}]},{\"@type\":\"ImageObject\",\"inLanguage\":\"en-US\",\"@id\":\"https:\\\/\\\/www.hydrachim.fr\\\/en\\\/produit\\\/decapcire_002024191\\\/#primaryimage\",\"url\":\"https:\\\/\\\/www.hydrachim.fr\\\/app\\\/uploads\\\/2019\\\/09\\\/0241-DECAP-CIRE-AVEC-RINCAGE-5L.png\",\"contentUrl\":\"https:\\\/\\\/www.hydrachim.fr\\\/app\\\/uploads\\\/2019\\\/09\\\/0241-DECAP-CIRE-AVEC-RINCAGE-5L.png\",\"width\":500,\"height\":776},{\"@type\":\"BreadcrumbList\",\"@id\":\"https:\\\/\\\/www.hydrachim.fr\\\/en\\\/produit\\\/decapcire_002024191\\\/#breadcrumb\",\"itemListElement\":[{\"@type\":\"ListItem\",\"position\":1,\"name\":\"Home\",\"item\":\"https:\\\/\\\/www.hydrachim.fr\\\/en\\\/\"},{\"@type\":\"ListItem\",\"position\":2,\"name\":\"Boutique\",\"item\":\"https:\\\/\\\/www.hydrachim.fr\\\/boutique\\\/\"},{\"@type\":\"ListItem\",\"position\":3,\"name\":\"D\u00e9cap&rsquo;cire\"}]},{\"@type\":\"WebSite\",\"@id\":\"https:\\\/\\\/www.hydrachim.fr\\\/en\\\/#website\",\"url\":\"https:\\\/\\\/www.hydrachim.fr\\\/en\\\/\",\"name\":\"Hydrachim\",\"description\":\"La science de l&#039;hygi\u00e8ne\",\"potentialAction\":[{\"@type\":\"SearchAction\",\"target\":{\"@type\":\"EntryPoint\",\"urlTemplate\":\"https:\\\/\\\/www.hydrachim.fr\\\/en\\\/?s={search_term_string}\"},\"query-input\":{\"@type\":\"PropertyValueSpecification\",\"valueRequired\":true,\"valueName\":\"search_term_string\"}}],\"inLanguage\":\"en-US\"}]}<\/script>\n<!-- \/ Yoast SEO plugin. -->","yoast_head_json":{"title":"D\u00e9cap'cire - Hydrachim","robots":{"index":"index","follow":"follow","max-snippet":"max-snippet:-1","max-image-preview":"max-image-preview:large","max-video-preview":"max-video-preview:-1"},"canonical":"https:\/\/www.hydrachim.fr\/en\/produit\/decapcire_002024191\/","og_locale":"en_US","og_type":"article","og_title":"D\u00e9cap'cire - Hydrachim","og_description":"D\u00e9cap&#039;cire liquide","og_url":"https:\/\/www.hydrachim.fr\/en\/produit\/decapcire_002024191\/","og_site_name":"Hydrachim","article_modified_time":"2023-08-23T12:46:08+00:00","og_image":[{"width":500,"height":776,"url":"https:\/\/www.hydrachim.fr\/app\/uploads\/2019\/09\/0241-DECAP-CIRE-AVEC-RINCAGE-5L.png","type":"image\/png"}],"twitter_card":"summary_large_image","twitter_misc":{"Est. reading time":"1 minute"},"schema":{"@context":"https:\/\/schema.org","@graph":[{"@type":"WebPage","@id":"https:\/\/www.hydrachim.fr\/en\/produit\/decapcire_002024191\/","url":"https:\/\/www.hydrachim.fr\/en\/produit\/decapcire_002024191\/","name":"D\u00e9cap'cire - Hydrachim","isPartOf":{"@id":"https:\/\/www.hydrachim.fr\/en\/#website"},"primaryImageOfPage":{"@id":"https:\/\/www.hydrachim.fr\/en\/produit\/decapcire_002024191\/#primaryimage"},"image":{"@id":"https:\/\/www.hydrachim.fr\/en\/produit\/decapcire_002024191\/#primaryimage"},"thumbnailUrl":"https:\/\/www.hydrachim.fr\/app\/uploads\/2019\/09\/0241-DECAP-CIRE-AVEC-RINCAGE-5L.png","datePublished":"2019-08-06T13:48:26+00:00","dateModified":"2023-08-23T12:46:08+00:00","breadcrumb":{"@id":"https:\/\/www.hydrachim.fr\/en\/produit\/decapcire_002024191\/#breadcrumb"},"inLanguage":"en-US","potentialAction":[{"@type":"ReadAction","target":["https:\/\/www.hydrachim.fr\/en\/produit\/decapcire_002024191\/"]}]},{"@type":"ImageObject","inLanguage":"en-US","@id":"https:\/\/www.hydrachim.fr\/en\/produit\/decapcire_002024191\/#primaryimage","url":"https:\/\/www.hydrachim.fr\/app\/uploads\/2019\/09\/0241-DECAP-CIRE-AVEC-RINCAGE-5L.png","contentUrl":"https:\/\/www.hydrachim.fr\/app\/uploads\/2019\/09\/0241-DECAP-CIRE-AVEC-RINCAGE-5L.png","width":500,"height":776},{"@type":"BreadcrumbList","@id":"https:\/\/www.hydrachim.fr\/en\/produit\/decapcire_002024191\/#breadcrumb","itemListElement":[{"@type":"ListItem","position":1,"name":"Home","item":"https:\/\/www.hydrachim.fr\/en\/"},{"@type":"ListItem","position":2,"name":"Boutique","item":"https:\/\/www.hydrachim.fr\/boutique\/"},{"@type":"ListItem","position":3,"name":"D\u00e9cap&rsquo;cire"}]},{"@type":"WebSite","@id":"https:\/\/www.hydrachim.fr\/en\/#website","url":"https:\/\/www.hydrachim.fr\/en\/","name":"Hydrachim","description":"La science de l&#039;hygi\u00e8ne","potentialAction":[{"@type":"SearchAction","target":{"@type":"EntryPoint","urlTemplate":"https:\/\/www.hydrachim.fr\/en\/?s={search_term_string}"},"query-input":{"@type":"PropertyValueSpecification","valueRequired":true,"valueName":"search_term_string"}}],"inLanguage":"en-US"}]}},"acf":{"fiche_technique":"https:\/\/www.hydrachim.fr\/app\/uploads\/2023\/08\/FT___0241___DECAP_CIRE.pdf","fiche_methode":"https:\/\/www.hydrachim.fr\/app\/uploads\/2019\/09\/0241-DECAPCIRE-ECLADOR.pdf"},"_links":{"self":[{"href":"https:\/\/www.hydrachim.fr\/en\/wp-json\/wp\/v2\/product\/3381","targetHints":{"allow":["GET"]}}],"collection":[{"href":"https:\/\/www.hydrachim.fr\/en\/wp-json\/wp\/v2\/product"}],"about":[{"href":"https:\/\/www.hydrachim.fr\/en\/wp-json\/wp\/v2\/types\/product"}],"wp:featuredmedia":[{"embeddable":true,"href":"https:\/\/www.hydrachim.fr\/en\/wp-json\/wp\/v2\/media\/4511"}],"wp:attachment":[{"href":"https:\/\/www.hydrachim.fr\/en\/wp-json\/wp\/v2\/media?parent=3381"}],"wp:term":[{"taxonomy":"product_brand","embeddable":true,"href":"https:\/\/www.hydrachim.fr\/en\/wp-json\/wp\/v2\/product_brand?post=3381"},{"taxonomy":"product_type","embeddable":true,"href":"https:\/\/www.hydrachim.fr\/en\/wp-json\/wp\/v2\/product_type?post=3381"},{"taxonomy":"product_visibility","embeddable":true,"href":"https:\/\/www.hydrachim.fr\/en\/wp-json\/wp\/v2\/product_visibility?post=3381"},{"taxonomy":"product_cat","embeddable":true,"href":"https:\/\/www.hydrachim.fr\/en\/wp-json\/wp\/v2\/product_cat?post=3381"}],"curies":[{"name":"wp","href":"https:\/\/api.w.org\/{rel}","templated":true}]}}