{"id":3379,"date":"2019-08-06T15:48:24","date_gmt":"2019-08-06T13:48:24","guid":{"rendered":"https:\/\/www.hydrachim.fr\/product\/bio-flush\/"},"modified":"2024-06-20T15:17:53","modified_gmt":"2024-06-20T13:17:53","slug":"bio_flush_002192506","status":"publish","type":"product","link":"https:\/\/www.hydrachim.fr\/en\/produit\/bio_flush_002192506\/","title":{"rendered":"Bio Flush"},"content":{"rendered":"<p><strong>Bio Flush liquide est un produit d\u00e9velopp\u00e9 pour la d\u00e9gradation des mati\u00e8res organiques et la suppression des odeurs dans les WC mobiles tout en laissant un agr\u00e9able parfum Cerise.<\/strong><\/p>\n<p>Le Bio Flush est un produit qui permet le traitement des WC mobiles. C&#8217;est une formulation liquide parfum\u00e9e \u00e0 base de micro-organismes non pathog\u00e8nes et de nutriments destin\u00e9e au traitement des WC mobiles. Le Bio Flush permet de remplacer les produits chimiques g\u00e9n\u00e9ralement utilis\u00e9s par une solution totalement naturelle.\n<\/p>\n<p><strong>Disponible en :<br \/>\n&#8211; Carton de 12 x 1L. R\u00e9f. 002192506<br \/>\n&#8211; F\u00fbt de 200L. R\u00e9f. 002192504<\/strong><\/p>\n<p class=\"y-product y-product__product-subtitle\">Avantage :<\/p>\n<p>Le Bio Flush est un produit naturel, totalement exempt de solvants chlor\u00e9s, de produits alcalins ou acides et respectueux de l&#8217;environnement. Il est sans formald\u00e9hyde et remplace les produits acide ou alcalin.<\/p>\n<p>Retrouvez le mode d&#8217;emploi et le dosage du produit en t\u00e9l\u00e9chargeant, ci-dessous, sa Fiche Technique et\/ou sa Fiche M\u00e9thode.<\/p>\n<p><em>Avant toute utilisation, lisez l&#8217;\u00e9tiquette et les informations concernant le produit.<\/em><\/p>\n","protected":false},"excerpt":{"rendered":"<p>Bio Flush liquide parfum cerise<\/p>\n","protected":false},"featured_media":17837,"template":"","meta":[],"product_brand":[],"product_type":[2],"product_visibility":[],"product_cat":[4149,4009,4094,4122,4123],"class_list":{"0":"post-3379","1":"product","2":"type-product","3":"status-publish","4":"has-post-thumbnail","6":"product_cat-marquesactemia","7":"product_cat-produitshygiene-enzymatique","8":"product_cat-hygiene-enzymatiquesanitaire","9":"product_cat-produitssanitaire","10":"product_cat-sanitairewc","11":"product_tag-entretien-3","12":"product_tag-liquide","13":"product_tag-wc","15":"first","16":"instock","17":"shipping-taxable","18":"product-type-simple"},"yoast_head":"<!-- This site is optimized with the Yoast SEO plugin v27.5 - https:\/\/yoast.com\/product\/yoast-seo-wordpress\/ -->\n<title>Liquide anti-odeur WC mobiles - Bio Flush - Hydrachim<\/title>\n<meta name=\"description\" content=\"Bio Flush est un produit liquide anti-odeur d\u00e9velopp\u00e9 pour la d\u00e9gradation des mati\u00e8res organiques dans les WC mobiles laissant un agr\u00e9able parfum Cerise.\" \/>\n<meta name=\"robots\" content=\"index, follow, max-snippet:-1, max-image-preview:large, max-video-preview:-1\" \/>\n<link rel=\"canonical\" href=\"https:\/\/www.hydrachim.fr\/en\/produit\/bio_flush_002192506\/\" \/>\n<meta property=\"og:locale\" content=\"en_US\" \/>\n<meta property=\"og:type\" content=\"article\" \/>\n<meta property=\"og:title\" content=\"Liquide anti-odeur WC mobiles - Bio Flush - Hydrachim\" \/>\n<meta property=\"og:description\" content=\"Bio Flush est un produit liquide anti-odeur d\u00e9velopp\u00e9 pour la d\u00e9gradation des mati\u00e8res organiques dans les WC mobiles laissant un agr\u00e9able parfum Cerise.\" \/>\n<meta property=\"og:url\" content=\"https:\/\/www.hydrachim.fr\/en\/produit\/bio_flush_002192506\/\" \/>\n<meta property=\"og:site_name\" content=\"Hydrachim\" \/>\n<meta property=\"article:modified_time\" content=\"2024-06-20T13:17:53+00:00\" \/>\n<meta property=\"og:image\" content=\"https:\/\/www.hydrachim.fr\/app\/uploads\/2024\/06\/1925___BIOFLUSH___1L_DOSEUR.png\" \/>\n\t<meta property=\"og:image:width\" content=\"433\" \/>\n\t<meta property=\"og:image:height\" content=\"800\" \/>\n\t<meta property=\"og:image:type\" content=\"image\/png\" \/>\n<meta name=\"twitter:card\" content=\"summary_large_image\" \/>\n<meta name=\"twitter:label1\" content=\"Est. reading time\" \/>\n\t<meta name=\"twitter:data1\" content=\"1 minute\" \/>\n<script type=\"application\/ld+json\" class=\"yoast-schema-graph\">{\"@context\":\"https:\\\/\\\/schema.org\",\"@graph\":[{\"@type\":\"WebPage\",\"@id\":\"https:\\\/\\\/www.hydrachim.fr\\\/en\\\/produit\\\/bio_flush_002192506\\\/\",\"url\":\"https:\\\/\\\/www.hydrachim.fr\\\/en\\\/produit\\\/bio_flush_002192506\\\/\",\"name\":\"Liquide anti-odeur WC mobiles - Bio Flush - Hydrachim\",\"isPartOf\":{\"@id\":\"https:\\\/\\\/www.hydrachim.fr\\\/en\\\/#website\"},\"primaryImageOfPage\":{\"@id\":\"https:\\\/\\\/www.hydrachim.fr\\\/en\\\/produit\\\/bio_flush_002192506\\\/#primaryimage\"},\"image\":{\"@id\":\"https:\\\/\\\/www.hydrachim.fr\\\/en\\\/produit\\\/bio_flush_002192506\\\/#primaryimage\"},\"thumbnailUrl\":\"https:\\\/\\\/www.hydrachim.fr\\\/app\\\/uploads\\\/2024\\\/06\\\/1925___BIOFLUSH___1L_DOSEUR.png\",\"datePublished\":\"2019-08-06T13:48:24+00:00\",\"dateModified\":\"2024-06-20T13:17:53+00:00\",\"description\":\"Bio Flush est un produit liquide anti-odeur d\u00e9velopp\u00e9 pour la d\u00e9gradation des mati\u00e8res organiques dans les WC mobiles laissant un agr\u00e9able parfum Cerise.\",\"breadcrumb\":{\"@id\":\"https:\\\/\\\/www.hydrachim.fr\\\/en\\\/produit\\\/bio_flush_002192506\\\/#breadcrumb\"},\"inLanguage\":\"en-US\",\"potentialAction\":[{\"@type\":\"ReadAction\",\"target\":[\"https:\\\/\\\/www.hydrachim.fr\\\/en\\\/produit\\\/bio_flush_002192506\\\/\"]}]},{\"@type\":\"ImageObject\",\"inLanguage\":\"en-US\",\"@id\":\"https:\\\/\\\/www.hydrachim.fr\\\/en\\\/produit\\\/bio_flush_002192506\\\/#primaryimage\",\"url\":\"https:\\\/\\\/www.hydrachim.fr\\\/app\\\/uploads\\\/2024\\\/06\\\/1925___BIOFLUSH___1L_DOSEUR.png\",\"contentUrl\":\"https:\\\/\\\/www.hydrachim.fr\\\/app\\\/uploads\\\/2024\\\/06\\\/1925___BIOFLUSH___1L_DOSEUR.png\",\"width\":433,\"height\":800},{\"@type\":\"BreadcrumbList\",\"@id\":\"https:\\\/\\\/www.hydrachim.fr\\\/en\\\/produit\\\/bio_flush_002192506\\\/#breadcrumb\",\"itemListElement\":[{\"@type\":\"ListItem\",\"position\":1,\"name\":\"Home\",\"item\":\"https:\\\/\\\/www.hydrachim.fr\\\/en\\\/\"},{\"@type\":\"ListItem\",\"position\":2,\"name\":\"Boutique\",\"item\":\"https:\\\/\\\/www.hydrachim.fr\\\/boutique\\\/\"},{\"@type\":\"ListItem\",\"position\":3,\"name\":\"Bio Flush\"}]},{\"@type\":\"WebSite\",\"@id\":\"https:\\\/\\\/www.hydrachim.fr\\\/en\\\/#website\",\"url\":\"https:\\\/\\\/www.hydrachim.fr\\\/en\\\/\",\"name\":\"Hydrachim\",\"description\":\"La science de l&#039;hygi\u00e8ne\",\"potentialAction\":[{\"@type\":\"SearchAction\",\"target\":{\"@type\":\"EntryPoint\",\"urlTemplate\":\"https:\\\/\\\/www.hydrachim.fr\\\/en\\\/?s={search_term_string}\"},\"query-input\":{\"@type\":\"PropertyValueSpecification\",\"valueRequired\":true,\"valueName\":\"search_term_string\"}}],\"inLanguage\":\"en-US\"}]}<\/script>\n<!-- \/ Yoast SEO plugin. -->","yoast_head_json":{"title":"Liquide anti-odeur WC mobiles - Bio Flush - Hydrachim","description":"Bio Flush est un produit liquide anti-odeur d\u00e9velopp\u00e9 pour la d\u00e9gradation des mati\u00e8res organiques dans les WC mobiles laissant un agr\u00e9able parfum Cerise.","robots":{"index":"index","follow":"follow","max-snippet":"max-snippet:-1","max-image-preview":"max-image-preview:large","max-video-preview":"max-video-preview:-1"},"canonical":"https:\/\/www.hydrachim.fr\/en\/produit\/bio_flush_002192506\/","og_locale":"en_US","og_type":"article","og_title":"Liquide anti-odeur WC mobiles - Bio Flush - Hydrachim","og_description":"Bio Flush est un produit liquide anti-odeur d\u00e9velopp\u00e9 pour la d\u00e9gradation des mati\u00e8res organiques dans les WC mobiles laissant un agr\u00e9able parfum Cerise.","og_url":"https:\/\/www.hydrachim.fr\/en\/produit\/bio_flush_002192506\/","og_site_name":"Hydrachim","article_modified_time":"2024-06-20T13:17:53+00:00","og_image":[{"width":433,"height":800,"url":"https:\/\/www.hydrachim.fr\/app\/uploads\/2024\/06\/1925___BIOFLUSH___1L_DOSEUR.png","type":"image\/png"}],"twitter_card":"summary_large_image","twitter_misc":{"Est. reading time":"1 minute"},"schema":{"@context":"https:\/\/schema.org","@graph":[{"@type":"WebPage","@id":"https:\/\/www.hydrachim.fr\/en\/produit\/bio_flush_002192506\/","url":"https:\/\/www.hydrachim.fr\/en\/produit\/bio_flush_002192506\/","name":"Liquide anti-odeur WC mobiles - Bio Flush - Hydrachim","isPartOf":{"@id":"https:\/\/www.hydrachim.fr\/en\/#website"},"primaryImageOfPage":{"@id":"https:\/\/www.hydrachim.fr\/en\/produit\/bio_flush_002192506\/#primaryimage"},"image":{"@id":"https:\/\/www.hydrachim.fr\/en\/produit\/bio_flush_002192506\/#primaryimage"},"thumbnailUrl":"https:\/\/www.hydrachim.fr\/app\/uploads\/2024\/06\/1925___BIOFLUSH___1L_DOSEUR.png","datePublished":"2019-08-06T13:48:24+00:00","dateModified":"2024-06-20T13:17:53+00:00","description":"Bio Flush est un produit liquide anti-odeur d\u00e9velopp\u00e9 pour la d\u00e9gradation des mati\u00e8res organiques dans les WC mobiles laissant un agr\u00e9able parfum Cerise.","breadcrumb":{"@id":"https:\/\/www.hydrachim.fr\/en\/produit\/bio_flush_002192506\/#breadcrumb"},"inLanguage":"en-US","potentialAction":[{"@type":"ReadAction","target":["https:\/\/www.hydrachim.fr\/en\/produit\/bio_flush_002192506\/"]}]},{"@type":"ImageObject","inLanguage":"en-US","@id":"https:\/\/www.hydrachim.fr\/en\/produit\/bio_flush_002192506\/#primaryimage","url":"https:\/\/www.hydrachim.fr\/app\/uploads\/2024\/06\/1925___BIOFLUSH___1L_DOSEUR.png","contentUrl":"https:\/\/www.hydrachim.fr\/app\/uploads\/2024\/06\/1925___BIOFLUSH___1L_DOSEUR.png","width":433,"height":800},{"@type":"BreadcrumbList","@id":"https:\/\/www.hydrachim.fr\/en\/produit\/bio_flush_002192506\/#breadcrumb","itemListElement":[{"@type":"ListItem","position":1,"name":"Home","item":"https:\/\/www.hydrachim.fr\/en\/"},{"@type":"ListItem","position":2,"name":"Boutique","item":"https:\/\/www.hydrachim.fr\/boutique\/"},{"@type":"ListItem","position":3,"name":"Bio Flush"}]},{"@type":"WebSite","@id":"https:\/\/www.hydrachim.fr\/en\/#website","url":"https:\/\/www.hydrachim.fr\/en\/","name":"Hydrachim","description":"La science de l&#039;hygi\u00e8ne","potentialAction":[{"@type":"SearchAction","target":{"@type":"EntryPoint","urlTemplate":"https:\/\/www.hydrachim.fr\/en\/?s={search_term_string}"},"query-input":{"@type":"PropertyValueSpecification","valueRequired":true,"valueName":"search_term_string"}}],"inLanguage":"en-US"}]}},"acf":{"fiche_technique":"https:\/\/www.hydrachim.fr\/app\/uploads\/2024\/06\/FT___ACTEMIA___1925___BIO_FLUSH-1.pdf","fiche_methode":"https:\/\/www.hydrachim.fr\/app\/uploads\/2019\/09\/1925-BIOFLUSH-ACTEMIA-h.pdf"},"_links":{"self":[{"href":"https:\/\/www.hydrachim.fr\/en\/wp-json\/wp\/v2\/product\/3379","targetHints":{"allow":["GET"]}}],"collection":[{"href":"https:\/\/www.hydrachim.fr\/en\/wp-json\/wp\/v2\/product"}],"about":[{"href":"https:\/\/www.hydrachim.fr\/en\/wp-json\/wp\/v2\/types\/product"}],"wp:featuredmedia":[{"embeddable":true,"href":"https:\/\/www.hydrachim.fr\/en\/wp-json\/wp\/v2\/media\/17837"}],"wp:attachment":[{"href":"https:\/\/www.hydrachim.fr\/en\/wp-json\/wp\/v2\/media?parent=3379"}],"wp:term":[{"taxonomy":"product_brand","embeddable":true,"href":"https:\/\/www.hydrachim.fr\/en\/wp-json\/wp\/v2\/product_brand?post=3379"},{"taxonomy":"product_type","embeddable":true,"href":"https:\/\/www.hydrachim.fr\/en\/wp-json\/wp\/v2\/product_type?post=3379"},{"taxonomy":"product_visibility","embeddable":true,"href":"https:\/\/www.hydrachim.fr\/en\/wp-json\/wp\/v2\/product_visibility?post=3379"},{"taxonomy":"product_cat","embeddable":true,"href":"https:\/\/www.hydrachim.fr\/en\/wp-json\/wp\/v2\/product_cat?post=3379"}],"curies":[{"name":"wp","href":"https:\/\/api.w.org\/{rel}","templated":true}]}}