{"id":3343,"date":"2019-08-06T15:43:07","date_gmt":"2019-08-06T13:43:07","guid":{"rendered":"https:\/\/www.hydrachim.fr\/product\/bacti-plus\/"},"modified":"2024-06-20T14:06:36","modified_gmt":"2024-06-20T12:06:36","slug":"bacti_plus_002192401","status":"publish","type":"product","link":"https:\/\/www.hydrachim.fr\/en\/produit\/bacti_plus_002192401\/","title":{"rendered":"Bacti Plus"},"content":{"rendered":"<p><strong>Bacti Plus en poudre est un produit d\u00e9velopp\u00e9 pour la d\u00e9gradation des mati\u00e8res organiques et des graisses destin\u00e9es aux bacs \u00e0 graisses, fosses septiques et toutes eaux.<\/strong><\/p>\n<p>Le Bacti Plus est un produit qui, en application r\u00e9guli\u00e8re, diminue la couche de graisse ou les d\u00e9p\u00f4ts de mati\u00e8re et entretient les installations en \u00e9vitant les engorgements et les remont\u00e9es d&#8217;odeurs. C&#8217;est un activateur biologique en poudre pour fosses septiques, fosses toutes eaux et bacs \u00e0 graisse, \u00e0 base de cultures de micro-organismes non pathog\u00e8nes, d&#8217;enzymes et de nutriments.<\/p>\n<p><strong>Disponible en carton de 24 jerricans x 750 g avec bec doseur. R\u00e9f. 002192401<\/strong><\/p>\n<p class=\"y-product y-product__product-subtitle\">Avantage :<\/p>\n<p>Le Bacti Plus a une double utilisation : Traitement biologique contre les remont\u00e9es d&#8217;odeurs et les engorgements.<\/p>\n<p>Retrouvez le mode d&#8217;emploi et le dosage du produit en t\u00e9l\u00e9chargeant, ci-dessous, sa Fiche Technique et\/ou sa Fiche M\u00e9thode.<\/p>\n<p><em>Avant toute utilisation, lisez l&#8217;\u00e9tiquette et les informations concernant le produit.<\/em><\/p>\n","protected":false},"excerpt":{"rendered":"<p>Bacti Plus en poudre<\/p>\n","protected":false},"featured_media":17833,"template":"","meta":[],"product_brand":[],"product_type":[2],"product_visibility":[],"product_cat":[4149,4093,4125,4117,4119,4009],"class_list":{"0":"post-3343","1":"product","2":"type-product","3":"status-publish","4":"has-post-thumbnail","6":"product_cat-marquesactemia","7":"product_cat-hygiene-enzymatiquebac--graisse-canalisation","8":"product_cat-sanitairecanalisations","9":"product_cat-produitscuisine","10":"product_cat-cuisineentretien","11":"product_cat-produitshygiene-enzymatique","12":"product_tag-bac--graisse","13":"product_tag-enzymatique","14":"product_tag-fosse-septique","15":"product_tag-poudre","17":"first","18":"instock","19":"shipping-taxable","20":"product-type-simple"},"yoast_head":"<!-- This site is optimized with the Yoast SEO plugin v27.6 - https:\/\/yoast.com\/product\/yoast-seo-wordpress\/ -->\n<title>Poudre d\u00e9gradante des mati\u00e8res organiques - Bacti Plus - Hydrachim<\/title>\n<meta name=\"description\" content=\"Bacti Plus est une poudre d\u00e9velopp\u00e9e pour la d\u00e9gradation des mati\u00e8res organiques et des graisses destin\u00e9es aux bacs \u00e0 graisses, fosses septiques et...\" \/>\n<meta name=\"robots\" content=\"index, follow, max-snippet:-1, max-image-preview:large, max-video-preview:-1\" \/>\n<link rel=\"canonical\" href=\"https:\/\/www.hydrachim.fr\/en\/produit\/bacti_plus_002192401\/\" \/>\n<meta property=\"og:locale\" content=\"en_US\" \/>\n<meta property=\"og:type\" content=\"article\" \/>\n<meta property=\"og:title\" content=\"Poudre d\u00e9gradante des mati\u00e8res organiques - Bacti Plus - Hydrachim\" \/>\n<meta property=\"og:description\" content=\"Bacti Plus est une poudre d\u00e9velopp\u00e9e pour la d\u00e9gradation des mati\u00e8res organiques et des graisses destin\u00e9es aux bacs \u00e0 graisses, fosses septiques et...\" \/>\n<meta property=\"og:url\" content=\"https:\/\/www.hydrachim.fr\/en\/produit\/bacti_plus_002192401\/\" \/>\n<meta property=\"og:site_name\" content=\"Hydrachim\" \/>\n<meta property=\"article:modified_time\" content=\"2024-06-20T12:06:36+00:00\" \/>\n<meta property=\"og:image\" content=\"https:\/\/www.hydrachim.fr\/app\/uploads\/2019\/10\/1924_bactiplus.png\" \/>\n\t<meta property=\"og:image:width\" content=\"600\" \/>\n\t<meta property=\"og:image:height\" content=\"936\" \/>\n\t<meta property=\"og:image:type\" content=\"image\/png\" \/>\n<meta name=\"twitter:card\" content=\"summary_large_image\" \/>\n<meta name=\"twitter:label1\" content=\"Est. reading time\" \/>\n\t<meta name=\"twitter:data1\" content=\"1 minute\" \/>\n<script type=\"application\/ld+json\" class=\"yoast-schema-graph\">{\"@context\":\"https:\\\/\\\/schema.org\",\"@graph\":[{\"@type\":\"WebPage\",\"@id\":\"https:\\\/\\\/www.hydrachim.fr\\\/en\\\/produit\\\/bacti_plus_002192401\\\/\",\"url\":\"https:\\\/\\\/www.hydrachim.fr\\\/en\\\/produit\\\/bacti_plus_002192401\\\/\",\"name\":\"Poudre d\u00e9gradante des mati\u00e8res organiques - Bacti Plus - Hydrachim\",\"isPartOf\":{\"@id\":\"https:\\\/\\\/www.hydrachim.fr\\\/en\\\/#website\"},\"primaryImageOfPage\":{\"@id\":\"https:\\\/\\\/www.hydrachim.fr\\\/en\\\/produit\\\/bacti_plus_002192401\\\/#primaryimage\"},\"image\":{\"@id\":\"https:\\\/\\\/www.hydrachim.fr\\\/en\\\/produit\\\/bacti_plus_002192401\\\/#primaryimage\"},\"thumbnailUrl\":\"https:\\\/\\\/www.hydrachim.fr\\\/app\\\/uploads\\\/2024\\\/06\\\/1924___BACTIPLUS_.png\",\"datePublished\":\"2019-08-06T13:43:07+00:00\",\"dateModified\":\"2024-06-20T12:06:36+00:00\",\"description\":\"Bacti Plus est une poudre d\u00e9velopp\u00e9e pour la d\u00e9gradation des mati\u00e8res organiques et des graisses destin\u00e9es aux bacs \u00e0 graisses, fosses septiques et...\",\"breadcrumb\":{\"@id\":\"https:\\\/\\\/www.hydrachim.fr\\\/en\\\/produit\\\/bacti_plus_002192401\\\/#breadcrumb\"},\"inLanguage\":\"en-US\",\"potentialAction\":[{\"@type\":\"ReadAction\",\"target\":[\"https:\\\/\\\/www.hydrachim.fr\\\/en\\\/produit\\\/bacti_plus_002192401\\\/\"]}]},{\"@type\":\"ImageObject\",\"inLanguage\":\"en-US\",\"@id\":\"https:\\\/\\\/www.hydrachim.fr\\\/en\\\/produit\\\/bacti_plus_002192401\\\/#primaryimage\",\"url\":\"https:\\\/\\\/www.hydrachim.fr\\\/app\\\/uploads\\\/2024\\\/06\\\/1924___BACTIPLUS_.png\",\"contentUrl\":\"https:\\\/\\\/www.hydrachim.fr\\\/app\\\/uploads\\\/2024\\\/06\\\/1924___BACTIPLUS_.png\",\"width\":751,\"height\":800},{\"@type\":\"BreadcrumbList\",\"@id\":\"https:\\\/\\\/www.hydrachim.fr\\\/en\\\/produit\\\/bacti_plus_002192401\\\/#breadcrumb\",\"itemListElement\":[{\"@type\":\"ListItem\",\"position\":1,\"name\":\"Home\",\"item\":\"https:\\\/\\\/www.hydrachim.fr\\\/en\\\/\"},{\"@type\":\"ListItem\",\"position\":2,\"name\":\"Boutique\",\"item\":\"https:\\\/\\\/www.hydrachim.fr\\\/boutique\\\/\"},{\"@type\":\"ListItem\",\"position\":3,\"name\":\"Bacti Plus\"}]},{\"@type\":\"WebSite\",\"@id\":\"https:\\\/\\\/www.hydrachim.fr\\\/en\\\/#website\",\"url\":\"https:\\\/\\\/www.hydrachim.fr\\\/en\\\/\",\"name\":\"Hydrachim\",\"description\":\"La science de l&#039;hygi\u00e8ne\",\"potentialAction\":[{\"@type\":\"SearchAction\",\"target\":{\"@type\":\"EntryPoint\",\"urlTemplate\":\"https:\\\/\\\/www.hydrachim.fr\\\/en\\\/?s={search_term_string}\"},\"query-input\":{\"@type\":\"PropertyValueSpecification\",\"valueRequired\":true,\"valueName\":\"search_term_string\"}}],\"inLanguage\":\"en-US\"}]}<\/script>\n<!-- \/ Yoast SEO plugin. -->","yoast_head_json":{"title":"Poudre d\u00e9gradante des mati\u00e8res organiques - Bacti Plus - Hydrachim","description":"Bacti Plus est une poudre d\u00e9velopp\u00e9e pour la d\u00e9gradation des mati\u00e8res organiques et des graisses destin\u00e9es aux bacs \u00e0 graisses, fosses septiques et...","robots":{"index":"index","follow":"follow","max-snippet":"max-snippet:-1","max-image-preview":"max-image-preview:large","max-video-preview":"max-video-preview:-1"},"canonical":"https:\/\/www.hydrachim.fr\/en\/produit\/bacti_plus_002192401\/","og_locale":"en_US","og_type":"article","og_title":"Poudre d\u00e9gradante des mati\u00e8res organiques - Bacti Plus - Hydrachim","og_description":"Bacti Plus est une poudre d\u00e9velopp\u00e9e pour la d\u00e9gradation des mati\u00e8res organiques et des graisses destin\u00e9es aux bacs \u00e0 graisses, fosses septiques et...","og_url":"https:\/\/www.hydrachim.fr\/en\/produit\/bacti_plus_002192401\/","og_site_name":"Hydrachim","article_modified_time":"2024-06-20T12:06:36+00:00","og_image":[{"width":600,"height":936,"url":"https:\/\/www.hydrachim.fr\/app\/uploads\/2019\/10\/1924_bactiplus.png","type":"image\/png"}],"twitter_card":"summary_large_image","twitter_misc":{"Est. reading time":"1 minute"},"schema":{"@context":"https:\/\/schema.org","@graph":[{"@type":"WebPage","@id":"https:\/\/www.hydrachim.fr\/en\/produit\/bacti_plus_002192401\/","url":"https:\/\/www.hydrachim.fr\/en\/produit\/bacti_plus_002192401\/","name":"Poudre d\u00e9gradante des mati\u00e8res organiques - Bacti Plus - Hydrachim","isPartOf":{"@id":"https:\/\/www.hydrachim.fr\/en\/#website"},"primaryImageOfPage":{"@id":"https:\/\/www.hydrachim.fr\/en\/produit\/bacti_plus_002192401\/#primaryimage"},"image":{"@id":"https:\/\/www.hydrachim.fr\/en\/produit\/bacti_plus_002192401\/#primaryimage"},"thumbnailUrl":"https:\/\/www.hydrachim.fr\/app\/uploads\/2024\/06\/1924___BACTIPLUS_.png","datePublished":"2019-08-06T13:43:07+00:00","dateModified":"2024-06-20T12:06:36+00:00","description":"Bacti Plus est une poudre d\u00e9velopp\u00e9e pour la d\u00e9gradation des mati\u00e8res organiques et des graisses destin\u00e9es aux bacs \u00e0 graisses, fosses septiques et...","breadcrumb":{"@id":"https:\/\/www.hydrachim.fr\/en\/produit\/bacti_plus_002192401\/#breadcrumb"},"inLanguage":"en-US","potentialAction":[{"@type":"ReadAction","target":["https:\/\/www.hydrachim.fr\/en\/produit\/bacti_plus_002192401\/"]}]},{"@type":"ImageObject","inLanguage":"en-US","@id":"https:\/\/www.hydrachim.fr\/en\/produit\/bacti_plus_002192401\/#primaryimage","url":"https:\/\/www.hydrachim.fr\/app\/uploads\/2024\/06\/1924___BACTIPLUS_.png","contentUrl":"https:\/\/www.hydrachim.fr\/app\/uploads\/2024\/06\/1924___BACTIPLUS_.png","width":751,"height":800},{"@type":"BreadcrumbList","@id":"https:\/\/www.hydrachim.fr\/en\/produit\/bacti_plus_002192401\/#breadcrumb","itemListElement":[{"@type":"ListItem","position":1,"name":"Home","item":"https:\/\/www.hydrachim.fr\/en\/"},{"@type":"ListItem","position":2,"name":"Boutique","item":"https:\/\/www.hydrachim.fr\/boutique\/"},{"@type":"ListItem","position":3,"name":"Bacti Plus"}]},{"@type":"WebSite","@id":"https:\/\/www.hydrachim.fr\/en\/#website","url":"https:\/\/www.hydrachim.fr\/en\/","name":"Hydrachim","description":"La science de l&#039;hygi\u00e8ne","potentialAction":[{"@type":"SearchAction","target":{"@type":"EntryPoint","urlTemplate":"https:\/\/www.hydrachim.fr\/en\/?s={search_term_string}"},"query-input":{"@type":"PropertyValueSpecification","valueRequired":true,"valueName":"search_term_string"}}],"inLanguage":"en-US"}]}},"acf":{"fiche_technique":"https:\/\/www.hydrachim.fr\/app\/uploads\/2024\/06\/FT___ACTEMIA___1924___BACTI_PLUS.pdf","fiche_methode":"https:\/\/www.hydrachim.fr\/app\/uploads\/2019\/09\/1924-BACTIPLUS-ACTEMIA-h.pdf"},"_links":{"self":[{"href":"https:\/\/www.hydrachim.fr\/en\/wp-json\/wp\/v2\/product\/3343","targetHints":{"allow":["GET"]}}],"collection":[{"href":"https:\/\/www.hydrachim.fr\/en\/wp-json\/wp\/v2\/product"}],"about":[{"href":"https:\/\/www.hydrachim.fr\/en\/wp-json\/wp\/v2\/types\/product"}],"wp:featuredmedia":[{"embeddable":true,"href":"https:\/\/www.hydrachim.fr\/en\/wp-json\/wp\/v2\/media\/17833"}],"wp:attachment":[{"href":"https:\/\/www.hydrachim.fr\/en\/wp-json\/wp\/v2\/media?parent=3343"}],"wp:term":[{"taxonomy":"product_brand","embeddable":true,"href":"https:\/\/www.hydrachim.fr\/en\/wp-json\/wp\/v2\/product_brand?post=3343"},{"taxonomy":"product_type","embeddable":true,"href":"https:\/\/www.hydrachim.fr\/en\/wp-json\/wp\/v2\/product_type?post=3343"},{"taxonomy":"product_visibility","embeddable":true,"href":"https:\/\/www.hydrachim.fr\/en\/wp-json\/wp\/v2\/product_visibility?post=3343"},{"taxonomy":"product_cat","embeddable":true,"href":"https:\/\/www.hydrachim.fr\/en\/wp-json\/wp\/v2\/product_cat?post=3343"}],"curies":[{"name":"wp","href":"https:\/\/api.w.org\/{rel}","templated":true}]}}