{"id":3340,"date":"2019-08-06T15:43:04","date_gmt":"2019-08-06T13:43:04","guid":{"rendered":"https:\/\/www.hydrachim.fr\/product\/senet-creme-mains\/"},"modified":"2026-03-11T15:49:32","modified_gmt":"2026-03-11T13:49:32","slug":"vent_de_rose_002062414","status":"publish","type":"product","link":"https:\/\/www.hydrachim.fr\/en\/produit\/vent_de_rose_002062414\/","title":{"rendered":"Vent de rose"},"content":{"rendered":"<p><strong>Vent de rose est une cr\u00e8me nacr\u00e9e, douce et parfum\u00e9e pour le lavage des mains et laisse un agr\u00e9able parfum de rose blanche. <\/strong><\/p>\n<p>Vent de rose est un produit qui est con\u00e7u pour le nettoyage r\u00e9gulier des mains.<br \/>\nLe choix du parfum contribue \u00e0 en faire un produit agr\u00e9able \u00e0 l&#8217;usage.\n<\/p>\n<p><strong>Disponible en :<br \/>\n&#8211; Carton de 6 x 500mL. R\u00e9f : 002062414<br \/>\n&#8211; Carton de 4 x 5L. R\u00e9f : 002062481<\/strong><\/p>\n<p class=\"y-product y-product__product-subtitle\">Avantage :<\/p>\n<p>Vent de rose respecte le pH de la peau.<\/p>\n<p>Retrouvez le mode d&#8217;emploi et le dosage du produit en t\u00e9l\u00e9chargeant, ci-dessous, sa Fiche Technique et\/ou sa Fiche M\u00e9thode.<\/p>\n<p><em>Ingr\u00e9dients : AQUA, SODIUM CHLORIDE, SODIUM LAURETH SULFATE, GLYCOL CETEARATE, CITRIC ACID, COCAMIDOPROPYL BETAINE, PARFUM, METHYLCHLOROISOTHIAZOLINONE, METHYLISOTHIAZOLINONE, SODIUM HYDROXIDE.<\/em><\/p>\n","protected":false},"excerpt":{"rendered":"<p>Cr\u00e8me lavante pour les mains au parfum rose blanche.<\/p>\n","protected":false},"featured_media":30550,"template":"","meta":[],"product_brand":[],"product_type":[2],"product_visibility":[],"product_cat":[4138,4137,4295],"class_list":{"0":"post-3340","1":"product","2":"type-product","3":"status-publish","4":"has-post-thumbnail","6":"product_cat-produits-produitsmains-corpscremes-lavantes-pour-les-mains","7":"product_cat-produitsmains-corps","8":"product_cat-marquessimplement","9":"product_tag-creme","10":"product_tag-lavage","11":"product_tag-liquide","12":"product_tag-mains","14":"first","15":"instock","16":"shipping-taxable","17":"product-type-simple"},"yoast_head":"<!-- This site is optimized with the Yoast SEO plugin v27.6 - https:\/\/yoast.com\/product\/yoast-seo-wordpress\/ -->\n<title>Vent de rose - Cr\u00e8me nacr\u00e9e lavante pour les mains - Hydrachim<\/title>\n<meta name=\"description\" content=\"Vent de rose est une cr\u00e8me nacr\u00e9e d\u00e9velopp\u00e9e et con\u00e7ue pour un nettoyage fr\u00e9quent des mains au pH neutre laissant un agr\u00e9able parfum de rose blanche.\" \/>\n<meta name=\"robots\" content=\"index, follow, max-snippet:-1, max-image-preview:large, max-video-preview:-1\" \/>\n<link rel=\"canonical\" href=\"https:\/\/www.hydrachim.fr\/en\/produit\/vent_de_rose_002062414\/\" \/>\n<meta property=\"og:locale\" content=\"en_US\" \/>\n<meta property=\"og:type\" content=\"article\" \/>\n<meta property=\"og:title\" content=\"Vent de rose - Cr\u00e8me nacr\u00e9e lavante pour les mains - Hydrachim\" \/>\n<meta property=\"og:description\" content=\"Vent de rose est une cr\u00e8me nacr\u00e9e d\u00e9velopp\u00e9e et con\u00e7ue pour un nettoyage fr\u00e9quent des mains au pH neutre laissant un agr\u00e9able parfum de rose blanche.\" \/>\n<meta property=\"og:url\" content=\"https:\/\/www.hydrachim.fr\/en\/produit\/vent_de_rose_002062414\/\" \/>\n<meta property=\"og:site_name\" content=\"Hydrachim\" \/>\n<meta property=\"article:modified_time\" content=\"2026-03-11T13:49:32+00:00\" \/>\n<meta property=\"og:image\" content=\"https:\/\/www.hydrachim.fr\/app\/uploads\/2026\/03\/SIMPLEMENT___0624___VENT_DE_ROSE___500ML_NC.png\" \/>\n\t<meta property=\"og:image:width\" content=\"600\" \/>\n\t<meta property=\"og:image:height\" content=\"1000\" \/>\n\t<meta property=\"og:image:type\" content=\"image\/png\" \/>\n<meta name=\"twitter:card\" content=\"summary_large_image\" \/>\n<meta name=\"twitter:label1\" content=\"Est. reading time\" \/>\n\t<meta name=\"twitter:data1\" content=\"1 minute\" \/>\n<script type=\"application\/ld+json\" class=\"yoast-schema-graph\">{\"@context\":\"https:\\\/\\\/schema.org\",\"@graph\":[{\"@type\":\"WebPage\",\"@id\":\"https:\\\/\\\/www.hydrachim.fr\\\/en\\\/produit\\\/vent_de_rose_002062414\\\/\",\"url\":\"https:\\\/\\\/www.hydrachim.fr\\\/en\\\/produit\\\/vent_de_rose_002062414\\\/\",\"name\":\"Vent de rose - Cr\u00e8me nacr\u00e9e lavante pour les mains - Hydrachim\",\"isPartOf\":{\"@id\":\"https:\\\/\\\/www.hydrachim.fr\\\/en\\\/#website\"},\"primaryImageOfPage\":{\"@id\":\"https:\\\/\\\/www.hydrachim.fr\\\/en\\\/produit\\\/vent_de_rose_002062414\\\/#primaryimage\"},\"image\":{\"@id\":\"https:\\\/\\\/www.hydrachim.fr\\\/en\\\/produit\\\/vent_de_rose_002062414\\\/#primaryimage\"},\"thumbnailUrl\":\"https:\\\/\\\/www.hydrachim.fr\\\/app\\\/uploads\\\/2026\\\/03\\\/SIMPLEMENT___0624___VENT_DE_ROSE___500ML_NC.png\",\"datePublished\":\"2019-08-06T13:43:04+00:00\",\"dateModified\":\"2026-03-11T13:49:32+00:00\",\"description\":\"Vent de rose est une cr\u00e8me nacr\u00e9e d\u00e9velopp\u00e9e et con\u00e7ue pour un nettoyage fr\u00e9quent des mains au pH neutre laissant un agr\u00e9able parfum de rose blanche.\",\"breadcrumb\":{\"@id\":\"https:\\\/\\\/www.hydrachim.fr\\\/en\\\/produit\\\/vent_de_rose_002062414\\\/#breadcrumb\"},\"inLanguage\":\"en-US\",\"potentialAction\":[{\"@type\":\"ReadAction\",\"target\":[\"https:\\\/\\\/www.hydrachim.fr\\\/en\\\/produit\\\/vent_de_rose_002062414\\\/\"]}]},{\"@type\":\"ImageObject\",\"inLanguage\":\"en-US\",\"@id\":\"https:\\\/\\\/www.hydrachim.fr\\\/en\\\/produit\\\/vent_de_rose_002062414\\\/#primaryimage\",\"url\":\"https:\\\/\\\/www.hydrachim.fr\\\/app\\\/uploads\\\/2026\\\/03\\\/SIMPLEMENT___0624___VENT_DE_ROSE___500ML_NC.png\",\"contentUrl\":\"https:\\\/\\\/www.hydrachim.fr\\\/app\\\/uploads\\\/2026\\\/03\\\/SIMPLEMENT___0624___VENT_DE_ROSE___500ML_NC.png\",\"width\":600,\"height\":1000},{\"@type\":\"BreadcrumbList\",\"@id\":\"https:\\\/\\\/www.hydrachim.fr\\\/en\\\/produit\\\/vent_de_rose_002062414\\\/#breadcrumb\",\"itemListElement\":[{\"@type\":\"ListItem\",\"position\":1,\"name\":\"Home\",\"item\":\"https:\\\/\\\/www.hydrachim.fr\\\/en\\\/\"},{\"@type\":\"ListItem\",\"position\":2,\"name\":\"Boutique\",\"item\":\"https:\\\/\\\/www.hydrachim.fr\\\/boutique\\\/\"},{\"@type\":\"ListItem\",\"position\":3,\"name\":\"Vent de rose\"}]},{\"@type\":\"WebSite\",\"@id\":\"https:\\\/\\\/www.hydrachim.fr\\\/en\\\/#website\",\"url\":\"https:\\\/\\\/www.hydrachim.fr\\\/en\\\/\",\"name\":\"Hydrachim\",\"description\":\"La science de l&#039;hygi\u00e8ne\",\"potentialAction\":[{\"@type\":\"SearchAction\",\"target\":{\"@type\":\"EntryPoint\",\"urlTemplate\":\"https:\\\/\\\/www.hydrachim.fr\\\/en\\\/?s={search_term_string}\"},\"query-input\":{\"@type\":\"PropertyValueSpecification\",\"valueRequired\":true,\"valueName\":\"search_term_string\"}}],\"inLanguage\":\"en-US\"}]}<\/script>\n<!-- \/ Yoast SEO plugin. -->","yoast_head_json":{"title":"Vent de rose - Cr\u00e8me nacr\u00e9e lavante pour les mains - Hydrachim","description":"Vent de rose est une cr\u00e8me nacr\u00e9e d\u00e9velopp\u00e9e et con\u00e7ue pour un nettoyage fr\u00e9quent des mains au pH neutre laissant un agr\u00e9able parfum de rose blanche.","robots":{"index":"index","follow":"follow","max-snippet":"max-snippet:-1","max-image-preview":"max-image-preview:large","max-video-preview":"max-video-preview:-1"},"canonical":"https:\/\/www.hydrachim.fr\/en\/produit\/vent_de_rose_002062414\/","og_locale":"en_US","og_type":"article","og_title":"Vent de rose - Cr\u00e8me nacr\u00e9e lavante pour les mains - Hydrachim","og_description":"Vent de rose est une cr\u00e8me nacr\u00e9e d\u00e9velopp\u00e9e et con\u00e7ue pour un nettoyage fr\u00e9quent des mains au pH neutre laissant un agr\u00e9able parfum de rose blanche.","og_url":"https:\/\/www.hydrachim.fr\/en\/produit\/vent_de_rose_002062414\/","og_site_name":"Hydrachim","article_modified_time":"2026-03-11T13:49:32+00:00","og_image":[{"width":600,"height":1000,"url":"https:\/\/www.hydrachim.fr\/app\/uploads\/2026\/03\/SIMPLEMENT___0624___VENT_DE_ROSE___500ML_NC.png","type":"image\/png"}],"twitter_card":"summary_large_image","twitter_misc":{"Est. reading time":"1 minute"},"schema":{"@context":"https:\/\/schema.org","@graph":[{"@type":"WebPage","@id":"https:\/\/www.hydrachim.fr\/en\/produit\/vent_de_rose_002062414\/","url":"https:\/\/www.hydrachim.fr\/en\/produit\/vent_de_rose_002062414\/","name":"Vent de rose - Cr\u00e8me nacr\u00e9e lavante pour les mains - Hydrachim","isPartOf":{"@id":"https:\/\/www.hydrachim.fr\/en\/#website"},"primaryImageOfPage":{"@id":"https:\/\/www.hydrachim.fr\/en\/produit\/vent_de_rose_002062414\/#primaryimage"},"image":{"@id":"https:\/\/www.hydrachim.fr\/en\/produit\/vent_de_rose_002062414\/#primaryimage"},"thumbnailUrl":"https:\/\/www.hydrachim.fr\/app\/uploads\/2026\/03\/SIMPLEMENT___0624___VENT_DE_ROSE___500ML_NC.png","datePublished":"2019-08-06T13:43:04+00:00","dateModified":"2026-03-11T13:49:32+00:00","description":"Vent de rose est une cr\u00e8me nacr\u00e9e d\u00e9velopp\u00e9e et con\u00e7ue pour un nettoyage fr\u00e9quent des mains au pH neutre laissant un agr\u00e9able parfum de rose blanche.","breadcrumb":{"@id":"https:\/\/www.hydrachim.fr\/en\/produit\/vent_de_rose_002062414\/#breadcrumb"},"inLanguage":"en-US","potentialAction":[{"@type":"ReadAction","target":["https:\/\/www.hydrachim.fr\/en\/produit\/vent_de_rose_002062414\/"]}]},{"@type":"ImageObject","inLanguage":"en-US","@id":"https:\/\/www.hydrachim.fr\/en\/produit\/vent_de_rose_002062414\/#primaryimage","url":"https:\/\/www.hydrachim.fr\/app\/uploads\/2026\/03\/SIMPLEMENT___0624___VENT_DE_ROSE___500ML_NC.png","contentUrl":"https:\/\/www.hydrachim.fr\/app\/uploads\/2026\/03\/SIMPLEMENT___0624___VENT_DE_ROSE___500ML_NC.png","width":600,"height":1000},{"@type":"BreadcrumbList","@id":"https:\/\/www.hydrachim.fr\/en\/produit\/vent_de_rose_002062414\/#breadcrumb","itemListElement":[{"@type":"ListItem","position":1,"name":"Home","item":"https:\/\/www.hydrachim.fr\/en\/"},{"@type":"ListItem","position":2,"name":"Boutique","item":"https:\/\/www.hydrachim.fr\/boutique\/"},{"@type":"ListItem","position":3,"name":"Vent de rose"}]},{"@type":"WebSite","@id":"https:\/\/www.hydrachim.fr\/en\/#website","url":"https:\/\/www.hydrachim.fr\/en\/","name":"Hydrachim","description":"La science de l&#039;hygi\u00e8ne","potentialAction":[{"@type":"SearchAction","target":{"@type":"EntryPoint","urlTemplate":"https:\/\/www.hydrachim.fr\/en\/?s={search_term_string}"},"query-input":{"@type":"PropertyValueSpecification","valueRequired":true,"valueName":"search_term_string"}}],"inLanguage":"en-US"}]}},"acf":{"fiche_technique":"https:\/\/www.hydrachim.fr\/app\/uploads\/2026\/03\/FT_SIMPLEMENT___0624___VENT_DE_ROSE.pdf","fiche_methode":""},"_links":{"self":[{"href":"https:\/\/www.hydrachim.fr\/en\/wp-json\/wp\/v2\/product\/3340","targetHints":{"allow":["GET"]}}],"collection":[{"href":"https:\/\/www.hydrachim.fr\/en\/wp-json\/wp\/v2\/product"}],"about":[{"href":"https:\/\/www.hydrachim.fr\/en\/wp-json\/wp\/v2\/types\/product"}],"wp:featuredmedia":[{"embeddable":true,"href":"https:\/\/www.hydrachim.fr\/en\/wp-json\/wp\/v2\/media\/30550"}],"wp:attachment":[{"href":"https:\/\/www.hydrachim.fr\/en\/wp-json\/wp\/v2\/media?parent=3340"}],"wp:term":[{"taxonomy":"product_brand","embeddable":true,"href":"https:\/\/www.hydrachim.fr\/en\/wp-json\/wp\/v2\/product_brand?post=3340"},{"taxonomy":"product_type","embeddable":true,"href":"https:\/\/www.hydrachim.fr\/en\/wp-json\/wp\/v2\/product_type?post=3340"},{"taxonomy":"product_visibility","embeddable":true,"href":"https:\/\/www.hydrachim.fr\/en\/wp-json\/wp\/v2\/product_visibility?post=3340"},{"taxonomy":"product_cat","embeddable":true,"href":"https:\/\/www.hydrachim.fr\/en\/wp-json\/wp\/v2\/product_cat?post=3340"}],"curies":[{"name":"wp","href":"https:\/\/api.w.org\/{rel}","templated":true}]}}