{"id":3337,"date":"2019-08-06T15:43:02","date_gmt":"2019-08-06T13:43:02","guid":{"rendered":"https:\/\/www.hydrachim.fr\/product\/capiodine\/"},"modified":"2026-04-13T11:24:15","modified_gmt":"2026-04-13T09:24:15","slug":"cap_iodine_001113105","status":"publish","type":"product","link":"https:\/\/www.hydrachim.fr\/en\/produit\/cap_iodine_001113105\/","title":{"rendered":"Cap&#8217; iodine"},"content":{"rendered":"<p><strong>D\u00e9sinfection et protection du trayon apr\u00e8s la traite.<\/strong><\/p>\n<p>CAP IODINE est un produit pour la d\u00e9sinfection et le soin des trayons apr\u00e8s la traite, \u00e0 base de polyvinylpyrrolidone iod\u00e9e, agent biocide reconnu pour son spectre d\u2019action tr\u00e8s large.<br \/>\nL&#8217;iode sous forme PVPi pr\u00e9sent dans CAP IODINE assure une efficacit\u00e9 d\u00e9sinfectante optimale \u00e0 l&#8217;op\u00e9ration de trempage des trayons apr\u00e8s la traite.<br \/>\nCAP IODINE laisse un film visible jusqu\u2019\u00e0 la traite suivante.<br \/>\nUn produit BIOCIDE efficace, bact\u00e9ricide, levuricide, pr\u00e9servant l\u2019int\u00e9grit\u00e9 et la souplesse du trayon.<br \/>\nBact\u00e9ricide selon la norme EN 1656 et EN 16437.<br \/>\nLevuricide selon la norme EN 1657 et EN 16437.<br \/>\nProduit utilisable en agriculture biologique conforme au reglement (UE) 2018\/848 (et ses amendements).<\/p>\n<p><strong>Disponible :<br \/>\n&#8211; Bidon de 20kg. R\u00e9f. 001113101.<br \/>\n&#8211; F\u00fbt de 60 kg. R\u00e9f. 001113103.<br \/>\n&#8211; F\u00fbt de 200kg. R\u00e9f. 001113107.<br \/>\n<\/strong><\/p>\n<p class=\"y-product y-product__product-subtitle\">Avantage :<\/p>\n<p>Le Cap&#8217;iodine prot\u00e8ge dans toutes les situations d&#8217;\u00e9levage, m\u00eame les plus extr\u00eames. Film r\u00e9sistant \u00ab Effet capote \u00bb.<\/p>\n<p>Retrouvez le mode d&#8217;emploi et le d\u00e9tail des efficacit\u00e9s biocides, en t\u00e9l\u00e9chargeant la Fiche Technique.<\/p>\n<p><em>Utiliser les biocides avec pr\u00e9cautions. Consulter la documentation avant la premi\u00e8re utilisation.<\/em><\/p>\n","protected":false},"excerpt":{"rendered":"<p>Hygi\u00e8ne du trayon apr\u00e8s traite, filmog\u00e8ne \u00e9pais pr\u00eat \u00e0 l&#8217;emploi.<\/p>\n","protected":false},"featured_media":30470,"template":"","meta":[],"product_brand":[],"product_type":[2],"product_visibility":[],"product_cat":[4154,3985],"class_list":{"0":"post-3337","1":"product","2":"type-product","3":"status-publish","4":"has-post-thumbnail","6":"product_cat-marqueshydrachim-elevage","7":"product_cat-hygiene-mamelle","8":"product_tag-apres-traite","9":"product_tag-bactericide","10":"product_tag-barriere","11":"product_tag-desinfectant","12":"product_tag-economique","13":"product_tag-effet-capote","14":"product_tag-filmogne","15":"product_tag-mamelle","16":"product_tag-pret-a-lemploi","17":"product_tag-protection","18":"product_tag-trempage","20":"first","21":"instock","22":"shipping-taxable","23":"product-type-simple"},"yoast_head":"<!-- This site is optimized with the Yoast SEO plugin v27.5 - https:\/\/yoast.com\/product\/yoast-seo-wordpress\/ -->\n<title>Cap&#039; iodine - Hydrachim<\/title>\n<meta name=\"robots\" content=\"index, follow, max-snippet:-1, max-image-preview:large, max-video-preview:-1\" \/>\n<link rel=\"canonical\" href=\"https:\/\/www.hydrachim.fr\/en\/produit\/cap_iodine_001113105\/\" \/>\n<meta property=\"og:locale\" content=\"en_US\" \/>\n<meta property=\"og:type\" content=\"article\" \/>\n<meta property=\"og:title\" content=\"Cap&#039; iodine - Hydrachim\" \/>\n<meta property=\"og:description\" content=\"Hygi\u00e8ne du trayon apr\u00e8s traite, filmog\u00e8ne \u00e9pais pr\u00eat \u00e0 l&#039;emploi.\" \/>\n<meta property=\"og:url\" content=\"https:\/\/www.hydrachim.fr\/en\/produit\/cap_iodine_001113105\/\" \/>\n<meta property=\"og:site_name\" content=\"Hydrachim\" \/>\n<meta property=\"article:modified_time\" content=\"2026-04-13T09:24:15+00:00\" \/>\n<meta property=\"og:image\" content=\"https:\/\/www.hydrachim.fr\/app\/uploads\/2026\/03\/001113105_CapIodine_20kg_mercury.png\" \/>\n\t<meta property=\"og:image:width\" content=\"817\" \/>\n\t<meta property=\"og:image:height\" content=\"1103\" \/>\n\t<meta property=\"og:image:type\" content=\"image\/png\" \/>\n<meta name=\"twitter:card\" content=\"summary_large_image\" \/>\n<meta name=\"twitter:label1\" content=\"Est. reading time\" \/>\n\t<meta name=\"twitter:data1\" content=\"1 minute\" \/>\n<script type=\"application\/ld+json\" class=\"yoast-schema-graph\">{\"@context\":\"https:\\\/\\\/schema.org\",\"@graph\":[{\"@type\":\"WebPage\",\"@id\":\"https:\\\/\\\/www.hydrachim.fr\\\/en\\\/produit\\\/cap_iodine_001113105\\\/\",\"url\":\"https:\\\/\\\/www.hydrachim.fr\\\/en\\\/produit\\\/cap_iodine_001113105\\\/\",\"name\":\"Cap' iodine - Hydrachim\",\"isPartOf\":{\"@id\":\"https:\\\/\\\/www.hydrachim.fr\\\/en\\\/#website\"},\"primaryImageOfPage\":{\"@id\":\"https:\\\/\\\/www.hydrachim.fr\\\/en\\\/produit\\\/cap_iodine_001113105\\\/#primaryimage\"},\"image\":{\"@id\":\"https:\\\/\\\/www.hydrachim.fr\\\/en\\\/produit\\\/cap_iodine_001113105\\\/#primaryimage\"},\"thumbnailUrl\":\"https:\\\/\\\/www.hydrachim.fr\\\/app\\\/uploads\\\/2026\\\/03\\\/001113105_CapIodine_20kg_mercury.png\",\"datePublished\":\"2019-08-06T13:43:02+00:00\",\"dateModified\":\"2026-04-13T09:24:15+00:00\",\"breadcrumb\":{\"@id\":\"https:\\\/\\\/www.hydrachim.fr\\\/en\\\/produit\\\/cap_iodine_001113105\\\/#breadcrumb\"},\"inLanguage\":\"en-US\",\"potentialAction\":[{\"@type\":\"ReadAction\",\"target\":[\"https:\\\/\\\/www.hydrachim.fr\\\/en\\\/produit\\\/cap_iodine_001113105\\\/\"]}]},{\"@type\":\"ImageObject\",\"inLanguage\":\"en-US\",\"@id\":\"https:\\\/\\\/www.hydrachim.fr\\\/en\\\/produit\\\/cap_iodine_001113105\\\/#primaryimage\",\"url\":\"https:\\\/\\\/www.hydrachim.fr\\\/app\\\/uploads\\\/2026\\\/03\\\/001113105_CapIodine_20kg_mercury.png\",\"contentUrl\":\"https:\\\/\\\/www.hydrachim.fr\\\/app\\\/uploads\\\/2026\\\/03\\\/001113105_CapIodine_20kg_mercury.png\",\"width\":817,\"height\":1103},{\"@type\":\"BreadcrumbList\",\"@id\":\"https:\\\/\\\/www.hydrachim.fr\\\/en\\\/produit\\\/cap_iodine_001113105\\\/#breadcrumb\",\"itemListElement\":[{\"@type\":\"ListItem\",\"position\":1,\"name\":\"Home\",\"item\":\"https:\\\/\\\/www.hydrachim.fr\\\/en\\\/\"},{\"@type\":\"ListItem\",\"position\":2,\"name\":\"Boutique\",\"item\":\"https:\\\/\\\/www.hydrachim.fr\\\/boutique\\\/\"},{\"@type\":\"ListItem\",\"position\":3,\"name\":\"Cap&rsquo; iodine\"}]},{\"@type\":\"WebSite\",\"@id\":\"https:\\\/\\\/www.hydrachim.fr\\\/en\\\/#website\",\"url\":\"https:\\\/\\\/www.hydrachim.fr\\\/en\\\/\",\"name\":\"Hydrachim\",\"description\":\"La science de l&#039;hygi\u00e8ne\",\"potentialAction\":[{\"@type\":\"SearchAction\",\"target\":{\"@type\":\"EntryPoint\",\"urlTemplate\":\"https:\\\/\\\/www.hydrachim.fr\\\/en\\\/?s={search_term_string}\"},\"query-input\":{\"@type\":\"PropertyValueSpecification\",\"valueRequired\":true,\"valueName\":\"search_term_string\"}}],\"inLanguage\":\"en-US\"}]}<\/script>\n<!-- \/ Yoast SEO plugin. -->","yoast_head_json":{"title":"Cap' iodine - Hydrachim","robots":{"index":"index","follow":"follow","max-snippet":"max-snippet:-1","max-image-preview":"max-image-preview:large","max-video-preview":"max-video-preview:-1"},"canonical":"https:\/\/www.hydrachim.fr\/en\/produit\/cap_iodine_001113105\/","og_locale":"en_US","og_type":"article","og_title":"Cap' iodine - Hydrachim","og_description":"Hygi\u00e8ne du trayon apr\u00e8s traite, filmog\u00e8ne \u00e9pais pr\u00eat \u00e0 l'emploi.","og_url":"https:\/\/www.hydrachim.fr\/en\/produit\/cap_iodine_001113105\/","og_site_name":"Hydrachim","article_modified_time":"2026-04-13T09:24:15+00:00","og_image":[{"width":817,"height":1103,"url":"https:\/\/www.hydrachim.fr\/app\/uploads\/2026\/03\/001113105_CapIodine_20kg_mercury.png","type":"image\/png"}],"twitter_card":"summary_large_image","twitter_misc":{"Est. reading time":"1 minute"},"schema":{"@context":"https:\/\/schema.org","@graph":[{"@type":"WebPage","@id":"https:\/\/www.hydrachim.fr\/en\/produit\/cap_iodine_001113105\/","url":"https:\/\/www.hydrachim.fr\/en\/produit\/cap_iodine_001113105\/","name":"Cap' iodine - Hydrachim","isPartOf":{"@id":"https:\/\/www.hydrachim.fr\/en\/#website"},"primaryImageOfPage":{"@id":"https:\/\/www.hydrachim.fr\/en\/produit\/cap_iodine_001113105\/#primaryimage"},"image":{"@id":"https:\/\/www.hydrachim.fr\/en\/produit\/cap_iodine_001113105\/#primaryimage"},"thumbnailUrl":"https:\/\/www.hydrachim.fr\/app\/uploads\/2026\/03\/001113105_CapIodine_20kg_mercury.png","datePublished":"2019-08-06T13:43:02+00:00","dateModified":"2026-04-13T09:24:15+00:00","breadcrumb":{"@id":"https:\/\/www.hydrachim.fr\/en\/produit\/cap_iodine_001113105\/#breadcrumb"},"inLanguage":"en-US","potentialAction":[{"@type":"ReadAction","target":["https:\/\/www.hydrachim.fr\/en\/produit\/cap_iodine_001113105\/"]}]},{"@type":"ImageObject","inLanguage":"en-US","@id":"https:\/\/www.hydrachim.fr\/en\/produit\/cap_iodine_001113105\/#primaryimage","url":"https:\/\/www.hydrachim.fr\/app\/uploads\/2026\/03\/001113105_CapIodine_20kg_mercury.png","contentUrl":"https:\/\/www.hydrachim.fr\/app\/uploads\/2026\/03\/001113105_CapIodine_20kg_mercury.png","width":817,"height":1103},{"@type":"BreadcrumbList","@id":"https:\/\/www.hydrachim.fr\/en\/produit\/cap_iodine_001113105\/#breadcrumb","itemListElement":[{"@type":"ListItem","position":1,"name":"Home","item":"https:\/\/www.hydrachim.fr\/en\/"},{"@type":"ListItem","position":2,"name":"Boutique","item":"https:\/\/www.hydrachim.fr\/boutique\/"},{"@type":"ListItem","position":3,"name":"Cap&rsquo; iodine"}]},{"@type":"WebSite","@id":"https:\/\/www.hydrachim.fr\/en\/#website","url":"https:\/\/www.hydrachim.fr\/en\/","name":"Hydrachim","description":"La science de l&#039;hygi\u00e8ne","potentialAction":[{"@type":"SearchAction","target":{"@type":"EntryPoint","urlTemplate":"https:\/\/www.hydrachim.fr\/en\/?s={search_term_string}"},"query-input":{"@type":"PropertyValueSpecification","valueRequired":true,"valueName":"search_term_string"}}],"inLanguage":"en-US"}]}},"acf":{"fiche_technique":"https:\/\/www.hydrachim.fr\/app\/uploads\/2026\/04\/HYDRACHIM_ELEVAGE_FT1131_CAP_IODINE.pdf","fiche_methode":""},"_links":{"self":[{"href":"https:\/\/www.hydrachim.fr\/en\/wp-json\/wp\/v2\/product\/3337","targetHints":{"allow":["GET"]}}],"collection":[{"href":"https:\/\/www.hydrachim.fr\/en\/wp-json\/wp\/v2\/product"}],"about":[{"href":"https:\/\/www.hydrachim.fr\/en\/wp-json\/wp\/v2\/types\/product"}],"wp:featuredmedia":[{"embeddable":true,"href":"https:\/\/www.hydrachim.fr\/en\/wp-json\/wp\/v2\/media\/30470"}],"wp:attachment":[{"href":"https:\/\/www.hydrachim.fr\/en\/wp-json\/wp\/v2\/media?parent=3337"}],"wp:term":[{"taxonomy":"product_brand","embeddable":true,"href":"https:\/\/www.hydrachim.fr\/en\/wp-json\/wp\/v2\/product_brand?post=3337"},{"taxonomy":"product_type","embeddable":true,"href":"https:\/\/www.hydrachim.fr\/en\/wp-json\/wp\/v2\/product_type?post=3337"},{"taxonomy":"product_visibility","embeddable":true,"href":"https:\/\/www.hydrachim.fr\/en\/wp-json\/wp\/v2\/product_visibility?post=3337"},{"taxonomy":"product_cat","embeddable":true,"href":"https:\/\/www.hydrachim.fr\/en\/wp-json\/wp\/v2\/product_cat?post=3337"}],"curies":[{"name":"wp","href":"https:\/\/api.w.org\/{rel}","templated":true}]}}