{"id":3328,"date":"2019-08-06T15:42:53","date_gmt":"2019-08-06T13:42:53","guid":{"rendered":"https:\/\/www.hydrachim.fr\/product\/lactalin-chlore\/"},"modified":"2026-03-16T12:54:55","modified_gmt":"2026-03-16T10:54:55","slug":"lactalin_chlore_001100206","status":"publish","type":"product","link":"https:\/\/www.hydrachim.fr\/en\/produit\/lactalin_chlore_001100206\/","title":{"rendered":"Lactalin chlor\u00e9"},"content":{"rendered":"<p><strong>Lactalin chlor\u00e9 liquide est un produit d&#8217;hygi\u00e8ne non moussant d\u00e9velopp\u00e9 pour le nettoyage et la d\u00e9sinfection du mat\u00e9riel de traite.<\/strong><\/p>\n<p>Le Lactalin chlor\u00e9 est un produit qui est utilis\u00e9 pour \u00e9liminer les souillures organiques et min\u00e9rales et d\u00e9sinfecter totalement le mat\u00e9riel de traite. C&#8217;est un produit liquide alcalin chlor\u00e9 non moussant.<br \/>\nLe Lactalin chlor\u00e9 s&#8217;utilise en alternance avec Lactacid de mani\u00e8re \u00e0 assurer un nettoyage complet et \u00e9conomique.<br \/>\n*Conforme au r\u00e8glement europ\u00e9en agriculture biologique (UE) 2018\/848 (et ses amendements).\n<\/p>\n<p><strong>Disponible en :<br \/>\n&#8211; bidon de 12kg R\u00e9f. 001100282,<br \/>\n&#8211; bidon de 24kg R\u00e9f. 001100206,<br \/>\n&#8211; f\u00fbt de 72kg R\u00e9f. 001100207,<br \/>\n&#8211; f\u00fbt de 240kg R\u00e9f. 001100298,<br \/>\n&#8211; container de 1200kg R\u00e9f. 001100231.<\/strong><\/p>\n<p class=\"y-product y-product__product-subtitle\">Avantage :<\/p>\n<p>Le Lactalin chlor\u00e9 est un produit alcalin, nettoyant et d\u00e9sinfectant.<\/p>\n<p>Retrouvez le mode d&#8217;emploi et le dosage du produit en t\u00e9l\u00e9chargeant, ci-dessous, sa Fiche Technique.<\/p>\n<p><em>Utilisez les biocides avec pr\u00e9caution. Avant toute utilisation, lisez l&#8217;\u00e9tiquette et les informations concernant le produit.<br \/>\nAvant toute utilisation, assurez-vous que celle-ci est indispensable, notamment dans les lieux fr\u00e9quent\u00e9s par le grand public. Privil\u00e9giez chaque fois que possible les m\u00e9thodes alternatives et les produits pr\u00e9sentant le risque le plus faible pour la sant\u00e9.<br \/>\nTP4 : D\u00e9sinfectants pour les surfaces en contact avec les denr\u00e9es alimentaires et les aliments pour animaux.<\/em><\/p>\n","protected":false},"excerpt":{"rendered":"<p>Entretien et d\u00e9sinfection du mat\u00e9riel de traite.<\/p>\n","protected":false},"featured_media":30614,"template":"","meta":[],"product_brand":[],"product_type":[2],"product_visibility":[],"product_cat":[4154,4089],"class_list":{"0":"post-3328","1":"product","2":"type-product","3":"status-publish","4":"has-post-thumbnail","6":"product_cat-marqueshydrachim-elevage","7":"product_cat-elevagehygine-levage","8":"product_tag-chlore","9":"product_tag-circuit","10":"product_tag-desinfectant","11":"product_tag-liquide","12":"product_tag-materiel-de-traite","13":"product_tag-nettoyage","14":"product_tag-non-moussant","16":"first","17":"instock","18":"shipping-taxable","19":"product-type-simple"},"yoast_head":"<!-- This site is optimized with the Yoast SEO plugin v27.5 - https:\/\/yoast.com\/product\/yoast-seo-wordpress\/ -->\n<title>Lactalin chlor\u00e9 - Hydrachim<\/title>\n<meta name=\"robots\" content=\"index, follow, max-snippet:-1, max-image-preview:large, max-video-preview:-1\" \/>\n<link rel=\"canonical\" href=\"https:\/\/www.hydrachim.fr\/en\/produit\/lactalin_chlore_001100206\/\" \/>\n<meta property=\"og:locale\" content=\"en_US\" \/>\n<meta property=\"og:type\" content=\"article\" \/>\n<meta property=\"og:title\" content=\"Lactalin chlor\u00e9 - Hydrachim\" \/>\n<meta property=\"og:description\" content=\"Entretien et d\u00e9sinfection du mat\u00e9riel de traite.\" \/>\n<meta property=\"og:url\" content=\"https:\/\/www.hydrachim.fr\/en\/produit\/lactalin_chlore_001100206\/\" \/>\n<meta property=\"og:site_name\" content=\"Hydrachim\" \/>\n<meta property=\"article:modified_time\" content=\"2026-03-16T10:54:55+00:00\" \/>\n<meta property=\"og:image\" content=\"https:\/\/www.hydrachim.fr\/app\/uploads\/2026\/03\/001100206_Lactalinchlore_24kg_mercury.png\" \/>\n\t<meta property=\"og:image:width\" content=\"639\" \/>\n\t<meta property=\"og:image:height\" content=\"914\" \/>\n\t<meta property=\"og:image:type\" content=\"image\/png\" \/>\n<meta name=\"twitter:card\" content=\"summary_large_image\" \/>\n<meta name=\"twitter:label1\" content=\"Est. reading time\" \/>\n\t<meta name=\"twitter:data1\" content=\"1 minute\" \/>\n<script type=\"application\/ld+json\" class=\"yoast-schema-graph\">{\"@context\":\"https:\\\/\\\/schema.org\",\"@graph\":[{\"@type\":\"WebPage\",\"@id\":\"https:\\\/\\\/www.hydrachim.fr\\\/en\\\/produit\\\/lactalin_chlore_001100206\\\/\",\"url\":\"https:\\\/\\\/www.hydrachim.fr\\\/en\\\/produit\\\/lactalin_chlore_001100206\\\/\",\"name\":\"Lactalin chlor\u00e9 - Hydrachim\",\"isPartOf\":{\"@id\":\"https:\\\/\\\/www.hydrachim.fr\\\/en\\\/#website\"},\"primaryImageOfPage\":{\"@id\":\"https:\\\/\\\/www.hydrachim.fr\\\/en\\\/produit\\\/lactalin_chlore_001100206\\\/#primaryimage\"},\"image\":{\"@id\":\"https:\\\/\\\/www.hydrachim.fr\\\/en\\\/produit\\\/lactalin_chlore_001100206\\\/#primaryimage\"},\"thumbnailUrl\":\"https:\\\/\\\/www.hydrachim.fr\\\/app\\\/uploads\\\/2026\\\/03\\\/001100206_Lactalinchlore_24kg_mercury.png\",\"datePublished\":\"2019-08-06T13:42:53+00:00\",\"dateModified\":\"2026-03-16T10:54:55+00:00\",\"breadcrumb\":{\"@id\":\"https:\\\/\\\/www.hydrachim.fr\\\/en\\\/produit\\\/lactalin_chlore_001100206\\\/#breadcrumb\"},\"inLanguage\":\"en-US\",\"potentialAction\":[{\"@type\":\"ReadAction\",\"target\":[\"https:\\\/\\\/www.hydrachim.fr\\\/en\\\/produit\\\/lactalin_chlore_001100206\\\/\"]}]},{\"@type\":\"ImageObject\",\"inLanguage\":\"en-US\",\"@id\":\"https:\\\/\\\/www.hydrachim.fr\\\/en\\\/produit\\\/lactalin_chlore_001100206\\\/#primaryimage\",\"url\":\"https:\\\/\\\/www.hydrachim.fr\\\/app\\\/uploads\\\/2026\\\/03\\\/001100206_Lactalinchlore_24kg_mercury.png\",\"contentUrl\":\"https:\\\/\\\/www.hydrachim.fr\\\/app\\\/uploads\\\/2026\\\/03\\\/001100206_Lactalinchlore_24kg_mercury.png\",\"width\":639,\"height\":914},{\"@type\":\"BreadcrumbList\",\"@id\":\"https:\\\/\\\/www.hydrachim.fr\\\/en\\\/produit\\\/lactalin_chlore_001100206\\\/#breadcrumb\",\"itemListElement\":[{\"@type\":\"ListItem\",\"position\":1,\"name\":\"Home\",\"item\":\"https:\\\/\\\/www.hydrachim.fr\\\/en\\\/\"},{\"@type\":\"ListItem\",\"position\":2,\"name\":\"Boutique\",\"item\":\"https:\\\/\\\/www.hydrachim.fr\\\/boutique\\\/\"},{\"@type\":\"ListItem\",\"position\":3,\"name\":\"Lactalin chlor\u00e9\"}]},{\"@type\":\"WebSite\",\"@id\":\"https:\\\/\\\/www.hydrachim.fr\\\/en\\\/#website\",\"url\":\"https:\\\/\\\/www.hydrachim.fr\\\/en\\\/\",\"name\":\"Hydrachim\",\"description\":\"La science de l&#039;hygi\u00e8ne\",\"potentialAction\":[{\"@type\":\"SearchAction\",\"target\":{\"@type\":\"EntryPoint\",\"urlTemplate\":\"https:\\\/\\\/www.hydrachim.fr\\\/en\\\/?s={search_term_string}\"},\"query-input\":{\"@type\":\"PropertyValueSpecification\",\"valueRequired\":true,\"valueName\":\"search_term_string\"}}],\"inLanguage\":\"en-US\"}]}<\/script>\n<!-- \/ Yoast SEO plugin. -->","yoast_head_json":{"title":"Lactalin chlor\u00e9 - Hydrachim","robots":{"index":"index","follow":"follow","max-snippet":"max-snippet:-1","max-image-preview":"max-image-preview:large","max-video-preview":"max-video-preview:-1"},"canonical":"https:\/\/www.hydrachim.fr\/en\/produit\/lactalin_chlore_001100206\/","og_locale":"en_US","og_type":"article","og_title":"Lactalin chlor\u00e9 - Hydrachim","og_description":"Entretien et d\u00e9sinfection du mat\u00e9riel de traite.","og_url":"https:\/\/www.hydrachim.fr\/en\/produit\/lactalin_chlore_001100206\/","og_site_name":"Hydrachim","article_modified_time":"2026-03-16T10:54:55+00:00","og_image":[{"width":639,"height":914,"url":"https:\/\/www.hydrachim.fr\/app\/uploads\/2026\/03\/001100206_Lactalinchlore_24kg_mercury.png","type":"image\/png"}],"twitter_card":"summary_large_image","twitter_misc":{"Est. reading time":"1 minute"},"schema":{"@context":"https:\/\/schema.org","@graph":[{"@type":"WebPage","@id":"https:\/\/www.hydrachim.fr\/en\/produit\/lactalin_chlore_001100206\/","url":"https:\/\/www.hydrachim.fr\/en\/produit\/lactalin_chlore_001100206\/","name":"Lactalin chlor\u00e9 - Hydrachim","isPartOf":{"@id":"https:\/\/www.hydrachim.fr\/en\/#website"},"primaryImageOfPage":{"@id":"https:\/\/www.hydrachim.fr\/en\/produit\/lactalin_chlore_001100206\/#primaryimage"},"image":{"@id":"https:\/\/www.hydrachim.fr\/en\/produit\/lactalin_chlore_001100206\/#primaryimage"},"thumbnailUrl":"https:\/\/www.hydrachim.fr\/app\/uploads\/2026\/03\/001100206_Lactalinchlore_24kg_mercury.png","datePublished":"2019-08-06T13:42:53+00:00","dateModified":"2026-03-16T10:54:55+00:00","breadcrumb":{"@id":"https:\/\/www.hydrachim.fr\/en\/produit\/lactalin_chlore_001100206\/#breadcrumb"},"inLanguage":"en-US","potentialAction":[{"@type":"ReadAction","target":["https:\/\/www.hydrachim.fr\/en\/produit\/lactalin_chlore_001100206\/"]}]},{"@type":"ImageObject","inLanguage":"en-US","@id":"https:\/\/www.hydrachim.fr\/en\/produit\/lactalin_chlore_001100206\/#primaryimage","url":"https:\/\/www.hydrachim.fr\/app\/uploads\/2026\/03\/001100206_Lactalinchlore_24kg_mercury.png","contentUrl":"https:\/\/www.hydrachim.fr\/app\/uploads\/2026\/03\/001100206_Lactalinchlore_24kg_mercury.png","width":639,"height":914},{"@type":"BreadcrumbList","@id":"https:\/\/www.hydrachim.fr\/en\/produit\/lactalin_chlore_001100206\/#breadcrumb","itemListElement":[{"@type":"ListItem","position":1,"name":"Home","item":"https:\/\/www.hydrachim.fr\/en\/"},{"@type":"ListItem","position":2,"name":"Boutique","item":"https:\/\/www.hydrachim.fr\/boutique\/"},{"@type":"ListItem","position":3,"name":"Lactalin chlor\u00e9"}]},{"@type":"WebSite","@id":"https:\/\/www.hydrachim.fr\/en\/#website","url":"https:\/\/www.hydrachim.fr\/en\/","name":"Hydrachim","description":"La science de l&#039;hygi\u00e8ne","potentialAction":[{"@type":"SearchAction","target":{"@type":"EntryPoint","urlTemplate":"https:\/\/www.hydrachim.fr\/en\/?s={search_term_string}"},"query-input":{"@type":"PropertyValueSpecification","valueRequired":true,"valueName":"search_term_string"}}],"inLanguage":"en-US"}]}},"acf":{"fiche_technique":"https:\/\/www.hydrachim.fr\/app\/uploads\/2025\/12\/HYDRACHIM_ELEVAGE_FT1002_LACTALIN_CHLORE-1.pdf","fiche_methode":""},"_links":{"self":[{"href":"https:\/\/www.hydrachim.fr\/en\/wp-json\/wp\/v2\/product\/3328","targetHints":{"allow":["GET"]}}],"collection":[{"href":"https:\/\/www.hydrachim.fr\/en\/wp-json\/wp\/v2\/product"}],"about":[{"href":"https:\/\/www.hydrachim.fr\/en\/wp-json\/wp\/v2\/types\/product"}],"wp:featuredmedia":[{"embeddable":true,"href":"https:\/\/www.hydrachim.fr\/en\/wp-json\/wp\/v2\/media\/30614"}],"wp:attachment":[{"href":"https:\/\/www.hydrachim.fr\/en\/wp-json\/wp\/v2\/media?parent=3328"}],"wp:term":[{"taxonomy":"product_brand","embeddable":true,"href":"https:\/\/www.hydrachim.fr\/en\/wp-json\/wp\/v2\/product_brand?post=3328"},{"taxonomy":"product_type","embeddable":true,"href":"https:\/\/www.hydrachim.fr\/en\/wp-json\/wp\/v2\/product_type?post=3328"},{"taxonomy":"product_visibility","embeddable":true,"href":"https:\/\/www.hydrachim.fr\/en\/wp-json\/wp\/v2\/product_visibility?post=3328"},{"taxonomy":"product_cat","embeddable":true,"href":"https:\/\/www.hydrachim.fr\/en\/wp-json\/wp\/v2\/product_cat?post=3328"}],"curies":[{"name":"wp","href":"https:\/\/api.w.org\/{rel}","templated":true}]}}