{"id":3317,"date":"2019-08-06T15:42:43","date_gmt":"2019-08-06T13:42:43","guid":{"rendered":"https:\/\/www.hydrachim.fr\/product\/chlydra-bloc\/"},"modified":"2026-03-16T16:52:46","modified_gmt":"2026-03-16T14:52:46","slug":"chlydra_bloc_001201001","status":"publish","type":"product","link":"https:\/\/www.hydrachim.fr\/en\/produit\/chlydra_bloc_001201001\/","title":{"rendered":"Chlydra bloc"},"content":{"rendered":"<p><strong>Pastilles de 20g pour la potabilisation des eaux de boisson en \u00e9levage.<\/strong><\/p>\n<p>Chlydra bloc est une pastille effervescente, d\u00e9sinfectante et r\u00e9manente, qui est destin\u00e9e au traitement de l&#8217;eau de boisson des animaux.<br \/>\nLes risques les plus importants sont souvent dans les zones o\u00f9 l&#8217;eau stagne \u00e0 l&#8217;air libre, soumise \u00e0 des variations de temp\u00e9ratures comme les bacs \u00e0 eau ouverts, les tonnes \u00e0 eau, les abreuvoirs o\u00f9 il est n\u00e9cessaire d&#8217;avoir un produit de potabilisation.\u00a0<br \/>\nChlydra bloc r\u00e9siste aux ultraviolets et \u00e9vite ainsi la d\u00e9gradation rapide du chlore.<\/p>\n<p><strong>Disponible en :<br \/>\n&#8211; carton de 6 x pot de 1kg R\u00e9f. 001201001<br \/>\n&#8211; seau de 5kg R\u00e9f.001201002<\/strong><\/p>\n<p class=\"y-product y-product__product-subtitle\">Avantage :<\/p>\n<p>Chlydra bloc est facile \u00e0 transporter, \u00e0 stocker et \u00e0 mettre en oeuvre. Se conserve longtemps.<\/p>\n<p>Retrouvez le mode d&#8217;emploi et le dosage du produit en t\u00e9l\u00e9chargeant la Fiche Technique.<\/p>\n<p><em>Utilisez les biocides avec pr\u00e9caution. Avant toute utilisation, lisez l&#8217;\u00e9tiquette et les informations concernant le produit.<\/em><\/p>\n","protected":false},"excerpt":{"rendered":"<p>Potabilisation des eaux de boisson en \u00e9levage.<\/p>\n","protected":false},"featured_media":30641,"template":"","meta":[],"product_brand":[],"product_type":[2],"product_visibility":[],"product_cat":[4154,4089],"class_list":{"0":"post-3317","1":"product","2":"type-product","3":"status-publish","4":"has-post-thumbnail","6":"product_cat-marqueshydrachim-elevage","7":"product_cat-elevagehygine-levage","8":"product_tag-effervescent","9":"product_tag-liquide","10":"product_tag-pastille","11":"product_tag-potabilisation","13":"first","14":"instock","15":"shipping-taxable","16":"product-type-simple"},"yoast_head":"<!-- This site is optimized with the Yoast SEO plugin v27.5 - https:\/\/yoast.com\/product\/yoast-seo-wordpress\/ -->\n<title>Chlydra bloc - Hydrachim<\/title>\n<meta name=\"robots\" content=\"index, follow, max-snippet:-1, max-image-preview:large, max-video-preview:-1\" \/>\n<link rel=\"canonical\" href=\"https:\/\/www.hydrachim.fr\/en\/produit\/chlydra_bloc_001201001\/\" \/>\n<meta property=\"og:locale\" content=\"en_US\" \/>\n<meta property=\"og:type\" content=\"article\" \/>\n<meta property=\"og:title\" content=\"Chlydra bloc - Hydrachim\" \/>\n<meta property=\"og:description\" content=\"Potabilisation des eaux de boisson en \u00e9levage.\" \/>\n<meta property=\"og:url\" content=\"https:\/\/www.hydrachim.fr\/en\/produit\/chlydra_bloc_001201001\/\" \/>\n<meta property=\"og:site_name\" content=\"Hydrachim\" \/>\n<meta property=\"article:modified_time\" content=\"2026-03-16T14:52:46+00:00\" \/>\n<meta property=\"og:image\" content=\"https:\/\/www.hydrachim.fr\/app\/uploads\/2026\/03\/001201001_ChlydraBloc_1kg.png\" \/>\n\t<meta property=\"og:image:width\" content=\"899\" \/>\n\t<meta property=\"og:image:height\" content=\"1417\" \/>\n\t<meta property=\"og:image:type\" content=\"image\/png\" \/>\n<meta name=\"twitter:card\" content=\"summary_large_image\" \/>\n<meta name=\"twitter:label1\" content=\"Est. reading time\" \/>\n\t<meta name=\"twitter:data1\" content=\"1 minute\" \/>\n<script type=\"application\/ld+json\" class=\"yoast-schema-graph\">{\"@context\":\"https:\\\/\\\/schema.org\",\"@graph\":[{\"@type\":\"WebPage\",\"@id\":\"https:\\\/\\\/www.hydrachim.fr\\\/en\\\/produit\\\/chlydra_bloc_001201001\\\/\",\"url\":\"https:\\\/\\\/www.hydrachim.fr\\\/en\\\/produit\\\/chlydra_bloc_001201001\\\/\",\"name\":\"Chlydra bloc - Hydrachim\",\"isPartOf\":{\"@id\":\"https:\\\/\\\/www.hydrachim.fr\\\/en\\\/#website\"},\"primaryImageOfPage\":{\"@id\":\"https:\\\/\\\/www.hydrachim.fr\\\/en\\\/produit\\\/chlydra_bloc_001201001\\\/#primaryimage\"},\"image\":{\"@id\":\"https:\\\/\\\/www.hydrachim.fr\\\/en\\\/produit\\\/chlydra_bloc_001201001\\\/#primaryimage\"},\"thumbnailUrl\":\"https:\\\/\\\/www.hydrachim.fr\\\/app\\\/uploads\\\/2026\\\/03\\\/001201001_ChlydraBloc_1kg.png\",\"datePublished\":\"2019-08-06T13:42:43+00:00\",\"dateModified\":\"2026-03-16T14:52:46+00:00\",\"breadcrumb\":{\"@id\":\"https:\\\/\\\/www.hydrachim.fr\\\/en\\\/produit\\\/chlydra_bloc_001201001\\\/#breadcrumb\"},\"inLanguage\":\"en-US\",\"potentialAction\":[{\"@type\":\"ReadAction\",\"target\":[\"https:\\\/\\\/www.hydrachim.fr\\\/en\\\/produit\\\/chlydra_bloc_001201001\\\/\"]}]},{\"@type\":\"ImageObject\",\"inLanguage\":\"en-US\",\"@id\":\"https:\\\/\\\/www.hydrachim.fr\\\/en\\\/produit\\\/chlydra_bloc_001201001\\\/#primaryimage\",\"url\":\"https:\\\/\\\/www.hydrachim.fr\\\/app\\\/uploads\\\/2026\\\/03\\\/001201001_ChlydraBloc_1kg.png\",\"contentUrl\":\"https:\\\/\\\/www.hydrachim.fr\\\/app\\\/uploads\\\/2026\\\/03\\\/001201001_ChlydraBloc_1kg.png\",\"width\":899,\"height\":1417},{\"@type\":\"BreadcrumbList\",\"@id\":\"https:\\\/\\\/www.hydrachim.fr\\\/en\\\/produit\\\/chlydra_bloc_001201001\\\/#breadcrumb\",\"itemListElement\":[{\"@type\":\"ListItem\",\"position\":1,\"name\":\"Home\",\"item\":\"https:\\\/\\\/www.hydrachim.fr\\\/en\\\/\"},{\"@type\":\"ListItem\",\"position\":2,\"name\":\"Boutique\",\"item\":\"https:\\\/\\\/www.hydrachim.fr\\\/boutique\\\/\"},{\"@type\":\"ListItem\",\"position\":3,\"name\":\"Chlydra bloc\"}]},{\"@type\":\"WebSite\",\"@id\":\"https:\\\/\\\/www.hydrachim.fr\\\/en\\\/#website\",\"url\":\"https:\\\/\\\/www.hydrachim.fr\\\/en\\\/\",\"name\":\"Hydrachim\",\"description\":\"La science de l&#039;hygi\u00e8ne\",\"potentialAction\":[{\"@type\":\"SearchAction\",\"target\":{\"@type\":\"EntryPoint\",\"urlTemplate\":\"https:\\\/\\\/www.hydrachim.fr\\\/en\\\/?s={search_term_string}\"},\"query-input\":{\"@type\":\"PropertyValueSpecification\",\"valueRequired\":true,\"valueName\":\"search_term_string\"}}],\"inLanguage\":\"en-US\"}]}<\/script>\n<!-- \/ Yoast SEO plugin. -->","yoast_head_json":{"title":"Chlydra bloc - Hydrachim","robots":{"index":"index","follow":"follow","max-snippet":"max-snippet:-1","max-image-preview":"max-image-preview:large","max-video-preview":"max-video-preview:-1"},"canonical":"https:\/\/www.hydrachim.fr\/en\/produit\/chlydra_bloc_001201001\/","og_locale":"en_US","og_type":"article","og_title":"Chlydra bloc - Hydrachim","og_description":"Potabilisation des eaux de boisson en \u00e9levage.","og_url":"https:\/\/www.hydrachim.fr\/en\/produit\/chlydra_bloc_001201001\/","og_site_name":"Hydrachim","article_modified_time":"2026-03-16T14:52:46+00:00","og_image":[{"width":899,"height":1417,"url":"https:\/\/www.hydrachim.fr\/app\/uploads\/2026\/03\/001201001_ChlydraBloc_1kg.png","type":"image\/png"}],"twitter_card":"summary_large_image","twitter_misc":{"Est. reading time":"1 minute"},"schema":{"@context":"https:\/\/schema.org","@graph":[{"@type":"WebPage","@id":"https:\/\/www.hydrachim.fr\/en\/produit\/chlydra_bloc_001201001\/","url":"https:\/\/www.hydrachim.fr\/en\/produit\/chlydra_bloc_001201001\/","name":"Chlydra bloc - Hydrachim","isPartOf":{"@id":"https:\/\/www.hydrachim.fr\/en\/#website"},"primaryImageOfPage":{"@id":"https:\/\/www.hydrachim.fr\/en\/produit\/chlydra_bloc_001201001\/#primaryimage"},"image":{"@id":"https:\/\/www.hydrachim.fr\/en\/produit\/chlydra_bloc_001201001\/#primaryimage"},"thumbnailUrl":"https:\/\/www.hydrachim.fr\/app\/uploads\/2026\/03\/001201001_ChlydraBloc_1kg.png","datePublished":"2019-08-06T13:42:43+00:00","dateModified":"2026-03-16T14:52:46+00:00","breadcrumb":{"@id":"https:\/\/www.hydrachim.fr\/en\/produit\/chlydra_bloc_001201001\/#breadcrumb"},"inLanguage":"en-US","potentialAction":[{"@type":"ReadAction","target":["https:\/\/www.hydrachim.fr\/en\/produit\/chlydra_bloc_001201001\/"]}]},{"@type":"ImageObject","inLanguage":"en-US","@id":"https:\/\/www.hydrachim.fr\/en\/produit\/chlydra_bloc_001201001\/#primaryimage","url":"https:\/\/www.hydrachim.fr\/app\/uploads\/2026\/03\/001201001_ChlydraBloc_1kg.png","contentUrl":"https:\/\/www.hydrachim.fr\/app\/uploads\/2026\/03\/001201001_ChlydraBloc_1kg.png","width":899,"height":1417},{"@type":"BreadcrumbList","@id":"https:\/\/www.hydrachim.fr\/en\/produit\/chlydra_bloc_001201001\/#breadcrumb","itemListElement":[{"@type":"ListItem","position":1,"name":"Home","item":"https:\/\/www.hydrachim.fr\/en\/"},{"@type":"ListItem","position":2,"name":"Boutique","item":"https:\/\/www.hydrachim.fr\/boutique\/"},{"@type":"ListItem","position":3,"name":"Chlydra bloc"}]},{"@type":"WebSite","@id":"https:\/\/www.hydrachim.fr\/en\/#website","url":"https:\/\/www.hydrachim.fr\/en\/","name":"Hydrachim","description":"La science de l&#039;hygi\u00e8ne","potentialAction":[{"@type":"SearchAction","target":{"@type":"EntryPoint","urlTemplate":"https:\/\/www.hydrachim.fr\/en\/?s={search_term_string}"},"query-input":{"@type":"PropertyValueSpecification","valueRequired":true,"valueName":"search_term_string"}}],"inLanguage":"en-US"}]}},"acf":{"fiche_technique":"https:\/\/www.hydrachim.fr\/app\/uploads\/2025\/12\/HYDRACHIM_ELEVAGE_FT2010_CHLYDRA_BLOC-1.pdf","fiche_methode":""},"_links":{"self":[{"href":"https:\/\/www.hydrachim.fr\/en\/wp-json\/wp\/v2\/product\/3317","targetHints":{"allow":["GET"]}}],"collection":[{"href":"https:\/\/www.hydrachim.fr\/en\/wp-json\/wp\/v2\/product"}],"about":[{"href":"https:\/\/www.hydrachim.fr\/en\/wp-json\/wp\/v2\/types\/product"}],"wp:featuredmedia":[{"embeddable":true,"href":"https:\/\/www.hydrachim.fr\/en\/wp-json\/wp\/v2\/media\/30641"}],"wp:attachment":[{"href":"https:\/\/www.hydrachim.fr\/en\/wp-json\/wp\/v2\/media?parent=3317"}],"wp:term":[{"taxonomy":"product_brand","embeddable":true,"href":"https:\/\/www.hydrachim.fr\/en\/wp-json\/wp\/v2\/product_brand?post=3317"},{"taxonomy":"product_type","embeddable":true,"href":"https:\/\/www.hydrachim.fr\/en\/wp-json\/wp\/v2\/product_type?post=3317"},{"taxonomy":"product_visibility","embeddable":true,"href":"https:\/\/www.hydrachim.fr\/en\/wp-json\/wp\/v2\/product_visibility?post=3317"},{"taxonomy":"product_cat","embeddable":true,"href":"https:\/\/www.hydrachim.fr\/en\/wp-json\/wp\/v2\/product_cat?post=3317"}],"curies":[{"name":"wp","href":"https:\/\/api.w.org\/{rel}","templated":true}]}}