{"id":3313,"date":"2019-08-06T15:42:40","date_gmt":"2019-08-06T13:42:40","guid":{"rendered":"https:\/\/www.hydrachim.fr\/product\/hydranet-plus\/"},"modified":"2026-04-13T10:56:58","modified_gmt":"2026-04-13T08:56:58","slug":"ao_dip_001214701","status":"publish","type":"product","link":"https:\/\/www.hydrachim.fr\/en\/produit\/ao_dip_001214701\/","title":{"rendered":"Ao Dip"},"content":{"rendered":"<p><strong>Ao Dip &#8211; Hygi\u00e8ne et protection des trayons &#8211; trempage apr\u00e8s traite.<\/strong><\/p>\n<p>Ao Dip est un produit pr\u00eat \u00e0 l\u2019emploi, pour l\u2019hygi\u00e8ne et la protection des trayons, \u00e0 base de CHLORHEXIDINE.<br \/>\nIl adh\u00e8re parfaitement au trayon, gr\u00e2ce \u00e0 sa texture homog\u00e8ne \u00e9paissie, anti-goutte et assure ainsi un temps de contact prolong\u00e9 sur le trayon.<br \/>\nCe produit contient du gel d\u2019Alo\u00e9 Vera, reconnu pour ses vertus de r\u00e9g\u00e9n\u00e9ration cellulaire et de cicatrisation. Gr\u00e2ce \u00e0 la pr\u00e9sence de mati\u00e8res reconnues pour leur propri\u00e9t\u00e9 humectante et \u00e0 son pH neutre, Ao Dip \u00e9vite la formation de ger\u00e7ures et de crevasses.<br \/>\nDe plus, le trempage de chaque trayon avec Ao Dip laisse un film hydratant pour une protection optimale et visible \u00e0 l\u2019\u0153il nu.<br \/>\nAo Dip permet une bonne d\u00e9sinfection, bact\u00e9ricide conform\u00e9ment aux normes EN1656 et EN17422 et levuricide selon la norme EN1657.<br \/>\nD&#8217;autre part, la formule est utilisable en agriculture biologique.<\/p>\n<p><strong>Disponible en :<br \/>\n&#8211; Bidon 20kg R\u00e9f 001214701,<br \/>\n&#8211; F\u00fbt de 60 kg R\u00e9f. 001214702,<br \/>\n&#8211; F\u00fbt de 200kg R\u00e9f. 001214703.<br \/>\n<\/strong><\/p>\n<p class=\"y-product y-product__product-subtitle\">Avantage :<\/p>\n<p>Sa formule sans parfum vous permet une utilisation en toute confiance, dans le respect des cahiers des charges de vos territoires concern\u00e9s par des Appelations d\u2019Origine Contr\u00f4l\u00e9es ou Prot\u00e9g\u00e9es ou des Indication G\u00e9ographique Prot\u00e9g\u00e9e.<\/p>\n<p>Produit utilisable en agriculture biologique conforme au (UE) 2018\/848 (et ses amendements).<\/p>\n<p>Retrouvez le mode d&#8217;emploi et le dosage du produit en t\u00e9l\u00e9chargeant, ci-dessous, sa Fiche Technique.<\/p>\n<p><em>Utilisez les biocides avec pr\u00e9caution. Avant toute utilisation, lisez l&#8217;\u00e9tiquette et les informations concernant le produit.<\/p>\n<p>TP3 : D\u00e9sinfection des trayons hors usage m\u00e9dicament v\u00e9t\u00e9rinaire<\/em><\/p>\n","protected":false},"excerpt":{"rendered":"<p>Trempage \u00e9pais apr\u00e8s traite, sp\u00e9cial zone de collecte A.O.P. \/ A.O.C. \/ I.G.P.<\/p>\n","protected":false},"featured_media":30291,"template":"","meta":[],"product_brand":[],"product_type":[2],"product_visibility":[],"product_cat":[4154,3985],"class_list":{"0":"post-3313","1":"product","2":"type-product","3":"status-publish","4":"has-post-thumbnail","6":"product_cat-marqueshydrachim-elevage","7":"product_cat-hygiene-mamelle","8":"product_tag-bactericide","9":"product_tag-degraissant","10":"product_tag-hygine-du-trayon","11":"product_tag-levuricide","12":"product_tag-mamelle","13":"product_tag-sans-parfum","14":"product_tag-tp3","15":"product_tag-trempage","17":"first","18":"instock","19":"shipping-taxable","20":"product-type-simple"},"yoast_head":"<!-- This site is optimized with the Yoast SEO plugin v27.4 - https:\/\/yoast.com\/product\/yoast-seo-wordpress\/ -->\n<title>Ao Dip - Hydrachim<\/title>\n<meta name=\"description\" content=\"Dip purple est un produit de trempage \u00e0 texture \u00e9paisse et anti-goutte, pr\u00eat \u00e0 l&#039;emploi, \u00e0 base de CHLORHEXIDINE. Formul\u00e9 et fabriqu\u00e9 en France.\" \/>\n<meta name=\"robots\" content=\"index, follow, max-snippet:-1, max-image-preview:large, max-video-preview:-1\" \/>\n<link rel=\"canonical\" href=\"https:\/\/www.hydrachim.fr\/en\/produit\/ao_dip_001214701\/\" \/>\n<meta property=\"og:locale\" content=\"en_US\" \/>\n<meta property=\"og:type\" content=\"article\" \/>\n<meta property=\"og:title\" content=\"Ao Dip - Hydrachim\" \/>\n<meta property=\"og:description\" content=\"Dip purple est un produit de trempage \u00e0 texture \u00e9paisse et anti-goutte, pr\u00eat \u00e0 l&#039;emploi, \u00e0 base de CHLORHEXIDINE. Formul\u00e9 et fabriqu\u00e9 en France.\" \/>\n<meta property=\"og:url\" content=\"https:\/\/www.hydrachim.fr\/en\/produit\/ao_dip_001214701\/\" \/>\n<meta property=\"og:site_name\" content=\"Hydrachim\" \/>\n<meta property=\"article:modified_time\" content=\"2026-04-13T08:56:58+00:00\" \/>\n<meta property=\"og:image\" content=\"https:\/\/www.hydrachim.fr\/app\/uploads\/2026\/02\/001214701_AoDip.png\" \/>\n\t<meta property=\"og:image:width\" content=\"886\" \/>\n\t<meta property=\"og:image:height\" content=\"1049\" \/>\n\t<meta property=\"og:image:type\" content=\"image\/png\" \/>\n<meta name=\"twitter:card\" content=\"summary_large_image\" \/>\n<meta name=\"twitter:label1\" content=\"Est. reading time\" \/>\n\t<meta name=\"twitter:data1\" content=\"1 minute\" \/>\n<script type=\"application\/ld+json\" class=\"yoast-schema-graph\">{\"@context\":\"https:\\\/\\\/schema.org\",\"@graph\":[{\"@type\":\"WebPage\",\"@id\":\"https:\\\/\\\/www.hydrachim.fr\\\/en\\\/produit\\\/ao_dip_001214701\\\/\",\"url\":\"https:\\\/\\\/www.hydrachim.fr\\\/en\\\/produit\\\/ao_dip_001214701\\\/\",\"name\":\"Ao Dip - Hydrachim\",\"isPartOf\":{\"@id\":\"https:\\\/\\\/www.hydrachim.fr\\\/en\\\/#website\"},\"primaryImageOfPage\":{\"@id\":\"https:\\\/\\\/www.hydrachim.fr\\\/en\\\/produit\\\/ao_dip_001214701\\\/#primaryimage\"},\"image\":{\"@id\":\"https:\\\/\\\/www.hydrachim.fr\\\/en\\\/produit\\\/ao_dip_001214701\\\/#primaryimage\"},\"thumbnailUrl\":\"https:\\\/\\\/www.hydrachim.fr\\\/app\\\/uploads\\\/2026\\\/02\\\/001214701_AoDip.png\",\"datePublished\":\"2019-08-06T13:42:40+00:00\",\"dateModified\":\"2026-04-13T08:56:58+00:00\",\"description\":\"Dip purple est un produit de trempage \u00e0 texture \u00e9paisse et anti-goutte, pr\u00eat \u00e0 l'emploi, \u00e0 base de CHLORHEXIDINE. Formul\u00e9 et fabriqu\u00e9 en France.\",\"breadcrumb\":{\"@id\":\"https:\\\/\\\/www.hydrachim.fr\\\/en\\\/produit\\\/ao_dip_001214701\\\/#breadcrumb\"},\"inLanguage\":\"en-US\",\"potentialAction\":[{\"@type\":\"ReadAction\",\"target\":[\"https:\\\/\\\/www.hydrachim.fr\\\/en\\\/produit\\\/ao_dip_001214701\\\/\"]}]},{\"@type\":\"ImageObject\",\"inLanguage\":\"en-US\",\"@id\":\"https:\\\/\\\/www.hydrachim.fr\\\/en\\\/produit\\\/ao_dip_001214701\\\/#primaryimage\",\"url\":\"https:\\\/\\\/www.hydrachim.fr\\\/app\\\/uploads\\\/2026\\\/02\\\/001214701_AoDip.png\",\"contentUrl\":\"https:\\\/\\\/www.hydrachim.fr\\\/app\\\/uploads\\\/2026\\\/02\\\/001214701_AoDip.png\",\"width\":886,\"height\":1049},{\"@type\":\"BreadcrumbList\",\"@id\":\"https:\\\/\\\/www.hydrachim.fr\\\/en\\\/produit\\\/ao_dip_001214701\\\/#breadcrumb\",\"itemListElement\":[{\"@type\":\"ListItem\",\"position\":1,\"name\":\"Home\",\"item\":\"https:\\\/\\\/www.hydrachim.fr\\\/en\\\/\"},{\"@type\":\"ListItem\",\"position\":2,\"name\":\"Boutique\",\"item\":\"https:\\\/\\\/www.hydrachim.fr\\\/boutique\\\/\"},{\"@type\":\"ListItem\",\"position\":3,\"name\":\"Ao Dip\"}]},{\"@type\":\"WebSite\",\"@id\":\"https:\\\/\\\/www.hydrachim.fr\\\/en\\\/#website\",\"url\":\"https:\\\/\\\/www.hydrachim.fr\\\/en\\\/\",\"name\":\"Hydrachim\",\"description\":\"La science de l&#039;hygi\u00e8ne\",\"potentialAction\":[{\"@type\":\"SearchAction\",\"target\":{\"@type\":\"EntryPoint\",\"urlTemplate\":\"https:\\\/\\\/www.hydrachim.fr\\\/en\\\/?s={search_term_string}\"},\"query-input\":{\"@type\":\"PropertyValueSpecification\",\"valueRequired\":true,\"valueName\":\"search_term_string\"}}],\"inLanguage\":\"en-US\"}]}<\/script>\n<!-- \/ Yoast SEO plugin. -->","yoast_head_json":{"title":"Ao Dip - Hydrachim","description":"Dip purple est un produit de trempage \u00e0 texture \u00e9paisse et anti-goutte, pr\u00eat \u00e0 l'emploi, \u00e0 base de CHLORHEXIDINE. Formul\u00e9 et fabriqu\u00e9 en France.","robots":{"index":"index","follow":"follow","max-snippet":"max-snippet:-1","max-image-preview":"max-image-preview:large","max-video-preview":"max-video-preview:-1"},"canonical":"https:\/\/www.hydrachim.fr\/en\/produit\/ao_dip_001214701\/","og_locale":"en_US","og_type":"article","og_title":"Ao Dip - Hydrachim","og_description":"Dip purple est un produit de trempage \u00e0 texture \u00e9paisse et anti-goutte, pr\u00eat \u00e0 l'emploi, \u00e0 base de CHLORHEXIDINE. Formul\u00e9 et fabriqu\u00e9 en France.","og_url":"https:\/\/www.hydrachim.fr\/en\/produit\/ao_dip_001214701\/","og_site_name":"Hydrachim","article_modified_time":"2026-04-13T08:56:58+00:00","og_image":[{"width":886,"height":1049,"url":"https:\/\/www.hydrachim.fr\/app\/uploads\/2026\/02\/001214701_AoDip.png","type":"image\/png"}],"twitter_card":"summary_large_image","twitter_misc":{"Est. reading time":"1 minute"},"schema":{"@context":"https:\/\/schema.org","@graph":[{"@type":"WebPage","@id":"https:\/\/www.hydrachim.fr\/en\/produit\/ao_dip_001214701\/","url":"https:\/\/www.hydrachim.fr\/en\/produit\/ao_dip_001214701\/","name":"Ao Dip - Hydrachim","isPartOf":{"@id":"https:\/\/www.hydrachim.fr\/en\/#website"},"primaryImageOfPage":{"@id":"https:\/\/www.hydrachim.fr\/en\/produit\/ao_dip_001214701\/#primaryimage"},"image":{"@id":"https:\/\/www.hydrachim.fr\/en\/produit\/ao_dip_001214701\/#primaryimage"},"thumbnailUrl":"https:\/\/www.hydrachim.fr\/app\/uploads\/2026\/02\/001214701_AoDip.png","datePublished":"2019-08-06T13:42:40+00:00","dateModified":"2026-04-13T08:56:58+00:00","description":"Dip purple est un produit de trempage \u00e0 texture \u00e9paisse et anti-goutte, pr\u00eat \u00e0 l'emploi, \u00e0 base de CHLORHEXIDINE. Formul\u00e9 et fabriqu\u00e9 en France.","breadcrumb":{"@id":"https:\/\/www.hydrachim.fr\/en\/produit\/ao_dip_001214701\/#breadcrumb"},"inLanguage":"en-US","potentialAction":[{"@type":"ReadAction","target":["https:\/\/www.hydrachim.fr\/en\/produit\/ao_dip_001214701\/"]}]},{"@type":"ImageObject","inLanguage":"en-US","@id":"https:\/\/www.hydrachim.fr\/en\/produit\/ao_dip_001214701\/#primaryimage","url":"https:\/\/www.hydrachim.fr\/app\/uploads\/2026\/02\/001214701_AoDip.png","contentUrl":"https:\/\/www.hydrachim.fr\/app\/uploads\/2026\/02\/001214701_AoDip.png","width":886,"height":1049},{"@type":"BreadcrumbList","@id":"https:\/\/www.hydrachim.fr\/en\/produit\/ao_dip_001214701\/#breadcrumb","itemListElement":[{"@type":"ListItem","position":1,"name":"Home","item":"https:\/\/www.hydrachim.fr\/en\/"},{"@type":"ListItem","position":2,"name":"Boutique","item":"https:\/\/www.hydrachim.fr\/boutique\/"},{"@type":"ListItem","position":3,"name":"Ao Dip"}]},{"@type":"WebSite","@id":"https:\/\/www.hydrachim.fr\/en\/#website","url":"https:\/\/www.hydrachim.fr\/en\/","name":"Hydrachim","description":"La science de l&#039;hygi\u00e8ne","potentialAction":[{"@type":"SearchAction","target":{"@type":"EntryPoint","urlTemplate":"https:\/\/www.hydrachim.fr\/en\/?s={search_term_string}"},"query-input":{"@type":"PropertyValueSpecification","valueRequired":true,"valueName":"search_term_string"}}],"inLanguage":"en-US"}]}},"acf":{"fiche_technique":"https:\/\/www.hydrachim.fr\/app\/uploads\/2026\/04\/HYDRACHIM_ELEVAGE_FT2147_AO_DIP.pdf","fiche_methode":""},"_links":{"self":[{"href":"https:\/\/www.hydrachim.fr\/en\/wp-json\/wp\/v2\/product\/3313","targetHints":{"allow":["GET"]}}],"collection":[{"href":"https:\/\/www.hydrachim.fr\/en\/wp-json\/wp\/v2\/product"}],"about":[{"href":"https:\/\/www.hydrachim.fr\/en\/wp-json\/wp\/v2\/types\/product"}],"wp:featuredmedia":[{"embeddable":true,"href":"https:\/\/www.hydrachim.fr\/en\/wp-json\/wp\/v2\/media\/30291"}],"wp:attachment":[{"href":"https:\/\/www.hydrachim.fr\/en\/wp-json\/wp\/v2\/media?parent=3313"}],"wp:term":[{"taxonomy":"product_brand","embeddable":true,"href":"https:\/\/www.hydrachim.fr\/en\/wp-json\/wp\/v2\/product_brand?post=3313"},{"taxonomy":"product_type","embeddable":true,"href":"https:\/\/www.hydrachim.fr\/en\/wp-json\/wp\/v2\/product_type?post=3313"},{"taxonomy":"product_visibility","embeddable":true,"href":"https:\/\/www.hydrachim.fr\/en\/wp-json\/wp\/v2\/product_visibility?post=3313"},{"taxonomy":"product_cat","embeddable":true,"href":"https:\/\/www.hydrachim.fr\/en\/wp-json\/wp\/v2\/product_cat?post=3313"}],"curies":[{"name":"wp","href":"https:\/\/api.w.org\/{rel}","templated":true}]}}