{"id":3308,"date":"2019-08-06T15:42:35","date_gmt":"2019-08-06T13:42:35","guid":{"rendered":"https:\/\/www.hydrachim.fr\/product\/extrait-de-javel-129\/"},"modified":"2023-11-06T14:54:31","modified_gmt":"2023-11-06T12:54:31","slug":"cl12-6_002101444","status":"publish","type":"product","link":"https:\/\/www.hydrachim.fr\/en\/produit\/cl12-6_002101444\/","title":{"rendered":"CL12.6"},"content":{"rendered":"<p><strong>D\u00e9sinfection des surfaces, objets, mat\u00e9riaux et \u00e9quipements dans tous les domaines professionnels (Collectivit\u00e9, Industries agroalimentaires, cuisines professionnelles, \u00e9levage, transport et stockage des ordures et d\u00e9chets).<br \/>\nEfficacit\u00e9 virucide couverte sur le Coronavirus.<\/strong><\/p>\n<p>DETERQUAT CL 12.6 est :<br \/>\n&#8211; bact\u00e9ricide,<br \/>\n&#8211; levuricide,<br \/>\n&#8211; fongicide,<br \/>\n&#8211; virucide (bact\u00e9riophage),<br \/>\n&#8211; sporicide,<br \/>\n&#8211; mycobact\u00e9ricide,<br \/>\nselon les normes europ\u00e9ennes en vigueur.<\/p>\n<p><strong>Disponible en :<br \/>\n&#8211; Bidon de 5L. R\u00e9f: 002101402 (carton de 4 ).<br \/>\n&#8211; Bidon de 20L. R\u00e9f: 002101444.<br \/>\n&#8211; Fut de 210L. R\u00e9f. 002101406.<br \/>\n&#8211; Container de 1000L. R\u00e9f. 002101435.<\/strong><\/p>\n<p class=\"y-product y-product__product-subtitle\">Avantage :<\/p>\n<p>Produit utilisable en agriculture biologique conforme au (CE) 834\/2007 (et ses amendements).<\/p>\n<p>Retrouvez le mode d&#8217;emploi et le dosage du produit en t\u00e9l\u00e9chargeant la Fiche Technique.<\/p>\n<p><em>Utilisez les biocides avec pr\u00e9caution. Avant toute utilisation, lisez l\u2019\u00e9tiquette et les informations concernant le produit.<br \/>\nAvant toute utilisation, assurez-vous que celle-ci est indispensable, notamment dans les lieux fr\u00e9quent\u00e9s par le grand public. Privil\u00e9giez chaque fois que possible les m\u00e9thodes alternatives et les produits pr\u00e9sentant le risque le plus faible pour la sant\u00e9 humaine et animale et pour l\u2019environnement.<br \/>\nTP2 : D\u00e9sinfectants utilis\u00e9s dans le domaine priv\u00e9 et dans le domaine de la sant\u00e9 publique et autres produits biocides<br \/>\nTP3 : Produits biocides destin\u00e9s \u00e0 l\u2019hygi\u00e8ne v\u00e9t\u00e9rinaire<br \/>\nTP4 : D\u00e9sinfectants pour les surfaces en contact avec les denr\u00e9es alimentaires et les aliments pour animaux<br \/>\nTP5 : D\u00e9sinfectants pour eau de boisson<br \/>\n<\/em><\/p>\n","protected":false},"excerpt":{"rendered":"<p>D\u00e9sinfectant Chlor\u00e9 Non Moussant<br \/>\nEfficacit\u00e9 virucide couverte sur le Coronavirus.<\/p>\n","protected":false},"featured_media":6186,"template":"","meta":[],"product_brand":[],"product_type":[2],"product_visibility":[],"product_cat":[4237,4174,4151],"class_list":{"0":"post-3308","1":"product","2":"type-product","3":"status-publish","4":"has-post-thumbnail","6":"product_cat-produits-produitsdsinfectioncoronavirus","7":"product_cat-nouveautesdesinfection","8":"product_cat-marquesdeterquat","9":"product_tag-agriculture-biologique","10":"product_tag-agro-alimentaire","11":"product_tag-alimentaire_1","12":"product_tag-bactericide-type-defficacit","13":"product_tag-bacteriophage","14":"product_tag-desinfectant","15":"product_tag-en-circuits-fermes","16":"product_tag-equipements-et-machines","17":"product_tag-fongicide_1","18":"product_tag-industrie-agroalimentaire_1","19":"product_tag-levuricide_1","20":"product_tag-liquide","21":"product_tag-mycobactericide","22":"product_tag-nettoyage","23":"product_tag-non-moussant_1","24":"product_tag-sporicide_1","25":"product_tag-sur-surfaces-ouvertes-sols-murs-plafonds","26":"product_tag-tous-types-dapplication","27":"product_tag-tous-types-defficacite","28":"product_tag-tous-types-de-secteur-dactivite","29":"product_tag-tp2","30":"product_tag-tp3","31":"product_tag-tp4","32":"product_tag-tp5","33":"product_tag-virucide_1","35":"first","36":"instock","37":"shipping-taxable","38":"product-type-simple"},"yoast_head":"<!-- This site is optimized with the Yoast SEO plugin v27.5 - https:\/\/yoast.com\/product\/yoast-seo-wordpress\/ -->\n<title>D\u00e9sinfectant surfaces et \u00e9quipements - CL 12.6 - Hydrachim<\/title>\n<meta name=\"description\" content=\"CL 12.6 est un d\u00e9sinfectant liquide chlor\u00e9 concentr\u00e9 \u00e0 12.6% de chlore actif utilis\u00e9 pour d\u00e9sinfecter les surfaces, objets, mat\u00e9riaux et \u00e9quipements...\" \/>\n<meta name=\"robots\" content=\"index, follow, max-snippet:-1, max-image-preview:large, max-video-preview:-1\" \/>\n<link rel=\"canonical\" href=\"https:\/\/www.hydrachim.fr\/en\/produit\/cl12-6_002101444\/\" \/>\n<meta property=\"og:locale\" content=\"en_US\" \/>\n<meta property=\"og:type\" content=\"article\" \/>\n<meta property=\"og:title\" content=\"D\u00e9sinfectant surfaces et \u00e9quipements - CL 12.6 - Hydrachim\" \/>\n<meta property=\"og:description\" content=\"CL 12.6 est un d\u00e9sinfectant liquide chlor\u00e9 concentr\u00e9 \u00e0 12.6% de chlore actif utilis\u00e9 pour d\u00e9sinfecter les surfaces, objets, mat\u00e9riaux et \u00e9quipements...\" \/>\n<meta property=\"og:url\" content=\"https:\/\/www.hydrachim.fr\/en\/produit\/cl12-6_002101444\/\" \/>\n<meta property=\"og:site_name\" content=\"Hydrachim\" \/>\n<meta property=\"article:modified_time\" content=\"2023-11-06T12:54:31+00:00\" \/>\n<meta property=\"og:image\" content=\"https:\/\/www.hydrachim.fr\/app\/uploads\/2020\/01\/002101444_Deterquat_CL12_6_20L..png\" \/>\n\t<meta property=\"og:image:width\" content=\"378\" \/>\n\t<meta property=\"og:image:height\" content=\"605\" \/>\n\t<meta property=\"og:image:type\" content=\"image\/png\" \/>\n<meta name=\"twitter:card\" content=\"summary_large_image\" \/>\n<meta name=\"twitter:label1\" content=\"Est. reading time\" \/>\n\t<meta name=\"twitter:data1\" content=\"1 minute\" \/>\n<script type=\"application\/ld+json\" class=\"yoast-schema-graph\">{\"@context\":\"https:\\\/\\\/schema.org\",\"@graph\":[{\"@type\":\"WebPage\",\"@id\":\"https:\\\/\\\/www.hydrachim.fr\\\/en\\\/produit\\\/cl12-6_002101444\\\/\",\"url\":\"https:\\\/\\\/www.hydrachim.fr\\\/en\\\/produit\\\/cl12-6_002101444\\\/\",\"name\":\"D\u00e9sinfectant surfaces et \u00e9quipements - CL 12.6 - Hydrachim\",\"isPartOf\":{\"@id\":\"https:\\\/\\\/www.hydrachim.fr\\\/en\\\/#website\"},\"primaryImageOfPage\":{\"@id\":\"https:\\\/\\\/www.hydrachim.fr\\\/en\\\/produit\\\/cl12-6_002101444\\\/#primaryimage\"},\"image\":{\"@id\":\"https:\\\/\\\/www.hydrachim.fr\\\/en\\\/produit\\\/cl12-6_002101444\\\/#primaryimage\"},\"thumbnailUrl\":\"https:\\\/\\\/www.hydrachim.fr\\\/app\\\/uploads\\\/2020\\\/01\\\/002101444_Deterquat_CL12_6_20L..png\",\"datePublished\":\"2019-08-06T13:42:35+00:00\",\"dateModified\":\"2023-11-06T12:54:31+00:00\",\"description\":\"CL 12.6 est un d\u00e9sinfectant liquide chlor\u00e9 concentr\u00e9 \u00e0 12.6% de chlore actif utilis\u00e9 pour d\u00e9sinfecter les surfaces, objets, mat\u00e9riaux et \u00e9quipements...\",\"breadcrumb\":{\"@id\":\"https:\\\/\\\/www.hydrachim.fr\\\/en\\\/produit\\\/cl12-6_002101444\\\/#breadcrumb\"},\"inLanguage\":\"en-US\",\"potentialAction\":[{\"@type\":\"ReadAction\",\"target\":[\"https:\\\/\\\/www.hydrachim.fr\\\/en\\\/produit\\\/cl12-6_002101444\\\/\"]}]},{\"@type\":\"ImageObject\",\"inLanguage\":\"en-US\",\"@id\":\"https:\\\/\\\/www.hydrachim.fr\\\/en\\\/produit\\\/cl12-6_002101444\\\/#primaryimage\",\"url\":\"https:\\\/\\\/www.hydrachim.fr\\\/app\\\/uploads\\\/2020\\\/01\\\/002101444_Deterquat_CL12_6_20L..png\",\"contentUrl\":\"https:\\\/\\\/www.hydrachim.fr\\\/app\\\/uploads\\\/2020\\\/01\\\/002101444_Deterquat_CL12_6_20L..png\",\"width\":378,\"height\":605,\"caption\":\"D\u00e9sinfectant surfaces et \u00e9quipements - CL 12.6\"},{\"@type\":\"BreadcrumbList\",\"@id\":\"https:\\\/\\\/www.hydrachim.fr\\\/en\\\/produit\\\/cl12-6_002101444\\\/#breadcrumb\",\"itemListElement\":[{\"@type\":\"ListItem\",\"position\":1,\"name\":\"Home\",\"item\":\"https:\\\/\\\/www.hydrachim.fr\\\/en\\\/\"},{\"@type\":\"ListItem\",\"position\":2,\"name\":\"Boutique\",\"item\":\"https:\\\/\\\/www.hydrachim.fr\\\/boutique\\\/\"},{\"@type\":\"ListItem\",\"position\":3,\"name\":\"CL12.6\"}]},{\"@type\":\"WebSite\",\"@id\":\"https:\\\/\\\/www.hydrachim.fr\\\/en\\\/#website\",\"url\":\"https:\\\/\\\/www.hydrachim.fr\\\/en\\\/\",\"name\":\"Hydrachim\",\"description\":\"La science de l&#039;hygi\u00e8ne\",\"potentialAction\":[{\"@type\":\"SearchAction\",\"target\":{\"@type\":\"EntryPoint\",\"urlTemplate\":\"https:\\\/\\\/www.hydrachim.fr\\\/en\\\/?s={search_term_string}\"},\"query-input\":{\"@type\":\"PropertyValueSpecification\",\"valueRequired\":true,\"valueName\":\"search_term_string\"}}],\"inLanguage\":\"en-US\"}]}<\/script>\n<!-- \/ Yoast SEO plugin. -->","yoast_head_json":{"title":"D\u00e9sinfectant surfaces et \u00e9quipements - CL 12.6 - Hydrachim","description":"CL 12.6 est un d\u00e9sinfectant liquide chlor\u00e9 concentr\u00e9 \u00e0 12.6% de chlore actif utilis\u00e9 pour d\u00e9sinfecter les surfaces, objets, mat\u00e9riaux et \u00e9quipements...","robots":{"index":"index","follow":"follow","max-snippet":"max-snippet:-1","max-image-preview":"max-image-preview:large","max-video-preview":"max-video-preview:-1"},"canonical":"https:\/\/www.hydrachim.fr\/en\/produit\/cl12-6_002101444\/","og_locale":"en_US","og_type":"article","og_title":"D\u00e9sinfectant surfaces et \u00e9quipements - CL 12.6 - Hydrachim","og_description":"CL 12.6 est un d\u00e9sinfectant liquide chlor\u00e9 concentr\u00e9 \u00e0 12.6% de chlore actif utilis\u00e9 pour d\u00e9sinfecter les surfaces, objets, mat\u00e9riaux et \u00e9quipements...","og_url":"https:\/\/www.hydrachim.fr\/en\/produit\/cl12-6_002101444\/","og_site_name":"Hydrachim","article_modified_time":"2023-11-06T12:54:31+00:00","og_image":[{"width":378,"height":605,"url":"https:\/\/www.hydrachim.fr\/app\/uploads\/2020\/01\/002101444_Deterquat_CL12_6_20L..png","type":"image\/png"}],"twitter_card":"summary_large_image","twitter_misc":{"Est. reading time":"1 minute"},"schema":{"@context":"https:\/\/schema.org","@graph":[{"@type":"WebPage","@id":"https:\/\/www.hydrachim.fr\/en\/produit\/cl12-6_002101444\/","url":"https:\/\/www.hydrachim.fr\/en\/produit\/cl12-6_002101444\/","name":"D\u00e9sinfectant surfaces et \u00e9quipements - CL 12.6 - Hydrachim","isPartOf":{"@id":"https:\/\/www.hydrachim.fr\/en\/#website"},"primaryImageOfPage":{"@id":"https:\/\/www.hydrachim.fr\/en\/produit\/cl12-6_002101444\/#primaryimage"},"image":{"@id":"https:\/\/www.hydrachim.fr\/en\/produit\/cl12-6_002101444\/#primaryimage"},"thumbnailUrl":"https:\/\/www.hydrachim.fr\/app\/uploads\/2020\/01\/002101444_Deterquat_CL12_6_20L..png","datePublished":"2019-08-06T13:42:35+00:00","dateModified":"2023-11-06T12:54:31+00:00","description":"CL 12.6 est un d\u00e9sinfectant liquide chlor\u00e9 concentr\u00e9 \u00e0 12.6% de chlore actif utilis\u00e9 pour d\u00e9sinfecter les surfaces, objets, mat\u00e9riaux et \u00e9quipements...","breadcrumb":{"@id":"https:\/\/www.hydrachim.fr\/en\/produit\/cl12-6_002101444\/#breadcrumb"},"inLanguage":"en-US","potentialAction":[{"@type":"ReadAction","target":["https:\/\/www.hydrachim.fr\/en\/produit\/cl12-6_002101444\/"]}]},{"@type":"ImageObject","inLanguage":"en-US","@id":"https:\/\/www.hydrachim.fr\/en\/produit\/cl12-6_002101444\/#primaryimage","url":"https:\/\/www.hydrachim.fr\/app\/uploads\/2020\/01\/002101444_Deterquat_CL12_6_20L..png","contentUrl":"https:\/\/www.hydrachim.fr\/app\/uploads\/2020\/01\/002101444_Deterquat_CL12_6_20L..png","width":378,"height":605,"caption":"D\u00e9sinfectant surfaces et \u00e9quipements - CL 12.6"},{"@type":"BreadcrumbList","@id":"https:\/\/www.hydrachim.fr\/en\/produit\/cl12-6_002101444\/#breadcrumb","itemListElement":[{"@type":"ListItem","position":1,"name":"Home","item":"https:\/\/www.hydrachim.fr\/en\/"},{"@type":"ListItem","position":2,"name":"Boutique","item":"https:\/\/www.hydrachim.fr\/boutique\/"},{"@type":"ListItem","position":3,"name":"CL12.6"}]},{"@type":"WebSite","@id":"https:\/\/www.hydrachim.fr\/en\/#website","url":"https:\/\/www.hydrachim.fr\/en\/","name":"Hydrachim","description":"La science de l&#039;hygi\u00e8ne","potentialAction":[{"@type":"SearchAction","target":{"@type":"EntryPoint","urlTemplate":"https:\/\/www.hydrachim.fr\/en\/?s={search_term_string}"},"query-input":{"@type":"PropertyValueSpecification","valueRequired":true,"valueName":"search_term_string"}}],"inLanguage":"en-US"}]}},"acf":{"fiche_technique":"https:\/\/www.hydrachim.fr\/app\/uploads\/2022\/05\/FT_1014_DETERQUAT_CL12_6.pdf","fiche_methode":""},"_links":{"self":[{"href":"https:\/\/www.hydrachim.fr\/en\/wp-json\/wp\/v2\/product\/3308","targetHints":{"allow":["GET"]}}],"collection":[{"href":"https:\/\/www.hydrachim.fr\/en\/wp-json\/wp\/v2\/product"}],"about":[{"href":"https:\/\/www.hydrachim.fr\/en\/wp-json\/wp\/v2\/types\/product"}],"wp:featuredmedia":[{"embeddable":true,"href":"https:\/\/www.hydrachim.fr\/en\/wp-json\/wp\/v2\/media\/6186"}],"wp:attachment":[{"href":"https:\/\/www.hydrachim.fr\/en\/wp-json\/wp\/v2\/media?parent=3308"}],"wp:term":[{"taxonomy":"product_brand","embeddable":true,"href":"https:\/\/www.hydrachim.fr\/en\/wp-json\/wp\/v2\/product_brand?post=3308"},{"taxonomy":"product_type","embeddable":true,"href":"https:\/\/www.hydrachim.fr\/en\/wp-json\/wp\/v2\/product_type?post=3308"},{"taxonomy":"product_visibility","embeddable":true,"href":"https:\/\/www.hydrachim.fr\/en\/wp-json\/wp\/v2\/product_visibility?post=3308"},{"taxonomy":"product_cat","embeddable":true,"href":"https:\/\/www.hydrachim.fr\/en\/wp-json\/wp\/v2\/product_cat?post=3308"}],"curies":[{"name":"wp","href":"https:\/\/api.w.org\/{rel}","templated":true}]}}