{"id":3307,"date":"2019-08-06T15:42:34","date_gmt":"2019-08-06T13:42:34","guid":{"rendered":"https:\/\/www.hydrachim.fr\/product\/hydrapis\/"},"modified":"2026-03-06T10:57:21","modified_gmt":"2026-03-06T08:57:21","slug":"hydrapis_liquide_001100309","status":"publish","type":"product","link":"https:\/\/www.hydrachim.fr\/en\/produit\/hydrapis_liquide_001100309\/","title":{"rendered":"Hydrapis Liquide"},"content":{"rendered":"<p><strong>Hydrapis Liquide est un produit d&#8217;hygi\u00e8ne d\u00e9velopp\u00e9 pour l&#8217;hygi\u00e8ne et la protection des trayons apr\u00e8s la traite.<br \/>\nPulv\u00e9risation manuelle et robot de traite.<\/strong><\/p>\n<p>Hydrapis Liquide est un produit pr\u00eat \u00e0 l&#8217;emploi \u00e0 base d&#8217;essence de citronnelle sans allerg\u00e8ne, de conservateur cosm\u00e9tique et d&#8217;un agent d\u00e9sinfectant qui assure la protection microbienne des trayons tout en pr\u00e9servant la souplesse de la peau d\u00e9licate du trayon.<br \/>\nProduit utilisable en agriculture biologique conforme au (UE) 2018\/848 (et ses amendements).<\/p>\n<p><strong>Disponible en :<br \/>\n&#8211; bidon de 20kg R\u00e9f. 001100303,<br \/>\n&#8211; f\u00fbt de 60kg R\u00e9f.001100304,<br \/>\n&#8211; f\u00fbt de 200kg R\u00e9f 001100312,<br \/>\n&#8211; Container de 1000kg R\u00e9f 001100306.<\/strong><\/p>\n<p class=\"y-product y-product__product-subtitle\">Avantage :<\/p>\n<p>Hydrapis Liquide s&#8217;applique en pulv\u00e9risation manuelle ou automatique et peut s&#8217;utiliser en robot de traite.<\/p>\n<p>Retrouvez le mode d&#8217;emploi et le dosage du produit en t\u00e9l\u00e9chargeant la Fiche Technique.<\/p>\n<p><em>Utilisez les biocides avec pr\u00e9caution. Avant toute utilisation, lisez l&#8217;\u00e9tiquette et les informations concernant le produit.<\/em><\/p>\n","protected":false},"excerpt":{"rendered":"<p>Pulv\u00e9risation apr\u00e8s traite, \u00e0 base de chlorhexidine.<\/p>\n","protected":false},"featured_media":30450,"template":"","meta":[],"product_brand":[],"product_type":[2],"product_visibility":[],"product_cat":[4154,3985],"class_list":{"0":"post-3307","1":"product","2":"type-product","3":"status-publish","4":"has-post-thumbnail","6":"product_cat-marqueshydrachim-elevage","7":"product_cat-hygiene-mamelle","8":"product_tag-agriculture-biologique","9":"product_tag-essence-de-citronnelle","10":"product_tag-liquide","11":"product_tag-mamelle","12":"product_tag-protection","13":"product_tag-pulverisation","14":"product_tag-robot-de-traite","15":"product_tag-tp3","16":"product_tag-trempage","18":"first","19":"instock","20":"shipping-taxable","21":"product-type-simple"},"yoast_head":"<!-- This site is optimized with the Yoast SEO plugin v27.3 - https:\/\/yoast.com\/product\/yoast-seo-wordpress\/ -->\n<title>Hydrapis Liquide - Hydrachim<\/title>\n<meta name=\"robots\" content=\"index, follow, max-snippet:-1, max-image-preview:large, max-video-preview:-1\" \/>\n<link rel=\"canonical\" href=\"https:\/\/www.hydrachim.fr\/en\/produit\/hydrapis_liquide_001100309\/\" \/>\n<meta property=\"og:locale\" content=\"en_US\" \/>\n<meta property=\"og:type\" content=\"article\" \/>\n<meta property=\"og:title\" content=\"Hydrapis Liquide - Hydrachim\" \/>\n<meta property=\"og:description\" content=\"Pulv\u00e9risation apr\u00e8s traite, \u00e0 base de chlorhexidine.\" \/>\n<meta property=\"og:url\" content=\"https:\/\/www.hydrachim.fr\/en\/produit\/hydrapis_liquide_001100309\/\" \/>\n<meta property=\"og:site_name\" content=\"Hydrachim\" \/>\n<meta property=\"article:modified_time\" content=\"2026-03-06T08:57:21+00:00\" \/>\n<meta property=\"og:image\" content=\"https:\/\/www.hydrachim.fr\/app\/uploads\/2026\/03\/001100303_Hydrapis_Liquide_20kg_mercury.png\" \/>\n\t<meta property=\"og:image:width\" content=\"706\" \/>\n\t<meta property=\"og:image:height\" content=\"1005\" \/>\n\t<meta property=\"og:image:type\" content=\"image\/png\" \/>\n<meta name=\"twitter:card\" content=\"summary_large_image\" \/>\n<meta name=\"twitter:label1\" content=\"Est. reading time\" \/>\n\t<meta name=\"twitter:data1\" content=\"1 minute\" \/>\n<script type=\"application\/ld+json\" class=\"yoast-schema-graph\">{\"@context\":\"https:\\\/\\\/schema.org\",\"@graph\":[{\"@type\":\"WebPage\",\"@id\":\"https:\\\/\\\/www.hydrachim.fr\\\/en\\\/produit\\\/hydrapis_liquide_001100309\\\/\",\"url\":\"https:\\\/\\\/www.hydrachim.fr\\\/en\\\/produit\\\/hydrapis_liquide_001100309\\\/\",\"name\":\"Hydrapis Liquide - Hydrachim\",\"isPartOf\":{\"@id\":\"https:\\\/\\\/www.hydrachim.fr\\\/en\\\/#website\"},\"primaryImageOfPage\":{\"@id\":\"https:\\\/\\\/www.hydrachim.fr\\\/en\\\/produit\\\/hydrapis_liquide_001100309\\\/#primaryimage\"},\"image\":{\"@id\":\"https:\\\/\\\/www.hydrachim.fr\\\/en\\\/produit\\\/hydrapis_liquide_001100309\\\/#primaryimage\"},\"thumbnailUrl\":\"https:\\\/\\\/www.hydrachim.fr\\\/app\\\/uploads\\\/2026\\\/03\\\/001100303_Hydrapis_Liquide_20kg_mercury.png\",\"datePublished\":\"2019-08-06T13:42:34+00:00\",\"dateModified\":\"2026-03-06T08:57:21+00:00\",\"breadcrumb\":{\"@id\":\"https:\\\/\\\/www.hydrachim.fr\\\/en\\\/produit\\\/hydrapis_liquide_001100309\\\/#breadcrumb\"},\"inLanguage\":\"en-US\",\"potentialAction\":[{\"@type\":\"ReadAction\",\"target\":[\"https:\\\/\\\/www.hydrachim.fr\\\/en\\\/produit\\\/hydrapis_liquide_001100309\\\/\"]}]},{\"@type\":\"ImageObject\",\"inLanguage\":\"en-US\",\"@id\":\"https:\\\/\\\/www.hydrachim.fr\\\/en\\\/produit\\\/hydrapis_liquide_001100309\\\/#primaryimage\",\"url\":\"https:\\\/\\\/www.hydrachim.fr\\\/app\\\/uploads\\\/2026\\\/03\\\/001100303_Hydrapis_Liquide_20kg_mercury.png\",\"contentUrl\":\"https:\\\/\\\/www.hydrachim.fr\\\/app\\\/uploads\\\/2026\\\/03\\\/001100303_Hydrapis_Liquide_20kg_mercury.png\",\"width\":706,\"height\":1005},{\"@type\":\"BreadcrumbList\",\"@id\":\"https:\\\/\\\/www.hydrachim.fr\\\/en\\\/produit\\\/hydrapis_liquide_001100309\\\/#breadcrumb\",\"itemListElement\":[{\"@type\":\"ListItem\",\"position\":1,\"name\":\"Home\",\"item\":\"https:\\\/\\\/www.hydrachim.fr\\\/en\\\/\"},{\"@type\":\"ListItem\",\"position\":2,\"name\":\"Boutique\",\"item\":\"https:\\\/\\\/www.hydrachim.fr\\\/boutique\\\/\"},{\"@type\":\"ListItem\",\"position\":3,\"name\":\"Hydrapis Liquide\"}]},{\"@type\":\"WebSite\",\"@id\":\"https:\\\/\\\/www.hydrachim.fr\\\/en\\\/#website\",\"url\":\"https:\\\/\\\/www.hydrachim.fr\\\/en\\\/\",\"name\":\"Hydrachim\",\"description\":\"La science de l&#039;hygi\u00e8ne\",\"potentialAction\":[{\"@type\":\"SearchAction\",\"target\":{\"@type\":\"EntryPoint\",\"urlTemplate\":\"https:\\\/\\\/www.hydrachim.fr\\\/en\\\/?s={search_term_string}\"},\"query-input\":{\"@type\":\"PropertyValueSpecification\",\"valueRequired\":true,\"valueName\":\"search_term_string\"}}],\"inLanguage\":\"en-US\"}]}<\/script>\n<!-- \/ Yoast SEO plugin. -->","yoast_head_json":{"title":"Hydrapis Liquide - Hydrachim","robots":{"index":"index","follow":"follow","max-snippet":"max-snippet:-1","max-image-preview":"max-image-preview:large","max-video-preview":"max-video-preview:-1"},"canonical":"https:\/\/www.hydrachim.fr\/en\/produit\/hydrapis_liquide_001100309\/","og_locale":"en_US","og_type":"article","og_title":"Hydrapis Liquide - Hydrachim","og_description":"Pulv\u00e9risation apr\u00e8s traite, \u00e0 base de chlorhexidine.","og_url":"https:\/\/www.hydrachim.fr\/en\/produit\/hydrapis_liquide_001100309\/","og_site_name":"Hydrachim","article_modified_time":"2026-03-06T08:57:21+00:00","og_image":[{"width":706,"height":1005,"url":"https:\/\/www.hydrachim.fr\/app\/uploads\/2026\/03\/001100303_Hydrapis_Liquide_20kg_mercury.png","type":"image\/png"}],"twitter_card":"summary_large_image","twitter_misc":{"Est. reading time":"1 minute"},"schema":{"@context":"https:\/\/schema.org","@graph":[{"@type":"WebPage","@id":"https:\/\/www.hydrachim.fr\/en\/produit\/hydrapis_liquide_001100309\/","url":"https:\/\/www.hydrachim.fr\/en\/produit\/hydrapis_liquide_001100309\/","name":"Hydrapis Liquide - Hydrachim","isPartOf":{"@id":"https:\/\/www.hydrachim.fr\/en\/#website"},"primaryImageOfPage":{"@id":"https:\/\/www.hydrachim.fr\/en\/produit\/hydrapis_liquide_001100309\/#primaryimage"},"image":{"@id":"https:\/\/www.hydrachim.fr\/en\/produit\/hydrapis_liquide_001100309\/#primaryimage"},"thumbnailUrl":"https:\/\/www.hydrachim.fr\/app\/uploads\/2026\/03\/001100303_Hydrapis_Liquide_20kg_mercury.png","datePublished":"2019-08-06T13:42:34+00:00","dateModified":"2026-03-06T08:57:21+00:00","breadcrumb":{"@id":"https:\/\/www.hydrachim.fr\/en\/produit\/hydrapis_liquide_001100309\/#breadcrumb"},"inLanguage":"en-US","potentialAction":[{"@type":"ReadAction","target":["https:\/\/www.hydrachim.fr\/en\/produit\/hydrapis_liquide_001100309\/"]}]},{"@type":"ImageObject","inLanguage":"en-US","@id":"https:\/\/www.hydrachim.fr\/en\/produit\/hydrapis_liquide_001100309\/#primaryimage","url":"https:\/\/www.hydrachim.fr\/app\/uploads\/2026\/03\/001100303_Hydrapis_Liquide_20kg_mercury.png","contentUrl":"https:\/\/www.hydrachim.fr\/app\/uploads\/2026\/03\/001100303_Hydrapis_Liquide_20kg_mercury.png","width":706,"height":1005},{"@type":"BreadcrumbList","@id":"https:\/\/www.hydrachim.fr\/en\/produit\/hydrapis_liquide_001100309\/#breadcrumb","itemListElement":[{"@type":"ListItem","position":1,"name":"Home","item":"https:\/\/www.hydrachim.fr\/en\/"},{"@type":"ListItem","position":2,"name":"Boutique","item":"https:\/\/www.hydrachim.fr\/boutique\/"},{"@type":"ListItem","position":3,"name":"Hydrapis Liquide"}]},{"@type":"WebSite","@id":"https:\/\/www.hydrachim.fr\/en\/#website","url":"https:\/\/www.hydrachim.fr\/en\/","name":"Hydrachim","description":"La science de l&#039;hygi\u00e8ne","potentialAction":[{"@type":"SearchAction","target":{"@type":"EntryPoint","urlTemplate":"https:\/\/www.hydrachim.fr\/en\/?s={search_term_string}"},"query-input":{"@type":"PropertyValueSpecification","valueRequired":true,"valueName":"search_term_string"}}],"inLanguage":"en-US"}]}},"acf":{"fiche_technique":"https:\/\/www.hydrachim.fr\/app\/uploads\/2025\/12\/HYDRACHIM_ELEVAGE_FT1003_HYDRAPIS_LIQUIDE-1.pdf","fiche_methode":""},"_links":{"self":[{"href":"https:\/\/www.hydrachim.fr\/en\/wp-json\/wp\/v2\/product\/3307","targetHints":{"allow":["GET"]}}],"collection":[{"href":"https:\/\/www.hydrachim.fr\/en\/wp-json\/wp\/v2\/product"}],"about":[{"href":"https:\/\/www.hydrachim.fr\/en\/wp-json\/wp\/v2\/types\/product"}],"wp:featuredmedia":[{"embeddable":true,"href":"https:\/\/www.hydrachim.fr\/en\/wp-json\/wp\/v2\/media\/30450"}],"wp:attachment":[{"href":"https:\/\/www.hydrachim.fr\/en\/wp-json\/wp\/v2\/media?parent=3307"}],"wp:term":[{"taxonomy":"product_brand","embeddable":true,"href":"https:\/\/www.hydrachim.fr\/en\/wp-json\/wp\/v2\/product_brand?post=3307"},{"taxonomy":"product_type","embeddable":true,"href":"https:\/\/www.hydrachim.fr\/en\/wp-json\/wp\/v2\/product_type?post=3307"},{"taxonomy":"product_visibility","embeddable":true,"href":"https:\/\/www.hydrachim.fr\/en\/wp-json\/wp\/v2\/product_visibility?post=3307"},{"taxonomy":"product_cat","embeddable":true,"href":"https:\/\/www.hydrachim.fr\/en\/wp-json\/wp\/v2\/product_cat?post=3307"}],"curies":[{"name":"wp","href":"https:\/\/api.w.org\/{rel}","templated":true}]}}