{"id":3305,"date":"2019-08-06T15:42:32","date_gmt":"2019-08-06T13:42:32","guid":{"rendered":"https:\/\/www.hydrachim.fr\/product\/coxilac\/"},"modified":"2026-03-11T17:00:21","modified_gmt":"2026-03-11T15:00:21","slug":"coxilac_001126402","status":"publish","type":"product","link":"https:\/\/www.hydrachim.fr\/en\/produit\/coxilac_001126402\/","title":{"rendered":"Coxilac"},"content":{"rendered":"<p>COXILAC est un d\u00e9sinfectant concentr\u00e9 bact\u00e9ricide, virucide et fongicide pour les b\u00e2timents d&#8217;\u00e9levage et v\u00e9hicules de transport.<br \/>\nBact\u00e9ricide selon les normes EN 12349, EN 16437.<br \/>\nLevuricide et fongicide selon la norme EN 16438.<br \/>\nVirucide selon la norme EN 14675 sur ECBO, H1N1, Parvovirus du Canard, Peste Porcine Africaine.<br \/>\nEfficace sur les parasites de la Coccidiose et Cryptosporidiose.<br \/>\nRetrouvez le d\u00e9tail des souches et des normes, sur la fiche technique.<\/p>\n<p><strong>Disponible en :<br \/>\n&#8211; Carton de 4x5L R\u00e9f. 001126401,<br \/>\n&#8211; Bidon de 20L R\u00e9f. 001126402,<br \/>\n&#8211; F\u00fbt de 60L R\u00e9f.001126403,<br \/>\n&#8211; F\u00fbt de 200L R\u00e9f. 001126404.<\/strong><\/p>\n<p class=\"y-product y-product__product-subtitle\">Avantage :<\/p>\n<p>Sans ammonium quaternaire, ni glutarald\u00e9hyde !<\/p>\n<p>Retrouvez le mode d&#8217;emploi et le dosage du produit en t\u00e9l\u00e9chargeant la Fiche Technique.<\/p>\n<p><em>Utilisez les biocides avec pr\u00e9caution. Avant toute utilisation, lisez l&#8217;\u00e9tiquette et les informations concernant le produit.<\/em><\/p>\n","protected":false},"excerpt":{"rendered":"<p>D\u00e9sinfection des b\u00e2timents et v\u00e9hicules en \u00e9levage.<\/p>\n","protected":false},"featured_media":30568,"template":"","meta":[],"product_brand":[],"product_type":[2],"product_visibility":[],"product_cat":[4115,4154,4089],"class_list":{"0":"post-3305","1":"product","2":"type-product","3":"status-publish","4":"has-post-thumbnail","6":"product_cat-dsinfectionlevage","7":"product_cat-marqueshydrachim-elevage","8":"product_cat-elevagehygine-levage","9":"product_tag-biocide","10":"product_tag-concentre","11":"product_tag-desinfectant","12":"product_tag-grande-surface","13":"product_tag-levuricide","14":"product_tag-liquide","15":"product_tag-materiel","16":"product_tag-mur","17":"product_tag-nettoyage","18":"product_tag-non-moussant","19":"product_tag-pulverisation","20":"product_tag-souillure-organique","21":"product_tag-surface","22":"product_tag-surface-dure","23":"product_tag-vehicule","24":"product_tag-virucide","26":"first","27":"instock","28":"shipping-taxable","29":"product-type-simple"},"yoast_head":"<!-- This site is optimized with the Yoast SEO plugin v27.5 - https:\/\/yoast.com\/product\/yoast-seo-wordpress\/ -->\n<title>Coxilac - Hydrachim<\/title>\n<meta name=\"robots\" content=\"index, follow, max-snippet:-1, max-image-preview:large, max-video-preview:-1\" \/>\n<link rel=\"canonical\" href=\"https:\/\/www.hydrachim.fr\/en\/produit\/coxilac_001126402\/\" \/>\n<meta property=\"og:locale\" content=\"en_US\" \/>\n<meta property=\"og:type\" content=\"article\" \/>\n<meta property=\"og:title\" content=\"Coxilac - Hydrachim\" \/>\n<meta property=\"og:description\" content=\"D\u00e9sinfection des b\u00e2timents et v\u00e9hicules en \u00e9levage.\" \/>\n<meta property=\"og:url\" content=\"https:\/\/www.hydrachim.fr\/en\/produit\/coxilac_001126402\/\" \/>\n<meta property=\"og:site_name\" content=\"Hydrachim\" \/>\n<meta property=\"article:modified_time\" content=\"2026-03-11T15:00:21+00:00\" \/>\n<meta property=\"og:image\" content=\"https:\/\/www.hydrachim.fr\/app\/uploads\/2026\/03\/001126402_COXILAC_20L_mercury.png\" \/>\n\t<meta property=\"og:image:width\" content=\"888\" \/>\n\t<meta property=\"og:image:height\" content=\"1072\" \/>\n\t<meta property=\"og:image:type\" content=\"image\/png\" \/>\n<meta name=\"twitter:card\" content=\"summary_large_image\" \/>\n<meta name=\"twitter:label1\" content=\"Est. reading time\" \/>\n\t<meta name=\"twitter:data1\" content=\"1 minute\" \/>\n<script type=\"application\/ld+json\" class=\"yoast-schema-graph\">{\"@context\":\"https:\\\/\\\/schema.org\",\"@graph\":[{\"@type\":\"WebPage\",\"@id\":\"https:\\\/\\\/www.hydrachim.fr\\\/en\\\/produit\\\/coxilac_001126402\\\/\",\"url\":\"https:\\\/\\\/www.hydrachim.fr\\\/en\\\/produit\\\/coxilac_001126402\\\/\",\"name\":\"Coxilac - Hydrachim\",\"isPartOf\":{\"@id\":\"https:\\\/\\\/www.hydrachim.fr\\\/en\\\/#website\"},\"primaryImageOfPage\":{\"@id\":\"https:\\\/\\\/www.hydrachim.fr\\\/en\\\/produit\\\/coxilac_001126402\\\/#primaryimage\"},\"image\":{\"@id\":\"https:\\\/\\\/www.hydrachim.fr\\\/en\\\/produit\\\/coxilac_001126402\\\/#primaryimage\"},\"thumbnailUrl\":\"https:\\\/\\\/www.hydrachim.fr\\\/app\\\/uploads\\\/2026\\\/03\\\/001126402_COXILAC_20L_mercury.png\",\"datePublished\":\"2019-08-06T13:42:32+00:00\",\"dateModified\":\"2026-03-11T15:00:21+00:00\",\"breadcrumb\":{\"@id\":\"https:\\\/\\\/www.hydrachim.fr\\\/en\\\/produit\\\/coxilac_001126402\\\/#breadcrumb\"},\"inLanguage\":\"en-US\",\"potentialAction\":[{\"@type\":\"ReadAction\",\"target\":[\"https:\\\/\\\/www.hydrachim.fr\\\/en\\\/produit\\\/coxilac_001126402\\\/\"]}]},{\"@type\":\"ImageObject\",\"inLanguage\":\"en-US\",\"@id\":\"https:\\\/\\\/www.hydrachim.fr\\\/en\\\/produit\\\/coxilac_001126402\\\/#primaryimage\",\"url\":\"https:\\\/\\\/www.hydrachim.fr\\\/app\\\/uploads\\\/2026\\\/03\\\/001126402_COXILAC_20L_mercury.png\",\"contentUrl\":\"https:\\\/\\\/www.hydrachim.fr\\\/app\\\/uploads\\\/2026\\\/03\\\/001126402_COXILAC_20L_mercury.png\",\"width\":888,\"height\":1072},{\"@type\":\"BreadcrumbList\",\"@id\":\"https:\\\/\\\/www.hydrachim.fr\\\/en\\\/produit\\\/coxilac_001126402\\\/#breadcrumb\",\"itemListElement\":[{\"@type\":\"ListItem\",\"position\":1,\"name\":\"Home\",\"item\":\"https:\\\/\\\/www.hydrachim.fr\\\/en\\\/\"},{\"@type\":\"ListItem\",\"position\":2,\"name\":\"Boutique\",\"item\":\"https:\\\/\\\/www.hydrachim.fr\\\/boutique\\\/\"},{\"@type\":\"ListItem\",\"position\":3,\"name\":\"Coxilac\"}]},{\"@type\":\"WebSite\",\"@id\":\"https:\\\/\\\/www.hydrachim.fr\\\/en\\\/#website\",\"url\":\"https:\\\/\\\/www.hydrachim.fr\\\/en\\\/\",\"name\":\"Hydrachim\",\"description\":\"La science de l&#039;hygi\u00e8ne\",\"potentialAction\":[{\"@type\":\"SearchAction\",\"target\":{\"@type\":\"EntryPoint\",\"urlTemplate\":\"https:\\\/\\\/www.hydrachim.fr\\\/en\\\/?s={search_term_string}\"},\"query-input\":{\"@type\":\"PropertyValueSpecification\",\"valueRequired\":true,\"valueName\":\"search_term_string\"}}],\"inLanguage\":\"en-US\"}]}<\/script>\n<!-- \/ Yoast SEO plugin. -->","yoast_head_json":{"title":"Coxilac - Hydrachim","robots":{"index":"index","follow":"follow","max-snippet":"max-snippet:-1","max-image-preview":"max-image-preview:large","max-video-preview":"max-video-preview:-1"},"canonical":"https:\/\/www.hydrachim.fr\/en\/produit\/coxilac_001126402\/","og_locale":"en_US","og_type":"article","og_title":"Coxilac - Hydrachim","og_description":"D\u00e9sinfection des b\u00e2timents et v\u00e9hicules en \u00e9levage.","og_url":"https:\/\/www.hydrachim.fr\/en\/produit\/coxilac_001126402\/","og_site_name":"Hydrachim","article_modified_time":"2026-03-11T15:00:21+00:00","og_image":[{"width":888,"height":1072,"url":"https:\/\/www.hydrachim.fr\/app\/uploads\/2026\/03\/001126402_COXILAC_20L_mercury.png","type":"image\/png"}],"twitter_card":"summary_large_image","twitter_misc":{"Est. reading time":"1 minute"},"schema":{"@context":"https:\/\/schema.org","@graph":[{"@type":"WebPage","@id":"https:\/\/www.hydrachim.fr\/en\/produit\/coxilac_001126402\/","url":"https:\/\/www.hydrachim.fr\/en\/produit\/coxilac_001126402\/","name":"Coxilac - Hydrachim","isPartOf":{"@id":"https:\/\/www.hydrachim.fr\/en\/#website"},"primaryImageOfPage":{"@id":"https:\/\/www.hydrachim.fr\/en\/produit\/coxilac_001126402\/#primaryimage"},"image":{"@id":"https:\/\/www.hydrachim.fr\/en\/produit\/coxilac_001126402\/#primaryimage"},"thumbnailUrl":"https:\/\/www.hydrachim.fr\/app\/uploads\/2026\/03\/001126402_COXILAC_20L_mercury.png","datePublished":"2019-08-06T13:42:32+00:00","dateModified":"2026-03-11T15:00:21+00:00","breadcrumb":{"@id":"https:\/\/www.hydrachim.fr\/en\/produit\/coxilac_001126402\/#breadcrumb"},"inLanguage":"en-US","potentialAction":[{"@type":"ReadAction","target":["https:\/\/www.hydrachim.fr\/en\/produit\/coxilac_001126402\/"]}]},{"@type":"ImageObject","inLanguage":"en-US","@id":"https:\/\/www.hydrachim.fr\/en\/produit\/coxilac_001126402\/#primaryimage","url":"https:\/\/www.hydrachim.fr\/app\/uploads\/2026\/03\/001126402_COXILAC_20L_mercury.png","contentUrl":"https:\/\/www.hydrachim.fr\/app\/uploads\/2026\/03\/001126402_COXILAC_20L_mercury.png","width":888,"height":1072},{"@type":"BreadcrumbList","@id":"https:\/\/www.hydrachim.fr\/en\/produit\/coxilac_001126402\/#breadcrumb","itemListElement":[{"@type":"ListItem","position":1,"name":"Home","item":"https:\/\/www.hydrachim.fr\/en\/"},{"@type":"ListItem","position":2,"name":"Boutique","item":"https:\/\/www.hydrachim.fr\/boutique\/"},{"@type":"ListItem","position":3,"name":"Coxilac"}]},{"@type":"WebSite","@id":"https:\/\/www.hydrachim.fr\/en\/#website","url":"https:\/\/www.hydrachim.fr\/en\/","name":"Hydrachim","description":"La science de l&#039;hygi\u00e8ne","potentialAction":[{"@type":"SearchAction","target":{"@type":"EntryPoint","urlTemplate":"https:\/\/www.hydrachim.fr\/en\/?s={search_term_string}"},"query-input":{"@type":"PropertyValueSpecification","valueRequired":true,"valueName":"search_term_string"}}],"inLanguage":"en-US"}]}},"acf":{"fiche_technique":"https:\/\/www.hydrachim.fr\/app\/uploads\/2025\/12\/HYDRACHIM_ELEVAGE_FT1264_COXILAC-1.pdf","fiche_methode":""},"_links":{"self":[{"href":"https:\/\/www.hydrachim.fr\/en\/wp-json\/wp\/v2\/product\/3305","targetHints":{"allow":["GET"]}}],"collection":[{"href":"https:\/\/www.hydrachim.fr\/en\/wp-json\/wp\/v2\/product"}],"about":[{"href":"https:\/\/www.hydrachim.fr\/en\/wp-json\/wp\/v2\/types\/product"}],"wp:featuredmedia":[{"embeddable":true,"href":"https:\/\/www.hydrachim.fr\/en\/wp-json\/wp\/v2\/media\/30568"}],"wp:attachment":[{"href":"https:\/\/www.hydrachim.fr\/en\/wp-json\/wp\/v2\/media?parent=3305"}],"wp:term":[{"taxonomy":"product_brand","embeddable":true,"href":"https:\/\/www.hydrachim.fr\/en\/wp-json\/wp\/v2\/product_brand?post=3305"},{"taxonomy":"product_type","embeddable":true,"href":"https:\/\/www.hydrachim.fr\/en\/wp-json\/wp\/v2\/product_type?post=3305"},{"taxonomy":"product_visibility","embeddable":true,"href":"https:\/\/www.hydrachim.fr\/en\/wp-json\/wp\/v2\/product_visibility?post=3305"},{"taxonomy":"product_cat","embeddable":true,"href":"https:\/\/www.hydrachim.fr\/en\/wp-json\/wp\/v2\/product_cat?post=3305"}],"curies":[{"name":"wp","href":"https:\/\/api.w.org\/{rel}","templated":true}]}}