{"id":3304,"date":"2019-08-06T15:42:31","date_gmt":"2019-08-06T13:42:31","guid":{"rendered":"https:\/\/www.hydrachim.fr\/product\/bio-liq\/"},"modified":"2024-06-20T14:13:28","modified_gmt":"2024-06-20T12:13:28","slug":"bio_liq_002192701","status":"publish","type":"product","link":"https:\/\/www.hydrachim.fr\/en\/produit\/bio_liq_002192701\/","title":{"rendered":"Bio Liq"},"content":{"rendered":"<p><strong>Bio Liq liquide est un produit d\u00e9velopp\u00e9 pour la suppression des probl\u00e8mes d&#8217;odeur et de colmatage dans les canalisations de cuisine tout en laissant un agr\u00e9able parfum Orange.<\/strong><\/p>\n<p>Le Bio Liq est un produit qui permet le traitement des canalisations de cuisine dans les restaurants, bars et petites industries agro-alimentaires. Il a une action curative et une action pr\u00e9ventive. Le Bio Liq est une formulation liquide parfum\u00e9e contenant des micro-organismes strictement non pathog\u00e8nes et des compos\u00e9s naturels d&#8217;origine v\u00e9g\u00e9tale, sp\u00e9cialement \u00e9tudi\u00e9e pour traiter les probl\u00e8mes d&#8217;odeurs et de colmatage des canalisations de cuisine.\n<\/p>\n<p><strong>Disponible en carton de 6 x 1L. R\u00e9f. 002192701<\/strong><\/p>\n<p class=\"y-product y-product__product-subtitle\">Avantage :<\/p>\n<p>Le Bio Liq permet un traitement biologique contre les remont\u00e9es d&#8217;odeurs et les engorgements. Ce produit peut-\u00eatre utilis\u00e9 en compl\u00e9ment des produits de traitement des bacs \u00e0 graisse.<\/p>\n<p>Retrouvez le mode d&#8217;emploi et le dosage du produit en t\u00e9l\u00e9chargeant, ci-dessous, sa Fiche Technique et\/ou sa Fiche M\u00e9thode.<\/p>\n<p><em>Avant toute utilisation, lisez l&#8217;\u00e9tiquette et les informations concernant le produit.<\/em><\/p>\n","protected":false},"excerpt":{"rendered":"<p>Bio Liq liquide parfum orange<\/p>\n","protected":false},"featured_media":17845,"template":"","meta":[],"product_brand":[],"product_type":[2],"product_visibility":[],"product_cat":[4149,4093,4117,4119,4009],"class_list":{"0":"post-3304","1":"product","2":"type-product","3":"status-publish","4":"has-post-thumbnail","6":"product_cat-marquesactemia","7":"product_cat-hygiene-enzymatiquebac--graisse-canalisation","8":"product_cat-produitscuisine","9":"product_cat-cuisineentretien","10":"product_cat-produitshygiene-enzymatique","11":"product_tag-bac--graisse","12":"product_tag-canalisation","13":"product_tag-colmate","14":"product_tag-liquide","15":"product_tag-odeur","16":"product_tag-orange","18":"first","19":"instock","20":"shipping-taxable","21":"product-type-simple"},"yoast_head":"<!-- This site is optimized with the Yoast SEO plugin v27.6 - https:\/\/yoast.com\/product\/yoast-seo-wordpress\/ -->\n<title>Produit traitement des canalisations de cuisine - Bio Liq - Hydrachim<\/title>\n<meta name=\"description\" content=\"Bio Liq est un produit pour le traitement des canalisations de cuisine d\u00e9velopp\u00e9 pour la suppression des probl\u00e8mes d&#039;odeur et de colmatage. Parfum Orange.\" \/>\n<meta name=\"robots\" content=\"index, follow, max-snippet:-1, max-image-preview:large, max-video-preview:-1\" \/>\n<link rel=\"canonical\" href=\"https:\/\/www.hydrachim.fr\/en\/produit\/bio_liq_002192701\/\" \/>\n<meta property=\"og:locale\" content=\"en_US\" \/>\n<meta property=\"og:type\" content=\"article\" \/>\n<meta property=\"og:title\" content=\"Produit traitement des canalisations de cuisine - Bio Liq - Hydrachim\" \/>\n<meta property=\"og:description\" content=\"Bio Liq est un produit pour le traitement des canalisations de cuisine d\u00e9velopp\u00e9 pour la suppression des probl\u00e8mes d&#039;odeur et de colmatage. Parfum Orange.\" \/>\n<meta property=\"og:url\" content=\"https:\/\/www.hydrachim.fr\/en\/produit\/bio_liq_002192701\/\" \/>\n<meta property=\"og:site_name\" content=\"Hydrachim\" \/>\n<meta property=\"article:modified_time\" content=\"2024-06-20T12:13:28+00:00\" \/>\n<meta property=\"og:image\" content=\"https:\/\/www.hydrachim.fr\/app\/uploads\/2024\/06\/1927___BIO_LIQ.png\" \/>\n\t<meta property=\"og:image:width\" content=\"490\" \/>\n\t<meta property=\"og:image:height\" content=\"800\" \/>\n\t<meta property=\"og:image:type\" content=\"image\/png\" \/>\n<meta name=\"twitter:card\" content=\"summary_large_image\" \/>\n<meta name=\"twitter:label1\" content=\"Est. reading time\" \/>\n\t<meta name=\"twitter:data1\" content=\"1 minute\" \/>\n<script type=\"application\/ld+json\" class=\"yoast-schema-graph\">{\"@context\":\"https:\\\/\\\/schema.org\",\"@graph\":[{\"@type\":\"WebPage\",\"@id\":\"https:\\\/\\\/www.hydrachim.fr\\\/en\\\/produit\\\/bio_liq_002192701\\\/\",\"url\":\"https:\\\/\\\/www.hydrachim.fr\\\/en\\\/produit\\\/bio_liq_002192701\\\/\",\"name\":\"Produit traitement des canalisations de cuisine - Bio Liq - Hydrachim\",\"isPartOf\":{\"@id\":\"https:\\\/\\\/www.hydrachim.fr\\\/en\\\/#website\"},\"primaryImageOfPage\":{\"@id\":\"https:\\\/\\\/www.hydrachim.fr\\\/en\\\/produit\\\/bio_liq_002192701\\\/#primaryimage\"},\"image\":{\"@id\":\"https:\\\/\\\/www.hydrachim.fr\\\/en\\\/produit\\\/bio_liq_002192701\\\/#primaryimage\"},\"thumbnailUrl\":\"https:\\\/\\\/www.hydrachim.fr\\\/app\\\/uploads\\\/2024\\\/06\\\/1927___BIO_LIQ.png\",\"datePublished\":\"2019-08-06T13:42:31+00:00\",\"dateModified\":\"2024-06-20T12:13:28+00:00\",\"description\":\"Bio Liq est un produit pour le traitement des canalisations de cuisine d\u00e9velopp\u00e9 pour la suppression des probl\u00e8mes d'odeur et de colmatage. Parfum Orange.\",\"breadcrumb\":{\"@id\":\"https:\\\/\\\/www.hydrachim.fr\\\/en\\\/produit\\\/bio_liq_002192701\\\/#breadcrumb\"},\"inLanguage\":\"en-US\",\"potentialAction\":[{\"@type\":\"ReadAction\",\"target\":[\"https:\\\/\\\/www.hydrachim.fr\\\/en\\\/produit\\\/bio_liq_002192701\\\/\"]}]},{\"@type\":\"ImageObject\",\"inLanguage\":\"en-US\",\"@id\":\"https:\\\/\\\/www.hydrachim.fr\\\/en\\\/produit\\\/bio_liq_002192701\\\/#primaryimage\",\"url\":\"https:\\\/\\\/www.hydrachim.fr\\\/app\\\/uploads\\\/2024\\\/06\\\/1927___BIO_LIQ.png\",\"contentUrl\":\"https:\\\/\\\/www.hydrachim.fr\\\/app\\\/uploads\\\/2024\\\/06\\\/1927___BIO_LIQ.png\",\"width\":490,\"height\":800},{\"@type\":\"BreadcrumbList\",\"@id\":\"https:\\\/\\\/www.hydrachim.fr\\\/en\\\/produit\\\/bio_liq_002192701\\\/#breadcrumb\",\"itemListElement\":[{\"@type\":\"ListItem\",\"position\":1,\"name\":\"Home\",\"item\":\"https:\\\/\\\/www.hydrachim.fr\\\/en\\\/\"},{\"@type\":\"ListItem\",\"position\":2,\"name\":\"Boutique\",\"item\":\"https:\\\/\\\/www.hydrachim.fr\\\/boutique\\\/\"},{\"@type\":\"ListItem\",\"position\":3,\"name\":\"Bio Liq\"}]},{\"@type\":\"WebSite\",\"@id\":\"https:\\\/\\\/www.hydrachim.fr\\\/en\\\/#website\",\"url\":\"https:\\\/\\\/www.hydrachim.fr\\\/en\\\/\",\"name\":\"Hydrachim\",\"description\":\"La science de l&#039;hygi\u00e8ne\",\"potentialAction\":[{\"@type\":\"SearchAction\",\"target\":{\"@type\":\"EntryPoint\",\"urlTemplate\":\"https:\\\/\\\/www.hydrachim.fr\\\/en\\\/?s={search_term_string}\"},\"query-input\":{\"@type\":\"PropertyValueSpecification\",\"valueRequired\":true,\"valueName\":\"search_term_string\"}}],\"inLanguage\":\"en-US\"}]}<\/script>\n<!-- \/ Yoast SEO plugin. -->","yoast_head_json":{"title":"Produit traitement des canalisations de cuisine - Bio Liq - Hydrachim","description":"Bio Liq est un produit pour le traitement des canalisations de cuisine d\u00e9velopp\u00e9 pour la suppression des probl\u00e8mes d'odeur et de colmatage. Parfum Orange.","robots":{"index":"index","follow":"follow","max-snippet":"max-snippet:-1","max-image-preview":"max-image-preview:large","max-video-preview":"max-video-preview:-1"},"canonical":"https:\/\/www.hydrachim.fr\/en\/produit\/bio_liq_002192701\/","og_locale":"en_US","og_type":"article","og_title":"Produit traitement des canalisations de cuisine - Bio Liq - Hydrachim","og_description":"Bio Liq est un produit pour le traitement des canalisations de cuisine d\u00e9velopp\u00e9 pour la suppression des probl\u00e8mes d'odeur et de colmatage. Parfum Orange.","og_url":"https:\/\/www.hydrachim.fr\/en\/produit\/bio_liq_002192701\/","og_site_name":"Hydrachim","article_modified_time":"2024-06-20T12:13:28+00:00","og_image":[{"width":490,"height":800,"url":"https:\/\/www.hydrachim.fr\/app\/uploads\/2024\/06\/1927___BIO_LIQ.png","type":"image\/png"}],"twitter_card":"summary_large_image","twitter_misc":{"Est. reading time":"1 minute"},"schema":{"@context":"https:\/\/schema.org","@graph":[{"@type":"WebPage","@id":"https:\/\/www.hydrachim.fr\/en\/produit\/bio_liq_002192701\/","url":"https:\/\/www.hydrachim.fr\/en\/produit\/bio_liq_002192701\/","name":"Produit traitement des canalisations de cuisine - Bio Liq - Hydrachim","isPartOf":{"@id":"https:\/\/www.hydrachim.fr\/en\/#website"},"primaryImageOfPage":{"@id":"https:\/\/www.hydrachim.fr\/en\/produit\/bio_liq_002192701\/#primaryimage"},"image":{"@id":"https:\/\/www.hydrachim.fr\/en\/produit\/bio_liq_002192701\/#primaryimage"},"thumbnailUrl":"https:\/\/www.hydrachim.fr\/app\/uploads\/2024\/06\/1927___BIO_LIQ.png","datePublished":"2019-08-06T13:42:31+00:00","dateModified":"2024-06-20T12:13:28+00:00","description":"Bio Liq est un produit pour le traitement des canalisations de cuisine d\u00e9velopp\u00e9 pour la suppression des probl\u00e8mes d'odeur et de colmatage. Parfum Orange.","breadcrumb":{"@id":"https:\/\/www.hydrachim.fr\/en\/produit\/bio_liq_002192701\/#breadcrumb"},"inLanguage":"en-US","potentialAction":[{"@type":"ReadAction","target":["https:\/\/www.hydrachim.fr\/en\/produit\/bio_liq_002192701\/"]}]},{"@type":"ImageObject","inLanguage":"en-US","@id":"https:\/\/www.hydrachim.fr\/en\/produit\/bio_liq_002192701\/#primaryimage","url":"https:\/\/www.hydrachim.fr\/app\/uploads\/2024\/06\/1927___BIO_LIQ.png","contentUrl":"https:\/\/www.hydrachim.fr\/app\/uploads\/2024\/06\/1927___BIO_LIQ.png","width":490,"height":800},{"@type":"BreadcrumbList","@id":"https:\/\/www.hydrachim.fr\/en\/produit\/bio_liq_002192701\/#breadcrumb","itemListElement":[{"@type":"ListItem","position":1,"name":"Home","item":"https:\/\/www.hydrachim.fr\/en\/"},{"@type":"ListItem","position":2,"name":"Boutique","item":"https:\/\/www.hydrachim.fr\/boutique\/"},{"@type":"ListItem","position":3,"name":"Bio Liq"}]},{"@type":"WebSite","@id":"https:\/\/www.hydrachim.fr\/en\/#website","url":"https:\/\/www.hydrachim.fr\/en\/","name":"Hydrachim","description":"La science de l&#039;hygi\u00e8ne","potentialAction":[{"@type":"SearchAction","target":{"@type":"EntryPoint","urlTemplate":"https:\/\/www.hydrachim.fr\/en\/?s={search_term_string}"},"query-input":{"@type":"PropertyValueSpecification","valueRequired":true,"valueName":"search_term_string"}}],"inLanguage":"en-US"}]}},"acf":{"fiche_technique":"https:\/\/www.hydrachim.fr\/app\/uploads\/2024\/06\/FT___ACTEMIA___1927___BIO_LIQ.pdf","fiche_methode":"https:\/\/www.hydrachim.fr\/app\/uploads\/2019\/09\/1927-BIO-LIQ-ACTEMIA.pdf"},"_links":{"self":[{"href":"https:\/\/www.hydrachim.fr\/en\/wp-json\/wp\/v2\/product\/3304","targetHints":{"allow":["GET"]}}],"collection":[{"href":"https:\/\/www.hydrachim.fr\/en\/wp-json\/wp\/v2\/product"}],"about":[{"href":"https:\/\/www.hydrachim.fr\/en\/wp-json\/wp\/v2\/types\/product"}],"wp:featuredmedia":[{"embeddable":true,"href":"https:\/\/www.hydrachim.fr\/en\/wp-json\/wp\/v2\/media\/17845"}],"wp:attachment":[{"href":"https:\/\/www.hydrachim.fr\/en\/wp-json\/wp\/v2\/media?parent=3304"}],"wp:term":[{"taxonomy":"product_brand","embeddable":true,"href":"https:\/\/www.hydrachim.fr\/en\/wp-json\/wp\/v2\/product_brand?post=3304"},{"taxonomy":"product_type","embeddable":true,"href":"https:\/\/www.hydrachim.fr\/en\/wp-json\/wp\/v2\/product_type?post=3304"},{"taxonomy":"product_visibility","embeddable":true,"href":"https:\/\/www.hydrachim.fr\/en\/wp-json\/wp\/v2\/product_visibility?post=3304"},{"taxonomy":"product_cat","embeddable":true,"href":"https:\/\/www.hydrachim.fr\/en\/wp-json\/wp\/v2\/product_cat?post=3304"}],"curies":[{"name":"wp","href":"https:\/\/api.w.org\/{rel}","templated":true}]}}