{"id":3302,"date":"2019-08-06T15:42:29","date_gmt":"2019-08-06T13:42:29","guid":{"rendered":"https:\/\/www.hydrachim.fr\/product\/hydra-iode-epais\/"},"modified":"2026-03-06T11:20:44","modified_gmt":"2026-03-06T09:20:44","slug":"hydra_iode_epais_001113209","status":"publish","type":"product","link":"https:\/\/www.hydrachim.fr\/en\/produit\/hydra_iode_epais_001113209\/","title":{"rendered":"Hydra Iode \u00c9pais"},"content":{"rendered":"<p><strong>Hydra Iode \u00c9pais est un produit de trempage d\u00e9velopp\u00e9 pour l&#8217;hygi\u00e8ne et le protection des trayons apr\u00e8s la traite.<\/strong><\/p>\n<p>Hydra Iode \u00c9pais est un produit qui assure la protection microbienne des trayons tout en leur donnant douceur et souplesse.<br \/>\nHydra Iode \u00c9pais assure un temps de contact prolong\u00e9 sur le trayon.<br \/>\nHydra Iode \u00c9pais est efficace sur les bact\u00e9ries responsables des mammites, selon la norme EN 1656.<br \/>\nProduit utilisable en agriculture biologique conforme au reglement (UE) 2018\/848 (et ses amendements).\n<\/p>\n<p><strong>Disponible en :<br \/>\n&#8211; bidon de 20kg R\u00e9f. 001113209,<br \/>\n&#8211; f\u00fbt de 60kg R\u00e9f. 001113210.<\/strong><\/p>\n<p class=\"y-product y-product__product-subtitle\">Avantage :<\/p>\n<p>Hydra Iode \u00c9pais ne goutte pas et est tr\u00e8s \u00e9conomique d&#8217;emploi.<\/p>\n<p>Retrouvez le mode d&#8217;emploi et le d\u00e9tail des efficacit\u00e9s biocides, en t\u00e9l\u00e9chargeant la Fiche Technique.<\/p>\n<p><em>Utiliser les biocides avec pr\u00e9cautions. Consulter la documentation avant la premi\u00e8re utilisation.<\/em><\/p>\n","protected":false},"excerpt":{"rendered":"<p>Hygi\u00e8ne du trayon apr\u00e8s la traite, trempage \u00e9pais.<\/p>\n","protected":false},"featured_media":30478,"template":"","meta":[],"product_brand":[],"product_type":[2],"product_visibility":[],"product_cat":[4154,3985],"class_list":{"0":"post-3302","1":"product","2":"type-product","3":"status-publish","4":"has-post-thumbnail","6":"product_cat-marqueshydrachim-elevage","7":"product_cat-hygiene-mamelle","8":"product_tag-desinfectant","9":"product_tag-epais","10":"product_tag-hygine-du-trayon","11":"product_tag-mamelle","12":"product_tag-pret-a-lemploi","13":"product_tag-protection","14":"product_tag-tp3","15":"product_tag-trempage","17":"first","18":"instock","19":"shipping-taxable","20":"product-type-simple"},"yoast_head":"<!-- This site is optimized with the Yoast SEO plugin v27.4 - https:\/\/yoast.com\/product\/yoast-seo-wordpress\/ -->\n<title>Hydra Iode \u00c9pais - Hydrachim<\/title>\n<meta name=\"robots\" content=\"index, follow, max-snippet:-1, max-image-preview:large, max-video-preview:-1\" \/>\n<link rel=\"canonical\" href=\"https:\/\/www.hydrachim.fr\/en\/produit\/hydra_iode_epais_001113209\/\" \/>\n<meta property=\"og:locale\" content=\"en_US\" \/>\n<meta property=\"og:type\" content=\"article\" \/>\n<meta property=\"og:title\" content=\"Hydra Iode \u00c9pais - Hydrachim\" \/>\n<meta property=\"og:description\" content=\"Hygi\u00e8ne du trayon apr\u00e8s la traite, trempage \u00e9pais.\" \/>\n<meta property=\"og:url\" content=\"https:\/\/www.hydrachim.fr\/en\/produit\/hydra_iode_epais_001113209\/\" \/>\n<meta property=\"og:site_name\" content=\"Hydrachim\" \/>\n<meta property=\"article:modified_time\" content=\"2026-03-06T09:20:44+00:00\" \/>\n<meta property=\"og:image\" content=\"https:\/\/www.hydrachim.fr\/app\/uploads\/2026\/03\/001113209_HydraIodeEpais_20kg_mercury.png\" \/>\n\t<meta property=\"og:image:width\" content=\"817\" \/>\n\t<meta property=\"og:image:height\" content=\"1103\" \/>\n\t<meta property=\"og:image:type\" content=\"image\/png\" \/>\n<meta name=\"twitter:card\" content=\"summary_large_image\" \/>\n<meta name=\"twitter:label1\" content=\"Est. reading time\" \/>\n\t<meta name=\"twitter:data1\" content=\"1 minute\" \/>\n<script type=\"application\/ld+json\" class=\"yoast-schema-graph\">{\"@context\":\"https:\\\/\\\/schema.org\",\"@graph\":[{\"@type\":\"WebPage\",\"@id\":\"https:\\\/\\\/www.hydrachim.fr\\\/en\\\/produit\\\/hydra_iode_epais_001113209\\\/\",\"url\":\"https:\\\/\\\/www.hydrachim.fr\\\/en\\\/produit\\\/hydra_iode_epais_001113209\\\/\",\"name\":\"Hydra Iode \u00c9pais - Hydrachim\",\"isPartOf\":{\"@id\":\"https:\\\/\\\/www.hydrachim.fr\\\/en\\\/#website\"},\"primaryImageOfPage\":{\"@id\":\"https:\\\/\\\/www.hydrachim.fr\\\/en\\\/produit\\\/hydra_iode_epais_001113209\\\/#primaryimage\"},\"image\":{\"@id\":\"https:\\\/\\\/www.hydrachim.fr\\\/en\\\/produit\\\/hydra_iode_epais_001113209\\\/#primaryimage\"},\"thumbnailUrl\":\"https:\\\/\\\/www.hydrachim.fr\\\/app\\\/uploads\\\/2026\\\/03\\\/001113209_HydraIodeEpais_20kg_mercury.png\",\"datePublished\":\"2019-08-06T13:42:29+00:00\",\"dateModified\":\"2026-03-06T09:20:44+00:00\",\"breadcrumb\":{\"@id\":\"https:\\\/\\\/www.hydrachim.fr\\\/en\\\/produit\\\/hydra_iode_epais_001113209\\\/#breadcrumb\"},\"inLanguage\":\"en-US\",\"potentialAction\":[{\"@type\":\"ReadAction\",\"target\":[\"https:\\\/\\\/www.hydrachim.fr\\\/en\\\/produit\\\/hydra_iode_epais_001113209\\\/\"]}]},{\"@type\":\"ImageObject\",\"inLanguage\":\"en-US\",\"@id\":\"https:\\\/\\\/www.hydrachim.fr\\\/en\\\/produit\\\/hydra_iode_epais_001113209\\\/#primaryimage\",\"url\":\"https:\\\/\\\/www.hydrachim.fr\\\/app\\\/uploads\\\/2026\\\/03\\\/001113209_HydraIodeEpais_20kg_mercury.png\",\"contentUrl\":\"https:\\\/\\\/www.hydrachim.fr\\\/app\\\/uploads\\\/2026\\\/03\\\/001113209_HydraIodeEpais_20kg_mercury.png\",\"width\":817,\"height\":1103},{\"@type\":\"BreadcrumbList\",\"@id\":\"https:\\\/\\\/www.hydrachim.fr\\\/en\\\/produit\\\/hydra_iode_epais_001113209\\\/#breadcrumb\",\"itemListElement\":[{\"@type\":\"ListItem\",\"position\":1,\"name\":\"Home\",\"item\":\"https:\\\/\\\/www.hydrachim.fr\\\/en\\\/\"},{\"@type\":\"ListItem\",\"position\":2,\"name\":\"Boutique\",\"item\":\"https:\\\/\\\/www.hydrachim.fr\\\/boutique\\\/\"},{\"@type\":\"ListItem\",\"position\":3,\"name\":\"Hydra Iode \u00c9pais\"}]},{\"@type\":\"WebSite\",\"@id\":\"https:\\\/\\\/www.hydrachim.fr\\\/en\\\/#website\",\"url\":\"https:\\\/\\\/www.hydrachim.fr\\\/en\\\/\",\"name\":\"Hydrachim\",\"description\":\"La science de l&#039;hygi\u00e8ne\",\"potentialAction\":[{\"@type\":\"SearchAction\",\"target\":{\"@type\":\"EntryPoint\",\"urlTemplate\":\"https:\\\/\\\/www.hydrachim.fr\\\/en\\\/?s={search_term_string}\"},\"query-input\":{\"@type\":\"PropertyValueSpecification\",\"valueRequired\":true,\"valueName\":\"search_term_string\"}}],\"inLanguage\":\"en-US\"}]}<\/script>\n<!-- \/ Yoast SEO plugin. -->","yoast_head_json":{"title":"Hydra Iode \u00c9pais - Hydrachim","robots":{"index":"index","follow":"follow","max-snippet":"max-snippet:-1","max-image-preview":"max-image-preview:large","max-video-preview":"max-video-preview:-1"},"canonical":"https:\/\/www.hydrachim.fr\/en\/produit\/hydra_iode_epais_001113209\/","og_locale":"en_US","og_type":"article","og_title":"Hydra Iode \u00c9pais - Hydrachim","og_description":"Hygi\u00e8ne du trayon apr\u00e8s la traite, trempage \u00e9pais.","og_url":"https:\/\/www.hydrachim.fr\/en\/produit\/hydra_iode_epais_001113209\/","og_site_name":"Hydrachim","article_modified_time":"2026-03-06T09:20:44+00:00","og_image":[{"width":817,"height":1103,"url":"https:\/\/www.hydrachim.fr\/app\/uploads\/2026\/03\/001113209_HydraIodeEpais_20kg_mercury.png","type":"image\/png"}],"twitter_card":"summary_large_image","twitter_misc":{"Est. reading time":"1 minute"},"schema":{"@context":"https:\/\/schema.org","@graph":[{"@type":"WebPage","@id":"https:\/\/www.hydrachim.fr\/en\/produit\/hydra_iode_epais_001113209\/","url":"https:\/\/www.hydrachim.fr\/en\/produit\/hydra_iode_epais_001113209\/","name":"Hydra Iode \u00c9pais - Hydrachim","isPartOf":{"@id":"https:\/\/www.hydrachim.fr\/en\/#website"},"primaryImageOfPage":{"@id":"https:\/\/www.hydrachim.fr\/en\/produit\/hydra_iode_epais_001113209\/#primaryimage"},"image":{"@id":"https:\/\/www.hydrachim.fr\/en\/produit\/hydra_iode_epais_001113209\/#primaryimage"},"thumbnailUrl":"https:\/\/www.hydrachim.fr\/app\/uploads\/2026\/03\/001113209_HydraIodeEpais_20kg_mercury.png","datePublished":"2019-08-06T13:42:29+00:00","dateModified":"2026-03-06T09:20:44+00:00","breadcrumb":{"@id":"https:\/\/www.hydrachim.fr\/en\/produit\/hydra_iode_epais_001113209\/#breadcrumb"},"inLanguage":"en-US","potentialAction":[{"@type":"ReadAction","target":["https:\/\/www.hydrachim.fr\/en\/produit\/hydra_iode_epais_001113209\/"]}]},{"@type":"ImageObject","inLanguage":"en-US","@id":"https:\/\/www.hydrachim.fr\/en\/produit\/hydra_iode_epais_001113209\/#primaryimage","url":"https:\/\/www.hydrachim.fr\/app\/uploads\/2026\/03\/001113209_HydraIodeEpais_20kg_mercury.png","contentUrl":"https:\/\/www.hydrachim.fr\/app\/uploads\/2026\/03\/001113209_HydraIodeEpais_20kg_mercury.png","width":817,"height":1103},{"@type":"BreadcrumbList","@id":"https:\/\/www.hydrachim.fr\/en\/produit\/hydra_iode_epais_001113209\/#breadcrumb","itemListElement":[{"@type":"ListItem","position":1,"name":"Home","item":"https:\/\/www.hydrachim.fr\/en\/"},{"@type":"ListItem","position":2,"name":"Boutique","item":"https:\/\/www.hydrachim.fr\/boutique\/"},{"@type":"ListItem","position":3,"name":"Hydra Iode \u00c9pais"}]},{"@type":"WebSite","@id":"https:\/\/www.hydrachim.fr\/en\/#website","url":"https:\/\/www.hydrachim.fr\/en\/","name":"Hydrachim","description":"La science de l&#039;hygi\u00e8ne","potentialAction":[{"@type":"SearchAction","target":{"@type":"EntryPoint","urlTemplate":"https:\/\/www.hydrachim.fr\/en\/?s={search_term_string}"},"query-input":{"@type":"PropertyValueSpecification","valueRequired":true,"valueName":"search_term_string"}}],"inLanguage":"en-US"}]}},"acf":{"fiche_technique":"https:\/\/www.hydrachim.fr\/app\/uploads\/2025\/12\/HYDRACHIM_ELEVAGE_FT1132_HYDRA_IODE_EPAIS.pdf","fiche_methode":""},"_links":{"self":[{"href":"https:\/\/www.hydrachim.fr\/en\/wp-json\/wp\/v2\/product\/3302","targetHints":{"allow":["GET"]}}],"collection":[{"href":"https:\/\/www.hydrachim.fr\/en\/wp-json\/wp\/v2\/product"}],"about":[{"href":"https:\/\/www.hydrachim.fr\/en\/wp-json\/wp\/v2\/types\/product"}],"wp:featuredmedia":[{"embeddable":true,"href":"https:\/\/www.hydrachim.fr\/en\/wp-json\/wp\/v2\/media\/30478"}],"wp:attachment":[{"href":"https:\/\/www.hydrachim.fr\/en\/wp-json\/wp\/v2\/media?parent=3302"}],"wp:term":[{"taxonomy":"product_brand","embeddable":true,"href":"https:\/\/www.hydrachim.fr\/en\/wp-json\/wp\/v2\/product_brand?post=3302"},{"taxonomy":"product_type","embeddable":true,"href":"https:\/\/www.hydrachim.fr\/en\/wp-json\/wp\/v2\/product_type?post=3302"},{"taxonomy":"product_visibility","embeddable":true,"href":"https:\/\/www.hydrachim.fr\/en\/wp-json\/wp\/v2\/product_visibility?post=3302"},{"taxonomy":"product_cat","embeddable":true,"href":"https:\/\/www.hydrachim.fr\/en\/wp-json\/wp\/v2\/product_cat?post=3302"}],"curies":[{"name":"wp","href":"https:\/\/api.w.org\/{rel}","templated":true}]}}