{"id":3287,"date":"2019-08-06T15:42:15","date_gmt":"2019-08-06T13:42:15","guid":{"rendered":"https:\/\/www.hydrachim.fr\/product\/deterquat-amc\/"},"modified":"2025-06-24T11:57:41","modified_gmt":"2025-06-24T09:57:41","slug":"amc_002074001","status":"publish","type":"product","link":"https:\/\/www.hydrachim.fr\/en\/produit\/amc_002074001\/","title":{"rendered":"AMC"},"content":{"rendered":"<p><strong>Deterquat AMC est un super d\u00e9graissant et d\u00e9sinfectant. Sa formulation alcaline moussante et chlor\u00e9e, en font un incontournable pour la d\u00e9sinfection et le nettoyage des surfaces en contact avec les denr\u00e9es alimentaires. Sa formule riche en potasse permet un d\u00e9graissage optimum et laisse les inox tr\u00e8s brillant. <\/strong><\/p>\n<p>Deterquat AMC est :<br \/>\n&#8211; bact\u00e9ricide,<br \/>\n&#8211; levuricide,<br \/>\n&#8211;  fongicide,<br \/>\n&#8211; mycobact\u00e9ricide,<br \/>\n&#8211; virucide et<br \/>\n&#8211; sporicide.<br \/>\nEfficacit\u00e9 virucide couverte sur Coronavirus.<br \/>\nPour plus d&#8217;informations sur les efficacit\u00e9s d\u00e9sinfectantes, consulter les temps de contact et souches sur la Fiche Technique.<\/p>\n<p><strong>Disponible en :<br \/>\n&#8211; Carton de 4x5L. R\u00e9f. 002074001<br \/>\n&#8211; Bidon de 20L. R\u00e9f. 002074003<\/strong><\/p>\n<p class=\"y-product y-product__product-subtitle\">Avantage :<\/p>\n<p>Gr\u00e2ce \u00e0 la synergie de ses tensioactifs non ioniques, Deterquat AMC pr\u00e9sente une tr\u00e8s grande capacit\u00e9 \u00e0 d\u00e9graisser. <\/p>\n<p>Retrouvez le mode d&#8217;emploi et le dosage du produit en t\u00e9l\u00e9chargeant, ci-dessous, sa Fiche Technique et\/ou sa Fiche M\u00e9thode.<\/p>\n<p><em>Utilisez les biocides avec pr\u00e9caution. Avant toute utilisation, lisez l&#8217;\u00e9tiquette et les informations concernant le produit.<br \/>\nProduit strictement professionnel.<br \/>\nAvant toute utilisation, assurez-vous que celle-ci est indispensable, notamment dans les lieux fr\u00e9quent\u00e9s par le grand public. Privil\u00e9giez chaque fois que possible les m\u00e9thodes alternatives et les produits pr\u00e9sentant le risque le plus faible pour la sant\u00e9 humaine et animale et pour l&#8217;environnement.<\/p>\n<p>TP2 : D\u00e9sinfectants utilis\u00e9s dans le domaine priv\u00e9 et dans le domaine de la sant\u00e9 publique et autres produits biocides<br \/>\nTP4 : D\u00e9sinfectants pour les surfaces en contact avec les denr\u00e9es alimentaires et les aliments pour animaux<br \/>\n<\/em><\/p>\n","protected":false},"excerpt":{"rendered":"<p>D\u00e9graissant d\u00e9sinfectant chlor\u00e9 moussant pour surfaces ouvertes.<\/p>\n","protected":false},"featured_media":6130,"template":"","meta":[],"product_brand":[],"product_type":[2],"product_visibility":[],"product_cat":[4027,4111,4151,4112],"class_list":{"0":"post-3287","1":"product","2":"type-product","3":"status-publish","4":"has-post-thumbnail","6":"product_cat-agro-alimentaire-industrie","7":"product_cat-produitsdesinfection","8":"product_cat-marquesdeterquat","9":"product_cat-dsinfectionsurface","10":"product_tag-alimentaire_1","11":"product_tag-bactericide-type-defficacit","12":"product_tag-cafe-hotel-restaurant","13":"product_tag-chlore","14":"product_tag-degraissant","15":"product_tag-desinfectant","16":"product_tag-fongicide_1","17":"product_tag-industrie-boulangerie-viennoiserie-patisserie","18":"product_tag-industrie-viande-poisson","19":"product_tag-levuricide_1","20":"product_tag-liquide","21":"product_tag-metiers-de-bouche","22":"product_tag-moussant_1","23":"product_tag-moussant","24":"product_tag-mycobactericide","25":"product_tag-nettoyage","26":"product_tag-sporicide_1","27":"product_tag-sur-surfaces-ouvertes-sols-murs-plafonds","28":"product_tag-tous-types-dapplication","29":"product_tag-tous-types-defficacite","30":"product_tag-tous-types-de-secteur-dactivite","31":"product_tag-tp2","32":"product_tag-tp4","33":"product_tag-traiteur-plats-prepares","34":"product_tag-virucide_1","36":"first","37":"instock","38":"shipping-taxable","39":"product-type-simple"},"yoast_head":"<!-- This site is optimized with the Yoast SEO plugin v27.6 - https:\/\/yoast.com\/product\/yoast-seo-wordpress\/ -->\n<title>Super d\u00e9graissant et d\u00e9sinfectant - AMC - Hydrachim<\/title>\n<meta name=\"description\" content=\"Deterquat AMC est un super d\u00e9graissant et d\u00e9sinfectant. Id\u00e9al pour la d\u00e9sinfection et le nettoyage des surfaces en contact avec les denr\u00e9es alimentaires.\" \/>\n<meta name=\"robots\" content=\"index, follow, max-snippet:-1, max-image-preview:large, max-video-preview:-1\" \/>\n<link rel=\"canonical\" href=\"https:\/\/www.hydrachim.fr\/en\/produit\/amc_002074001\/\" \/>\n<meta property=\"og:locale\" content=\"en_US\" \/>\n<meta property=\"og:type\" content=\"article\" \/>\n<meta property=\"og:title\" content=\"Super d\u00e9graissant et d\u00e9sinfectant - AMC - Hydrachim\" \/>\n<meta property=\"og:description\" content=\"Deterquat AMC est un super d\u00e9graissant et d\u00e9sinfectant. Id\u00e9al pour la d\u00e9sinfection et le nettoyage des surfaces en contact avec les denr\u00e9es alimentaires.\" \/>\n<meta property=\"og:url\" content=\"https:\/\/www.hydrachim.fr\/en\/produit\/amc_002074001\/\" \/>\n<meta property=\"og:site_name\" content=\"Hydrachim\" \/>\n<meta property=\"article:modified_time\" content=\"2025-06-24T09:57:41+00:00\" \/>\n<meta property=\"og:image\" content=\"https:\/\/www.hydrachim.fr\/app\/uploads\/2019\/12\/0740___Deterquat_AMC___5L..png\" \/>\n\t<meta property=\"og:image:width\" content=\"592\" \/>\n\t<meta property=\"og:image:height\" content=\"900\" \/>\n\t<meta property=\"og:image:type\" content=\"image\/png\" \/>\n<meta name=\"twitter:card\" content=\"summary_large_image\" \/>\n<meta name=\"twitter:label1\" content=\"Est. reading time\" \/>\n\t<meta name=\"twitter:data1\" content=\"1 minute\" \/>\n<script type=\"application\/ld+json\" class=\"yoast-schema-graph\">{\"@context\":\"https:\\\/\\\/schema.org\",\"@graph\":[{\"@type\":\"WebPage\",\"@id\":\"https:\\\/\\\/www.hydrachim.fr\\\/en\\\/produit\\\/amc_002074001\\\/\",\"url\":\"https:\\\/\\\/www.hydrachim.fr\\\/en\\\/produit\\\/amc_002074001\\\/\",\"name\":\"Super d\u00e9graissant et d\u00e9sinfectant - AMC - Hydrachim\",\"isPartOf\":{\"@id\":\"https:\\\/\\\/www.hydrachim.fr\\\/en\\\/#website\"},\"primaryImageOfPage\":{\"@id\":\"https:\\\/\\\/www.hydrachim.fr\\\/en\\\/produit\\\/amc_002074001\\\/#primaryimage\"},\"image\":{\"@id\":\"https:\\\/\\\/www.hydrachim.fr\\\/en\\\/produit\\\/amc_002074001\\\/#primaryimage\"},\"thumbnailUrl\":\"https:\\\/\\\/www.hydrachim.fr\\\/app\\\/uploads\\\/2019\\\/12\\\/0740___Deterquat_AMC___5L..png\",\"datePublished\":\"2019-08-06T13:42:15+00:00\",\"dateModified\":\"2025-06-24T09:57:41+00:00\",\"description\":\"Deterquat AMC est un super d\u00e9graissant et d\u00e9sinfectant. Id\u00e9al pour la d\u00e9sinfection et le nettoyage des surfaces en contact avec les denr\u00e9es alimentaires.\",\"breadcrumb\":{\"@id\":\"https:\\\/\\\/www.hydrachim.fr\\\/en\\\/produit\\\/amc_002074001\\\/#breadcrumb\"},\"inLanguage\":\"en-US\",\"potentialAction\":[{\"@type\":\"ReadAction\",\"target\":[\"https:\\\/\\\/www.hydrachim.fr\\\/en\\\/produit\\\/amc_002074001\\\/\"]}]},{\"@type\":\"ImageObject\",\"inLanguage\":\"en-US\",\"@id\":\"https:\\\/\\\/www.hydrachim.fr\\\/en\\\/produit\\\/amc_002074001\\\/#primaryimage\",\"url\":\"https:\\\/\\\/www.hydrachim.fr\\\/app\\\/uploads\\\/2019\\\/12\\\/0740___Deterquat_AMC___5L..png\",\"contentUrl\":\"https:\\\/\\\/www.hydrachim.fr\\\/app\\\/uploads\\\/2019\\\/12\\\/0740___Deterquat_AMC___5L..png\",\"width\":592,\"height\":900,\"caption\":\"Super d\u00e9graissant et d\u00e9sinfectant - AMC\"},{\"@type\":\"BreadcrumbList\",\"@id\":\"https:\\\/\\\/www.hydrachim.fr\\\/en\\\/produit\\\/amc_002074001\\\/#breadcrumb\",\"itemListElement\":[{\"@type\":\"ListItem\",\"position\":1,\"name\":\"Home\",\"item\":\"https:\\\/\\\/www.hydrachim.fr\\\/en\\\/\"},{\"@type\":\"ListItem\",\"position\":2,\"name\":\"Boutique\",\"item\":\"https:\\\/\\\/www.hydrachim.fr\\\/boutique\\\/\"},{\"@type\":\"ListItem\",\"position\":3,\"name\":\"AMC\"}]},{\"@type\":\"WebSite\",\"@id\":\"https:\\\/\\\/www.hydrachim.fr\\\/en\\\/#website\",\"url\":\"https:\\\/\\\/www.hydrachim.fr\\\/en\\\/\",\"name\":\"Hydrachim\",\"description\":\"La science de l&#039;hygi\u00e8ne\",\"potentialAction\":[{\"@type\":\"SearchAction\",\"target\":{\"@type\":\"EntryPoint\",\"urlTemplate\":\"https:\\\/\\\/www.hydrachim.fr\\\/en\\\/?s={search_term_string}\"},\"query-input\":{\"@type\":\"PropertyValueSpecification\",\"valueRequired\":true,\"valueName\":\"search_term_string\"}}],\"inLanguage\":\"en-US\"}]}<\/script>\n<!-- \/ Yoast SEO plugin. -->","yoast_head_json":{"title":"Super d\u00e9graissant et d\u00e9sinfectant - AMC - Hydrachim","description":"Deterquat AMC est un super d\u00e9graissant et d\u00e9sinfectant. Id\u00e9al pour la d\u00e9sinfection et le nettoyage des surfaces en contact avec les denr\u00e9es alimentaires.","robots":{"index":"index","follow":"follow","max-snippet":"max-snippet:-1","max-image-preview":"max-image-preview:large","max-video-preview":"max-video-preview:-1"},"canonical":"https:\/\/www.hydrachim.fr\/en\/produit\/amc_002074001\/","og_locale":"en_US","og_type":"article","og_title":"Super d\u00e9graissant et d\u00e9sinfectant - AMC - Hydrachim","og_description":"Deterquat AMC est un super d\u00e9graissant et d\u00e9sinfectant. Id\u00e9al pour la d\u00e9sinfection et le nettoyage des surfaces en contact avec les denr\u00e9es alimentaires.","og_url":"https:\/\/www.hydrachim.fr\/en\/produit\/amc_002074001\/","og_site_name":"Hydrachim","article_modified_time":"2025-06-24T09:57:41+00:00","og_image":[{"width":592,"height":900,"url":"https:\/\/www.hydrachim.fr\/app\/uploads\/2019\/12\/0740___Deterquat_AMC___5L..png","type":"image\/png"}],"twitter_card":"summary_large_image","twitter_misc":{"Est. reading time":"1 minute"},"schema":{"@context":"https:\/\/schema.org","@graph":[{"@type":"WebPage","@id":"https:\/\/www.hydrachim.fr\/en\/produit\/amc_002074001\/","url":"https:\/\/www.hydrachim.fr\/en\/produit\/amc_002074001\/","name":"Super d\u00e9graissant et d\u00e9sinfectant - AMC - Hydrachim","isPartOf":{"@id":"https:\/\/www.hydrachim.fr\/en\/#website"},"primaryImageOfPage":{"@id":"https:\/\/www.hydrachim.fr\/en\/produit\/amc_002074001\/#primaryimage"},"image":{"@id":"https:\/\/www.hydrachim.fr\/en\/produit\/amc_002074001\/#primaryimage"},"thumbnailUrl":"https:\/\/www.hydrachim.fr\/app\/uploads\/2019\/12\/0740___Deterquat_AMC___5L..png","datePublished":"2019-08-06T13:42:15+00:00","dateModified":"2025-06-24T09:57:41+00:00","description":"Deterquat AMC est un super d\u00e9graissant et d\u00e9sinfectant. Id\u00e9al pour la d\u00e9sinfection et le nettoyage des surfaces en contact avec les denr\u00e9es alimentaires.","breadcrumb":{"@id":"https:\/\/www.hydrachim.fr\/en\/produit\/amc_002074001\/#breadcrumb"},"inLanguage":"en-US","potentialAction":[{"@type":"ReadAction","target":["https:\/\/www.hydrachim.fr\/en\/produit\/amc_002074001\/"]}]},{"@type":"ImageObject","inLanguage":"en-US","@id":"https:\/\/www.hydrachim.fr\/en\/produit\/amc_002074001\/#primaryimage","url":"https:\/\/www.hydrachim.fr\/app\/uploads\/2019\/12\/0740___Deterquat_AMC___5L..png","contentUrl":"https:\/\/www.hydrachim.fr\/app\/uploads\/2019\/12\/0740___Deterquat_AMC___5L..png","width":592,"height":900,"caption":"Super d\u00e9graissant et d\u00e9sinfectant - AMC"},{"@type":"BreadcrumbList","@id":"https:\/\/www.hydrachim.fr\/en\/produit\/amc_002074001\/#breadcrumb","itemListElement":[{"@type":"ListItem","position":1,"name":"Home","item":"https:\/\/www.hydrachim.fr\/en\/"},{"@type":"ListItem","position":2,"name":"Boutique","item":"https:\/\/www.hydrachim.fr\/boutique\/"},{"@type":"ListItem","position":3,"name":"AMC"}]},{"@type":"WebSite","@id":"https:\/\/www.hydrachim.fr\/en\/#website","url":"https:\/\/www.hydrachim.fr\/en\/","name":"Hydrachim","description":"La science de l&#039;hygi\u00e8ne","potentialAction":[{"@type":"SearchAction","target":{"@type":"EntryPoint","urlTemplate":"https:\/\/www.hydrachim.fr\/en\/?s={search_term_string}"},"query-input":{"@type":"PropertyValueSpecification","valueRequired":true,"valueName":"search_term_string"}}],"inLanguage":"en-US"}]}},"acf":{"fiche_technique":"https:\/\/www.hydrachim.fr\/app\/uploads\/2024\/12\/FT___0740___DETERQUAT_AMC.pdf","fiche_methode":"https:\/\/www.hydrachim.fr\/app\/uploads\/2022\/05\/FM___0740___DETERQUAT_AMC.pdf"},"_links":{"self":[{"href":"https:\/\/www.hydrachim.fr\/en\/wp-json\/wp\/v2\/product\/3287","targetHints":{"allow":["GET"]}}],"collection":[{"href":"https:\/\/www.hydrachim.fr\/en\/wp-json\/wp\/v2\/product"}],"about":[{"href":"https:\/\/www.hydrachim.fr\/en\/wp-json\/wp\/v2\/types\/product"}],"wp:featuredmedia":[{"embeddable":true,"href":"https:\/\/www.hydrachim.fr\/en\/wp-json\/wp\/v2\/media\/6130"}],"wp:attachment":[{"href":"https:\/\/www.hydrachim.fr\/en\/wp-json\/wp\/v2\/media?parent=3287"}],"wp:term":[{"taxonomy":"product_brand","embeddable":true,"href":"https:\/\/www.hydrachim.fr\/en\/wp-json\/wp\/v2\/product_brand?post=3287"},{"taxonomy":"product_type","embeddable":true,"href":"https:\/\/www.hydrachim.fr\/en\/wp-json\/wp\/v2\/product_type?post=3287"},{"taxonomy":"product_visibility","embeddable":true,"href":"https:\/\/www.hydrachim.fr\/en\/wp-json\/wp\/v2\/product_visibility?post=3287"},{"taxonomy":"product_cat","embeddable":true,"href":"https:\/\/www.hydrachim.fr\/en\/wp-json\/wp\/v2\/product_cat?post=3287"}],"curies":[{"name":"wp","href":"https:\/\/api.w.org\/{rel}","templated":true}]}}