{"id":3284,"date":"2019-08-06T15:42:12","date_gmt":"2019-08-06T13:42:12","guid":{"rendered":"https:\/\/www.hydrachim.fr\/product\/cip-1273\/"},"modified":"2025-07-28T10:47:36","modified_gmt":"2025-07-28T08:47:36","slug":"cip_1273_001134115","status":"publish","type":"product","link":"https:\/\/www.hydrachim.fr\/en\/produit\/cip_1273_001134115\/","title":{"rendered":"CIP 1273"},"content":{"rendered":"<p><strong>CIP 1273 liquide est un d\u00e9tergents \u00e0 fort pouvoir de p\u00e9n\u00e9tration et alcalin d\u00e9velopp\u00e9 pour le nettoyage des surfaces grasses en circuits ferm\u00e9s.<\/strong><\/p>\n<p>CIP 1273 est un produit qui \u00e9limine les souillures organiques et les graisses cuites et nettoie le mat\u00e9riel en industries agro-alimentaires.<br \/>\nCIP 1273 s&#8217;utilise dans tous les types d&#8217;industries alimentaires.<br \/>\nS&#8217;utilise en circulation, aspersion, trempage&#8230; en pasteurisateur, concentrateur, st\u00e9rilisateur, tanks, citernes, cuves, circuits, refroidisseurs.<\/p>\n<p>Produit utilisable en agriculture biologique conforme au r\u00e9glement (UE) 2018\/848 (et ses amendements).<\/p>\n<p><strong>Disponible en :<br \/>\n&#8211; Bidon de 12Kg. R\u00e9f. 001134102.<br \/>\n&#8211; Bidon de 30Kg. R\u00e9f. 001134115.<br \/>\n&#8211; F\u00fbt de 240kg. R\u00e9f. 001134105.<br \/>\n&#8211; Container de 1400kg. R\u00e9f. 001134106.<\/strong><\/p>\n<p class=\"y-product y-product__product-subtitle\">Avantage :<\/p>\n<p>Le CIP 1273 est sp\u00e9cialement formul\u00e9 pour lutter contre le tartre vinaire.<br \/>\nProduit utilisable en agriculture biologique conforme au r\u00e8glement (UE) 2018\/848 (et ses amendements).<\/p>\n<p>Retrouvez le mode d&#8217;emploi et le dosage du produit en t\u00e9l\u00e9chargeant la Fiche Technique.<\/p>\n","protected":false},"excerpt":{"rendered":"<p>Liquide alcalin \u00e0 fort pouvoir de p\u00e9n\u00e9tration pour industries agro-alimentaires. Souillures carbonis\u00e9es.<\/p>\n","protected":false},"featured_media":19004,"template":"","meta":[],"product_brand":[],"product_type":[2],"product_visibility":[],"product_cat":[4027,4155],"class_list":{"0":"post-3284","1":"product","2":"type-product","3":"status-publish","4":"has-post-thumbnail","6":"product_cat-agro-alimentaire-industrie","7":"product_cat-marqueshydrachim-industrie","8":"product_tag-agro-alimentaire","9":"product_tag-alcalin","10":"product_tag-cip","11":"product_tag-circuit-ferm","12":"product_tag-detergent","13":"product_tag-liquide","14":"product_tag-tank","15":"product_tag-viti-vini","17":"first","18":"instock","19":"shipping-taxable","20":"product-type-simple"},"yoast_head":"<!-- This site is optimized with the Yoast SEO plugin v27.5 - https:\/\/yoast.com\/product\/yoast-seo-wordpress\/ -->\n<title>CIP 1273 - Hydrachim<\/title>\n<meta name=\"robots\" content=\"index, follow, max-snippet:-1, max-image-preview:large, max-video-preview:-1\" \/>\n<link rel=\"canonical\" href=\"https:\/\/www.hydrachim.fr\/en\/produit\/cip_1273_001134115\/\" \/>\n<meta property=\"og:locale\" content=\"en_US\" \/>\n<meta property=\"og:type\" content=\"article\" \/>\n<meta property=\"og:title\" content=\"CIP 1273 - Hydrachim\" \/>\n<meta property=\"og:description\" content=\"Liquide alcalin \u00e0 fort pouvoir de p\u00e9n\u00e9tration pour industries agro-alimentaires. Souillures carbonis\u00e9es.\" \/>\n<meta property=\"og:url\" content=\"https:\/\/www.hydrachim.fr\/en\/produit\/cip_1273_001134115\/\" \/>\n<meta property=\"og:site_name\" content=\"Hydrachim\" \/>\n<meta property=\"article:modified_time\" content=\"2025-07-28T08:47:36+00:00\" \/>\n<meta property=\"og:image\" content=\"https:\/\/www.hydrachim.fr\/app\/uploads\/2024\/10\/CIP_1273___001134115.png\" \/>\n\t<meta property=\"og:image:width\" content=\"639\" \/>\n\t<meta property=\"og:image:height\" content=\"914\" \/>\n\t<meta property=\"og:image:type\" content=\"image\/png\" \/>\n<meta name=\"twitter:card\" content=\"summary_large_image\" \/>\n<meta name=\"twitter:label1\" content=\"Est. reading time\" \/>\n\t<meta name=\"twitter:data1\" content=\"1 minute\" \/>\n<script type=\"application\/ld+json\" class=\"yoast-schema-graph\">{\"@context\":\"https:\\\/\\\/schema.org\",\"@graph\":[{\"@type\":\"WebPage\",\"@id\":\"https:\\\/\\\/www.hydrachim.fr\\\/en\\\/produit\\\/cip_1273_001134115\\\/\",\"url\":\"https:\\\/\\\/www.hydrachim.fr\\\/en\\\/produit\\\/cip_1273_001134115\\\/\",\"name\":\"CIP 1273 - Hydrachim\",\"isPartOf\":{\"@id\":\"https:\\\/\\\/www.hydrachim.fr\\\/en\\\/#website\"},\"primaryImageOfPage\":{\"@id\":\"https:\\\/\\\/www.hydrachim.fr\\\/en\\\/produit\\\/cip_1273_001134115\\\/#primaryimage\"},\"image\":{\"@id\":\"https:\\\/\\\/www.hydrachim.fr\\\/en\\\/produit\\\/cip_1273_001134115\\\/#primaryimage\"},\"thumbnailUrl\":\"https:\\\/\\\/www.hydrachim.fr\\\/app\\\/uploads\\\/2024\\\/10\\\/CIP_1273___001134115.png\",\"datePublished\":\"2019-08-06T13:42:12+00:00\",\"dateModified\":\"2025-07-28T08:47:36+00:00\",\"breadcrumb\":{\"@id\":\"https:\\\/\\\/www.hydrachim.fr\\\/en\\\/produit\\\/cip_1273_001134115\\\/#breadcrumb\"},\"inLanguage\":\"en-US\",\"potentialAction\":[{\"@type\":\"ReadAction\",\"target\":[\"https:\\\/\\\/www.hydrachim.fr\\\/en\\\/produit\\\/cip_1273_001134115\\\/\"]}]},{\"@type\":\"ImageObject\",\"inLanguage\":\"en-US\",\"@id\":\"https:\\\/\\\/www.hydrachim.fr\\\/en\\\/produit\\\/cip_1273_001134115\\\/#primaryimage\",\"url\":\"https:\\\/\\\/www.hydrachim.fr\\\/app\\\/uploads\\\/2024\\\/10\\\/CIP_1273___001134115.png\",\"contentUrl\":\"https:\\\/\\\/www.hydrachim.fr\\\/app\\\/uploads\\\/2024\\\/10\\\/CIP_1273___001134115.png\",\"width\":639,\"height\":914},{\"@type\":\"BreadcrumbList\",\"@id\":\"https:\\\/\\\/www.hydrachim.fr\\\/en\\\/produit\\\/cip_1273_001134115\\\/#breadcrumb\",\"itemListElement\":[{\"@type\":\"ListItem\",\"position\":1,\"name\":\"Home\",\"item\":\"https:\\\/\\\/www.hydrachim.fr\\\/en\\\/\"},{\"@type\":\"ListItem\",\"position\":2,\"name\":\"Boutique\",\"item\":\"https:\\\/\\\/www.hydrachim.fr\\\/boutique\\\/\"},{\"@type\":\"ListItem\",\"position\":3,\"name\":\"CIP 1273\"}]},{\"@type\":\"WebSite\",\"@id\":\"https:\\\/\\\/www.hydrachim.fr\\\/en\\\/#website\",\"url\":\"https:\\\/\\\/www.hydrachim.fr\\\/en\\\/\",\"name\":\"Hydrachim\",\"description\":\"La science de l&#039;hygi\u00e8ne\",\"potentialAction\":[{\"@type\":\"SearchAction\",\"target\":{\"@type\":\"EntryPoint\",\"urlTemplate\":\"https:\\\/\\\/www.hydrachim.fr\\\/en\\\/?s={search_term_string}\"},\"query-input\":{\"@type\":\"PropertyValueSpecification\",\"valueRequired\":true,\"valueName\":\"search_term_string\"}}],\"inLanguage\":\"en-US\"}]}<\/script>\n<!-- \/ Yoast SEO plugin. -->","yoast_head_json":{"title":"CIP 1273 - Hydrachim","robots":{"index":"index","follow":"follow","max-snippet":"max-snippet:-1","max-image-preview":"max-image-preview:large","max-video-preview":"max-video-preview:-1"},"canonical":"https:\/\/www.hydrachim.fr\/en\/produit\/cip_1273_001134115\/","og_locale":"en_US","og_type":"article","og_title":"CIP 1273 - Hydrachim","og_description":"Liquide alcalin \u00e0 fort pouvoir de p\u00e9n\u00e9tration pour industries agro-alimentaires. Souillures carbonis\u00e9es.","og_url":"https:\/\/www.hydrachim.fr\/en\/produit\/cip_1273_001134115\/","og_site_name":"Hydrachim","article_modified_time":"2025-07-28T08:47:36+00:00","og_image":[{"width":639,"height":914,"url":"https:\/\/www.hydrachim.fr\/app\/uploads\/2024\/10\/CIP_1273___001134115.png","type":"image\/png"}],"twitter_card":"summary_large_image","twitter_misc":{"Est. reading time":"1 minute"},"schema":{"@context":"https:\/\/schema.org","@graph":[{"@type":"WebPage","@id":"https:\/\/www.hydrachim.fr\/en\/produit\/cip_1273_001134115\/","url":"https:\/\/www.hydrachim.fr\/en\/produit\/cip_1273_001134115\/","name":"CIP 1273 - Hydrachim","isPartOf":{"@id":"https:\/\/www.hydrachim.fr\/en\/#website"},"primaryImageOfPage":{"@id":"https:\/\/www.hydrachim.fr\/en\/produit\/cip_1273_001134115\/#primaryimage"},"image":{"@id":"https:\/\/www.hydrachim.fr\/en\/produit\/cip_1273_001134115\/#primaryimage"},"thumbnailUrl":"https:\/\/www.hydrachim.fr\/app\/uploads\/2024\/10\/CIP_1273___001134115.png","datePublished":"2019-08-06T13:42:12+00:00","dateModified":"2025-07-28T08:47:36+00:00","breadcrumb":{"@id":"https:\/\/www.hydrachim.fr\/en\/produit\/cip_1273_001134115\/#breadcrumb"},"inLanguage":"en-US","potentialAction":[{"@type":"ReadAction","target":["https:\/\/www.hydrachim.fr\/en\/produit\/cip_1273_001134115\/"]}]},{"@type":"ImageObject","inLanguage":"en-US","@id":"https:\/\/www.hydrachim.fr\/en\/produit\/cip_1273_001134115\/#primaryimage","url":"https:\/\/www.hydrachim.fr\/app\/uploads\/2024\/10\/CIP_1273___001134115.png","contentUrl":"https:\/\/www.hydrachim.fr\/app\/uploads\/2024\/10\/CIP_1273___001134115.png","width":639,"height":914},{"@type":"BreadcrumbList","@id":"https:\/\/www.hydrachim.fr\/en\/produit\/cip_1273_001134115\/#breadcrumb","itemListElement":[{"@type":"ListItem","position":1,"name":"Home","item":"https:\/\/www.hydrachim.fr\/en\/"},{"@type":"ListItem","position":2,"name":"Boutique","item":"https:\/\/www.hydrachim.fr\/boutique\/"},{"@type":"ListItem","position":3,"name":"CIP 1273"}]},{"@type":"WebSite","@id":"https:\/\/www.hydrachim.fr\/en\/#website","url":"https:\/\/www.hydrachim.fr\/en\/","name":"Hydrachim","description":"La science de l&#039;hygi\u00e8ne","potentialAction":[{"@type":"SearchAction","target":{"@type":"EntryPoint","urlTemplate":"https:\/\/www.hydrachim.fr\/en\/?s={search_term_string}"},"query-input":{"@type":"PropertyValueSpecification","valueRequired":true,"valueName":"search_term_string"}}],"inLanguage":"en-US"}]}},"acf":{"fiche_technique":"https:\/\/www.hydrachim.fr\/app\/uploads\/2025\/07\/FT_1341_CIP_1273.pdf","fiche_methode":""},"_links":{"self":[{"href":"https:\/\/www.hydrachim.fr\/en\/wp-json\/wp\/v2\/product\/3284","targetHints":{"allow":["GET"]}}],"collection":[{"href":"https:\/\/www.hydrachim.fr\/en\/wp-json\/wp\/v2\/product"}],"about":[{"href":"https:\/\/www.hydrachim.fr\/en\/wp-json\/wp\/v2\/types\/product"}],"wp:featuredmedia":[{"embeddable":true,"href":"https:\/\/www.hydrachim.fr\/en\/wp-json\/wp\/v2\/media\/19004"}],"wp:attachment":[{"href":"https:\/\/www.hydrachim.fr\/en\/wp-json\/wp\/v2\/media?parent=3284"}],"wp:term":[{"taxonomy":"product_brand","embeddable":true,"href":"https:\/\/www.hydrachim.fr\/en\/wp-json\/wp\/v2\/product_brand?post=3284"},{"taxonomy":"product_type","embeddable":true,"href":"https:\/\/www.hydrachim.fr\/en\/wp-json\/wp\/v2\/product_type?post=3284"},{"taxonomy":"product_visibility","embeddable":true,"href":"https:\/\/www.hydrachim.fr\/en\/wp-json\/wp\/v2\/product_visibility?post=3284"},{"taxonomy":"product_cat","embeddable":true,"href":"https:\/\/www.hydrachim.fr\/en\/wp-json\/wp\/v2\/product_cat?post=3284"}],"curies":[{"name":"wp","href":"https:\/\/api.w.org\/{rel}","templated":true}]}}