{"id":3273,"date":"2019-08-06T15:42:01","date_gmt":"2019-08-06T13:42:01","guid":{"rendered":"https:\/\/www.hydrachim.fr\/product\/cip-4200\/"},"modified":"2023-11-06T14:53:34","modified_gmt":"2023-11-06T12:53:34","slug":"clmax_002095102","status":"publish","type":"product","link":"https:\/\/www.hydrachim.fr\/en\/produit\/clmax_002095102\/","title":{"rendered":"CLMAX"},"content":{"rendered":"<p><strong>DETERQUAT CLMAX s\u2019utiliser dans tous les types d\u2019industries Alimentaires, industries de la viande, laiterie, Industrie du poisson, industries pharmaceutiques et cosm\u00e9tiques.<br \/>\nEfficacit\u00e9 virucide couverte sur Coronavirus.<\/strong><\/p>\n<p>DETERQUAT CLMAX est un produit liquide alcalin chlor\u00e9 \u00e0 fort pouvoir moussant. Utilis\u00e9 avec un canon \u00e0 mousse, il permet le nettoyage des surfaces verticales.<br \/>\nDETERQUAT CLMAX est :<br \/>\n&#8211; Bact\u00e9ricide,<br \/>\n&#8211; Levuricide,<br \/>\n&#8211; Fongicide,<br \/>\n&#8211; Mycobact\u00e9ricide,<br \/>\n&#8211; Sporicide,<br \/>\n&#8211; Virucide.<br \/>\nselon les normes europ\u00e9ennes en vigueur.<\/p>\n<p><strong>Disponible en :<br \/>\n&#8211; Carton de 4 x 5kg. R\u00e9f. 002095101.<br \/>\n&#8211; Bidon de 24 kg. R\u00e9f. 002095102.<br \/>\n&#8211; F\u00fbt de 240 kg. R\u00e9f. 002095103.<br \/>\n&#8211; Container de 1100kg. R\u00e9f. 002095104.<\/strong><\/p>\n<p class=\"y-product y-product__product-subtitle\">Avantage :<\/p>\n<p>Gr\u00e2ce \u00e0 la synergie de ses tensioactifs, du chlore et de la soude, CLMAX pr\u00e9sente une tr\u00e8s grande capacit\u00e9 \u00e0 d\u00e9graisser.<\/p>\n<p>Retrouvez le mode d&#8217;emploi et le dosage du produit en t\u00e9l\u00e9chargeant sa Fiche Technique.<\/p>\n<p><em>Utilisez les biocides avec pr\u00e9caution. Avant toute utilisation, lisez l\u2019\u00e9tiquette et les informations concernant le produit.<br \/>\nAvant toute utilisation, assurez-vous que celle-ci est indispensable, notamment dans les lieux fr\u00e9quent\u00e9s par le grand public. Privil\u00e9giez chaque fois que possible les m\u00e9thodes alternatives et les produits pr\u00e9sentant le risque le plus faible pour la sant\u00e9 humaine et animale et pour l\u2019environnement.<br \/>\nTP2 : D\u00e9sinfectants utilis\u00e9s dans le domaine priv\u00e9 et dans le domaine de la sant\u00e9 publique et autres produits biocides<br \/>\nTP4 : D\u00e9sinfectants pour les surfaces en contact avec les denr\u00e9es alimentaires et les aliments pour animaux<br \/>\n<\/em><\/p>\n","protected":false},"excerpt":{"rendered":"<p>D\u00e9graissant D\u00e9sinfectant Chlor\u00e9 Moussant pour surfaces ouvertes.<br \/>\nEfficacit\u00e9 virucide couverte sur le Coronavirus.<\/p>\n","protected":false},"featured_media":6183,"template":"","meta":[],"product_brand":[],"product_type":[2],"product_visibility":[],"product_cat":[4027,4116,4237,4174,4151,4176,4112],"class_list":{"0":"post-3273","1":"product","2":"type-product","3":"status-publish","4":"has-post-thumbnail","6":"product_cat-agro-alimentaire-industrie","7":"product_cat-dsinfectionagro-alimentaire","8":"product_cat-produits-produitsdsinfectioncoronavirus","9":"product_cat-nouveautesdesinfection","10":"product_cat-marquesdeterquat","11":"product_cat-nouveautesmulti-secteurs","12":"product_cat-dsinfectionsurface","13":"product_tag-alcalin","14":"product_tag-alimentaire_1","15":"product_tag-bactericide-type-defficacit","16":"product_tag-canon-a-mousse","17":"product_tag-chlore","18":"product_tag-desinfectant","19":"product_tag-detergent","20":"product_tag-efficace-sur-coronavirus","21":"product_tag-fongicide_1","22":"product_tag-industrie-agroalimentaire_1","23":"product_tag-industrie-boisson-brasserie-viniculture","24":"product_tag-industrie-laitiere","25":"product_tag-levuricide_1","26":"product_tag-liquide","27":"product_tag-moussant_1","28":"product_tag-mycobactericide","29":"product_tag-sporicide_1","30":"product_tag-sur-surfaces-ouvertes-sols-murs-plafonds","31":"product_tag-tous-types-dapplication","32":"product_tag-tous-types-defficacite","33":"product_tag-tous-types-de-secteur-dactivite","34":"product_tag-tp2","35":"product_tag-tp4","36":"product_tag-virucide_1","38":"first","39":"instock","40":"shipping-taxable","41":"product-type-simple"},"yoast_head":"<!-- This site is optimized with the Yoast SEO plugin v27.5 - https:\/\/yoast.com\/product\/yoast-seo-wordpress\/ -->\n<title>D\u00e9graissant d\u00e9sinfectant chlor\u00e9 moussant - CLMAX - Hydrachim<\/title>\n<meta name=\"description\" content=\"DETERQUAT CLMAX est un produit d\u00e9graissant, d\u00e9sinfectant liquide alcalin chlor\u00e9 moussant. Il s\u2019utilise dans tous les types d\u2019industries alimentaires.\" \/>\n<meta name=\"robots\" content=\"index, follow, max-snippet:-1, max-image-preview:large, max-video-preview:-1\" \/>\n<link rel=\"canonical\" href=\"https:\/\/www.hydrachim.fr\/en\/produit\/clmax_002095102\/\" \/>\n<meta property=\"og:locale\" content=\"en_US\" \/>\n<meta property=\"og:type\" content=\"article\" \/>\n<meta property=\"og:title\" content=\"D\u00e9graissant d\u00e9sinfectant chlor\u00e9 moussant - CLMAX - Hydrachim\" \/>\n<meta property=\"og:description\" content=\"DETERQUAT CLMAX est un produit d\u00e9graissant, d\u00e9sinfectant liquide alcalin chlor\u00e9 moussant. Il s\u2019utilise dans tous les types d\u2019industries alimentaires.\" \/>\n<meta property=\"og:url\" content=\"https:\/\/www.hydrachim.fr\/en\/produit\/clmax_002095102\/\" \/>\n<meta property=\"og:site_name\" content=\"Hydrachim\" \/>\n<meta property=\"article:modified_time\" content=\"2023-11-06T12:53:34+00:00\" \/>\n<meta property=\"og:image\" content=\"https:\/\/www.hydrachim.fr\/app\/uploads\/2020\/01\/002095102_Deterquat_CLMAX_24kg.png\" \/>\n\t<meta property=\"og:image:width\" content=\"378\" \/>\n\t<meta property=\"og:image:height\" content=\"605\" \/>\n\t<meta property=\"og:image:type\" content=\"image\/png\" \/>\n<meta name=\"twitter:card\" content=\"summary_large_image\" \/>\n<meta name=\"twitter:label1\" content=\"Est. reading time\" \/>\n\t<meta name=\"twitter:data1\" content=\"1 minute\" \/>\n<script type=\"application\/ld+json\" class=\"yoast-schema-graph\">{\"@context\":\"https:\\\/\\\/schema.org\",\"@graph\":[{\"@type\":\"WebPage\",\"@id\":\"https:\\\/\\\/www.hydrachim.fr\\\/en\\\/produit\\\/clmax_002095102\\\/\",\"url\":\"https:\\\/\\\/www.hydrachim.fr\\\/en\\\/produit\\\/clmax_002095102\\\/\",\"name\":\"D\u00e9graissant d\u00e9sinfectant chlor\u00e9 moussant - CLMAX - Hydrachim\",\"isPartOf\":{\"@id\":\"https:\\\/\\\/www.hydrachim.fr\\\/en\\\/#website\"},\"primaryImageOfPage\":{\"@id\":\"https:\\\/\\\/www.hydrachim.fr\\\/en\\\/produit\\\/clmax_002095102\\\/#primaryimage\"},\"image\":{\"@id\":\"https:\\\/\\\/www.hydrachim.fr\\\/en\\\/produit\\\/clmax_002095102\\\/#primaryimage\"},\"thumbnailUrl\":\"https:\\\/\\\/www.hydrachim.fr\\\/app\\\/uploads\\\/2020\\\/01\\\/002095102_Deterquat_CLMAX_24kg.png\",\"datePublished\":\"2019-08-06T13:42:01+00:00\",\"dateModified\":\"2023-11-06T12:53:34+00:00\",\"description\":\"DETERQUAT CLMAX est un produit d\u00e9graissant, d\u00e9sinfectant liquide alcalin chlor\u00e9 moussant. Il s\u2019utilise dans tous les types d\u2019industries alimentaires.\",\"breadcrumb\":{\"@id\":\"https:\\\/\\\/www.hydrachim.fr\\\/en\\\/produit\\\/clmax_002095102\\\/#breadcrumb\"},\"inLanguage\":\"en-US\",\"potentialAction\":[{\"@type\":\"ReadAction\",\"target\":[\"https:\\\/\\\/www.hydrachim.fr\\\/en\\\/produit\\\/clmax_002095102\\\/\"]}]},{\"@type\":\"ImageObject\",\"inLanguage\":\"en-US\",\"@id\":\"https:\\\/\\\/www.hydrachim.fr\\\/en\\\/produit\\\/clmax_002095102\\\/#primaryimage\",\"url\":\"https:\\\/\\\/www.hydrachim.fr\\\/app\\\/uploads\\\/2020\\\/01\\\/002095102_Deterquat_CLMAX_24kg.png\",\"contentUrl\":\"https:\\\/\\\/www.hydrachim.fr\\\/app\\\/uploads\\\/2020\\\/01\\\/002095102_Deterquat_CLMAX_24kg.png\",\"width\":378,\"height\":605,\"caption\":\"D\u00e9graissant d\u00e9sinfectant chlor\u00e9 moussant - CLMAX\"},{\"@type\":\"BreadcrumbList\",\"@id\":\"https:\\\/\\\/www.hydrachim.fr\\\/en\\\/produit\\\/clmax_002095102\\\/#breadcrumb\",\"itemListElement\":[{\"@type\":\"ListItem\",\"position\":1,\"name\":\"Home\",\"item\":\"https:\\\/\\\/www.hydrachim.fr\\\/en\\\/\"},{\"@type\":\"ListItem\",\"position\":2,\"name\":\"Boutique\",\"item\":\"https:\\\/\\\/www.hydrachim.fr\\\/boutique\\\/\"},{\"@type\":\"ListItem\",\"position\":3,\"name\":\"CLMAX\"}]},{\"@type\":\"WebSite\",\"@id\":\"https:\\\/\\\/www.hydrachim.fr\\\/en\\\/#website\",\"url\":\"https:\\\/\\\/www.hydrachim.fr\\\/en\\\/\",\"name\":\"Hydrachim\",\"description\":\"La science de l&#039;hygi\u00e8ne\",\"potentialAction\":[{\"@type\":\"SearchAction\",\"target\":{\"@type\":\"EntryPoint\",\"urlTemplate\":\"https:\\\/\\\/www.hydrachim.fr\\\/en\\\/?s={search_term_string}\"},\"query-input\":{\"@type\":\"PropertyValueSpecification\",\"valueRequired\":true,\"valueName\":\"search_term_string\"}}],\"inLanguage\":\"en-US\"}]}<\/script>\n<!-- \/ Yoast SEO plugin. -->","yoast_head_json":{"title":"D\u00e9graissant d\u00e9sinfectant chlor\u00e9 moussant - CLMAX - Hydrachim","description":"DETERQUAT CLMAX est un produit d\u00e9graissant, d\u00e9sinfectant liquide alcalin chlor\u00e9 moussant. Il s\u2019utilise dans tous les types d\u2019industries alimentaires.","robots":{"index":"index","follow":"follow","max-snippet":"max-snippet:-1","max-image-preview":"max-image-preview:large","max-video-preview":"max-video-preview:-1"},"canonical":"https:\/\/www.hydrachim.fr\/en\/produit\/clmax_002095102\/","og_locale":"en_US","og_type":"article","og_title":"D\u00e9graissant d\u00e9sinfectant chlor\u00e9 moussant - CLMAX - Hydrachim","og_description":"DETERQUAT CLMAX est un produit d\u00e9graissant, d\u00e9sinfectant liquide alcalin chlor\u00e9 moussant. Il s\u2019utilise dans tous les types d\u2019industries alimentaires.","og_url":"https:\/\/www.hydrachim.fr\/en\/produit\/clmax_002095102\/","og_site_name":"Hydrachim","article_modified_time":"2023-11-06T12:53:34+00:00","og_image":[{"width":378,"height":605,"url":"https:\/\/www.hydrachim.fr\/app\/uploads\/2020\/01\/002095102_Deterquat_CLMAX_24kg.png","type":"image\/png"}],"twitter_card":"summary_large_image","twitter_misc":{"Est. reading time":"1 minute"},"schema":{"@context":"https:\/\/schema.org","@graph":[{"@type":"WebPage","@id":"https:\/\/www.hydrachim.fr\/en\/produit\/clmax_002095102\/","url":"https:\/\/www.hydrachim.fr\/en\/produit\/clmax_002095102\/","name":"D\u00e9graissant d\u00e9sinfectant chlor\u00e9 moussant - CLMAX - Hydrachim","isPartOf":{"@id":"https:\/\/www.hydrachim.fr\/en\/#website"},"primaryImageOfPage":{"@id":"https:\/\/www.hydrachim.fr\/en\/produit\/clmax_002095102\/#primaryimage"},"image":{"@id":"https:\/\/www.hydrachim.fr\/en\/produit\/clmax_002095102\/#primaryimage"},"thumbnailUrl":"https:\/\/www.hydrachim.fr\/app\/uploads\/2020\/01\/002095102_Deterquat_CLMAX_24kg.png","datePublished":"2019-08-06T13:42:01+00:00","dateModified":"2023-11-06T12:53:34+00:00","description":"DETERQUAT CLMAX est un produit d\u00e9graissant, d\u00e9sinfectant liquide alcalin chlor\u00e9 moussant. Il s\u2019utilise dans tous les types d\u2019industries alimentaires.","breadcrumb":{"@id":"https:\/\/www.hydrachim.fr\/en\/produit\/clmax_002095102\/#breadcrumb"},"inLanguage":"en-US","potentialAction":[{"@type":"ReadAction","target":["https:\/\/www.hydrachim.fr\/en\/produit\/clmax_002095102\/"]}]},{"@type":"ImageObject","inLanguage":"en-US","@id":"https:\/\/www.hydrachim.fr\/en\/produit\/clmax_002095102\/#primaryimage","url":"https:\/\/www.hydrachim.fr\/app\/uploads\/2020\/01\/002095102_Deterquat_CLMAX_24kg.png","contentUrl":"https:\/\/www.hydrachim.fr\/app\/uploads\/2020\/01\/002095102_Deterquat_CLMAX_24kg.png","width":378,"height":605,"caption":"D\u00e9graissant d\u00e9sinfectant chlor\u00e9 moussant - CLMAX"},{"@type":"BreadcrumbList","@id":"https:\/\/www.hydrachim.fr\/en\/produit\/clmax_002095102\/#breadcrumb","itemListElement":[{"@type":"ListItem","position":1,"name":"Home","item":"https:\/\/www.hydrachim.fr\/en\/"},{"@type":"ListItem","position":2,"name":"Boutique","item":"https:\/\/www.hydrachim.fr\/boutique\/"},{"@type":"ListItem","position":3,"name":"CLMAX"}]},{"@type":"WebSite","@id":"https:\/\/www.hydrachim.fr\/en\/#website","url":"https:\/\/www.hydrachim.fr\/en\/","name":"Hydrachim","description":"La science de l&#039;hygi\u00e8ne","potentialAction":[{"@type":"SearchAction","target":{"@type":"EntryPoint","urlTemplate":"https:\/\/www.hydrachim.fr\/en\/?s={search_term_string}"},"query-input":{"@type":"PropertyValueSpecification","valueRequired":true,"valueName":"search_term_string"}}],"inLanguage":"en-US"}]}},"acf":{"fiche_technique":"https:\/\/www.hydrachim.fr\/app\/uploads\/2022\/01\/FT_0951_DETERQUAT_CLMAX.pdf","fiche_methode":""},"_links":{"self":[{"href":"https:\/\/www.hydrachim.fr\/en\/wp-json\/wp\/v2\/product\/3273","targetHints":{"allow":["GET"]}}],"collection":[{"href":"https:\/\/www.hydrachim.fr\/en\/wp-json\/wp\/v2\/product"}],"about":[{"href":"https:\/\/www.hydrachim.fr\/en\/wp-json\/wp\/v2\/types\/product"}],"wp:featuredmedia":[{"embeddable":true,"href":"https:\/\/www.hydrachim.fr\/en\/wp-json\/wp\/v2\/media\/6183"}],"wp:attachment":[{"href":"https:\/\/www.hydrachim.fr\/en\/wp-json\/wp\/v2\/media?parent=3273"}],"wp:term":[{"taxonomy":"product_brand","embeddable":true,"href":"https:\/\/www.hydrachim.fr\/en\/wp-json\/wp\/v2\/product_brand?post=3273"},{"taxonomy":"product_type","embeddable":true,"href":"https:\/\/www.hydrachim.fr\/en\/wp-json\/wp\/v2\/product_type?post=3273"},{"taxonomy":"product_visibility","embeddable":true,"href":"https:\/\/www.hydrachim.fr\/en\/wp-json\/wp\/v2\/product_visibility?post=3273"},{"taxonomy":"product_cat","embeddable":true,"href":"https:\/\/www.hydrachim.fr\/en\/wp-json\/wp\/v2\/product_cat?post=3273"}],"curies":[{"name":"wp","href":"https:\/\/api.w.org\/{rel}","templated":true}]}}