{"id":3272,"date":"2019-08-06T15:42:00","date_gmt":"2019-08-06T13:42:00","guid":{"rendered":"https:\/\/www.hydrachim.fr\/product\/cam-4101\/"},"modified":"2025-07-28T13:50:00","modified_gmt":"2025-07-28T11:50:00","slug":"cam_4101_001190203","status":"publish","type":"product","link":"https:\/\/www.hydrachim.fr\/en\/produit\/cam_4101_001190203\/","title":{"rendered":"CAM 4101"},"content":{"rendered":"<p><strong>D\u00e9tartrant puissant auto moussant et acide d\u00e9velopp\u00e9 pour le d\u00e9tartrage des surfaces ouvertes.<\/strong><\/p>\n<p>CAM 4101 s\u2019emploie comme d\u00e9tergent des sols, plafonds et du mat\u00e9riel en application mousse, en canon \u00e0 mousse dans toutes les industries agro alimentaires.<br \/>\nNettoie, d\u00e9tartre les surfaces. S\u2019utilise en alternance avec un alcalin ou alcalin chlor\u00e9 moussant.\n<\/p>\n<p><strong>Disponible en :<br \/>\n&#8211; Carton de 4 x 5kg. R\u00e9f. 001190205.<br \/>\n&#8211; Bidon de 24Kg. R\u00e9f. 001190203.<br \/>\n&#8211; Container de 1200 Kg. R\u00e9f. 001190204.<\/strong><\/p>\n<p class=\"y-product y-product__product-subtitle\">Avantage :<\/p>\n<p>CAM 4101 entretien et ravive les inox.<br \/>\nProduit utilisable en agriculture biologique conforme au r\u00e8glement (UE) 2018\/848 (et ses amendements), en condition de laiterie uniquement.<\/p>\n<p>Retrouvez le mode d&#8217;emploi et le dosage du produit en t\u00e9l\u00e9chargeant la Fiche Technique.<\/p>\n","protected":false},"excerpt":{"rendered":"<p>D\u00e9tartrant Acide alimentaire &#8211; Auto moussant.<\/p>\n","protected":false},"featured_media":19022,"template":"","meta":[],"product_brand":[],"product_type":[2],"product_visibility":[],"product_cat":[4027,4128,4155,4090],"class_list":{"0":"post-3272","1":"product","2":"type-product","3":"status-publish","4":"has-post-thumbnail","6":"product_cat-agro-alimentaire-industrie","7":"product_cat-solentretien","8":"product_cat-marqueshydrachim-industrie","9":"product_cat-industriemulti-industrie","10":"product_tag-acide","11":"product_tag-canon-a-mousse","12":"product_tag-detartrant","13":"product_tag-liquide","14":"product_tag-moussant","15":"product_tag-surface-ouverte","17":"first","18":"instock","19":"shipping-taxable","20":"product-type-simple"},"yoast_head":"<!-- This site is optimized with the Yoast SEO plugin v27.5 - https:\/\/yoast.com\/product\/yoast-seo-wordpress\/ -->\n<title>CAM 4101 - Hydrachim<\/title>\n<meta name=\"robots\" content=\"index, follow, max-snippet:-1, max-image-preview:large, max-video-preview:-1\" \/>\n<link rel=\"canonical\" href=\"https:\/\/www.hydrachim.fr\/en\/produit\/cam_4101_001190203\/\" \/>\n<meta property=\"og:locale\" content=\"en_US\" \/>\n<meta property=\"og:type\" content=\"article\" \/>\n<meta property=\"og:title\" content=\"CAM 4101 - Hydrachim\" \/>\n<meta property=\"og:description\" content=\"D\u00e9tartrant Acide alimentaire - Auto moussant.\" \/>\n<meta property=\"og:url\" content=\"https:\/\/www.hydrachim.fr\/en\/produit\/cam_4101_001190203\/\" \/>\n<meta property=\"og:site_name\" content=\"Hydrachim\" \/>\n<meta property=\"article:modified_time\" content=\"2025-07-28T11:50:00+00:00\" \/>\n<meta property=\"og:image\" content=\"https:\/\/www.hydrachim.fr\/app\/uploads\/2024\/10\/CAM_4101___001190203.png\" \/>\n\t<meta property=\"og:image:width\" content=\"712\" \/>\n\t<meta property=\"og:image:height\" content=\"1025\" \/>\n\t<meta property=\"og:image:type\" content=\"image\/png\" \/>\n<meta name=\"twitter:card\" content=\"summary_large_image\" \/>\n<meta name=\"twitter:label1\" content=\"Est. reading time\" \/>\n\t<meta name=\"twitter:data1\" content=\"1 minute\" \/>\n<script type=\"application\/ld+json\" class=\"yoast-schema-graph\">{\"@context\":\"https:\\\/\\\/schema.org\",\"@graph\":[{\"@type\":\"WebPage\",\"@id\":\"https:\\\/\\\/www.hydrachim.fr\\\/en\\\/produit\\\/cam_4101_001190203\\\/\",\"url\":\"https:\\\/\\\/www.hydrachim.fr\\\/en\\\/produit\\\/cam_4101_001190203\\\/\",\"name\":\"CAM 4101 - Hydrachim\",\"isPartOf\":{\"@id\":\"https:\\\/\\\/www.hydrachim.fr\\\/en\\\/#website\"},\"primaryImageOfPage\":{\"@id\":\"https:\\\/\\\/www.hydrachim.fr\\\/en\\\/produit\\\/cam_4101_001190203\\\/#primaryimage\"},\"image\":{\"@id\":\"https:\\\/\\\/www.hydrachim.fr\\\/en\\\/produit\\\/cam_4101_001190203\\\/#primaryimage\"},\"thumbnailUrl\":\"https:\\\/\\\/www.hydrachim.fr\\\/app\\\/uploads\\\/2024\\\/10\\\/CAM_4101___001190203.png\",\"datePublished\":\"2019-08-06T13:42:00+00:00\",\"dateModified\":\"2025-07-28T11:50:00+00:00\",\"breadcrumb\":{\"@id\":\"https:\\\/\\\/www.hydrachim.fr\\\/en\\\/produit\\\/cam_4101_001190203\\\/#breadcrumb\"},\"inLanguage\":\"en-US\",\"potentialAction\":[{\"@type\":\"ReadAction\",\"target\":[\"https:\\\/\\\/www.hydrachim.fr\\\/en\\\/produit\\\/cam_4101_001190203\\\/\"]}]},{\"@type\":\"ImageObject\",\"inLanguage\":\"en-US\",\"@id\":\"https:\\\/\\\/www.hydrachim.fr\\\/en\\\/produit\\\/cam_4101_001190203\\\/#primaryimage\",\"url\":\"https:\\\/\\\/www.hydrachim.fr\\\/app\\\/uploads\\\/2024\\\/10\\\/CAM_4101___001190203.png\",\"contentUrl\":\"https:\\\/\\\/www.hydrachim.fr\\\/app\\\/uploads\\\/2024\\\/10\\\/CAM_4101___001190203.png\",\"width\":712,\"height\":1025},{\"@type\":\"BreadcrumbList\",\"@id\":\"https:\\\/\\\/www.hydrachim.fr\\\/en\\\/produit\\\/cam_4101_001190203\\\/#breadcrumb\",\"itemListElement\":[{\"@type\":\"ListItem\",\"position\":1,\"name\":\"Home\",\"item\":\"https:\\\/\\\/www.hydrachim.fr\\\/en\\\/\"},{\"@type\":\"ListItem\",\"position\":2,\"name\":\"Boutique\",\"item\":\"https:\\\/\\\/www.hydrachim.fr\\\/boutique\\\/\"},{\"@type\":\"ListItem\",\"position\":3,\"name\":\"CAM 4101\"}]},{\"@type\":\"WebSite\",\"@id\":\"https:\\\/\\\/www.hydrachim.fr\\\/en\\\/#website\",\"url\":\"https:\\\/\\\/www.hydrachim.fr\\\/en\\\/\",\"name\":\"Hydrachim\",\"description\":\"La science de l&#039;hygi\u00e8ne\",\"potentialAction\":[{\"@type\":\"SearchAction\",\"target\":{\"@type\":\"EntryPoint\",\"urlTemplate\":\"https:\\\/\\\/www.hydrachim.fr\\\/en\\\/?s={search_term_string}\"},\"query-input\":{\"@type\":\"PropertyValueSpecification\",\"valueRequired\":true,\"valueName\":\"search_term_string\"}}],\"inLanguage\":\"en-US\"}]}<\/script>\n<!-- \/ Yoast SEO plugin. -->","yoast_head_json":{"title":"CAM 4101 - Hydrachim","robots":{"index":"index","follow":"follow","max-snippet":"max-snippet:-1","max-image-preview":"max-image-preview:large","max-video-preview":"max-video-preview:-1"},"canonical":"https:\/\/www.hydrachim.fr\/en\/produit\/cam_4101_001190203\/","og_locale":"en_US","og_type":"article","og_title":"CAM 4101 - Hydrachim","og_description":"D\u00e9tartrant Acide alimentaire - Auto moussant.","og_url":"https:\/\/www.hydrachim.fr\/en\/produit\/cam_4101_001190203\/","og_site_name":"Hydrachim","article_modified_time":"2025-07-28T11:50:00+00:00","og_image":[{"width":712,"height":1025,"url":"https:\/\/www.hydrachim.fr\/app\/uploads\/2024\/10\/CAM_4101___001190203.png","type":"image\/png"}],"twitter_card":"summary_large_image","twitter_misc":{"Est. reading time":"1 minute"},"schema":{"@context":"https:\/\/schema.org","@graph":[{"@type":"WebPage","@id":"https:\/\/www.hydrachim.fr\/en\/produit\/cam_4101_001190203\/","url":"https:\/\/www.hydrachim.fr\/en\/produit\/cam_4101_001190203\/","name":"CAM 4101 - Hydrachim","isPartOf":{"@id":"https:\/\/www.hydrachim.fr\/en\/#website"},"primaryImageOfPage":{"@id":"https:\/\/www.hydrachim.fr\/en\/produit\/cam_4101_001190203\/#primaryimage"},"image":{"@id":"https:\/\/www.hydrachim.fr\/en\/produit\/cam_4101_001190203\/#primaryimage"},"thumbnailUrl":"https:\/\/www.hydrachim.fr\/app\/uploads\/2024\/10\/CAM_4101___001190203.png","datePublished":"2019-08-06T13:42:00+00:00","dateModified":"2025-07-28T11:50:00+00:00","breadcrumb":{"@id":"https:\/\/www.hydrachim.fr\/en\/produit\/cam_4101_001190203\/#breadcrumb"},"inLanguage":"en-US","potentialAction":[{"@type":"ReadAction","target":["https:\/\/www.hydrachim.fr\/en\/produit\/cam_4101_001190203\/"]}]},{"@type":"ImageObject","inLanguage":"en-US","@id":"https:\/\/www.hydrachim.fr\/en\/produit\/cam_4101_001190203\/#primaryimage","url":"https:\/\/www.hydrachim.fr\/app\/uploads\/2024\/10\/CAM_4101___001190203.png","contentUrl":"https:\/\/www.hydrachim.fr\/app\/uploads\/2024\/10\/CAM_4101___001190203.png","width":712,"height":1025},{"@type":"BreadcrumbList","@id":"https:\/\/www.hydrachim.fr\/en\/produit\/cam_4101_001190203\/#breadcrumb","itemListElement":[{"@type":"ListItem","position":1,"name":"Home","item":"https:\/\/www.hydrachim.fr\/en\/"},{"@type":"ListItem","position":2,"name":"Boutique","item":"https:\/\/www.hydrachim.fr\/boutique\/"},{"@type":"ListItem","position":3,"name":"CAM 4101"}]},{"@type":"WebSite","@id":"https:\/\/www.hydrachim.fr\/en\/#website","url":"https:\/\/www.hydrachim.fr\/en\/","name":"Hydrachim","description":"La science de l&#039;hygi\u00e8ne","potentialAction":[{"@type":"SearchAction","target":{"@type":"EntryPoint","urlTemplate":"https:\/\/www.hydrachim.fr\/en\/?s={search_term_string}"},"query-input":{"@type":"PropertyValueSpecification","valueRequired":true,"valueName":"search_term_string"}}],"inLanguage":"en-US"}]}},"acf":{"fiche_technique":"https:\/\/www.hydrachim.fr\/app\/uploads\/2025\/07\/FT_1902_CAM_4101.pdf","fiche_methode":""},"_links":{"self":[{"href":"https:\/\/www.hydrachim.fr\/en\/wp-json\/wp\/v2\/product\/3272","targetHints":{"allow":["GET"]}}],"collection":[{"href":"https:\/\/www.hydrachim.fr\/en\/wp-json\/wp\/v2\/product"}],"about":[{"href":"https:\/\/www.hydrachim.fr\/en\/wp-json\/wp\/v2\/types\/product"}],"wp:featuredmedia":[{"embeddable":true,"href":"https:\/\/www.hydrachim.fr\/en\/wp-json\/wp\/v2\/media\/19022"}],"wp:attachment":[{"href":"https:\/\/www.hydrachim.fr\/en\/wp-json\/wp\/v2\/media?parent=3272"}],"wp:term":[{"taxonomy":"product_brand","embeddable":true,"href":"https:\/\/www.hydrachim.fr\/en\/wp-json\/wp\/v2\/product_brand?post=3272"},{"taxonomy":"product_type","embeddable":true,"href":"https:\/\/www.hydrachim.fr\/en\/wp-json\/wp\/v2\/product_type?post=3272"},{"taxonomy":"product_visibility","embeddable":true,"href":"https:\/\/www.hydrachim.fr\/en\/wp-json\/wp\/v2\/product_visibility?post=3272"},{"taxonomy":"product_cat","embeddable":true,"href":"https:\/\/www.hydrachim.fr\/en\/wp-json\/wp\/v2\/product_cat?post=3272"}],"curies":[{"name":"wp","href":"https:\/\/api.w.org\/{rel}","templated":true}]}}