{"id":3271,"date":"2019-08-06T15:41:59","date_gmt":"2019-08-06T13:41:59","guid":{"rendered":"https:\/\/www.hydrachim.fr\/product\/deterquat-lv\/"},"modified":"2026-05-04T14:05:45","modified_gmt":"2026-05-04T12:05:45","slug":"lv6_002072085","status":"publish","type":"product","link":"https:\/\/www.hydrachim.fr\/en\/produit\/lv6_002072085\/","title":{"rendered":"LV6"},"content":{"rendered":"<p><strong>DETERQUAT LV6 est un produit liquide alcalin chlor\u00e9, d\u00e9velopp\u00e9 pour le lavage du mat\u00e9riel de laiteries, IAA, circuit, tunnel de lavage, lavage machine vaisselle.<\/strong><\/p>\n<p>Elimine les souillures organiques et d\u00e9sinfecte totalement les circuits ferm\u00e9s, tunnels de lavage, mat\u00e9riels de production.<br \/>\nUtilisable en auto-laveuse.<br \/>\nId\u00e9al pour le lavage de la vaisselle en machine.<\/p>\n<p>DETERQUAT LV6 est :<br \/>\n&#8211; Bact\u00e9ricide,<br \/>\n&#8211; Levuricide,<br \/>\n&#8211; Fongicide,<br \/>\n&#8211; Virucide (bact\u00e9riophage),<br \/>\n&#8211; Mycobact\u00e9ricide et<br \/>\n&#8211; Sporicide.<br \/>\nselon les normes europ\u00e9ennes en vigueur.<br \/>\nEfficacit\u00e9 virucide couverte sur Coronavirus.\n<\/p>\n<p><strong>Disponible en :<br \/>\n&#8211; Carton de 4 x 5L. R\u00e9f. : 002072085<br \/>\n&#8211; Bidon de 10 L. R\u00e9f. : 002072001<br \/>\n&#8211; Bidon de 20 L. R\u00e9f. : 002072095<\/strong><\/p>\n<p class=\"y-product y-product__product-subtitle\">Avantage :<\/p>\n<p>DETERQUAT LV6 est formul\u00e9 \u00e0 base de potasse, pour une meilleure brillance. Il assure un nettoyage sans traces.<\/p>\n<p>Retrouvez le mode d&#8217;emploi et le dosage du produit en t\u00e9l\u00e9chargeant, ci-dessous, sa Fiche Technique.<\/p>\n<p><em>Utilisez les biocides avec pr\u00e9caution. Avant toute utilisation, lisez l&#8217;\u00e9tiquette et les informations concernant le produit.<br \/>\nProduit strictement professionnel.<br \/>\nAvant toute utilisation, assurez-vous que celle-ci est indispensable, notamment dans les lieux fr\u00e9quent\u00e9s par le grand public. Privil\u00e9giez chaque fois que possible les m\u00e9thodes alternatives et les produits pr\u00e9sentant le risque le plus faible pour la sant\u00e9 humaine et animale et pour l&#8217;environnement.<\/p>\n<p>TP2 : D\u00e9sinfectants utilis\u00e9s dans le domaine priv\u00e9 et dans le domaine de la sant\u00e9 publique et autres produits biocides.<br \/>\nTP4 : D\u00e9sinfectants pour les surfaces en contact avec les denr\u00e9es alimentaires et les aliments pour animaux.<br \/>\n<\/em><\/p>\n","protected":false},"excerpt":{"rendered":"<p>D\u00e9tergent d\u00e9sinfectant alcalin chlor\u00e9 non moussant<\/p>\n","protected":false},"featured_media":12036,"template":"","meta":[],"product_brand":[],"product_type":[2],"product_visibility":[],"product_cat":[4116,4027,4237,4114,4111,4174,4151,4143],"class_list":{"0":"post-3271","1":"product","2":"type-product","3":"status-publish","4":"has-post-thumbnail","6":"product_cat-dsinfectionagro-alimentaire","7":"product_cat-agro-alimentaire-industrie","8":"product_cat-produits-produitsdsinfectioncoronavirus","9":"product_cat-dsinfectioncuisine","10":"product_cat-produitsdesinfection","11":"product_cat-nouveautesdesinfection","12":"product_cat-marquesdeterquat","13":"product_cat-nouveautes","14":"product_tag-alimentaire_1","15":"product_tag-bactericide-type-defficacit","16":"product_tag-bacteriophage","17":"product_tag-cafe-hotel-restaurant","18":"product_tag-chlore","19":"product_tag-desinfectant","20":"product_tag-en-circuits-fermes","21":"product_tag-equipements-et-machines","22":"product_tag-fongicide_1","23":"product_tag-lavage","24":"product_tag-levuricide_1","25":"product_tag-liquide","26":"product_tag-metiers-de-bouche","27":"product_tag-mycobactericide","28":"product_tag-non-moussant_1","29":"product_tag-non-moussant","30":"product_tag-sporicide_1","31":"product_tag-sur-surfaces-ouvertes-sols-murs-plafonds","32":"product_tag-tous-types-dapplication","33":"product_tag-tous-types-defficacite","34":"product_tag-tous-types-de-secteur-dactivite","35":"product_tag-tp2","36":"product_tag-tp4","37":"product_tag-traiteur-plats-prepares","38":"product_tag-virucide_1","40":"first","41":"instock","42":"shipping-taxable","43":"product-type-simple"},"yoast_head":"<!-- This site is optimized with the Yoast SEO plugin v27.6 - https:\/\/yoast.com\/product\/yoast-seo-wordpress\/ -->\n<title>D\u00e9sinfectant et nettoyant alcalin chlor\u00e9 - LV6 - Hydrachim<\/title>\n<meta name=\"description\" content=\"DETERQUAT LV6 est un produit d\u00e9sinfectant et nettoyant alcalin chlor\u00e9, d\u00e9velopp\u00e9 pour le lavage du mat\u00e9riel de laiteries, IAA, circuit, tunnel de...\" \/>\n<meta name=\"robots\" content=\"index, follow, max-snippet:-1, max-image-preview:large, max-video-preview:-1\" \/>\n<link rel=\"canonical\" href=\"https:\/\/www.hydrachim.fr\/en\/produit\/lv6_002072085\/\" \/>\n<meta property=\"og:locale\" content=\"en_US\" \/>\n<meta property=\"og:type\" content=\"article\" \/>\n<meta property=\"og:title\" content=\"D\u00e9sinfectant et nettoyant alcalin chlor\u00e9 - LV6 - Hydrachim\" \/>\n<meta property=\"og:description\" content=\"DETERQUAT LV6 est un produit d\u00e9sinfectant et nettoyant alcalin chlor\u00e9, d\u00e9velopp\u00e9 pour le lavage du mat\u00e9riel de laiteries, IAA, circuit, tunnel de...\" \/>\n<meta property=\"og:url\" content=\"https:\/\/www.hydrachim.fr\/en\/produit\/lv6_002072085\/\" \/>\n<meta property=\"og:site_name\" content=\"Hydrachim\" \/>\n<meta property=\"article:modified_time\" content=\"2026-05-04T12:05:45+00:00\" \/>\n<meta property=\"og:image\" content=\"https:\/\/www.hydrachim.fr\/app\/uploads\/2022\/08\/0720___Deterquat_LV6___5L..png\" \/>\n\t<meta property=\"og:image:width\" content=\"600\" \/>\n\t<meta property=\"og:image:height\" content=\"889\" \/>\n\t<meta property=\"og:image:type\" content=\"image\/png\" \/>\n<meta name=\"twitter:card\" content=\"summary_large_image\" \/>\n<meta name=\"twitter:label1\" content=\"Est. reading time\" \/>\n\t<meta name=\"twitter:data1\" content=\"1 minute\" \/>\n<script type=\"application\/ld+json\" class=\"yoast-schema-graph\">{\"@context\":\"https:\\\/\\\/schema.org\",\"@graph\":[{\"@type\":\"WebPage\",\"@id\":\"https:\\\/\\\/www.hydrachim.fr\\\/en\\\/produit\\\/lv6_002072085\\\/\",\"url\":\"https:\\\/\\\/www.hydrachim.fr\\\/en\\\/produit\\\/lv6_002072085\\\/\",\"name\":\"D\u00e9sinfectant et nettoyant alcalin chlor\u00e9 - LV6 - Hydrachim\",\"isPartOf\":{\"@id\":\"https:\\\/\\\/www.hydrachim.fr\\\/en\\\/#website\"},\"primaryImageOfPage\":{\"@id\":\"https:\\\/\\\/www.hydrachim.fr\\\/en\\\/produit\\\/lv6_002072085\\\/#primaryimage\"},\"image\":{\"@id\":\"https:\\\/\\\/www.hydrachim.fr\\\/en\\\/produit\\\/lv6_002072085\\\/#primaryimage\"},\"thumbnailUrl\":\"https:\\\/\\\/www.hydrachim.fr\\\/app\\\/uploads\\\/2022\\\/08\\\/0720___Deterquat_LV6___5L..png\",\"datePublished\":\"2019-08-06T13:41:59+00:00\",\"dateModified\":\"2026-05-04T12:05:45+00:00\",\"description\":\"DETERQUAT LV6 est un produit d\u00e9sinfectant et nettoyant alcalin chlor\u00e9, d\u00e9velopp\u00e9 pour le lavage du mat\u00e9riel de laiteries, IAA, circuit, tunnel de...\",\"breadcrumb\":{\"@id\":\"https:\\\/\\\/www.hydrachim.fr\\\/en\\\/produit\\\/lv6_002072085\\\/#breadcrumb\"},\"inLanguage\":\"en-US\",\"potentialAction\":[{\"@type\":\"ReadAction\",\"target\":[\"https:\\\/\\\/www.hydrachim.fr\\\/en\\\/produit\\\/lv6_002072085\\\/\"]}]},{\"@type\":\"ImageObject\",\"inLanguage\":\"en-US\",\"@id\":\"https:\\\/\\\/www.hydrachim.fr\\\/en\\\/produit\\\/lv6_002072085\\\/#primaryimage\",\"url\":\"https:\\\/\\\/www.hydrachim.fr\\\/app\\\/uploads\\\/2022\\\/08\\\/0720___Deterquat_LV6___5L..png\",\"contentUrl\":\"https:\\\/\\\/www.hydrachim.fr\\\/app\\\/uploads\\\/2022\\\/08\\\/0720___Deterquat_LV6___5L..png\",\"width\":600,\"height\":889},{\"@type\":\"BreadcrumbList\",\"@id\":\"https:\\\/\\\/www.hydrachim.fr\\\/en\\\/produit\\\/lv6_002072085\\\/#breadcrumb\",\"itemListElement\":[{\"@type\":\"ListItem\",\"position\":1,\"name\":\"Home\",\"item\":\"https:\\\/\\\/www.hydrachim.fr\\\/en\\\/\"},{\"@type\":\"ListItem\",\"position\":2,\"name\":\"Boutique\",\"item\":\"https:\\\/\\\/www.hydrachim.fr\\\/boutique\\\/\"},{\"@type\":\"ListItem\",\"position\":3,\"name\":\"LV6\"}]},{\"@type\":\"WebSite\",\"@id\":\"https:\\\/\\\/www.hydrachim.fr\\\/en\\\/#website\",\"url\":\"https:\\\/\\\/www.hydrachim.fr\\\/en\\\/\",\"name\":\"Hydrachim\",\"description\":\"La science de l&#039;hygi\u00e8ne\",\"potentialAction\":[{\"@type\":\"SearchAction\",\"target\":{\"@type\":\"EntryPoint\",\"urlTemplate\":\"https:\\\/\\\/www.hydrachim.fr\\\/en\\\/?s={search_term_string}\"},\"query-input\":{\"@type\":\"PropertyValueSpecification\",\"valueRequired\":true,\"valueName\":\"search_term_string\"}}],\"inLanguage\":\"en-US\"}]}<\/script>\n<!-- \/ Yoast SEO plugin. -->","yoast_head_json":{"title":"D\u00e9sinfectant et nettoyant alcalin chlor\u00e9 - LV6 - Hydrachim","description":"DETERQUAT LV6 est un produit d\u00e9sinfectant et nettoyant alcalin chlor\u00e9, d\u00e9velopp\u00e9 pour le lavage du mat\u00e9riel de laiteries, IAA, circuit, tunnel de...","robots":{"index":"index","follow":"follow","max-snippet":"max-snippet:-1","max-image-preview":"max-image-preview:large","max-video-preview":"max-video-preview:-1"},"canonical":"https:\/\/www.hydrachim.fr\/en\/produit\/lv6_002072085\/","og_locale":"en_US","og_type":"article","og_title":"D\u00e9sinfectant et nettoyant alcalin chlor\u00e9 - LV6 - Hydrachim","og_description":"DETERQUAT LV6 est un produit d\u00e9sinfectant et nettoyant alcalin chlor\u00e9, d\u00e9velopp\u00e9 pour le lavage du mat\u00e9riel de laiteries, IAA, circuit, tunnel de...","og_url":"https:\/\/www.hydrachim.fr\/en\/produit\/lv6_002072085\/","og_site_name":"Hydrachim","article_modified_time":"2026-05-04T12:05:45+00:00","og_image":[{"width":600,"height":889,"url":"https:\/\/www.hydrachim.fr\/app\/uploads\/2022\/08\/0720___Deterquat_LV6___5L..png","type":"image\/png"}],"twitter_card":"summary_large_image","twitter_misc":{"Est. reading time":"1 minute"},"schema":{"@context":"https:\/\/schema.org","@graph":[{"@type":"WebPage","@id":"https:\/\/www.hydrachim.fr\/en\/produit\/lv6_002072085\/","url":"https:\/\/www.hydrachim.fr\/en\/produit\/lv6_002072085\/","name":"D\u00e9sinfectant et nettoyant alcalin chlor\u00e9 - LV6 - Hydrachim","isPartOf":{"@id":"https:\/\/www.hydrachim.fr\/en\/#website"},"primaryImageOfPage":{"@id":"https:\/\/www.hydrachim.fr\/en\/produit\/lv6_002072085\/#primaryimage"},"image":{"@id":"https:\/\/www.hydrachim.fr\/en\/produit\/lv6_002072085\/#primaryimage"},"thumbnailUrl":"https:\/\/www.hydrachim.fr\/app\/uploads\/2022\/08\/0720___Deterquat_LV6___5L..png","datePublished":"2019-08-06T13:41:59+00:00","dateModified":"2026-05-04T12:05:45+00:00","description":"DETERQUAT LV6 est un produit d\u00e9sinfectant et nettoyant alcalin chlor\u00e9, d\u00e9velopp\u00e9 pour le lavage du mat\u00e9riel de laiteries, IAA, circuit, tunnel de...","breadcrumb":{"@id":"https:\/\/www.hydrachim.fr\/en\/produit\/lv6_002072085\/#breadcrumb"},"inLanguage":"en-US","potentialAction":[{"@type":"ReadAction","target":["https:\/\/www.hydrachim.fr\/en\/produit\/lv6_002072085\/"]}]},{"@type":"ImageObject","inLanguage":"en-US","@id":"https:\/\/www.hydrachim.fr\/en\/produit\/lv6_002072085\/#primaryimage","url":"https:\/\/www.hydrachim.fr\/app\/uploads\/2022\/08\/0720___Deterquat_LV6___5L..png","contentUrl":"https:\/\/www.hydrachim.fr\/app\/uploads\/2022\/08\/0720___Deterquat_LV6___5L..png","width":600,"height":889},{"@type":"BreadcrumbList","@id":"https:\/\/www.hydrachim.fr\/en\/produit\/lv6_002072085\/#breadcrumb","itemListElement":[{"@type":"ListItem","position":1,"name":"Home","item":"https:\/\/www.hydrachim.fr\/en\/"},{"@type":"ListItem","position":2,"name":"Boutique","item":"https:\/\/www.hydrachim.fr\/boutique\/"},{"@type":"ListItem","position":3,"name":"LV6"}]},{"@type":"WebSite","@id":"https:\/\/www.hydrachim.fr\/en\/#website","url":"https:\/\/www.hydrachim.fr\/en\/","name":"Hydrachim","description":"La science de l&#039;hygi\u00e8ne","potentialAction":[{"@type":"SearchAction","target":{"@type":"EntryPoint","urlTemplate":"https:\/\/www.hydrachim.fr\/en\/?s={search_term_string}"},"query-input":{"@type":"PropertyValueSpecification","valueRequired":true,"valueName":"search_term_string"}}],"inLanguage":"en-US"}]}},"acf":{"fiche_technique":"","fiche_methode":""},"_links":{"self":[{"href":"https:\/\/www.hydrachim.fr\/en\/wp-json\/wp\/v2\/product\/3271","targetHints":{"allow":["GET"]}}],"collection":[{"href":"https:\/\/www.hydrachim.fr\/en\/wp-json\/wp\/v2\/product"}],"about":[{"href":"https:\/\/www.hydrachim.fr\/en\/wp-json\/wp\/v2\/types\/product"}],"wp:featuredmedia":[{"embeddable":true,"href":"https:\/\/www.hydrachim.fr\/en\/wp-json\/wp\/v2\/media\/12036"}],"wp:attachment":[{"href":"https:\/\/www.hydrachim.fr\/en\/wp-json\/wp\/v2\/media?parent=3271"}],"wp:term":[{"taxonomy":"product_brand","embeddable":true,"href":"https:\/\/www.hydrachim.fr\/en\/wp-json\/wp\/v2\/product_brand?post=3271"},{"taxonomy":"product_type","embeddable":true,"href":"https:\/\/www.hydrachim.fr\/en\/wp-json\/wp\/v2\/product_type?post=3271"},{"taxonomy":"product_visibility","embeddable":true,"href":"https:\/\/www.hydrachim.fr\/en\/wp-json\/wp\/v2\/product_visibility?post=3271"},{"taxonomy":"product_cat","embeddable":true,"href":"https:\/\/www.hydrachim.fr\/en\/wp-json\/wp\/v2\/product_cat?post=3271"}],"curies":[{"name":"wp","href":"https:\/\/api.w.org\/{rel}","templated":true}]}}