{"id":3265,"date":"2019-08-06T15:41:53","date_gmt":"2019-08-06T13:41:53","guid":{"rendered":"https:\/\/www.hydrachim.fr\/product\/ultra-detartrant-pret-a-lemploi\/"},"modified":"2024-11-29T16:33:37","modified_gmt":"2024-11-29T14:33:37","slug":"ultra_detartrant_pae_002034301","status":"publish","type":"product","link":"https:\/\/www.hydrachim.fr\/en\/produit\/ultra_detartrant_pae_002034301\/","title":{"rendered":"Ultra d\u00e9tartrant PAE"},"content":{"rendered":"<p><strong>Ultra d\u00e9tartrant Pr\u00eat \u00e0 l&#8217;emploi<\/strong><\/p>\n<p>D\u00e9tartre et r\u00e9nove les surfaces tr\u00e8s entartr\u00e9es, n\u00e9cessitant une remise en \u00e9tat avant utilisation.<br \/>\nDissout le calcaire et les traces d\u00e9pos\u00e9es sur les parois et les surfaces tout en laissant un agr\u00e9able parfum fleuri.<br \/>\nIl redonne un brillant aux sanitaires et aux surfaces. Ne raye pas et s\u00e8che sans trace.<\/p>\n<p><strong>Disponible en :<br \/>\n12 x 750 mL. R\u00e9f. 002034301<\/strong><\/p>\n<p class=\"y-product y-product__product-subtitle\">Avantage :<\/p>\n<p>Ultra d\u00e9tartrant dissout efficacement le tartre<\/p>\n<p>Retrouvez le mode d&#8217;emploi et le dosage du produit en t\u00e9l\u00e9chargeant, ci-dessous, sa Fiche Technique et\/ou sa Fiche M\u00e9thode.<\/p>\n<p><em>Avant toute utilisation, lisez l&#8217;\u00e9tiquette et les informations concernant le produit.<\/em><\/p>\n","protected":false},"excerpt":{"rendered":"<p>R\u00e9novant pr\u00eat \u00e0 l&#8217;emploi, pour le d\u00e9tartrate de votre salle de bain<\/p>\n","protected":false},"featured_media":10353,"template":"","meta":[],"product_brand":[],"product_type":[2],"product_visibility":[],"product_cat":[4145,4122,4124],"class_list":{"0":"post-3265","1":"product","2":"type-product","3":"status-publish","4":"has-post-thumbnail","6":"product_cat-marquesorlav","7":"product_cat-produitssanitaire","8":"product_cat-sanitairesurface","9":"product_tag-anti-tartre","10":"product_tag-calcaire","11":"product_tag-chr","12":"product_tag-detartrant","13":"product_tag-douche","14":"product_tag-salle-de-bain","15":"product_tag-sanitaire","17":"first","18":"instock","19":"shipping-taxable","20":"product-type-simple"},"yoast_head":"<!-- This site is optimized with the Yoast SEO plugin v27.5 - https:\/\/yoast.com\/product\/yoast-seo-wordpress\/ -->\n<title>Ultra d\u00e9tartrant PAE - Hydrachim<\/title>\n<meta name=\"robots\" content=\"index, follow, max-snippet:-1, max-image-preview:large, max-video-preview:-1\" \/>\n<link rel=\"canonical\" href=\"https:\/\/www.hydrachim.fr\/en\/produit\/ultra_detartrant_pae_002034301\/\" \/>\n<meta property=\"og:locale\" content=\"en_US\" \/>\n<meta property=\"og:type\" content=\"article\" \/>\n<meta property=\"og:title\" content=\"Ultra d\u00e9tartrant PAE - Hydrachim\" \/>\n<meta property=\"og:description\" content=\"R\u00e9novant pr\u00eat \u00e0 l&#039;emploi, pour le d\u00e9tartrate de votre salle de bain\" \/>\n<meta property=\"og:url\" content=\"https:\/\/www.hydrachim.fr\/en\/produit\/ultra_detartrant_pae_002034301\/\" \/>\n<meta property=\"og:site_name\" content=\"Hydrachim\" \/>\n<meta property=\"article:modified_time\" content=\"2024-11-29T14:33:37+00:00\" \/>\n<meta property=\"og:image\" content=\"https:\/\/www.hydrachim.fr\/app\/uploads\/2021\/11\/0343___ULTRA_D_TARTRANT_PAE___750ML..png\" \/>\n\t<meta property=\"og:image:width\" content=\"600\" \/>\n\t<meta property=\"og:image:height\" content=\"1092\" \/>\n\t<meta property=\"og:image:type\" content=\"image\/png\" \/>\n<meta name=\"twitter:card\" content=\"summary_large_image\" \/>\n<meta name=\"twitter:label1\" content=\"Est. reading time\" \/>\n\t<meta name=\"twitter:data1\" content=\"1 minute\" \/>\n<script type=\"application\/ld+json\" class=\"yoast-schema-graph\">{\"@context\":\"https:\\\/\\\/schema.org\",\"@graph\":[{\"@type\":\"WebPage\",\"@id\":\"https:\\\/\\\/www.hydrachim.fr\\\/en\\\/produit\\\/ultra_detartrant_pae_002034301\\\/\",\"url\":\"https:\\\/\\\/www.hydrachim.fr\\\/en\\\/produit\\\/ultra_detartrant_pae_002034301\\\/\",\"name\":\"Ultra d\u00e9tartrant PAE - Hydrachim\",\"isPartOf\":{\"@id\":\"https:\\\/\\\/www.hydrachim.fr\\\/en\\\/#website\"},\"primaryImageOfPage\":{\"@id\":\"https:\\\/\\\/www.hydrachim.fr\\\/en\\\/produit\\\/ultra_detartrant_pae_002034301\\\/#primaryimage\"},\"image\":{\"@id\":\"https:\\\/\\\/www.hydrachim.fr\\\/en\\\/produit\\\/ultra_detartrant_pae_002034301\\\/#primaryimage\"},\"thumbnailUrl\":\"https:\\\/\\\/www.hydrachim.fr\\\/app\\\/uploads\\\/2021\\\/11\\\/0343___ULTRA_D_TARTRANT_PAE___750ML..png\",\"datePublished\":\"2019-08-06T13:41:53+00:00\",\"dateModified\":\"2024-11-29T14:33:37+00:00\",\"breadcrumb\":{\"@id\":\"https:\\\/\\\/www.hydrachim.fr\\\/en\\\/produit\\\/ultra_detartrant_pae_002034301\\\/#breadcrumb\"},\"inLanguage\":\"en-US\",\"potentialAction\":[{\"@type\":\"ReadAction\",\"target\":[\"https:\\\/\\\/www.hydrachim.fr\\\/en\\\/produit\\\/ultra_detartrant_pae_002034301\\\/\"]}]},{\"@type\":\"ImageObject\",\"inLanguage\":\"en-US\",\"@id\":\"https:\\\/\\\/www.hydrachim.fr\\\/en\\\/produit\\\/ultra_detartrant_pae_002034301\\\/#primaryimage\",\"url\":\"https:\\\/\\\/www.hydrachim.fr\\\/app\\\/uploads\\\/2021\\\/11\\\/0343___ULTRA_D_TARTRANT_PAE___750ML..png\",\"contentUrl\":\"https:\\\/\\\/www.hydrachim.fr\\\/app\\\/uploads\\\/2021\\\/11\\\/0343___ULTRA_D_TARTRANT_PAE___750ML..png\",\"width\":600,\"height\":1092},{\"@type\":\"BreadcrumbList\",\"@id\":\"https:\\\/\\\/www.hydrachim.fr\\\/en\\\/produit\\\/ultra_detartrant_pae_002034301\\\/#breadcrumb\",\"itemListElement\":[{\"@type\":\"ListItem\",\"position\":1,\"name\":\"Home\",\"item\":\"https:\\\/\\\/www.hydrachim.fr\\\/en\\\/\"},{\"@type\":\"ListItem\",\"position\":2,\"name\":\"Boutique\",\"item\":\"https:\\\/\\\/www.hydrachim.fr\\\/boutique\\\/\"},{\"@type\":\"ListItem\",\"position\":3,\"name\":\"Ultra d\u00e9tartrant PAE\"}]},{\"@type\":\"WebSite\",\"@id\":\"https:\\\/\\\/www.hydrachim.fr\\\/en\\\/#website\",\"url\":\"https:\\\/\\\/www.hydrachim.fr\\\/en\\\/\",\"name\":\"Hydrachim\",\"description\":\"La science de l&#039;hygi\u00e8ne\",\"potentialAction\":[{\"@type\":\"SearchAction\",\"target\":{\"@type\":\"EntryPoint\",\"urlTemplate\":\"https:\\\/\\\/www.hydrachim.fr\\\/en\\\/?s={search_term_string}\"},\"query-input\":{\"@type\":\"PropertyValueSpecification\",\"valueRequired\":true,\"valueName\":\"search_term_string\"}}],\"inLanguage\":\"en-US\"}]}<\/script>\n<!-- \/ Yoast SEO plugin. -->","yoast_head_json":{"title":"Ultra d\u00e9tartrant PAE - Hydrachim","robots":{"index":"index","follow":"follow","max-snippet":"max-snippet:-1","max-image-preview":"max-image-preview:large","max-video-preview":"max-video-preview:-1"},"canonical":"https:\/\/www.hydrachim.fr\/en\/produit\/ultra_detartrant_pae_002034301\/","og_locale":"en_US","og_type":"article","og_title":"Ultra d\u00e9tartrant PAE - Hydrachim","og_description":"R\u00e9novant pr\u00eat \u00e0 l'emploi, pour le d\u00e9tartrate de votre salle de bain","og_url":"https:\/\/www.hydrachim.fr\/en\/produit\/ultra_detartrant_pae_002034301\/","og_site_name":"Hydrachim","article_modified_time":"2024-11-29T14:33:37+00:00","og_image":[{"width":600,"height":1092,"url":"https:\/\/www.hydrachim.fr\/app\/uploads\/2021\/11\/0343___ULTRA_D_TARTRANT_PAE___750ML..png","type":"image\/png"}],"twitter_card":"summary_large_image","twitter_misc":{"Est. reading time":"1 minute"},"schema":{"@context":"https:\/\/schema.org","@graph":[{"@type":"WebPage","@id":"https:\/\/www.hydrachim.fr\/en\/produit\/ultra_detartrant_pae_002034301\/","url":"https:\/\/www.hydrachim.fr\/en\/produit\/ultra_detartrant_pae_002034301\/","name":"Ultra d\u00e9tartrant PAE - Hydrachim","isPartOf":{"@id":"https:\/\/www.hydrachim.fr\/en\/#website"},"primaryImageOfPage":{"@id":"https:\/\/www.hydrachim.fr\/en\/produit\/ultra_detartrant_pae_002034301\/#primaryimage"},"image":{"@id":"https:\/\/www.hydrachim.fr\/en\/produit\/ultra_detartrant_pae_002034301\/#primaryimage"},"thumbnailUrl":"https:\/\/www.hydrachim.fr\/app\/uploads\/2021\/11\/0343___ULTRA_D_TARTRANT_PAE___750ML..png","datePublished":"2019-08-06T13:41:53+00:00","dateModified":"2024-11-29T14:33:37+00:00","breadcrumb":{"@id":"https:\/\/www.hydrachim.fr\/en\/produit\/ultra_detartrant_pae_002034301\/#breadcrumb"},"inLanguage":"en-US","potentialAction":[{"@type":"ReadAction","target":["https:\/\/www.hydrachim.fr\/en\/produit\/ultra_detartrant_pae_002034301\/"]}]},{"@type":"ImageObject","inLanguage":"en-US","@id":"https:\/\/www.hydrachim.fr\/en\/produit\/ultra_detartrant_pae_002034301\/#primaryimage","url":"https:\/\/www.hydrachim.fr\/app\/uploads\/2021\/11\/0343___ULTRA_D_TARTRANT_PAE___750ML..png","contentUrl":"https:\/\/www.hydrachim.fr\/app\/uploads\/2021\/11\/0343___ULTRA_D_TARTRANT_PAE___750ML..png","width":600,"height":1092},{"@type":"BreadcrumbList","@id":"https:\/\/www.hydrachim.fr\/en\/produit\/ultra_detartrant_pae_002034301\/#breadcrumb","itemListElement":[{"@type":"ListItem","position":1,"name":"Home","item":"https:\/\/www.hydrachim.fr\/en\/"},{"@type":"ListItem","position":2,"name":"Boutique","item":"https:\/\/www.hydrachim.fr\/boutique\/"},{"@type":"ListItem","position":3,"name":"Ultra d\u00e9tartrant PAE"}]},{"@type":"WebSite","@id":"https:\/\/www.hydrachim.fr\/en\/#website","url":"https:\/\/www.hydrachim.fr\/en\/","name":"Hydrachim","description":"La science de l&#039;hygi\u00e8ne","potentialAction":[{"@type":"SearchAction","target":{"@type":"EntryPoint","urlTemplate":"https:\/\/www.hydrachim.fr\/en\/?s={search_term_string}"},"query-input":{"@type":"PropertyValueSpecification","valueRequired":true,"valueName":"search_term_string"}}],"inLanguage":"en-US"}]}},"acf":{"fiche_technique":"https:\/\/www.hydrachim.fr\/app\/uploads\/2024\/11\/FT_0343_Ultra_D_tartrant_Sanitaire_PAE.pdf","fiche_methode":"https:\/\/www.hydrachim.fr\/app\/uploads\/2019\/09\/0343-ULTRA-DETARTRANT-PAE-ORLAV.pdf"},"_links":{"self":[{"href":"https:\/\/www.hydrachim.fr\/en\/wp-json\/wp\/v2\/product\/3265","targetHints":{"allow":["GET"]}}],"collection":[{"href":"https:\/\/www.hydrachim.fr\/en\/wp-json\/wp\/v2\/product"}],"about":[{"href":"https:\/\/www.hydrachim.fr\/en\/wp-json\/wp\/v2\/types\/product"}],"wp:featuredmedia":[{"embeddable":true,"href":"https:\/\/www.hydrachim.fr\/en\/wp-json\/wp\/v2\/media\/10353"}],"wp:attachment":[{"href":"https:\/\/www.hydrachim.fr\/en\/wp-json\/wp\/v2\/media?parent=3265"}],"wp:term":[{"taxonomy":"product_brand","embeddable":true,"href":"https:\/\/www.hydrachim.fr\/en\/wp-json\/wp\/v2\/product_brand?post=3265"},{"taxonomy":"product_type","embeddable":true,"href":"https:\/\/www.hydrachim.fr\/en\/wp-json\/wp\/v2\/product_type?post=3265"},{"taxonomy":"product_visibility","embeddable":true,"href":"https:\/\/www.hydrachim.fr\/en\/wp-json\/wp\/v2\/product_visibility?post=3265"},{"taxonomy":"product_cat","embeddable":true,"href":"https:\/\/www.hydrachim.fr\/en\/wp-json\/wp\/v2\/product_cat?post=3265"}],"curies":[{"name":"wp","href":"https:\/\/api.w.org\/{rel}","templated":true}]}}