{"id":3260,"date":"2019-08-06T15:41:48","date_gmt":"2019-08-06T13:41:48","guid":{"rendered":"https:\/\/www.hydrachim.fr\/product\/cip-ekochlor\/"},"modified":"2024-09-09T11:37:56","modified_gmt":"2024-09-09T09:37:56","slug":"lv5_002148281","status":"publish","type":"product","link":"https:\/\/www.hydrachim.fr\/en\/produit\/lv5_002148281\/","title":{"rendered":"LV5"},"content":{"rendered":"<p><strong>Deterquat LV5 est un alcalin chlor\u00e9 utilisable en nettoyage et d\u00e9sinfection du mat\u00e9riel de laiteries, IAA, viniculture, circuit, tunnel de lavage, lavage automatique.<br \/>\nEfficacit\u00e9 virucide couverte sur Coronavirus.<br \/>\nEgalement efficace sur la Levure Brettanomyces d\u00e8s 5 minutes, 0,5% \u00e0 20\u00b0C selon la norme EN 1650 pour l&#8217;industrie de la boisson.<\/strong><\/p>\n<p>D\u00e9terquat LV5 est non moussant, il est utilis\u00e9 pour nettoyer et d\u00e9sinfecter les circuits ferm\u00e9s, tunnel, mat\u00e9riels de production, machine a laver la vaisselle professionnelle.<br \/>\nD\u00e9terquat LV5 est :<br \/>\n&#8211; bact\u00e9ricide,<br \/>\n&#8211; levuricide,<br \/>\n&#8211; fongicide,<br \/>\n&#8211; virucide,<br \/>\n&#8211; sporicide,<br \/>\n&#8211; mycobact\u00e9ricide,<br \/>\nselon les normes europ\u00e9ennes en vigueurs.<\/p>\n<p><strong>Disponible en :<br \/>\n&#8211; Bidon de 25 kg. R\u00e9f. 002148281.<br \/>\n&#8211; F\u00fbt de 240 kg. R\u00e9f. 002148221.<br \/>\n&#8211; Container de 1100kg. R\u00e9f. 002148218.<\/strong><\/p>\n<p class=\"y-product y-product__product-subtitle\">Avantage :<\/p>\n<p>Produit utilisable en agriculture biologique conforme au r\u00e9glement (CE) 834\/2007 (et ses amendements).<\/p>\n<p>Retrouvez le mode d&#8217;emploi et le dosage du produit en t\u00e9l\u00e9chargeant la Fiche Technique.<\/p>\n<p><em>Utilisez les biocides avec pr\u00e9caution. Avant toute utilisation, lisez l\u2019\u00e9tiquette et les informations concernant le produit.<br \/>\nAvant toute utilisation, assurez-vous que celle-ci est indispensable, notamment dans les lieux fr\u00e9quent\u00e9s par le grand public. Privil\u00e9giez chaque fois que possible les m\u00e9thodes alternatives et les produits pr\u00e9sentant le risque le plus faible pour la sant\u00e9 humaine et animale et pour l\u2019environnement.<br \/>\nTP2 : D\u00e9sinfectants utilis\u00e9s dans le domaine priv\u00e9 et dans le domaine de la sant\u00e9 publique et autres produits biocides<br \/>\nTP3 : Produits biocides destin\u00e9s \u00e0 l\u2019hygi\u00e8ne v\u00e9t\u00e9rinaire<br \/>\nTP4 : D\u00e9sinfectants pour les surfaces en contact avec les denr\u00e9es alimentaires et les aliments pour animaux<br \/>\nTP5 : D\u00e9sinfectants pour eau de boisson<br \/>\n<\/em><\/p>\n","protected":false},"excerpt":{"rendered":"<p>Alcalin chlor\u00e9 non moussant.<br \/>\nEfficacit\u00e9 virucide couverte sur Coronavirus.<\/p>\n","protected":false},"featured_media":6187,"template":"","meta":[],"product_brand":[],"product_type":[2],"product_visibility":[],"product_cat":[4116,4027,4237,4114,4174,4111,4151,4141,4112],"class_list":{"0":"post-3260","1":"product","2":"type-product","3":"status-publish","4":"has-post-thumbnail","6":"product_cat-dsinfectionagro-alimentaire","7":"product_cat-agro-alimentaire-industrie","8":"product_cat-produits-produitsdsinfectioncoronavirus","9":"product_cat-dsinfectioncuisine","10":"product_cat-nouveautesdesinfection","11":"product_cat-produitsdesinfection","12":"product_cat-marquesdeterquat","13":"product_cat-produits","14":"product_cat-dsinfectionsurface","15":"product_tag-agriculture-biologique","16":"product_tag-agro-alimentaire","17":"product_tag-alcalin","18":"product_tag-alimentaire_1","19":"product_tag-bactericide","20":"product_tag-bactericide-type-defficacit","21":"product_tag-bacteriophage","22":"product_tag-chlore","23":"product_tag-cip","24":"product_tag-desinfectant","25":"product_tag-detergent","26":"product_tag-efficace-sur-coronavirus","27":"product_tag-en-circuits-fermes","28":"product_tag-equipements-et-machines","29":"product_tag-fongicide_1","30":"product_tag-fongicide","31":"product_tag-industrie-agroalimentaire_1","32":"product_tag-industrie-laitiere","33":"product_tag-industrie-viande-poisson","34":"product_tag-levuricide","35":"product_tag-levuricide_1","36":"product_tag-liquide","37":"product_tag-materiel","38":"product_tag-mycobactericide","39":"product_tag-mycobactricide","40":"product_tag-nettoyage","41":"product_tag-non-moussant_1","42":"product_tag-sporicide_1","43":"product_tag-tous-types-dapplication","44":"product_tag-tous-types-defficacite","45":"product_tag-tous-types-de-secteur-dactivite","46":"product_tag-tp2","47":"product_tag-tp3","48":"product_tag-tp4","49":"product_tag-tp5","50":"product_tag-tunnel-de-lavage","51":"product_tag-virucide","52":"product_tag-virucide_1","53":"product_tag-viti-vini","55":"first","56":"instock","57":"shipping-taxable","58":"product-type-simple"},"yoast_head":"<!-- This site is optimized with the Yoast SEO plugin v27.5 - https:\/\/yoast.com\/product\/yoast-seo-wordpress\/ -->\n<title>D\u00e9tergent d\u00e9sinfectant alcalin chlor\u00e9 - LV5 - Hydrachim<\/title>\n<meta name=\"description\" content=\"Deterquat LV5 est un produit d\u00e9tergent d\u00e9sinfectant alcalin chlor\u00e9 utilisable en nettoyage et d\u00e9sinfection du mat\u00e9riel de laiteries...\" \/>\n<meta name=\"robots\" content=\"index, follow, max-snippet:-1, max-image-preview:large, max-video-preview:-1\" \/>\n<link rel=\"canonical\" href=\"https:\/\/www.hydrachim.fr\/en\/produit\/lv5_002148281\/\" \/>\n<meta property=\"og:locale\" content=\"en_US\" \/>\n<meta property=\"og:type\" content=\"article\" \/>\n<meta property=\"og:title\" content=\"D\u00e9tergent d\u00e9sinfectant alcalin chlor\u00e9 - LV5 - Hydrachim\" \/>\n<meta property=\"og:description\" content=\"Deterquat LV5 est un produit d\u00e9tergent d\u00e9sinfectant alcalin chlor\u00e9 utilisable en nettoyage et d\u00e9sinfection du mat\u00e9riel de laiteries...\" \/>\n<meta property=\"og:url\" content=\"https:\/\/www.hydrachim.fr\/en\/produit\/lv5_002148281\/\" \/>\n<meta property=\"og:site_name\" content=\"Hydrachim\" \/>\n<meta property=\"article:modified_time\" content=\"2024-09-09T09:37:56+00:00\" \/>\n<meta property=\"og:image\" content=\"https:\/\/www.hydrachim.fr\/app\/uploads\/2020\/01\/002148281_Deterquat_LV5_25kg.png\" \/>\n\t<meta property=\"og:image:width\" content=\"378\" \/>\n\t<meta property=\"og:image:height\" content=\"605\" \/>\n\t<meta property=\"og:image:type\" content=\"image\/png\" \/>\n<meta name=\"twitter:card\" content=\"summary_large_image\" \/>\n<meta name=\"twitter:label1\" content=\"Est. reading time\" \/>\n\t<meta name=\"twitter:data1\" content=\"1 minute\" \/>\n<script type=\"application\/ld+json\" class=\"yoast-schema-graph\">{\"@context\":\"https:\\\/\\\/schema.org\",\"@graph\":[{\"@type\":\"WebPage\",\"@id\":\"https:\\\/\\\/www.hydrachim.fr\\\/en\\\/produit\\\/lv5_002148281\\\/\",\"url\":\"https:\\\/\\\/www.hydrachim.fr\\\/en\\\/produit\\\/lv5_002148281\\\/\",\"name\":\"D\u00e9tergent d\u00e9sinfectant alcalin chlor\u00e9 - LV5 - Hydrachim\",\"isPartOf\":{\"@id\":\"https:\\\/\\\/www.hydrachim.fr\\\/en\\\/#website\"},\"primaryImageOfPage\":{\"@id\":\"https:\\\/\\\/www.hydrachim.fr\\\/en\\\/produit\\\/lv5_002148281\\\/#primaryimage\"},\"image\":{\"@id\":\"https:\\\/\\\/www.hydrachim.fr\\\/en\\\/produit\\\/lv5_002148281\\\/#primaryimage\"},\"thumbnailUrl\":\"https:\\\/\\\/www.hydrachim.fr\\\/app\\\/uploads\\\/2020\\\/01\\\/002148281_Deterquat_LV5_25kg.png\",\"datePublished\":\"2019-08-06T13:41:48+00:00\",\"dateModified\":\"2024-09-09T09:37:56+00:00\",\"description\":\"Deterquat LV5 est un produit d\u00e9tergent d\u00e9sinfectant alcalin chlor\u00e9 utilisable en nettoyage et d\u00e9sinfection du mat\u00e9riel de laiteries...\",\"breadcrumb\":{\"@id\":\"https:\\\/\\\/www.hydrachim.fr\\\/en\\\/produit\\\/lv5_002148281\\\/#breadcrumb\"},\"inLanguage\":\"en-US\",\"potentialAction\":[{\"@type\":\"ReadAction\",\"target\":[\"https:\\\/\\\/www.hydrachim.fr\\\/en\\\/produit\\\/lv5_002148281\\\/\"]}]},{\"@type\":\"ImageObject\",\"inLanguage\":\"en-US\",\"@id\":\"https:\\\/\\\/www.hydrachim.fr\\\/en\\\/produit\\\/lv5_002148281\\\/#primaryimage\",\"url\":\"https:\\\/\\\/www.hydrachim.fr\\\/app\\\/uploads\\\/2020\\\/01\\\/002148281_Deterquat_LV5_25kg.png\",\"contentUrl\":\"https:\\\/\\\/www.hydrachim.fr\\\/app\\\/uploads\\\/2020\\\/01\\\/002148281_Deterquat_LV5_25kg.png\",\"width\":378,\"height\":605,\"caption\":\"D\u00e9tergent d\u00e9sinfectant alcalin chlor\u00e9 - LV5\"},{\"@type\":\"BreadcrumbList\",\"@id\":\"https:\\\/\\\/www.hydrachim.fr\\\/en\\\/produit\\\/lv5_002148281\\\/#breadcrumb\",\"itemListElement\":[{\"@type\":\"ListItem\",\"position\":1,\"name\":\"Home\",\"item\":\"https:\\\/\\\/www.hydrachim.fr\\\/en\\\/\"},{\"@type\":\"ListItem\",\"position\":2,\"name\":\"Boutique\",\"item\":\"https:\\\/\\\/www.hydrachim.fr\\\/boutique\\\/\"},{\"@type\":\"ListItem\",\"position\":3,\"name\":\"LV5\"}]},{\"@type\":\"WebSite\",\"@id\":\"https:\\\/\\\/www.hydrachim.fr\\\/en\\\/#website\",\"url\":\"https:\\\/\\\/www.hydrachim.fr\\\/en\\\/\",\"name\":\"Hydrachim\",\"description\":\"La science de l&#039;hygi\u00e8ne\",\"potentialAction\":[{\"@type\":\"SearchAction\",\"target\":{\"@type\":\"EntryPoint\",\"urlTemplate\":\"https:\\\/\\\/www.hydrachim.fr\\\/en\\\/?s={search_term_string}\"},\"query-input\":{\"@type\":\"PropertyValueSpecification\",\"valueRequired\":true,\"valueName\":\"search_term_string\"}}],\"inLanguage\":\"en-US\"}]}<\/script>\n<!-- \/ Yoast SEO plugin. -->","yoast_head_json":{"title":"D\u00e9tergent d\u00e9sinfectant alcalin chlor\u00e9 - LV5 - Hydrachim","description":"Deterquat LV5 est un produit d\u00e9tergent d\u00e9sinfectant alcalin chlor\u00e9 utilisable en nettoyage et d\u00e9sinfection du mat\u00e9riel de laiteries...","robots":{"index":"index","follow":"follow","max-snippet":"max-snippet:-1","max-image-preview":"max-image-preview:large","max-video-preview":"max-video-preview:-1"},"canonical":"https:\/\/www.hydrachim.fr\/en\/produit\/lv5_002148281\/","og_locale":"en_US","og_type":"article","og_title":"D\u00e9tergent d\u00e9sinfectant alcalin chlor\u00e9 - LV5 - Hydrachim","og_description":"Deterquat LV5 est un produit d\u00e9tergent d\u00e9sinfectant alcalin chlor\u00e9 utilisable en nettoyage et d\u00e9sinfection du mat\u00e9riel de laiteries...","og_url":"https:\/\/www.hydrachim.fr\/en\/produit\/lv5_002148281\/","og_site_name":"Hydrachim","article_modified_time":"2024-09-09T09:37:56+00:00","og_image":[{"width":378,"height":605,"url":"https:\/\/www.hydrachim.fr\/app\/uploads\/2020\/01\/002148281_Deterquat_LV5_25kg.png","type":"image\/png"}],"twitter_card":"summary_large_image","twitter_misc":{"Est. reading time":"1 minute"},"schema":{"@context":"https:\/\/schema.org","@graph":[{"@type":"WebPage","@id":"https:\/\/www.hydrachim.fr\/en\/produit\/lv5_002148281\/","url":"https:\/\/www.hydrachim.fr\/en\/produit\/lv5_002148281\/","name":"D\u00e9tergent d\u00e9sinfectant alcalin chlor\u00e9 - LV5 - Hydrachim","isPartOf":{"@id":"https:\/\/www.hydrachim.fr\/en\/#website"},"primaryImageOfPage":{"@id":"https:\/\/www.hydrachim.fr\/en\/produit\/lv5_002148281\/#primaryimage"},"image":{"@id":"https:\/\/www.hydrachim.fr\/en\/produit\/lv5_002148281\/#primaryimage"},"thumbnailUrl":"https:\/\/www.hydrachim.fr\/app\/uploads\/2020\/01\/002148281_Deterquat_LV5_25kg.png","datePublished":"2019-08-06T13:41:48+00:00","dateModified":"2024-09-09T09:37:56+00:00","description":"Deterquat LV5 est un produit d\u00e9tergent d\u00e9sinfectant alcalin chlor\u00e9 utilisable en nettoyage et d\u00e9sinfection du mat\u00e9riel de laiteries...","breadcrumb":{"@id":"https:\/\/www.hydrachim.fr\/en\/produit\/lv5_002148281\/#breadcrumb"},"inLanguage":"en-US","potentialAction":[{"@type":"ReadAction","target":["https:\/\/www.hydrachim.fr\/en\/produit\/lv5_002148281\/"]}]},{"@type":"ImageObject","inLanguage":"en-US","@id":"https:\/\/www.hydrachim.fr\/en\/produit\/lv5_002148281\/#primaryimage","url":"https:\/\/www.hydrachim.fr\/app\/uploads\/2020\/01\/002148281_Deterquat_LV5_25kg.png","contentUrl":"https:\/\/www.hydrachim.fr\/app\/uploads\/2020\/01\/002148281_Deterquat_LV5_25kg.png","width":378,"height":605,"caption":"D\u00e9tergent d\u00e9sinfectant alcalin chlor\u00e9 - LV5"},{"@type":"BreadcrumbList","@id":"https:\/\/www.hydrachim.fr\/en\/produit\/lv5_002148281\/#breadcrumb","itemListElement":[{"@type":"ListItem","position":1,"name":"Home","item":"https:\/\/www.hydrachim.fr\/en\/"},{"@type":"ListItem","position":2,"name":"Boutique","item":"https:\/\/www.hydrachim.fr\/boutique\/"},{"@type":"ListItem","position":3,"name":"LV5"}]},{"@type":"WebSite","@id":"https:\/\/www.hydrachim.fr\/en\/#website","url":"https:\/\/www.hydrachim.fr\/en\/","name":"Hydrachim","description":"La science de l&#039;hygi\u00e8ne","potentialAction":[{"@type":"SearchAction","target":{"@type":"EntryPoint","urlTemplate":"https:\/\/www.hydrachim.fr\/en\/?s={search_term_string}"},"query-input":{"@type":"PropertyValueSpecification","valueRequired":true,"valueName":"search_term_string"}}],"inLanguage":"en-US"}]}},"acf":{"fiche_technique":"https:\/\/www.hydrachim.fr\/app\/uploads\/2024\/09\/FT_1482_DETERQUAT_LV5.pdf","fiche_methode":""},"_links":{"self":[{"href":"https:\/\/www.hydrachim.fr\/en\/wp-json\/wp\/v2\/product\/3260","targetHints":{"allow":["GET"]}}],"collection":[{"href":"https:\/\/www.hydrachim.fr\/en\/wp-json\/wp\/v2\/product"}],"about":[{"href":"https:\/\/www.hydrachim.fr\/en\/wp-json\/wp\/v2\/types\/product"}],"wp:featuredmedia":[{"embeddable":true,"href":"https:\/\/www.hydrachim.fr\/en\/wp-json\/wp\/v2\/media\/6187"}],"wp:attachment":[{"href":"https:\/\/www.hydrachim.fr\/en\/wp-json\/wp\/v2\/media?parent=3260"}],"wp:term":[{"taxonomy":"product_brand","embeddable":true,"href":"https:\/\/www.hydrachim.fr\/en\/wp-json\/wp\/v2\/product_brand?post=3260"},{"taxonomy":"product_type","embeddable":true,"href":"https:\/\/www.hydrachim.fr\/en\/wp-json\/wp\/v2\/product_type?post=3260"},{"taxonomy":"product_visibility","embeddable":true,"href":"https:\/\/www.hydrachim.fr\/en\/wp-json\/wp\/v2\/product_visibility?post=3260"},{"taxonomy":"product_cat","embeddable":true,"href":"https:\/\/www.hydrachim.fr\/en\/wp-json\/wp\/v2\/product_cat?post=3260"}],"curies":[{"name":"wp","href":"https:\/\/api.w.org\/{rel}","templated":true}]}}