{"id":3250,"date":"2019-08-06T15:41:37","date_gmt":"2019-08-06T13:41:37","guid":{"rendered":"https:\/\/www.hydrachim.fr\/product\/sanitsoft\/"},"modified":"2025-07-07T09:39:06","modified_gmt":"2025-07-07T07:39:06","slug":"sanitsoft_002184395","status":"publish","type":"product","link":"https:\/\/www.hydrachim.fr\/en\/produit\/sanitsoft_002184395\/","title":{"rendered":"Sanit&#8217;Soft"},"content":{"rendered":"<p><strong>Sanit&#8217;Soft liquide est un nettoyant  d\u00e9velopp\u00e9 pour l&#8217;entretien des sanitaires tout en laissant un agr\u00e9able parfum fleurs d&#8217;olivier.<\/strong><\/p>\n<p>Le Sanit&#8217;Soft est un produit pr\u00eat \u00e0 l&#8217;emploi qui d\u00e9tartre, nettoie et d\u00e9sodorise les baignoires, lavabos, vitres de douches, cuvettes de WC, robinetteries&#8230;<br \/>\nIl est sans danger pour les fosses septiques. Il adh\u00e8re parfaitement aux surfaces pour un meilleur d\u00e9tartrage et une dissolution rapide du calcaire et des traces laiss\u00e9es par l\u2019eau et le savon.<\/p>\n<p><strong>Disponible en :<br \/>\n&#8211; Carton de 4 x 5L. R\u00e9f. 002184395<br \/>\n&#8211; Carton de 6 x 750 mL. R\u00e9f. 002184394<\/strong><\/p>\n<p>Retrouvez le mode d&#8217;emploi et le dosage du produit en t\u00e9l\u00e9chargeant sa Fiche Technique et\/ou sa Fiche M\u00e9thode.<\/p>\n<p><em>Avant toute utilisation, lisez l&#8217;\u00e9tiquette et les informations concernant le produit.<\/em><\/p>\n","protected":false},"excerpt":{"rendered":"<p>Nettoyant sanitaires parfum fleurs d&#8217;olivier<\/p>\n","protected":false},"featured_media":22157,"template":"","meta":[],"product_brand":[],"product_type":[2],"product_visibility":[],"product_cat":[4189,4108,4122,4124,4123],"class_list":{"0":"post-3250","1":"product","2":"type-product","3":"status-publish","4":"has-post-thumbnail","6":"product_cat-marquesidegreen","7":"product_cat-nos-produits-zro-pictossanitaire","8":"product_cat-produitssanitaire","9":"product_cat-sanitairesurface","10":"product_cat-sanitairewc","11":"product_tag-desodorisant","12":"product_tag-detartrant","13":"product_tag-fleur-dolivier","14":"product_tag-liquide","15":"product_tag-nettoyant","16":"product_tag-pret-a-lemploi","17":"product_tag-sanitaire","19":"first","20":"instock","21":"shipping-taxable","22":"product-type-simple"},"yoast_head":"<!-- This site is optimized with the Yoast SEO plugin v27.4 - https:\/\/yoast.com\/product\/yoast-seo-wordpress\/ -->\n<title>Nettoyant sanitaire 3 en 1 - Sanit&#039;Soft - Hydrachim<\/title>\n<meta name=\"description\" content=\"Sanit&#039;Soft est un produit pr\u00eat \u00e0 l&#039;emploi qui d\u00e9tartre, nettoie et d\u00e9sodorise les sanitaires en laissant un agr\u00e9able parfum fleurs d&#039;olivier.\" \/>\n<meta name=\"robots\" content=\"index, follow, max-snippet:-1, max-image-preview:large, max-video-preview:-1\" \/>\n<link rel=\"canonical\" href=\"https:\/\/www.hydrachim.fr\/en\/produit\/sanitsoft_002184395\/\" \/>\n<meta property=\"og:locale\" content=\"en_US\" \/>\n<meta property=\"og:type\" content=\"article\" \/>\n<meta property=\"og:title\" content=\"Nettoyant sanitaire 3 en 1 - Sanit&#039;Soft - Hydrachim\" \/>\n<meta property=\"og:description\" content=\"Sanit&#039;Soft est un produit pr\u00eat \u00e0 l&#039;emploi qui d\u00e9tartre, nettoie et d\u00e9sodorise les sanitaires en laissant un agr\u00e9able parfum fleurs d&#039;olivier.\" \/>\n<meta property=\"og:url\" content=\"https:\/\/www.hydrachim.fr\/en\/produit\/sanitsoft_002184395\/\" \/>\n<meta property=\"og:site_name\" content=\"Hydrachim\" \/>\n<meta property=\"article:modified_time\" content=\"2025-07-07T07:39:06+00:00\" \/>\n<meta property=\"og:image\" content=\"https:\/\/www.hydrachim.fr\/app\/uploads\/2025\/07\/IDEGREEN___1843_SANIT_SOFT__750_ML.png\" \/>\n\t<meta property=\"og:image:width\" content=\"630\" \/>\n\t<meta property=\"og:image:height\" content=\"1209\" \/>\n\t<meta property=\"og:image:type\" content=\"image\/png\" \/>\n<meta name=\"twitter:card\" content=\"summary_large_image\" \/>\n<meta name=\"twitter:label1\" content=\"Est. reading time\" \/>\n\t<meta name=\"twitter:data1\" content=\"1 minute\" \/>\n<script type=\"application\/ld+json\" class=\"yoast-schema-graph\">{\"@context\":\"https:\\\/\\\/schema.org\",\"@graph\":[{\"@type\":\"WebPage\",\"@id\":\"https:\\\/\\\/www.hydrachim.fr\\\/en\\\/produit\\\/sanitsoft_002184395\\\/\",\"url\":\"https:\\\/\\\/www.hydrachim.fr\\\/en\\\/produit\\\/sanitsoft_002184395\\\/\",\"name\":\"Nettoyant sanitaire 3 en 1 - Sanit'Soft - Hydrachim\",\"isPartOf\":{\"@id\":\"https:\\\/\\\/www.hydrachim.fr\\\/en\\\/#website\"},\"primaryImageOfPage\":{\"@id\":\"https:\\\/\\\/www.hydrachim.fr\\\/en\\\/produit\\\/sanitsoft_002184395\\\/#primaryimage\"},\"image\":{\"@id\":\"https:\\\/\\\/www.hydrachim.fr\\\/en\\\/produit\\\/sanitsoft_002184395\\\/#primaryimage\"},\"thumbnailUrl\":\"https:\\\/\\\/www.hydrachim.fr\\\/app\\\/uploads\\\/2025\\\/07\\\/IDEGREEN___1843_SANIT_SOFT__750_ML.png\",\"datePublished\":\"2019-08-06T13:41:37+00:00\",\"dateModified\":\"2025-07-07T07:39:06+00:00\",\"description\":\"Sanit'Soft est un produit pr\u00eat \u00e0 l'emploi qui d\u00e9tartre, nettoie et d\u00e9sodorise les sanitaires en laissant un agr\u00e9able parfum fleurs d'olivier.\",\"breadcrumb\":{\"@id\":\"https:\\\/\\\/www.hydrachim.fr\\\/en\\\/produit\\\/sanitsoft_002184395\\\/#breadcrumb\"},\"inLanguage\":\"en-US\",\"potentialAction\":[{\"@type\":\"ReadAction\",\"target\":[\"https:\\\/\\\/www.hydrachim.fr\\\/en\\\/produit\\\/sanitsoft_002184395\\\/\"]}]},{\"@type\":\"ImageObject\",\"inLanguage\":\"en-US\",\"@id\":\"https:\\\/\\\/www.hydrachim.fr\\\/en\\\/produit\\\/sanitsoft_002184395\\\/#primaryimage\",\"url\":\"https:\\\/\\\/www.hydrachim.fr\\\/app\\\/uploads\\\/2025\\\/07\\\/IDEGREEN___1843_SANIT_SOFT__750_ML.png\",\"contentUrl\":\"https:\\\/\\\/www.hydrachim.fr\\\/app\\\/uploads\\\/2025\\\/07\\\/IDEGREEN___1843_SANIT_SOFT__750_ML.png\",\"width\":630,\"height\":1209},{\"@type\":\"BreadcrumbList\",\"@id\":\"https:\\\/\\\/www.hydrachim.fr\\\/en\\\/produit\\\/sanitsoft_002184395\\\/#breadcrumb\",\"itemListElement\":[{\"@type\":\"ListItem\",\"position\":1,\"name\":\"Home\",\"item\":\"https:\\\/\\\/www.hydrachim.fr\\\/en\\\/\"},{\"@type\":\"ListItem\",\"position\":2,\"name\":\"Boutique\",\"item\":\"https:\\\/\\\/www.hydrachim.fr\\\/boutique\\\/\"},{\"@type\":\"ListItem\",\"position\":3,\"name\":\"Sanit&rsquo;Soft\"}]},{\"@type\":\"WebSite\",\"@id\":\"https:\\\/\\\/www.hydrachim.fr\\\/en\\\/#website\",\"url\":\"https:\\\/\\\/www.hydrachim.fr\\\/en\\\/\",\"name\":\"Hydrachim\",\"description\":\"La science de l&#039;hygi\u00e8ne\",\"potentialAction\":[{\"@type\":\"SearchAction\",\"target\":{\"@type\":\"EntryPoint\",\"urlTemplate\":\"https:\\\/\\\/www.hydrachim.fr\\\/en\\\/?s={search_term_string}\"},\"query-input\":{\"@type\":\"PropertyValueSpecification\",\"valueRequired\":true,\"valueName\":\"search_term_string\"}}],\"inLanguage\":\"en-US\"}]}<\/script>\n<!-- \/ Yoast SEO plugin. -->","yoast_head_json":{"title":"Nettoyant sanitaire 3 en 1 - Sanit'Soft - Hydrachim","description":"Sanit'Soft est un produit pr\u00eat \u00e0 l'emploi qui d\u00e9tartre, nettoie et d\u00e9sodorise les sanitaires en laissant un agr\u00e9able parfum fleurs d'olivier.","robots":{"index":"index","follow":"follow","max-snippet":"max-snippet:-1","max-image-preview":"max-image-preview:large","max-video-preview":"max-video-preview:-1"},"canonical":"https:\/\/www.hydrachim.fr\/en\/produit\/sanitsoft_002184395\/","og_locale":"en_US","og_type":"article","og_title":"Nettoyant sanitaire 3 en 1 - Sanit'Soft - Hydrachim","og_description":"Sanit'Soft est un produit pr\u00eat \u00e0 l'emploi qui d\u00e9tartre, nettoie et d\u00e9sodorise les sanitaires en laissant un agr\u00e9able parfum fleurs d'olivier.","og_url":"https:\/\/www.hydrachim.fr\/en\/produit\/sanitsoft_002184395\/","og_site_name":"Hydrachim","article_modified_time":"2025-07-07T07:39:06+00:00","og_image":[{"width":630,"height":1209,"url":"https:\/\/www.hydrachim.fr\/app\/uploads\/2025\/07\/IDEGREEN___1843_SANIT_SOFT__750_ML.png","type":"image\/png"}],"twitter_card":"summary_large_image","twitter_misc":{"Est. reading time":"1 minute"},"schema":{"@context":"https:\/\/schema.org","@graph":[{"@type":"WebPage","@id":"https:\/\/www.hydrachim.fr\/en\/produit\/sanitsoft_002184395\/","url":"https:\/\/www.hydrachim.fr\/en\/produit\/sanitsoft_002184395\/","name":"Nettoyant sanitaire 3 en 1 - Sanit'Soft - Hydrachim","isPartOf":{"@id":"https:\/\/www.hydrachim.fr\/en\/#website"},"primaryImageOfPage":{"@id":"https:\/\/www.hydrachim.fr\/en\/produit\/sanitsoft_002184395\/#primaryimage"},"image":{"@id":"https:\/\/www.hydrachim.fr\/en\/produit\/sanitsoft_002184395\/#primaryimage"},"thumbnailUrl":"https:\/\/www.hydrachim.fr\/app\/uploads\/2025\/07\/IDEGREEN___1843_SANIT_SOFT__750_ML.png","datePublished":"2019-08-06T13:41:37+00:00","dateModified":"2025-07-07T07:39:06+00:00","description":"Sanit'Soft est un produit pr\u00eat \u00e0 l'emploi qui d\u00e9tartre, nettoie et d\u00e9sodorise les sanitaires en laissant un agr\u00e9able parfum fleurs d'olivier.","breadcrumb":{"@id":"https:\/\/www.hydrachim.fr\/en\/produit\/sanitsoft_002184395\/#breadcrumb"},"inLanguage":"en-US","potentialAction":[{"@type":"ReadAction","target":["https:\/\/www.hydrachim.fr\/en\/produit\/sanitsoft_002184395\/"]}]},{"@type":"ImageObject","inLanguage":"en-US","@id":"https:\/\/www.hydrachim.fr\/en\/produit\/sanitsoft_002184395\/#primaryimage","url":"https:\/\/www.hydrachim.fr\/app\/uploads\/2025\/07\/IDEGREEN___1843_SANIT_SOFT__750_ML.png","contentUrl":"https:\/\/www.hydrachim.fr\/app\/uploads\/2025\/07\/IDEGREEN___1843_SANIT_SOFT__750_ML.png","width":630,"height":1209},{"@type":"BreadcrumbList","@id":"https:\/\/www.hydrachim.fr\/en\/produit\/sanitsoft_002184395\/#breadcrumb","itemListElement":[{"@type":"ListItem","position":1,"name":"Home","item":"https:\/\/www.hydrachim.fr\/en\/"},{"@type":"ListItem","position":2,"name":"Boutique","item":"https:\/\/www.hydrachim.fr\/boutique\/"},{"@type":"ListItem","position":3,"name":"Sanit&rsquo;Soft"}]},{"@type":"WebSite","@id":"https:\/\/www.hydrachim.fr\/en\/#website","url":"https:\/\/www.hydrachim.fr\/en\/","name":"Hydrachim","description":"La science de l&#039;hygi\u00e8ne","potentialAction":[{"@type":"SearchAction","target":{"@type":"EntryPoint","urlTemplate":"https:\/\/www.hydrachim.fr\/en\/?s={search_term_string}"},"query-input":{"@type":"PropertyValueSpecification","valueRequired":true,"valueName":"search_term_string"}}],"inLanguage":"en-US"}]}},"acf":{"fiche_technique":"https:\/\/www.hydrachim.fr\/app\/uploads\/2025\/07\/FT_1843_SOFT_ATTITUDE_SANIT_SOFT.pdf","fiche_methode":""},"_links":{"self":[{"href":"https:\/\/www.hydrachim.fr\/en\/wp-json\/wp\/v2\/product\/3250","targetHints":{"allow":["GET"]}}],"collection":[{"href":"https:\/\/www.hydrachim.fr\/en\/wp-json\/wp\/v2\/product"}],"about":[{"href":"https:\/\/www.hydrachim.fr\/en\/wp-json\/wp\/v2\/types\/product"}],"wp:featuredmedia":[{"embeddable":true,"href":"https:\/\/www.hydrachim.fr\/en\/wp-json\/wp\/v2\/media\/22157"}],"wp:attachment":[{"href":"https:\/\/www.hydrachim.fr\/en\/wp-json\/wp\/v2\/media?parent=3250"}],"wp:term":[{"taxonomy":"product_brand","embeddable":true,"href":"https:\/\/www.hydrachim.fr\/en\/wp-json\/wp\/v2\/product_brand?post=3250"},{"taxonomy":"product_type","embeddable":true,"href":"https:\/\/www.hydrachim.fr\/en\/wp-json\/wp\/v2\/product_type?post=3250"},{"taxonomy":"product_visibility","embeddable":true,"href":"https:\/\/www.hydrachim.fr\/en\/wp-json\/wp\/v2\/product_visibility?post=3250"},{"taxonomy":"product_cat","embeddable":true,"href":"https:\/\/www.hydrachim.fr\/en\/wp-json\/wp\/v2\/product_cat?post=3250"}],"curies":[{"name":"wp","href":"https:\/\/api.w.org\/{rel}","templated":true}]}}