{"id":3241,"date":"2019-08-06T15:41:27","date_gmt":"2019-08-06T13:41:27","guid":{"rendered":"https:\/\/www.hydrachim.fr\/product\/jedor-spray-parfum-destructeur-dodeur\/"},"modified":"2023-03-13T14:47:16","modified_gmt":"2023-03-13T12:47:16","slug":"jedor_spray_destructeur_dodeur_002028305","status":"publish","type":"product","link":"https:\/\/www.hydrachim.fr\/en\/produit\/jedor_spray_destructeur_dodeur_002028305\/","title":{"rendered":"J\u00e9dor Spray Destructeur d&#8217;odeur"},"content":{"rendered":"<p><strong>Spray d&#8217;ambiance surodorant qui absorbe les mauvaises odeurs.<br \/>\nTendance parfum\u00e9e : fra\u00eecheur.<\/strong><\/p>\n<p>J\u00e9dor spray destructeur d&#8217;odeur est un d\u00e9sodorisant pr\u00eat \u00e0 l&#8217;emploi hautement r\u00e9manent (la r\u00e9manence varie en fonction de la taille de la pi\u00e8ce, de la surface, de l&#8217;a\u00e9ration et du passage apr\u00e8s vaporisation). Il absorbe les mauvaises odeurs et parfume agr\u00e9ablement l&#8217;atmosph\u00e8re avec un parfum frais. A base d&#8217;huiles essentielles et gr\u00e2ce \u00e0 son activateur anti-odeur, il d\u00e9truit efficacement les odeurs de tabac, d&#8217;ammoniaque, d&#8217;amine, de toilettes, d&#8217;animaux&#8230; Il peut-\u00eatre utilis\u00e9 dans les lieux publics, les bars, les restaurants, les magasins, les entreprises, les maisons.<\/p>\n<p><strong>Disponible en carton de 6 x 500 mL. R\u00e9f. 002028305<\/strong><\/p>\n<p class=\"y-product y-product__product-subtitle\">Avantage :<\/p>\n<p>D\u00e9truit les mauvaises odeurs et laisse un parfum frais et tr\u00e8s r\u00e9manent.<br \/>\nFabrication fran\u00e7aise.<\/p>\n<p>Retrouvez le mode d&#8217;emploi et le dosage du produit en t\u00e9l\u00e9chargeant sa Fiche Technique et\/ou sa Fiche M\u00e9thode.<\/p>\n<p><em>Avant toute utilisation, lire l&#8217;\u00e9tiquette et les informations concernant le produit.<\/em><\/p>\n","protected":false},"excerpt":{"rendered":"<p>D\u00e9sodorisant de l&#8217;air ambiant. Parfum hautement r\u00e9manent.<\/p>\n","protected":false},"featured_media":13977,"template":"","meta":[],"product_brand":[],"product_type":[2],"product_visibility":[],"product_cat":[4148,4132],"class_list":{"0":"post-3241","1":"product","2":"type-product","3":"status-publish","4":"has-post-thumbnail","6":"product_cat-marquesjdor","7":"product_cat-solodeur","8":"product_tag-desodorisant","9":"product_tag-destructeur-dodeur","10":"product_tag-fraicheur","11":"product_tag-pret-a-lemploi","12":"product_tag-spray","13":"product_tag-surodorant","15":"first","16":"instock","17":"shipping-taxable","18":"product-type-simple"},"yoast_head":"<!-- This site is optimized with the Yoast SEO plugin v27.1.1 - https:\/\/yoast.com\/product\/yoast-seo-wordpress\/ -->\n<title>J\u00e9dor Spray Destructeur d&#039;odeur - Hydrachim<\/title>\n<meta name=\"robots\" content=\"index, follow, max-snippet:-1, max-image-preview:large, max-video-preview:-1\" \/>\n<link rel=\"canonical\" href=\"https:\/\/www.hydrachim.fr\/en\/produit\/jedor_spray_destructeur_dodeur_002028305\/\" \/>\n<meta property=\"og:locale\" content=\"en_US\" \/>\n<meta property=\"og:type\" content=\"article\" \/>\n<meta property=\"og:title\" content=\"J\u00e9dor Spray Destructeur d&#039;odeur - Hydrachim\" \/>\n<meta property=\"og:description\" content=\"D\u00e9sodorisant de l&#039;air ambiant. Parfum hautement r\u00e9manent.\" \/>\n<meta property=\"og:url\" content=\"https:\/\/www.hydrachim.fr\/en\/produit\/jedor_spray_destructeur_dodeur_002028305\/\" \/>\n<meta property=\"og:site_name\" content=\"Hydrachim\" \/>\n<meta property=\"article:modified_time\" content=\"2023-03-13T12:47:16+00:00\" \/>\n<meta property=\"og:image\" content=\"https:\/\/www.hydrachim.fr\/app\/uploads\/2023\/03\/Spray___Jedor_SPRAY_DESTR_ODEUR_500ML_new..png\" \/>\n\t<meta property=\"og:image:width\" content=\"600\" \/>\n\t<meta property=\"og:image:height\" content=\"1392\" \/>\n\t<meta property=\"og:image:type\" content=\"image\/png\" \/>\n<meta name=\"twitter:card\" content=\"summary_large_image\" \/>\n<meta name=\"twitter:label1\" content=\"Est. reading time\" \/>\n\t<meta name=\"twitter:data1\" content=\"1 minute\" \/>\n<script type=\"application\/ld+json\" class=\"yoast-schema-graph\">{\"@context\":\"https:\/\/schema.org\",\"@graph\":[{\"@type\":\"WebPage\",\"@id\":\"https:\/\/www.hydrachim.fr\/en\/produit\/jedor_spray_destructeur_dodeur_002028305\/\",\"url\":\"https:\/\/www.hydrachim.fr\/en\/produit\/jedor_spray_destructeur_dodeur_002028305\/\",\"name\":\"J\u00e9dor Spray Destructeur d'odeur - Hydrachim\",\"isPartOf\":{\"@id\":\"https:\/\/www.hydrachim.fr\/en\/#website\"},\"primaryImageOfPage\":{\"@id\":\"https:\/\/www.hydrachim.fr\/en\/produit\/jedor_spray_destructeur_dodeur_002028305\/#primaryimage\"},\"image\":{\"@id\":\"https:\/\/www.hydrachim.fr\/en\/produit\/jedor_spray_destructeur_dodeur_002028305\/#primaryimage\"},\"thumbnailUrl\":\"https:\/\/www.hydrachim.fr\/app\/uploads\/2023\/03\/Spray___Jedor_SPRAY_DESTR_ODEUR_500ML_new..png\",\"datePublished\":\"2019-08-06T13:41:27+00:00\",\"dateModified\":\"2023-03-13T12:47:16+00:00\",\"breadcrumb\":{\"@id\":\"https:\/\/www.hydrachim.fr\/en\/produit\/jedor_spray_destructeur_dodeur_002028305\/#breadcrumb\"},\"inLanguage\":\"en-US\",\"potentialAction\":[{\"@type\":\"ReadAction\",\"target\":[\"https:\/\/www.hydrachim.fr\/en\/produit\/jedor_spray_destructeur_dodeur_002028305\/\"]}]},{\"@type\":\"ImageObject\",\"inLanguage\":\"en-US\",\"@id\":\"https:\/\/www.hydrachim.fr\/en\/produit\/jedor_spray_destructeur_dodeur_002028305\/#primaryimage\",\"url\":\"https:\/\/www.hydrachim.fr\/app\/uploads\/2023\/03\/Spray___Jedor_SPRAY_DESTR_ODEUR_500ML_new..png\",\"contentUrl\":\"https:\/\/www.hydrachim.fr\/app\/uploads\/2023\/03\/Spray___Jedor_SPRAY_DESTR_ODEUR_500ML_new..png\",\"width\":600,\"height\":1392},{\"@type\":\"BreadcrumbList\",\"@id\":\"https:\/\/www.hydrachim.fr\/en\/produit\/jedor_spray_destructeur_dodeur_002028305\/#breadcrumb\",\"itemListElement\":[{\"@type\":\"ListItem\",\"position\":1,\"name\":\"Home\",\"item\":\"https:\/\/www.hydrachim.fr\/en\/\"},{\"@type\":\"ListItem\",\"position\":2,\"name\":\"Boutique\",\"item\":\"https:\/\/www.hydrachim.fr\/boutique\/\"},{\"@type\":\"ListItem\",\"position\":3,\"name\":\"J\u00e9dor Spray Destructeur d&rsquo;odeur\"}]},{\"@type\":\"WebSite\",\"@id\":\"https:\/\/www.hydrachim.fr\/en\/#website\",\"url\":\"https:\/\/www.hydrachim.fr\/en\/\",\"name\":\"Hydrachim\",\"description\":\"La science de l&#039;hygi\u00e8ne\",\"potentialAction\":[{\"@type\":\"SearchAction\",\"target\":{\"@type\":\"EntryPoint\",\"urlTemplate\":\"https:\/\/www.hydrachim.fr\/en\/?s={search_term_string}\"},\"query-input\":{\"@type\":\"PropertyValueSpecification\",\"valueRequired\":true,\"valueName\":\"search_term_string\"}}],\"inLanguage\":\"en-US\"}]}<\/script>\n<!-- \/ Yoast SEO plugin. -->","yoast_head_json":{"title":"J\u00e9dor Spray Destructeur d'odeur - Hydrachim","robots":{"index":"index","follow":"follow","max-snippet":"max-snippet:-1","max-image-preview":"max-image-preview:large","max-video-preview":"max-video-preview:-1"},"canonical":"https:\/\/www.hydrachim.fr\/en\/produit\/jedor_spray_destructeur_dodeur_002028305\/","og_locale":"en_US","og_type":"article","og_title":"J\u00e9dor Spray Destructeur d'odeur - Hydrachim","og_description":"D\u00e9sodorisant de l'air ambiant. Parfum hautement r\u00e9manent.","og_url":"https:\/\/www.hydrachim.fr\/en\/produit\/jedor_spray_destructeur_dodeur_002028305\/","og_site_name":"Hydrachim","article_modified_time":"2023-03-13T12:47:16+00:00","og_image":[{"width":600,"height":1392,"url":"https:\/\/www.hydrachim.fr\/app\/uploads\/2023\/03\/Spray___Jedor_SPRAY_DESTR_ODEUR_500ML_new..png","type":"image\/png"}],"twitter_card":"summary_large_image","twitter_misc":{"Est. reading time":"1 minute"},"schema":{"@context":"https:\/\/schema.org","@graph":[{"@type":"WebPage","@id":"https:\/\/www.hydrachim.fr\/en\/produit\/jedor_spray_destructeur_dodeur_002028305\/","url":"https:\/\/www.hydrachim.fr\/en\/produit\/jedor_spray_destructeur_dodeur_002028305\/","name":"J\u00e9dor Spray Destructeur d'odeur - Hydrachim","isPartOf":{"@id":"https:\/\/www.hydrachim.fr\/en\/#website"},"primaryImageOfPage":{"@id":"https:\/\/www.hydrachim.fr\/en\/produit\/jedor_spray_destructeur_dodeur_002028305\/#primaryimage"},"image":{"@id":"https:\/\/www.hydrachim.fr\/en\/produit\/jedor_spray_destructeur_dodeur_002028305\/#primaryimage"},"thumbnailUrl":"https:\/\/www.hydrachim.fr\/app\/uploads\/2023\/03\/Spray___Jedor_SPRAY_DESTR_ODEUR_500ML_new..png","datePublished":"2019-08-06T13:41:27+00:00","dateModified":"2023-03-13T12:47:16+00:00","breadcrumb":{"@id":"https:\/\/www.hydrachim.fr\/en\/produit\/jedor_spray_destructeur_dodeur_002028305\/#breadcrumb"},"inLanguage":"en-US","potentialAction":[{"@type":"ReadAction","target":["https:\/\/www.hydrachim.fr\/en\/produit\/jedor_spray_destructeur_dodeur_002028305\/"]}]},{"@type":"ImageObject","inLanguage":"en-US","@id":"https:\/\/www.hydrachim.fr\/en\/produit\/jedor_spray_destructeur_dodeur_002028305\/#primaryimage","url":"https:\/\/www.hydrachim.fr\/app\/uploads\/2023\/03\/Spray___Jedor_SPRAY_DESTR_ODEUR_500ML_new..png","contentUrl":"https:\/\/www.hydrachim.fr\/app\/uploads\/2023\/03\/Spray___Jedor_SPRAY_DESTR_ODEUR_500ML_new..png","width":600,"height":1392},{"@type":"BreadcrumbList","@id":"https:\/\/www.hydrachim.fr\/en\/produit\/jedor_spray_destructeur_dodeur_002028305\/#breadcrumb","itemListElement":[{"@type":"ListItem","position":1,"name":"Home","item":"https:\/\/www.hydrachim.fr\/en\/"},{"@type":"ListItem","position":2,"name":"Boutique","item":"https:\/\/www.hydrachim.fr\/boutique\/"},{"@type":"ListItem","position":3,"name":"J\u00e9dor Spray Destructeur d&rsquo;odeur"}]},{"@type":"WebSite","@id":"https:\/\/www.hydrachim.fr\/en\/#website","url":"https:\/\/www.hydrachim.fr\/en\/","name":"Hydrachim","description":"La science de l&#039;hygi\u00e8ne","potentialAction":[{"@type":"SearchAction","target":{"@type":"EntryPoint","urlTemplate":"https:\/\/www.hydrachim.fr\/en\/?s={search_term_string}"},"query-input":{"@type":"PropertyValueSpecification","valueRequired":true,"valueName":"search_term_string"}}],"inLanguage":"en-US"}]}},"acf":{"fiche_technique":"https:\/\/www.hydrachim.fr\/app\/uploads\/2021\/08\/FT___0283___JEDOR_SPRAY_DESTRUCTEUR_D_ODEUR.pdf","fiche_methode":"https:\/\/www.hydrachim.fr\/app\/uploads\/2019\/09\/JEDOR-SRAY_SURODORANT_DESTRUCTEUR-D-ODEUR.pdf"},"_links":{"self":[{"href":"https:\/\/www.hydrachim.fr\/en\/wp-json\/wp\/v2\/product\/3241","targetHints":{"allow":["GET"]}}],"collection":[{"href":"https:\/\/www.hydrachim.fr\/en\/wp-json\/wp\/v2\/product"}],"about":[{"href":"https:\/\/www.hydrachim.fr\/en\/wp-json\/wp\/v2\/types\/product"}],"wp:featuredmedia":[{"embeddable":true,"href":"https:\/\/www.hydrachim.fr\/en\/wp-json\/wp\/v2\/media\/13977"}],"wp:attachment":[{"href":"https:\/\/www.hydrachim.fr\/en\/wp-json\/wp\/v2\/media?parent=3241"}],"wp:term":[{"taxonomy":"product_brand","embeddable":true,"href":"https:\/\/www.hydrachim.fr\/en\/wp-json\/wp\/v2\/product_brand?post=3241"},{"taxonomy":"product_type","embeddable":true,"href":"https:\/\/www.hydrachim.fr\/en\/wp-json\/wp\/v2\/product_type?post=3241"},{"taxonomy":"product_visibility","embeddable":true,"href":"https:\/\/www.hydrachim.fr\/en\/wp-json\/wp\/v2\/product_visibility?post=3241"},{"taxonomy":"product_cat","embeddable":true,"href":"https:\/\/www.hydrachim.fr\/en\/wp-json\/wp\/v2\/product_cat?post=3241"}],"curies":[{"name":"wp","href":"https:\/\/api.w.org\/{rel}","templated":true}]}}