{"id":3239,"date":"2019-08-06T15:41:25","date_gmt":"2019-08-06T13:41:25","guid":{"rendered":"https:\/\/www.hydrachim.fr\/product\/softglass\/"},"modified":"2025-07-07T09:29:54","modified_gmt":"2025-07-07T07:29:54","slug":"softglass_002184997","status":"publish","type":"product","link":"https:\/\/www.hydrachim.fr\/en\/produit\/softglass_002184997\/","title":{"rendered":"Soft&#8217;Glass"},"content":{"rendered":"<p><strong>Soft&#8217;Glass liquide est un nettoyant d\u00e9velopp\u00e9 pour le nettoyage des vitres et des surfaces modernes tout en laissant un agr\u00e9able parfum fleur d&#8217;olivier.<\/strong><\/p>\n<p>Soft&#8217;Glass est un produit \u00e0 base d&#8217;ingr\u00e9dients d&#8217;origine v\u00e9g\u00e9tale qui nettoie, d\u00e9graisse et fait briller les vitres, miroirs, et toutes surfaces modernes, sans laisser de traces ou de voiles. Il est efficace sur les surfaces int\u00e9rieures comme ext\u00e9rieures. Le Soft&#8217;Glass laisse un d\u00e9licat parfum de fleur d&#8217;olivier sur les surfaces nettoy\u00e9es. C&#8217;est un produit pr\u00eat \u00e0 l&#8217;emploi.<\/p>\n<p><strong>Disponible en :<br \/>\n&#8211; Carton de 6 x 750 mL. R\u00e9f. 002184997<br \/>\n&#8211; Carton de 4 x 5 L. R\u00e9f. 002184992<\/strong><\/p>\n<p>Retrouvez le mode d&#8217;emploi et le dosage du produit en t\u00e9l\u00e9chargeant sa Fiche Technique et\/ou sa Fiche M\u00e9thode.<\/p>\n<p><em>Avant toute utilisation, lisez l\u2019\u00e9tiquette et les informations concernant le produit.<\/em><\/p>\n","protected":false},"excerpt":{"rendered":"<p>Nettoyant Vitres parfum fleur d&#8217;olivier.<\/p>\n","protected":false},"featured_media":22152,"template":"","meta":[],"product_brand":[],"product_type":[2],"product_visibility":[],"product_cat":[4128,4189,4107,4127],"class_list":{"0":"post-3239","1":"product","2":"type-product","3":"status-publish","4":"has-post-thumbnail","6":"product_cat-solentretien","7":"product_cat-marquesidegreen","8":"product_cat-nos-produits-zro-pictossurface","9":"product_cat-produitssurface-sol","10":"product_tag-fleur-dolivier","11":"product_tag-liquide","12":"product_tag-nettoyant","13":"product_tag-surface","14":"product_tag-vitres","16":"first","17":"instock","18":"shipping-taxable","19":"product-type-simple"},"yoast_head":"<!-- This site is optimized with the Yoast SEO plugin v27.4 - https:\/\/yoast.com\/product\/yoast-seo-wordpress\/ -->\n<title>Nettoyant vitres et surfaces - Soft&#039;Glass - Hydrachim<\/title>\n<meta name=\"description\" content=\"Soft&#039;Glass liquide est un nettoyant d\u00e9velopp\u00e9 pour le nettoyage des vitres et des surfaces modernes tout en laissant un agr\u00e9able parfum fleurs d&#039;olivier.\" \/>\n<meta name=\"robots\" content=\"index, follow, max-snippet:-1, max-image-preview:large, max-video-preview:-1\" \/>\n<link rel=\"canonical\" href=\"https:\/\/www.hydrachim.fr\/en\/produit\/softglass_002184997\/\" \/>\n<meta property=\"og:locale\" content=\"en_US\" \/>\n<meta property=\"og:type\" content=\"article\" \/>\n<meta property=\"og:title\" content=\"Nettoyant vitres et surfaces - Soft&#039;Glass - Hydrachim\" \/>\n<meta property=\"og:description\" content=\"Soft&#039;Glass liquide est un nettoyant d\u00e9velopp\u00e9 pour le nettoyage des vitres et des surfaces modernes tout en laissant un agr\u00e9able parfum fleurs d&#039;olivier.\" \/>\n<meta property=\"og:url\" content=\"https:\/\/www.hydrachim.fr\/en\/produit\/softglass_002184997\/\" \/>\n<meta property=\"og:site_name\" content=\"Hydrachim\" \/>\n<meta property=\"article:modified_time\" content=\"2025-07-07T07:29:54+00:00\" \/>\n<meta property=\"og:image\" content=\"https:\/\/www.hydrachim.fr\/app\/uploads\/2025\/07\/IDEGREEN___1849_SOFT_GLASS_750ML.png\" \/>\n\t<meta property=\"og:image:width\" content=\"630\" \/>\n\t<meta property=\"og:image:height\" content=\"1209\" \/>\n\t<meta property=\"og:image:type\" content=\"image\/png\" \/>\n<meta name=\"twitter:card\" content=\"summary_large_image\" \/>\n<meta name=\"twitter:label1\" content=\"Est. reading time\" \/>\n\t<meta name=\"twitter:data1\" content=\"1 minute\" \/>\n<script type=\"application\/ld+json\" class=\"yoast-schema-graph\">{\"@context\":\"https:\\\/\\\/schema.org\",\"@graph\":[{\"@type\":\"WebPage\",\"@id\":\"https:\\\/\\\/www.hydrachim.fr\\\/en\\\/produit\\\/softglass_002184997\\\/\",\"url\":\"https:\\\/\\\/www.hydrachim.fr\\\/en\\\/produit\\\/softglass_002184997\\\/\",\"name\":\"Nettoyant vitres et surfaces - Soft'Glass - Hydrachim\",\"isPartOf\":{\"@id\":\"https:\\\/\\\/www.hydrachim.fr\\\/en\\\/#website\"},\"primaryImageOfPage\":{\"@id\":\"https:\\\/\\\/www.hydrachim.fr\\\/en\\\/produit\\\/softglass_002184997\\\/#primaryimage\"},\"image\":{\"@id\":\"https:\\\/\\\/www.hydrachim.fr\\\/en\\\/produit\\\/softglass_002184997\\\/#primaryimage\"},\"thumbnailUrl\":\"https:\\\/\\\/www.hydrachim.fr\\\/app\\\/uploads\\\/2025\\\/07\\\/IDEGREEN___1849_SOFT_GLASS_750ML.png\",\"datePublished\":\"2019-08-06T13:41:25+00:00\",\"dateModified\":\"2025-07-07T07:29:54+00:00\",\"description\":\"Soft'Glass liquide est un nettoyant d\u00e9velopp\u00e9 pour le nettoyage des vitres et des surfaces modernes tout en laissant un agr\u00e9able parfum fleurs d'olivier.\",\"breadcrumb\":{\"@id\":\"https:\\\/\\\/www.hydrachim.fr\\\/en\\\/produit\\\/softglass_002184997\\\/#breadcrumb\"},\"inLanguage\":\"en-US\",\"potentialAction\":[{\"@type\":\"ReadAction\",\"target\":[\"https:\\\/\\\/www.hydrachim.fr\\\/en\\\/produit\\\/softglass_002184997\\\/\"]}]},{\"@type\":\"ImageObject\",\"inLanguage\":\"en-US\",\"@id\":\"https:\\\/\\\/www.hydrachim.fr\\\/en\\\/produit\\\/softglass_002184997\\\/#primaryimage\",\"url\":\"https:\\\/\\\/www.hydrachim.fr\\\/app\\\/uploads\\\/2025\\\/07\\\/IDEGREEN___1849_SOFT_GLASS_750ML.png\",\"contentUrl\":\"https:\\\/\\\/www.hydrachim.fr\\\/app\\\/uploads\\\/2025\\\/07\\\/IDEGREEN___1849_SOFT_GLASS_750ML.png\",\"width\":630,\"height\":1209},{\"@type\":\"BreadcrumbList\",\"@id\":\"https:\\\/\\\/www.hydrachim.fr\\\/en\\\/produit\\\/softglass_002184997\\\/#breadcrumb\",\"itemListElement\":[{\"@type\":\"ListItem\",\"position\":1,\"name\":\"Home\",\"item\":\"https:\\\/\\\/www.hydrachim.fr\\\/en\\\/\"},{\"@type\":\"ListItem\",\"position\":2,\"name\":\"Boutique\",\"item\":\"https:\\\/\\\/www.hydrachim.fr\\\/boutique\\\/\"},{\"@type\":\"ListItem\",\"position\":3,\"name\":\"Soft&rsquo;Glass\"}]},{\"@type\":\"WebSite\",\"@id\":\"https:\\\/\\\/www.hydrachim.fr\\\/en\\\/#website\",\"url\":\"https:\\\/\\\/www.hydrachim.fr\\\/en\\\/\",\"name\":\"Hydrachim\",\"description\":\"La science de l&#039;hygi\u00e8ne\",\"potentialAction\":[{\"@type\":\"SearchAction\",\"target\":{\"@type\":\"EntryPoint\",\"urlTemplate\":\"https:\\\/\\\/www.hydrachim.fr\\\/en\\\/?s={search_term_string}\"},\"query-input\":{\"@type\":\"PropertyValueSpecification\",\"valueRequired\":true,\"valueName\":\"search_term_string\"}}],\"inLanguage\":\"en-US\"}]}<\/script>\n<!-- \/ Yoast SEO plugin. -->","yoast_head_json":{"title":"Nettoyant vitres et surfaces - Soft'Glass - Hydrachim","description":"Soft'Glass liquide est un nettoyant d\u00e9velopp\u00e9 pour le nettoyage des vitres et des surfaces modernes tout en laissant un agr\u00e9able parfum fleurs d'olivier.","robots":{"index":"index","follow":"follow","max-snippet":"max-snippet:-1","max-image-preview":"max-image-preview:large","max-video-preview":"max-video-preview:-1"},"canonical":"https:\/\/www.hydrachim.fr\/en\/produit\/softglass_002184997\/","og_locale":"en_US","og_type":"article","og_title":"Nettoyant vitres et surfaces - Soft'Glass - Hydrachim","og_description":"Soft'Glass liquide est un nettoyant d\u00e9velopp\u00e9 pour le nettoyage des vitres et des surfaces modernes tout en laissant un agr\u00e9able parfum fleurs d'olivier.","og_url":"https:\/\/www.hydrachim.fr\/en\/produit\/softglass_002184997\/","og_site_name":"Hydrachim","article_modified_time":"2025-07-07T07:29:54+00:00","og_image":[{"width":630,"height":1209,"url":"https:\/\/www.hydrachim.fr\/app\/uploads\/2025\/07\/IDEGREEN___1849_SOFT_GLASS_750ML.png","type":"image\/png"}],"twitter_card":"summary_large_image","twitter_misc":{"Est. reading time":"1 minute"},"schema":{"@context":"https:\/\/schema.org","@graph":[{"@type":"WebPage","@id":"https:\/\/www.hydrachim.fr\/en\/produit\/softglass_002184997\/","url":"https:\/\/www.hydrachim.fr\/en\/produit\/softglass_002184997\/","name":"Nettoyant vitres et surfaces - Soft'Glass - Hydrachim","isPartOf":{"@id":"https:\/\/www.hydrachim.fr\/en\/#website"},"primaryImageOfPage":{"@id":"https:\/\/www.hydrachim.fr\/en\/produit\/softglass_002184997\/#primaryimage"},"image":{"@id":"https:\/\/www.hydrachim.fr\/en\/produit\/softglass_002184997\/#primaryimage"},"thumbnailUrl":"https:\/\/www.hydrachim.fr\/app\/uploads\/2025\/07\/IDEGREEN___1849_SOFT_GLASS_750ML.png","datePublished":"2019-08-06T13:41:25+00:00","dateModified":"2025-07-07T07:29:54+00:00","description":"Soft'Glass liquide est un nettoyant d\u00e9velopp\u00e9 pour le nettoyage des vitres et des surfaces modernes tout en laissant un agr\u00e9able parfum fleurs d'olivier.","breadcrumb":{"@id":"https:\/\/www.hydrachim.fr\/en\/produit\/softglass_002184997\/#breadcrumb"},"inLanguage":"en-US","potentialAction":[{"@type":"ReadAction","target":["https:\/\/www.hydrachim.fr\/en\/produit\/softglass_002184997\/"]}]},{"@type":"ImageObject","inLanguage":"en-US","@id":"https:\/\/www.hydrachim.fr\/en\/produit\/softglass_002184997\/#primaryimage","url":"https:\/\/www.hydrachim.fr\/app\/uploads\/2025\/07\/IDEGREEN___1849_SOFT_GLASS_750ML.png","contentUrl":"https:\/\/www.hydrachim.fr\/app\/uploads\/2025\/07\/IDEGREEN___1849_SOFT_GLASS_750ML.png","width":630,"height":1209},{"@type":"BreadcrumbList","@id":"https:\/\/www.hydrachim.fr\/en\/produit\/softglass_002184997\/#breadcrumb","itemListElement":[{"@type":"ListItem","position":1,"name":"Home","item":"https:\/\/www.hydrachim.fr\/en\/"},{"@type":"ListItem","position":2,"name":"Boutique","item":"https:\/\/www.hydrachim.fr\/boutique\/"},{"@type":"ListItem","position":3,"name":"Soft&rsquo;Glass"}]},{"@type":"WebSite","@id":"https:\/\/www.hydrachim.fr\/en\/#website","url":"https:\/\/www.hydrachim.fr\/en\/","name":"Hydrachim","description":"La science de l&#039;hygi\u00e8ne","potentialAction":[{"@type":"SearchAction","target":{"@type":"EntryPoint","urlTemplate":"https:\/\/www.hydrachim.fr\/en\/?s={search_term_string}"},"query-input":{"@type":"PropertyValueSpecification","valueRequired":true,"valueName":"search_term_string"}}],"inLanguage":"en-US"}]}},"acf":{"fiche_technique":"https:\/\/www.hydrachim.fr\/app\/uploads\/2025\/07\/FT___1849___SOFT_GLASS.pdf","fiche_methode":""},"_links":{"self":[{"href":"https:\/\/www.hydrachim.fr\/en\/wp-json\/wp\/v2\/product\/3239","targetHints":{"allow":["GET"]}}],"collection":[{"href":"https:\/\/www.hydrachim.fr\/en\/wp-json\/wp\/v2\/product"}],"about":[{"href":"https:\/\/www.hydrachim.fr\/en\/wp-json\/wp\/v2\/types\/product"}],"wp:featuredmedia":[{"embeddable":true,"href":"https:\/\/www.hydrachim.fr\/en\/wp-json\/wp\/v2\/media\/22152"}],"wp:attachment":[{"href":"https:\/\/www.hydrachim.fr\/en\/wp-json\/wp\/v2\/media?parent=3239"}],"wp:term":[{"taxonomy":"product_brand","embeddable":true,"href":"https:\/\/www.hydrachim.fr\/en\/wp-json\/wp\/v2\/product_brand?post=3239"},{"taxonomy":"product_type","embeddable":true,"href":"https:\/\/www.hydrachim.fr\/en\/wp-json\/wp\/v2\/product_type?post=3239"},{"taxonomy":"product_visibility","embeddable":true,"href":"https:\/\/www.hydrachim.fr\/en\/wp-json\/wp\/v2\/product_visibility?post=3239"},{"taxonomy":"product_cat","embeddable":true,"href":"https:\/\/www.hydrachim.fr\/en\/wp-json\/wp\/v2\/product_cat?post=3239"}],"curies":[{"name":"wp","href":"https:\/\/api.w.org\/{rel}","templated":true}]}}