{"id":3237,"date":"2019-08-06T15:41:23","date_gmt":"2019-08-06T13:41:23","guid":{"rendered":"https:\/\/www.hydrachim.fr\/product\/deonetsoft-parfum-iris-et-fleurs-de-cerisier\/"},"modified":"2025-07-07T09:41:56","modified_gmt":"2025-07-07T07:41:56","slug":"deonet_2d_parfum_iris_et_fleurs_de_cerisier_002183993","status":"publish","type":"product","link":"https:\/\/www.hydrachim.fr\/en\/produit\/deonet_2d_parfum_iris_et_fleurs_de_cerisier_002183993\/","title":{"rendered":"D\u00e9onet 2D parfum iris et fleurs de cerisier"},"content":{"rendered":"<p><strong>Le D\u00e9onet 2D est un produit \u00e0 base d&#8217;ingr\u00e9dients d&#8217;origine v\u00e9g\u00e9tale qui nettoie tous les types de sols.<\/strong><\/p>\n<p>D\u00e9onet 2D parfum iris et fleurs de cerisier est un nettoyant surodorant utilisable sur tous types de sol. Il peut \u00e9galement \u00eatre utilis\u00e9 pour l\u2019entretien des murs, des sols, des fa\u00efences, des thermoplastiques et du mobilier sanitaire.<br \/>\nD\u00e9onet 2D neutralise les mauvaises odeurs. Il est tr\u00e8s r\u00e9manent et laisse un agr\u00e9able parfum apr\u00e8s le nettoyage.<\/p>\n<p><strong>Disponible en :<br \/>\n&#8211; Carton de 6 x 1 L. R\u00e9f. 002183991<br \/>\n&#8211; Carton de 2 x 5 L (avec bouchon doseur gradu\u00e9). R\u00e9f. 002183993<\/strong><\/p>\n<p>Retrouvez le mode d&#8217;emploi et le dosage du produit en t\u00e9l\u00e9chargeant sa Fiche Technique.<\/p>\n<p><em>*Rincer sur les surfaces en contact alimentaires.<br \/>\nAvant toute utilisation, lisez l&#8217;\u00e9tiquette et les informations concernant le produit.<\/em><\/p>\n","protected":false},"excerpt":{"rendered":"<p>Nettoyant sols parfum Iris et fleurs de cerisier<\/p>\n","protected":false},"featured_media":22161,"template":"","meta":[],"product_brand":[],"product_type":[2],"product_visibility":[],"product_cat":[4128,4189,4110,4127],"class_list":{"0":"post-3237","1":"product","2":"type-product","3":"status-publish","4":"has-post-thumbnail","6":"product_cat-solentretien","7":"product_cat-marquesidegreen","8":"product_cat-nos-produits-zro-pictossol","9":"product_cat-produitssurface-sol","10":"product_tag-fleur-de-cerisier","11":"product_tag-liquide","12":"product_tag-nettoyant","13":"product_tag-sol","15":"first","16":"instock","17":"shipping-taxable","18":"product-type-simple"},"yoast_head":"<!-- This site is optimized with the Yoast SEO plugin v27.4 - https:\/\/yoast.com\/product\/yoast-seo-wordpress\/ -->\n<title>Nettoyant sol - D\u00e9onet&#039;Soft parfum iris et fleurs de cerisier - Hydrachim<\/title>\n<meta name=\"description\" content=\"D\u00e9onet&#039;Soft est un produit qui nettoie tous les types de sols laissant un agr\u00e9able parfum iris et fleurs de cerisier apr\u00e8s le nettoyage.\" \/>\n<meta name=\"robots\" content=\"index, follow, max-snippet:-1, max-image-preview:large, max-video-preview:-1\" \/>\n<link rel=\"canonical\" href=\"https:\/\/www.hydrachim.fr\/en\/produit\/deonet_2d_parfum_iris_et_fleurs_de_cerisier_002183993\/\" \/>\n<meta property=\"og:locale\" content=\"en_US\" \/>\n<meta property=\"og:type\" content=\"article\" \/>\n<meta property=\"og:title\" content=\"Nettoyant sol - D\u00e9onet&#039;Soft parfum iris et fleurs de cerisier - Hydrachim\" \/>\n<meta property=\"og:description\" content=\"D\u00e9onet&#039;Soft est un produit qui nettoie tous les types de sols laissant un agr\u00e9able parfum iris et fleurs de cerisier apr\u00e8s le nettoyage.\" \/>\n<meta property=\"og:url\" content=\"https:\/\/www.hydrachim.fr\/en\/produit\/deonet_2d_parfum_iris_et_fleurs_de_cerisier_002183993\/\" \/>\n<meta property=\"og:site_name\" content=\"Hydrachim\" \/>\n<meta property=\"article:modified_time\" content=\"2025-07-07T07:41:56+00:00\" \/>\n<meta property=\"og:image\" content=\"https:\/\/www.hydrachim.fr\/app\/uploads\/2025\/07\/IDEGREEN___1839_DEONET_2D_PARFUM_IRIS_FLEUR_DE_CERISIER_5L.png\" \/>\n\t<meta property=\"og:image:width\" content=\"560\" \/>\n\t<meta property=\"og:image:height\" content=\"813\" \/>\n\t<meta property=\"og:image:type\" content=\"image\/png\" \/>\n<meta name=\"twitter:card\" content=\"summary_large_image\" \/>\n<meta name=\"twitter:label1\" content=\"Est. reading time\" \/>\n\t<meta name=\"twitter:data1\" content=\"1 minute\" \/>\n<script type=\"application\/ld+json\" class=\"yoast-schema-graph\">{\"@context\":\"https:\\\/\\\/schema.org\",\"@graph\":[{\"@type\":\"WebPage\",\"@id\":\"https:\\\/\\\/www.hydrachim.fr\\\/en\\\/produit\\\/deonet_2d_parfum_iris_et_fleurs_de_cerisier_002183993\\\/\",\"url\":\"https:\\\/\\\/www.hydrachim.fr\\\/en\\\/produit\\\/deonet_2d_parfum_iris_et_fleurs_de_cerisier_002183993\\\/\",\"name\":\"Nettoyant sol - D\u00e9onet'Soft parfum iris et fleurs de cerisier - Hydrachim\",\"isPartOf\":{\"@id\":\"https:\\\/\\\/www.hydrachim.fr\\\/en\\\/#website\"},\"primaryImageOfPage\":{\"@id\":\"https:\\\/\\\/www.hydrachim.fr\\\/en\\\/produit\\\/deonet_2d_parfum_iris_et_fleurs_de_cerisier_002183993\\\/#primaryimage\"},\"image\":{\"@id\":\"https:\\\/\\\/www.hydrachim.fr\\\/en\\\/produit\\\/deonet_2d_parfum_iris_et_fleurs_de_cerisier_002183993\\\/#primaryimage\"},\"thumbnailUrl\":\"https:\\\/\\\/www.hydrachim.fr\\\/app\\\/uploads\\\/2025\\\/07\\\/IDEGREEN___1839_DEONET_2D_PARFUM_IRIS_FLEUR_DE_CERISIER_5L.png\",\"datePublished\":\"2019-08-06T13:41:23+00:00\",\"dateModified\":\"2025-07-07T07:41:56+00:00\",\"description\":\"D\u00e9onet'Soft est un produit qui nettoie tous les types de sols laissant un agr\u00e9able parfum iris et fleurs de cerisier apr\u00e8s le nettoyage.\",\"breadcrumb\":{\"@id\":\"https:\\\/\\\/www.hydrachim.fr\\\/en\\\/produit\\\/deonet_2d_parfum_iris_et_fleurs_de_cerisier_002183993\\\/#breadcrumb\"},\"inLanguage\":\"en-US\",\"potentialAction\":[{\"@type\":\"ReadAction\",\"target\":[\"https:\\\/\\\/www.hydrachim.fr\\\/en\\\/produit\\\/deonet_2d_parfum_iris_et_fleurs_de_cerisier_002183993\\\/\"]}]},{\"@type\":\"ImageObject\",\"inLanguage\":\"en-US\",\"@id\":\"https:\\\/\\\/www.hydrachim.fr\\\/en\\\/produit\\\/deonet_2d_parfum_iris_et_fleurs_de_cerisier_002183993\\\/#primaryimage\",\"url\":\"https:\\\/\\\/www.hydrachim.fr\\\/app\\\/uploads\\\/2025\\\/07\\\/IDEGREEN___1839_DEONET_2D_PARFUM_IRIS_FLEUR_DE_CERISIER_5L.png\",\"contentUrl\":\"https:\\\/\\\/www.hydrachim.fr\\\/app\\\/uploads\\\/2025\\\/07\\\/IDEGREEN___1839_DEONET_2D_PARFUM_IRIS_FLEUR_DE_CERISIER_5L.png\",\"width\":560,\"height\":813},{\"@type\":\"BreadcrumbList\",\"@id\":\"https:\\\/\\\/www.hydrachim.fr\\\/en\\\/produit\\\/deonet_2d_parfum_iris_et_fleurs_de_cerisier_002183993\\\/#breadcrumb\",\"itemListElement\":[{\"@type\":\"ListItem\",\"position\":1,\"name\":\"Home\",\"item\":\"https:\\\/\\\/www.hydrachim.fr\\\/en\\\/\"},{\"@type\":\"ListItem\",\"position\":2,\"name\":\"Boutique\",\"item\":\"https:\\\/\\\/www.hydrachim.fr\\\/boutique\\\/\"},{\"@type\":\"ListItem\",\"position\":3,\"name\":\"D\u00e9onet 2D parfum iris et fleurs de cerisier\"}]},{\"@type\":\"WebSite\",\"@id\":\"https:\\\/\\\/www.hydrachim.fr\\\/en\\\/#website\",\"url\":\"https:\\\/\\\/www.hydrachim.fr\\\/en\\\/\",\"name\":\"Hydrachim\",\"description\":\"La science de l&#039;hygi\u00e8ne\",\"potentialAction\":[{\"@type\":\"SearchAction\",\"target\":{\"@type\":\"EntryPoint\",\"urlTemplate\":\"https:\\\/\\\/www.hydrachim.fr\\\/en\\\/?s={search_term_string}\"},\"query-input\":{\"@type\":\"PropertyValueSpecification\",\"valueRequired\":true,\"valueName\":\"search_term_string\"}}],\"inLanguage\":\"en-US\"}]}<\/script>\n<!-- \/ Yoast SEO plugin. -->","yoast_head_json":{"title":"Nettoyant sol - D\u00e9onet'Soft parfum iris et fleurs de cerisier - Hydrachim","description":"D\u00e9onet'Soft est un produit qui nettoie tous les types de sols laissant un agr\u00e9able parfum iris et fleurs de cerisier apr\u00e8s le nettoyage.","robots":{"index":"index","follow":"follow","max-snippet":"max-snippet:-1","max-image-preview":"max-image-preview:large","max-video-preview":"max-video-preview:-1"},"canonical":"https:\/\/www.hydrachim.fr\/en\/produit\/deonet_2d_parfum_iris_et_fleurs_de_cerisier_002183993\/","og_locale":"en_US","og_type":"article","og_title":"Nettoyant sol - D\u00e9onet'Soft parfum iris et fleurs de cerisier - Hydrachim","og_description":"D\u00e9onet'Soft est un produit qui nettoie tous les types de sols laissant un agr\u00e9able parfum iris et fleurs de cerisier apr\u00e8s le nettoyage.","og_url":"https:\/\/www.hydrachim.fr\/en\/produit\/deonet_2d_parfum_iris_et_fleurs_de_cerisier_002183993\/","og_site_name":"Hydrachim","article_modified_time":"2025-07-07T07:41:56+00:00","og_image":[{"width":560,"height":813,"url":"https:\/\/www.hydrachim.fr\/app\/uploads\/2025\/07\/IDEGREEN___1839_DEONET_2D_PARFUM_IRIS_FLEUR_DE_CERISIER_5L.png","type":"image\/png"}],"twitter_card":"summary_large_image","twitter_misc":{"Est. reading time":"1 minute"},"schema":{"@context":"https:\/\/schema.org","@graph":[{"@type":"WebPage","@id":"https:\/\/www.hydrachim.fr\/en\/produit\/deonet_2d_parfum_iris_et_fleurs_de_cerisier_002183993\/","url":"https:\/\/www.hydrachim.fr\/en\/produit\/deonet_2d_parfum_iris_et_fleurs_de_cerisier_002183993\/","name":"Nettoyant sol - D\u00e9onet'Soft parfum iris et fleurs de cerisier - Hydrachim","isPartOf":{"@id":"https:\/\/www.hydrachim.fr\/en\/#website"},"primaryImageOfPage":{"@id":"https:\/\/www.hydrachim.fr\/en\/produit\/deonet_2d_parfum_iris_et_fleurs_de_cerisier_002183993\/#primaryimage"},"image":{"@id":"https:\/\/www.hydrachim.fr\/en\/produit\/deonet_2d_parfum_iris_et_fleurs_de_cerisier_002183993\/#primaryimage"},"thumbnailUrl":"https:\/\/www.hydrachim.fr\/app\/uploads\/2025\/07\/IDEGREEN___1839_DEONET_2D_PARFUM_IRIS_FLEUR_DE_CERISIER_5L.png","datePublished":"2019-08-06T13:41:23+00:00","dateModified":"2025-07-07T07:41:56+00:00","description":"D\u00e9onet'Soft est un produit qui nettoie tous les types de sols laissant un agr\u00e9able parfum iris et fleurs de cerisier apr\u00e8s le nettoyage.","breadcrumb":{"@id":"https:\/\/www.hydrachim.fr\/en\/produit\/deonet_2d_parfum_iris_et_fleurs_de_cerisier_002183993\/#breadcrumb"},"inLanguage":"en-US","potentialAction":[{"@type":"ReadAction","target":["https:\/\/www.hydrachim.fr\/en\/produit\/deonet_2d_parfum_iris_et_fleurs_de_cerisier_002183993\/"]}]},{"@type":"ImageObject","inLanguage":"en-US","@id":"https:\/\/www.hydrachim.fr\/en\/produit\/deonet_2d_parfum_iris_et_fleurs_de_cerisier_002183993\/#primaryimage","url":"https:\/\/www.hydrachim.fr\/app\/uploads\/2025\/07\/IDEGREEN___1839_DEONET_2D_PARFUM_IRIS_FLEUR_DE_CERISIER_5L.png","contentUrl":"https:\/\/www.hydrachim.fr\/app\/uploads\/2025\/07\/IDEGREEN___1839_DEONET_2D_PARFUM_IRIS_FLEUR_DE_CERISIER_5L.png","width":560,"height":813},{"@type":"BreadcrumbList","@id":"https:\/\/www.hydrachim.fr\/en\/produit\/deonet_2d_parfum_iris_et_fleurs_de_cerisier_002183993\/#breadcrumb","itemListElement":[{"@type":"ListItem","position":1,"name":"Home","item":"https:\/\/www.hydrachim.fr\/en\/"},{"@type":"ListItem","position":2,"name":"Boutique","item":"https:\/\/www.hydrachim.fr\/boutique\/"},{"@type":"ListItem","position":3,"name":"D\u00e9onet 2D parfum iris et fleurs de cerisier"}]},{"@type":"WebSite","@id":"https:\/\/www.hydrachim.fr\/en\/#website","url":"https:\/\/www.hydrachim.fr\/en\/","name":"Hydrachim","description":"La science de l&#039;hygi\u00e8ne","potentialAction":[{"@type":"SearchAction","target":{"@type":"EntryPoint","urlTemplate":"https:\/\/www.hydrachim.fr\/en\/?s={search_term_string}"},"query-input":{"@type":"PropertyValueSpecification","valueRequired":true,"valueName":"search_term_string"}}],"inLanguage":"en-US"}]}},"acf":{"fiche_technique":"https:\/\/www.hydrachim.fr\/app\/uploads\/2025\/07\/FT___1839___DEONET_2D_PARFUM_IRIS_ET_FLEUR_DE_CERISIER.pdf","fiche_methode":""},"_links":{"self":[{"href":"https:\/\/www.hydrachim.fr\/en\/wp-json\/wp\/v2\/product\/3237","targetHints":{"allow":["GET"]}}],"collection":[{"href":"https:\/\/www.hydrachim.fr\/en\/wp-json\/wp\/v2\/product"}],"about":[{"href":"https:\/\/www.hydrachim.fr\/en\/wp-json\/wp\/v2\/types\/product"}],"wp:featuredmedia":[{"embeddable":true,"href":"https:\/\/www.hydrachim.fr\/en\/wp-json\/wp\/v2\/media\/22161"}],"wp:attachment":[{"href":"https:\/\/www.hydrachim.fr\/en\/wp-json\/wp\/v2\/media?parent=3237"}],"wp:term":[{"taxonomy":"product_brand","embeddable":true,"href":"https:\/\/www.hydrachim.fr\/en\/wp-json\/wp\/v2\/product_brand?post=3237"},{"taxonomy":"product_type","embeddable":true,"href":"https:\/\/www.hydrachim.fr\/en\/wp-json\/wp\/v2\/product_type?post=3237"},{"taxonomy":"product_visibility","embeddable":true,"href":"https:\/\/www.hydrachim.fr\/en\/wp-json\/wp\/v2\/product_visibility?post=3237"},{"taxonomy":"product_cat","embeddable":true,"href":"https:\/\/www.hydrachim.fr\/en\/wp-json\/wp\/v2\/product_cat?post=3237"}],"curies":[{"name":"wp","href":"https:\/\/api.w.org\/{rel}","templated":true}]}}