{"id":3236,"date":"2019-08-06T15:41:22","date_gmt":"2019-08-06T13:41:22","guid":{"rendered":"https:\/\/www.hydrachim.fr\/product\/jedor-2d-parfum-pamplemousse\/"},"modified":"2025-10-24T11:54:41","modified_gmt":"2025-10-24T09:54:41","slug":"jedor_2d_pamplemousse_002520492","status":"publish","type":"product","link":"https:\/\/www.hydrachim.fr\/en\/produit\/jedor_2d_pamplemousse_002520492\/","title":{"rendered":"J\u00e9dor 2D Pamplemousse"},"content":{"rendered":"<p><strong>Tendance parfum\u00e9e : agrume.<\/strong><\/p>\n<p>Ce produit est faiblement moussant aux doses pr\u00e9conis\u00e9es. Il peut \u00eatre utilis\u00e9 manuellement ou en autolaveuse et ne n\u00e9cessite aucun rin\u00e7age sur les surfaces non alimentaires. Il peut-\u00eatre utilis\u00e9 pour l&#8217;entretien des murs, sols, fa\u00efences, thermoplastiques, mobilier sanitaire, int\u00e9rieurs des voitures.<\/p>\n<p><strong>Disponible en :<br \/>\n&#8211; Carton de 6 x 1L doseur. R\u00e9f.002520492<br \/>\n&#8211; Carton de 4 x 5L. R\u00e9f. 002520403<br \/>\n&#8211; Carton de 250 dosettes de 20 mL. R\u00e9f. 002520402<\/strong><\/p>\n<p class=\"y-product y-product__product-subtitle\">Avantage :<\/p>\n<p>Parfum frais et r\u00e9manent.<br \/>\nFabrication fran\u00e7aise.<\/p>\n<p>Retrouvez le mode d&#8217;emploi et le dosage du produit en t\u00e9l\u00e9chargeant sa Fiche Technique et\/ou sa Fiche M\u00e9thode.<\/p>\n<p><em>Avant toute utilisation, lire l&#8217;\u00e9tiquette et les informations concernant le produit.<\/em><\/p>\n","protected":false},"excerpt":{"rendered":"<p>Nettoyant &#8211; D\u00e9sodorisant des surfaces. Parfum r\u00e9manent.<\/p>\n","protected":false},"featured_media":5756,"template":"","meta":[],"product_brand":[],"product_type":[2],"product_visibility":[],"product_cat":[4128,4148,4132,4127],"class_list":{"0":"post-3236","1":"product","2":"type-product","3":"status-publish","4":"has-post-thumbnail","6":"product_cat-solentretien","7":"product_cat-marquesjdor","8":"product_cat-solodeur","9":"product_cat-produitssurface-sol","10":"product_tag-2d","11":"product_tag-agrume","12":"product_tag-desodorisant","13":"product_tag-detergent","14":"product_tag-liquide","15":"product_tag-nettoyant","16":"product_tag-pamplemousse","17":"product_tag-surodorant","19":"first","20":"instock","21":"shipping-taxable","22":"product-type-simple"},"yoast_head":"<!-- This site is optimized with the Yoast SEO plugin v27.4 - https:\/\/yoast.com\/product\/yoast-seo-wordpress\/ -->\n<title>J\u00e9dor 2D Pamplemousse - Hydrachim<\/title>\n<meta name=\"robots\" content=\"index, follow, max-snippet:-1, max-image-preview:large, max-video-preview:-1\" \/>\n<link rel=\"canonical\" href=\"https:\/\/www.hydrachim.fr\/en\/produit\/jedor_2d_pamplemousse_002520492\/\" \/>\n<meta property=\"og:locale\" content=\"en_US\" \/>\n<meta property=\"og:type\" content=\"article\" \/>\n<meta property=\"og:title\" content=\"J\u00e9dor 2D Pamplemousse - Hydrachim\" \/>\n<meta property=\"og:description\" content=\"Nettoyant - D\u00e9sodorisant des surfaces. Parfum r\u00e9manent.\" \/>\n<meta property=\"og:url\" content=\"https:\/\/www.hydrachim.fr\/en\/produit\/jedor_2d_pamplemousse_002520492\/\" \/>\n<meta property=\"og:site_name\" content=\"Hydrachim\" \/>\n<meta property=\"article:modified_time\" content=\"2025-10-24T09:54:41+00:00\" \/>\n<meta property=\"og:image\" content=\"https:\/\/www.hydrachim.fr\/app\/uploads\/2019\/10\/5204_2D_NET_DESODO_PAMPLEMOUSSE.png\" \/>\n\t<meta property=\"og:image:width\" content=\"510\" \/>\n\t<meta property=\"og:image:height\" content=\"866\" \/>\n\t<meta property=\"og:image:type\" content=\"image\/png\" \/>\n<meta name=\"twitter:card\" content=\"summary_large_image\" \/>\n<meta name=\"twitter:label1\" content=\"Est. reading time\" \/>\n\t<meta name=\"twitter:data1\" content=\"1 minute\" \/>\n<script type=\"application\/ld+json\" class=\"yoast-schema-graph\">{\"@context\":\"https:\\\/\\\/schema.org\",\"@graph\":[{\"@type\":\"WebPage\",\"@id\":\"https:\\\/\\\/www.hydrachim.fr\\\/en\\\/produit\\\/jedor_2d_pamplemousse_002520492\\\/\",\"url\":\"https:\\\/\\\/www.hydrachim.fr\\\/en\\\/produit\\\/jedor_2d_pamplemousse_002520492\\\/\",\"name\":\"J\u00e9dor 2D Pamplemousse - Hydrachim\",\"isPartOf\":{\"@id\":\"https:\\\/\\\/www.hydrachim.fr\\\/en\\\/#website\"},\"primaryImageOfPage\":{\"@id\":\"https:\\\/\\\/www.hydrachim.fr\\\/en\\\/produit\\\/jedor_2d_pamplemousse_002520492\\\/#primaryimage\"},\"image\":{\"@id\":\"https:\\\/\\\/www.hydrachim.fr\\\/en\\\/produit\\\/jedor_2d_pamplemousse_002520492\\\/#primaryimage\"},\"thumbnailUrl\":\"https:\\\/\\\/www.hydrachim.fr\\\/app\\\/uploads\\\/2019\\\/10\\\/5204_2D_NET_DESODO_PAMPLEMOUSSE.png\",\"datePublished\":\"2019-08-06T13:41:22+00:00\",\"dateModified\":\"2025-10-24T09:54:41+00:00\",\"breadcrumb\":{\"@id\":\"https:\\\/\\\/www.hydrachim.fr\\\/en\\\/produit\\\/jedor_2d_pamplemousse_002520492\\\/#breadcrumb\"},\"inLanguage\":\"en-US\",\"potentialAction\":[{\"@type\":\"ReadAction\",\"target\":[\"https:\\\/\\\/www.hydrachim.fr\\\/en\\\/produit\\\/jedor_2d_pamplemousse_002520492\\\/\"]}]},{\"@type\":\"ImageObject\",\"inLanguage\":\"en-US\",\"@id\":\"https:\\\/\\\/www.hydrachim.fr\\\/en\\\/produit\\\/jedor_2d_pamplemousse_002520492\\\/#primaryimage\",\"url\":\"https:\\\/\\\/www.hydrachim.fr\\\/app\\\/uploads\\\/2019\\\/10\\\/5204_2D_NET_DESODO_PAMPLEMOUSSE.png\",\"contentUrl\":\"https:\\\/\\\/www.hydrachim.fr\\\/app\\\/uploads\\\/2019\\\/10\\\/5204_2D_NET_DESODO_PAMPLEMOUSSE.png\",\"width\":510,\"height\":866},{\"@type\":\"BreadcrumbList\",\"@id\":\"https:\\\/\\\/www.hydrachim.fr\\\/en\\\/produit\\\/jedor_2d_pamplemousse_002520492\\\/#breadcrumb\",\"itemListElement\":[{\"@type\":\"ListItem\",\"position\":1,\"name\":\"Home\",\"item\":\"https:\\\/\\\/www.hydrachim.fr\\\/en\\\/\"},{\"@type\":\"ListItem\",\"position\":2,\"name\":\"Boutique\",\"item\":\"https:\\\/\\\/www.hydrachim.fr\\\/boutique\\\/\"},{\"@type\":\"ListItem\",\"position\":3,\"name\":\"J\u00e9dor 2D Pamplemousse\"}]},{\"@type\":\"WebSite\",\"@id\":\"https:\\\/\\\/www.hydrachim.fr\\\/en\\\/#website\",\"url\":\"https:\\\/\\\/www.hydrachim.fr\\\/en\\\/\",\"name\":\"Hydrachim\",\"description\":\"La science de l&#039;hygi\u00e8ne\",\"potentialAction\":[{\"@type\":\"SearchAction\",\"target\":{\"@type\":\"EntryPoint\",\"urlTemplate\":\"https:\\\/\\\/www.hydrachim.fr\\\/en\\\/?s={search_term_string}\"},\"query-input\":{\"@type\":\"PropertyValueSpecification\",\"valueRequired\":true,\"valueName\":\"search_term_string\"}}],\"inLanguage\":\"en-US\"}]}<\/script>\n<!-- \/ Yoast SEO plugin. -->","yoast_head_json":{"title":"J\u00e9dor 2D Pamplemousse - Hydrachim","robots":{"index":"index","follow":"follow","max-snippet":"max-snippet:-1","max-image-preview":"max-image-preview:large","max-video-preview":"max-video-preview:-1"},"canonical":"https:\/\/www.hydrachim.fr\/en\/produit\/jedor_2d_pamplemousse_002520492\/","og_locale":"en_US","og_type":"article","og_title":"J\u00e9dor 2D Pamplemousse - Hydrachim","og_description":"Nettoyant - D\u00e9sodorisant des surfaces. Parfum r\u00e9manent.","og_url":"https:\/\/www.hydrachim.fr\/en\/produit\/jedor_2d_pamplemousse_002520492\/","og_site_name":"Hydrachim","article_modified_time":"2025-10-24T09:54:41+00:00","og_image":[{"width":510,"height":866,"url":"https:\/\/www.hydrachim.fr\/app\/uploads\/2019\/10\/5204_2D_NET_DESODO_PAMPLEMOUSSE.png","type":"image\/png"}],"twitter_card":"summary_large_image","twitter_misc":{"Est. reading time":"1 minute"},"schema":{"@context":"https:\/\/schema.org","@graph":[{"@type":"WebPage","@id":"https:\/\/www.hydrachim.fr\/en\/produit\/jedor_2d_pamplemousse_002520492\/","url":"https:\/\/www.hydrachim.fr\/en\/produit\/jedor_2d_pamplemousse_002520492\/","name":"J\u00e9dor 2D Pamplemousse - Hydrachim","isPartOf":{"@id":"https:\/\/www.hydrachim.fr\/en\/#website"},"primaryImageOfPage":{"@id":"https:\/\/www.hydrachim.fr\/en\/produit\/jedor_2d_pamplemousse_002520492\/#primaryimage"},"image":{"@id":"https:\/\/www.hydrachim.fr\/en\/produit\/jedor_2d_pamplemousse_002520492\/#primaryimage"},"thumbnailUrl":"https:\/\/www.hydrachim.fr\/app\/uploads\/2019\/10\/5204_2D_NET_DESODO_PAMPLEMOUSSE.png","datePublished":"2019-08-06T13:41:22+00:00","dateModified":"2025-10-24T09:54:41+00:00","breadcrumb":{"@id":"https:\/\/www.hydrachim.fr\/en\/produit\/jedor_2d_pamplemousse_002520492\/#breadcrumb"},"inLanguage":"en-US","potentialAction":[{"@type":"ReadAction","target":["https:\/\/www.hydrachim.fr\/en\/produit\/jedor_2d_pamplemousse_002520492\/"]}]},{"@type":"ImageObject","inLanguage":"en-US","@id":"https:\/\/www.hydrachim.fr\/en\/produit\/jedor_2d_pamplemousse_002520492\/#primaryimage","url":"https:\/\/www.hydrachim.fr\/app\/uploads\/2019\/10\/5204_2D_NET_DESODO_PAMPLEMOUSSE.png","contentUrl":"https:\/\/www.hydrachim.fr\/app\/uploads\/2019\/10\/5204_2D_NET_DESODO_PAMPLEMOUSSE.png","width":510,"height":866},{"@type":"BreadcrumbList","@id":"https:\/\/www.hydrachim.fr\/en\/produit\/jedor_2d_pamplemousse_002520492\/#breadcrumb","itemListElement":[{"@type":"ListItem","position":1,"name":"Home","item":"https:\/\/www.hydrachim.fr\/en\/"},{"@type":"ListItem","position":2,"name":"Boutique","item":"https:\/\/www.hydrachim.fr\/boutique\/"},{"@type":"ListItem","position":3,"name":"J\u00e9dor 2D Pamplemousse"}]},{"@type":"WebSite","@id":"https:\/\/www.hydrachim.fr\/en\/#website","url":"https:\/\/www.hydrachim.fr\/en\/","name":"Hydrachim","description":"La science de l&#039;hygi\u00e8ne","potentialAction":[{"@type":"SearchAction","target":{"@type":"EntryPoint","urlTemplate":"https:\/\/www.hydrachim.fr\/en\/?s={search_term_string}"},"query-input":{"@type":"PropertyValueSpecification","valueRequired":true,"valueName":"search_term_string"}}],"inLanguage":"en-US"}]}},"acf":{"fiche_technique":"https:\/\/www.hydrachim.fr\/app\/uploads\/2025\/10\/FT___JEDOR_2D___AGRUME-3.pdf","fiche_methode":"https:\/\/www.hydrachim.fr\/app\/uploads\/2019\/09\/JEDOR-2D_DETERGENT-SURODORANT_TENDANCE-AGRUME.pdf"},"_links":{"self":[{"href":"https:\/\/www.hydrachim.fr\/en\/wp-json\/wp\/v2\/product\/3236","targetHints":{"allow":["GET"]}}],"collection":[{"href":"https:\/\/www.hydrachim.fr\/en\/wp-json\/wp\/v2\/product"}],"about":[{"href":"https:\/\/www.hydrachim.fr\/en\/wp-json\/wp\/v2\/types\/product"}],"wp:featuredmedia":[{"embeddable":true,"href":"https:\/\/www.hydrachim.fr\/en\/wp-json\/wp\/v2\/media\/5756"}],"wp:attachment":[{"href":"https:\/\/www.hydrachim.fr\/en\/wp-json\/wp\/v2\/media?parent=3236"}],"wp:term":[{"taxonomy":"product_brand","embeddable":true,"href":"https:\/\/www.hydrachim.fr\/en\/wp-json\/wp\/v2\/product_brand?post=3236"},{"taxonomy":"product_type","embeddable":true,"href":"https:\/\/www.hydrachim.fr\/en\/wp-json\/wp\/v2\/product_type?post=3236"},{"taxonomy":"product_visibility","embeddable":true,"href":"https:\/\/www.hydrachim.fr\/en\/wp-json\/wp\/v2\/product_visibility?post=3236"},{"taxonomy":"product_cat","embeddable":true,"href":"https:\/\/www.hydrachim.fr\/en\/wp-json\/wp\/v2\/product_cat?post=3236"}],"curies":[{"name":"wp","href":"https:\/\/api.w.org\/{rel}","templated":true}]}}