{"id":3214,"date":"2019-08-06T15:40:56","date_gmt":"2019-08-06T13:40:56","guid":{"rendered":"https:\/\/www.hydrachim.fr\/product\/jedor-3d-longue-duree-parfum-savon-de-marseille\/"},"modified":"2023-08-03T14:43:21","modified_gmt":"2023-08-03T12:43:21","slug":"jedor_3d_longue_duree_savon_de_marseille_002574501","status":"publish","type":"product","link":"https:\/\/www.hydrachim.fr\/en\/produit\/jedor_3d_longue_duree_savon_de_marseille_002574501\/","title":{"rendered":"J\u00e9dor 3D Longue Dur\u00e9e Savon de Marseille"},"content":{"rendered":"<p><strong>Tendance parfum\u00e9e : fra\u00eecheur.<\/strong><\/p>\n<p>J\u00e9dor 3D Longue Dur\u00e9e parfum savon de marseille est un nettoyant d\u00e9sodorisant d\u00e9sinfectant hautement r\u00e9manent (la r\u00e9manence varie en fonction de la taille de la pi\u00e8ce, de la surface, de l&#8217;a\u00e9ration et du passage apr\u00e8s nettoyage). Sa puissance olfactive couvre les odeurs les plus tenaces en laissant un frais parfum typ\u00e9 savon de marseille. Ce produit est faiblement moussant aux doses pr\u00e9conis\u00e9es. Il peut \u00eatre utilis\u00e9 manuellement ou en autolaveuse et ne n\u00e9cessite aucun rin\u00e7age sur les surfaces non alimentaires. Il peut-\u00eatre utilis\u00e9 pour l&#8217;entretien des murs, sols, fa\u00efences, thermoplastiques, mobilier sanitaire, int\u00e9rieurs des voitures. Son emploi est recommand\u00e9 pour l&#8217;entretien r\u00e9gulier des locaux o\u00f9 peuvent se d\u00e9velopper microbes et bact\u00e9ries (maisons de retraite, \u00e9coles, lieux publics, collectivit\u00e9s).<\/p>\n<p><strong>Disponible en :<br \/>\n&#8211; Carton de 6 x 1L doseur. R\u00e9f. 002574501<br \/>\n&#8211; Carton de 4 x 5L. R\u00e9f. 002574502<\/strong><\/p>\n<p class=\"y-product y-product__product-subtitle\">Avantage :<\/p>\n<p>Parfum frais, envo\u00fbtant et hautement r\u00e9manent.<br \/>\nBact\u00e9ricide, fongicide et levuricide.<br \/>\nFabrication fran\u00e7aise.<\/p>\n<p>Retrouvez le mode d&#8217;emploi et le dosage du produit en t\u00e9l\u00e9chargeant sa Fiche Technique et\/ou sa Fiche M\u00e9thode.<\/p>\n<p><em>Utilisez les biocides avec pr\u00e9caution. Avant toute utilisation, lire l&#8217;\u00e9tiquette et les informations concernant le produit.<br \/>\nProduit strictement professionnel.<br \/>\nAvant toute utilisation, assurez-vous que celle-ci est indispensable, notamment dans les lieux fr\u00e9quent\u00e9s par le grand public. Privil\u00e9giez chaque fois que possible les m\u00e9thodes alternatives et les produits pr\u00e9sentant le risque le plus faible pour la sant\u00e9 humaine et animale et pour l&#8217;environnement.<\/p>\n<p>TP2 : D\u00e9sinfectants utilis\u00e9s dans le domaine priv\u00e9 et dans le domaine de la sant\u00e9 publique et autres produits biocides.<\/em><\/p>\n","protected":false},"excerpt":{"rendered":"<p>Nettoyant &#8211; D\u00e9sodorisant &#8211; D\u00e9sinfectant des surfaces. Parfum hautement r\u00e9manent.<\/p>\n","protected":false},"featured_media":5829,"template":"","meta":[],"product_brand":[],"product_type":[2],"product_visibility":[],"product_cat":[4111,4128,4148,4132,4112,4127],"class_list":{"0":"post-3214","1":"product","2":"type-product","3":"status-publish","4":"has-post-thumbnail","6":"product_cat-produitsdesinfection","7":"product_cat-solentretien","8":"product_cat-marquesjdor","9":"product_cat-solodeur","10":"product_cat-dsinfectionsurface","11":"product_cat-produitssurface-sol","12":"product_tag-3d","13":"product_tag-autolaveuse","14":"product_tag-bactericide","15":"product_tag-desinfectant","16":"product_tag-desodorisant","17":"product_tag-detergent","18":"product_tag-fongicide","19":"product_tag-fraicheur","20":"product_tag-levuricide","21":"product_tag-liquide","22":"product_tag-longue-duree","23":"product_tag-manuel","24":"product_tag-nettoyant","25":"product_tag-savon-de-marseille","26":"product_tag-surodorant","27":"product_tag-tp2","29":"first","30":"instock","31":"shipping-taxable","32":"product-type-simple"},"yoast_head":"<!-- This site is optimized with the Yoast SEO plugin v27.4 - https:\/\/yoast.com\/product\/yoast-seo-wordpress\/ -->\n<title>J\u00e9dor 3D Longue Dur\u00e9e Savon de Marseille - Hydrachim<\/title>\n<meta name=\"robots\" content=\"index, follow, max-snippet:-1, max-image-preview:large, max-video-preview:-1\" \/>\n<link rel=\"canonical\" href=\"https:\/\/www.hydrachim.fr\/en\/produit\/jedor_3d_longue_duree_savon_de_marseille_002574501\/\" \/>\n<meta property=\"og:locale\" content=\"en_US\" \/>\n<meta property=\"og:type\" content=\"article\" \/>\n<meta property=\"og:title\" content=\"J\u00e9dor 3D Longue Dur\u00e9e Savon de Marseille - Hydrachim\" \/>\n<meta property=\"og:description\" content=\"Nettoyant - D\u00e9sodorisant - D\u00e9sinfectant des surfaces. Parfum hautement r\u00e9manent.\" \/>\n<meta property=\"og:url\" content=\"https:\/\/www.hydrachim.fr\/en\/produit\/jedor_3d_longue_duree_savon_de_marseille_002574501\/\" \/>\n<meta property=\"og:site_name\" content=\"Hydrachim\" \/>\n<meta property=\"article:modified_time\" content=\"2023-08-03T12:43:21+00:00\" \/>\n<meta property=\"og:image\" content=\"https:\/\/www.hydrachim.fr\/app\/uploads\/2019\/10\/5745_JEDOR_3D_LONGUEDUREE_SAVONDEMARSEILLE.png\" \/>\n\t<meta property=\"og:image:width\" content=\"510\" \/>\n\t<meta property=\"og:image:height\" content=\"866\" \/>\n\t<meta property=\"og:image:type\" content=\"image\/png\" \/>\n<meta name=\"twitter:card\" content=\"summary_large_image\" \/>\n<meta name=\"twitter:label1\" content=\"Est. reading time\" \/>\n\t<meta name=\"twitter:data1\" content=\"1 minute\" \/>\n<script type=\"application\/ld+json\" class=\"yoast-schema-graph\">{\"@context\":\"https:\\\/\\\/schema.org\",\"@graph\":[{\"@type\":\"WebPage\",\"@id\":\"https:\\\/\\\/www.hydrachim.fr\\\/en\\\/produit\\\/jedor_3d_longue_duree_savon_de_marseille_002574501\\\/\",\"url\":\"https:\\\/\\\/www.hydrachim.fr\\\/en\\\/produit\\\/jedor_3d_longue_duree_savon_de_marseille_002574501\\\/\",\"name\":\"J\u00e9dor 3D Longue Dur\u00e9e Savon de Marseille - Hydrachim\",\"isPartOf\":{\"@id\":\"https:\\\/\\\/www.hydrachim.fr\\\/en\\\/#website\"},\"primaryImageOfPage\":{\"@id\":\"https:\\\/\\\/www.hydrachim.fr\\\/en\\\/produit\\\/jedor_3d_longue_duree_savon_de_marseille_002574501\\\/#primaryimage\"},\"image\":{\"@id\":\"https:\\\/\\\/www.hydrachim.fr\\\/en\\\/produit\\\/jedor_3d_longue_duree_savon_de_marseille_002574501\\\/#primaryimage\"},\"thumbnailUrl\":\"https:\\\/\\\/www.hydrachim.fr\\\/app\\\/uploads\\\/2019\\\/10\\\/5745_JEDOR_3D_LONGUEDUREE_SAVONDEMARSEILLE.png\",\"datePublished\":\"2019-08-06T13:40:56+00:00\",\"dateModified\":\"2023-08-03T12:43:21+00:00\",\"breadcrumb\":{\"@id\":\"https:\\\/\\\/www.hydrachim.fr\\\/en\\\/produit\\\/jedor_3d_longue_duree_savon_de_marseille_002574501\\\/#breadcrumb\"},\"inLanguage\":\"en-US\",\"potentialAction\":[{\"@type\":\"ReadAction\",\"target\":[\"https:\\\/\\\/www.hydrachim.fr\\\/en\\\/produit\\\/jedor_3d_longue_duree_savon_de_marseille_002574501\\\/\"]}]},{\"@type\":\"ImageObject\",\"inLanguage\":\"en-US\",\"@id\":\"https:\\\/\\\/www.hydrachim.fr\\\/en\\\/produit\\\/jedor_3d_longue_duree_savon_de_marseille_002574501\\\/#primaryimage\",\"url\":\"https:\\\/\\\/www.hydrachim.fr\\\/app\\\/uploads\\\/2019\\\/10\\\/5745_JEDOR_3D_LONGUEDUREE_SAVONDEMARSEILLE.png\",\"contentUrl\":\"https:\\\/\\\/www.hydrachim.fr\\\/app\\\/uploads\\\/2019\\\/10\\\/5745_JEDOR_3D_LONGUEDUREE_SAVONDEMARSEILLE.png\",\"width\":510,\"height\":866},{\"@type\":\"BreadcrumbList\",\"@id\":\"https:\\\/\\\/www.hydrachim.fr\\\/en\\\/produit\\\/jedor_3d_longue_duree_savon_de_marseille_002574501\\\/#breadcrumb\",\"itemListElement\":[{\"@type\":\"ListItem\",\"position\":1,\"name\":\"Home\",\"item\":\"https:\\\/\\\/www.hydrachim.fr\\\/en\\\/\"},{\"@type\":\"ListItem\",\"position\":2,\"name\":\"Boutique\",\"item\":\"https:\\\/\\\/www.hydrachim.fr\\\/boutique\\\/\"},{\"@type\":\"ListItem\",\"position\":3,\"name\":\"J\u00e9dor 3D Longue Dur\u00e9e Savon de Marseille\"}]},{\"@type\":\"WebSite\",\"@id\":\"https:\\\/\\\/www.hydrachim.fr\\\/en\\\/#website\",\"url\":\"https:\\\/\\\/www.hydrachim.fr\\\/en\\\/\",\"name\":\"Hydrachim\",\"description\":\"La science de l&#039;hygi\u00e8ne\",\"potentialAction\":[{\"@type\":\"SearchAction\",\"target\":{\"@type\":\"EntryPoint\",\"urlTemplate\":\"https:\\\/\\\/www.hydrachim.fr\\\/en\\\/?s={search_term_string}\"},\"query-input\":{\"@type\":\"PropertyValueSpecification\",\"valueRequired\":true,\"valueName\":\"search_term_string\"}}],\"inLanguage\":\"en-US\"}]}<\/script>\n<!-- \/ Yoast SEO plugin. -->","yoast_head_json":{"title":"J\u00e9dor 3D Longue Dur\u00e9e Savon de Marseille - Hydrachim","robots":{"index":"index","follow":"follow","max-snippet":"max-snippet:-1","max-image-preview":"max-image-preview:large","max-video-preview":"max-video-preview:-1"},"canonical":"https:\/\/www.hydrachim.fr\/en\/produit\/jedor_3d_longue_duree_savon_de_marseille_002574501\/","og_locale":"en_US","og_type":"article","og_title":"J\u00e9dor 3D Longue Dur\u00e9e Savon de Marseille - Hydrachim","og_description":"Nettoyant - D\u00e9sodorisant - D\u00e9sinfectant des surfaces. Parfum hautement r\u00e9manent.","og_url":"https:\/\/www.hydrachim.fr\/en\/produit\/jedor_3d_longue_duree_savon_de_marseille_002574501\/","og_site_name":"Hydrachim","article_modified_time":"2023-08-03T12:43:21+00:00","og_image":[{"width":510,"height":866,"url":"https:\/\/www.hydrachim.fr\/app\/uploads\/2019\/10\/5745_JEDOR_3D_LONGUEDUREE_SAVONDEMARSEILLE.png","type":"image\/png"}],"twitter_card":"summary_large_image","twitter_misc":{"Est. reading time":"1 minute"},"schema":{"@context":"https:\/\/schema.org","@graph":[{"@type":"WebPage","@id":"https:\/\/www.hydrachim.fr\/en\/produit\/jedor_3d_longue_duree_savon_de_marseille_002574501\/","url":"https:\/\/www.hydrachim.fr\/en\/produit\/jedor_3d_longue_duree_savon_de_marseille_002574501\/","name":"J\u00e9dor 3D Longue Dur\u00e9e Savon de Marseille - Hydrachim","isPartOf":{"@id":"https:\/\/www.hydrachim.fr\/en\/#website"},"primaryImageOfPage":{"@id":"https:\/\/www.hydrachim.fr\/en\/produit\/jedor_3d_longue_duree_savon_de_marseille_002574501\/#primaryimage"},"image":{"@id":"https:\/\/www.hydrachim.fr\/en\/produit\/jedor_3d_longue_duree_savon_de_marseille_002574501\/#primaryimage"},"thumbnailUrl":"https:\/\/www.hydrachim.fr\/app\/uploads\/2019\/10\/5745_JEDOR_3D_LONGUEDUREE_SAVONDEMARSEILLE.png","datePublished":"2019-08-06T13:40:56+00:00","dateModified":"2023-08-03T12:43:21+00:00","breadcrumb":{"@id":"https:\/\/www.hydrachim.fr\/en\/produit\/jedor_3d_longue_duree_savon_de_marseille_002574501\/#breadcrumb"},"inLanguage":"en-US","potentialAction":[{"@type":"ReadAction","target":["https:\/\/www.hydrachim.fr\/en\/produit\/jedor_3d_longue_duree_savon_de_marseille_002574501\/"]}]},{"@type":"ImageObject","inLanguage":"en-US","@id":"https:\/\/www.hydrachim.fr\/en\/produit\/jedor_3d_longue_duree_savon_de_marseille_002574501\/#primaryimage","url":"https:\/\/www.hydrachim.fr\/app\/uploads\/2019\/10\/5745_JEDOR_3D_LONGUEDUREE_SAVONDEMARSEILLE.png","contentUrl":"https:\/\/www.hydrachim.fr\/app\/uploads\/2019\/10\/5745_JEDOR_3D_LONGUEDUREE_SAVONDEMARSEILLE.png","width":510,"height":866},{"@type":"BreadcrumbList","@id":"https:\/\/www.hydrachim.fr\/en\/produit\/jedor_3d_longue_duree_savon_de_marseille_002574501\/#breadcrumb","itemListElement":[{"@type":"ListItem","position":1,"name":"Home","item":"https:\/\/www.hydrachim.fr\/en\/"},{"@type":"ListItem","position":2,"name":"Boutique","item":"https:\/\/www.hydrachim.fr\/boutique\/"},{"@type":"ListItem","position":3,"name":"J\u00e9dor 3D Longue Dur\u00e9e Savon de Marseille"}]},{"@type":"WebSite","@id":"https:\/\/www.hydrachim.fr\/en\/#website","url":"https:\/\/www.hydrachim.fr\/en\/","name":"Hydrachim","description":"La science de l&#039;hygi\u00e8ne","potentialAction":[{"@type":"SearchAction","target":{"@type":"EntryPoint","urlTemplate":"https:\/\/www.hydrachim.fr\/en\/?s={search_term_string}"},"query-input":{"@type":"PropertyValueSpecification","valueRequired":true,"valueName":"search_term_string"}}],"inLanguage":"en-US"}]}},"acf":{"fiche_technique":"https:\/\/www.hydrachim.fr\/app\/uploads\/2020\/10\/FT___JEDOR_3D_LONGUE_DUREE___TENDANCE_FRAICHEUR-1.pdf","fiche_methode":"https:\/\/www.hydrachim.fr\/app\/uploads\/2019\/10\/JEDOR-3D-LD_DETERGENT-DESODORISANT-DESINFECTANT-DONGUE-DUREE_TENDANCE-FRAICHEUR.pdf"},"_links":{"self":[{"href":"https:\/\/www.hydrachim.fr\/en\/wp-json\/wp\/v2\/product\/3214","targetHints":{"allow":["GET"]}}],"collection":[{"href":"https:\/\/www.hydrachim.fr\/en\/wp-json\/wp\/v2\/product"}],"about":[{"href":"https:\/\/www.hydrachim.fr\/en\/wp-json\/wp\/v2\/types\/product"}],"wp:featuredmedia":[{"embeddable":true,"href":"https:\/\/www.hydrachim.fr\/en\/wp-json\/wp\/v2\/media\/5829"}],"wp:attachment":[{"href":"https:\/\/www.hydrachim.fr\/en\/wp-json\/wp\/v2\/media?parent=3214"}],"wp:term":[{"taxonomy":"product_brand","embeddable":true,"href":"https:\/\/www.hydrachim.fr\/en\/wp-json\/wp\/v2\/product_brand?post=3214"},{"taxonomy":"product_type","embeddable":true,"href":"https:\/\/www.hydrachim.fr\/en\/wp-json\/wp\/v2\/product_type?post=3214"},{"taxonomy":"product_visibility","embeddable":true,"href":"https:\/\/www.hydrachim.fr\/en\/wp-json\/wp\/v2\/product_visibility?post=3214"},{"taxonomy":"product_cat","embeddable":true,"href":"https:\/\/www.hydrachim.fr\/en\/wp-json\/wp\/v2\/product_cat?post=3214"}],"curies":[{"name":"wp","href":"https:\/\/api.w.org\/{rel}","templated":true}]}}