{"id":3200,"date":"2019-08-06T15:40:40","date_gmt":"2019-08-06T13:40:40","guid":{"rendered":"https:\/\/www.hydrachim.fr\/product\/cip-asp-surface\/"},"modified":"2025-10-21T10:47:53","modified_gmt":"2025-10-21T08:47:53","slug":"al_lingettes_002071901","status":"publish","type":"product","link":"https:\/\/www.hydrachim.fr\/en\/produit\/al_lingettes_002071901\/","title":{"rendered":"AL LINGETTES"},"content":{"rendered":"<p><strong><\/p>\n<h3>Lingettes pour la d\u00e9sinfection. <br \/>TP1-TP2-TP4.<\/h3>\n<p><\/strong><\/p>\n<p>Lingettes impr\u00e9gn\u00e9es d&#8217;une solution d\u00e9sinfectante pour la d\u00e9sinfection des surfaces, sans rin\u00e7age.<br \/>\nCes lingettes sont destin\u00e9es aux surfaces pouvant se trouver au contact des denr\u00e9es alimentaires et pouvant ne pas \u00eatre rinc\u00e9es \u00e0 l\u2019eau potable apr\u00e8s usage (section Ib, Arr\u00eat\u00e9 du 8 septembre 1999).<\/p>\n<h4>Normes<\/h4>\n<p>Efficacit\u00e9 bact\u00e9ricide*, levuricide*, fongicide*, virucide* et mycobact\u00e9ricide*, pour tous vos usages.<br \/>\nLes lingettes impr\u00e9gn\u00e9es d&#8217;une solution de d\u00e9terquat AL sont \u00e9galement efficaces sur Coronavirus et Candida Pelliculosa* (levuricide EN 13697) pour vos usages en boulangerie, viennoiserie, p\u00e2tisserie industrielle.<br \/>\n\u00c9galement utilisable en milieu m\u00e9dical* (hors champ op\u00e9ratoire) avec une action bact\u00e9ricide EN 13727, levuricide et fongicide EN 13624.<br \/>\nAction virucide par essuyage selon la norme EN16615 * en 60 secondes. Action virucide de la solution d&#8217;impr\u00e9gnation * : EN14476, EN16777 (milieu m\u00e9dical hors champ op\u00e9ratoire).<br \/>\n*Consulter la fiche technique pour plus de d\u00e9tail sur les couches.<\/p>\n<p><strong>Disponible en :<br \/>\n&#8211; Carton de 6 pots de 200 lingettes &#8211; 002071901<br \/>\n&#8211; Carton de 9 recharges de 200 lingettes &#8211; 002071905<br \/>\n&#8211; Seau de 1000 lingettes &#8211; 002071902<\/strong><\/p>\n<p class=\"y-product y-product__product-subtitle\">Avantage :<\/p>\n<p>Sans phenoxyethanol et conforme \u00e0 la norme EN 16615 pour une action d\u00e9sinfectante virucide par essuyage.<br \/>\nUtilisable pour la d\u00e9sinfection des mains en TP1.<\/p>\n<p>Retrouvez le mode d&#8217;emploi et le dosage du produit en t\u00e9l\u00e9chargeant la Fiche Technique.<\/p>\n<p><em>Utilisez les biocides avec pr\u00e9caution. Avant toute utilisation, lisez l&#8217;\u00e9tiquette et les informations concernant le produit.<br \/>\nDans le contexte actuel de pand\u00e9mie, nous avons diff\u00e9rentes sources d&#8217;\u00e9thanol qui selon le grade, pr\u00e9sentent une odeur plus ou moins particuli\u00e8re et parfois forte.<br \/>\nCette odeur n&#8217;engendre aucune alt\u00e9ration quant au produit ni \u00e0 l&#8217;efficacit\u00e9 de ce dernier et dispara\u00eet avec l\u2019\u00e9vaporation.<br \/>\nToutes nos sources d\u2019alcools utilis\u00e9es pendant cette pand\u00e9mie sont conformes \u00e0 l\u2019arr\u00eat\u00e9 du 17 avril 2020, modifiant l&#8217;arr\u00eat\u00e9 du 13 mars 2020,  valable jusqu\u2019au 1er septembre 2020.<br \/>\nAttention, le D\u00e9terquat AL Lingettes est \u00e0 utiliser avec pr\u00e9caution sur les surfaces peintes. Faire un essai pr\u00e9alable sur une petite surface.<\/em><\/p>\n","protected":false},"excerpt":{"rendered":"<p>Lingettes impr\u00e9gn\u00e9es d&#8217;une solution d\u00e9sinfectante.<br \/>\nEfficace sur les virus : Coronavirus, Poliovirus, &#8230;<\/p>\n","protected":false},"featured_media":14725,"template":"","meta":[],"product_brand":[],"product_type":[2],"product_visibility":[],"product_cat":[4027,4237,4114,4174,4151,4112],"class_list":{"0":"post-3200","1":"product","2":"type-product","3":"status-publish","4":"has-post-thumbnail","6":"product_cat-agro-alimentaire-industrie","7":"product_cat-produits-produitsdsinfectioncoronavirus","8":"product_cat-dsinfectioncuisine","9":"product_cat-nouveautesdesinfection","10":"product_cat-marquesdeterquat","11":"product_cat-dsinfectionsurface","12":"product_tag-alcool","13":"product_tag-alimentaire_1","14":"product_tag-bactericide","15":"product_tag-bactericide-type-defficacit","16":"product_tag-biocide","17":"product_tag-desinfectant","18":"product_tag-efficace-sur-coronavirus","19":"product_tag-equipements-et-machines","20":"product_tag-fongicide_1","21":"product_tag-fongicide","22":"product_tag-industrie-agroalimentaire_1","23":"product_tag-industrie-boisson-brasserie-viniculture","24":"product_tag-industrie-boulangerie-viennoiserie-patisserie","25":"product_tag-industrie-laitiere","26":"product_tag-industrie-viande-poisson","27":"product_tag-levuricide","28":"product_tag-levuricide_1","29":"product_tag-lingettes","30":"product_tag-mycobactericide","31":"product_tag-mycobactricide","32":"product_tag-non-moussant_1","33":"product_tag-sans-rincage","34":"product_tag-sur-surfaces-ouvertes-sols-murs-plafonds","35":"product_tag-surface-ouverte","36":"product_tag-tous-types-dapplication","37":"product_tag-tous-types-defficacite","38":"product_tag-tous-types-de-secteur-dactivite","39":"product_tag-tp1","40":"product_tag-tp2","41":"product_tag-tp4","42":"product_tag-virucide_1","43":"product_tag-virucide","45":"first","46":"instock","47":"shipping-taxable","48":"product-type-simple"},"yoast_head":"<!-- This site is optimized with the Yoast SEO plugin v27.5 - https:\/\/yoast.com\/product\/yoast-seo-wordpress\/ -->\n<title>AL LINGETTES - Hydrachim<\/title>\n<meta name=\"description\" content=\"Lingettes impr\u00e9gn\u00e9es d&#039;une solution alcoolis\u00e9e, sans rin\u00e7age pour la d\u00e9sinfection des surfaces. Efficacit\u00e9 bact\u00e9ricide, levuricide, fongicide et virucide.\" \/>\n<meta name=\"robots\" content=\"index, follow, max-snippet:-1, max-image-preview:large, max-video-preview:-1\" \/>\n<link rel=\"canonical\" href=\"https:\/\/www.hydrachim.fr\/en\/produit\/al_lingettes_002071901\/\" \/>\n<meta property=\"og:locale\" content=\"en_US\" \/>\n<meta property=\"og:type\" content=\"article\" \/>\n<meta property=\"og:title\" content=\"AL LINGETTES - Hydrachim\" \/>\n<meta property=\"og:description\" content=\"Lingettes impr\u00e9gn\u00e9es d&#039;une solution alcoolis\u00e9e, sans rin\u00e7age pour la d\u00e9sinfection des surfaces. Efficacit\u00e9 bact\u00e9ricide, levuricide, fongicide et virucide.\" \/>\n<meta property=\"og:url\" content=\"https:\/\/www.hydrachim.fr\/en\/produit\/al_lingettes_002071901\/\" \/>\n<meta property=\"og:site_name\" content=\"Hydrachim\" \/>\n<meta property=\"article:modified_time\" content=\"2025-10-21T08:47:53+00:00\" \/>\n<meta property=\"og:image\" content=\"https:\/\/www.hydrachim.fr\/app\/uploads\/2023\/05\/AL_LINGETTES_photo_de_profil_2_.png\" \/>\n\t<meta property=\"og:image:width\" content=\"900\" \/>\n\t<meta property=\"og:image:height\" content=\"900\" \/>\n\t<meta property=\"og:image:type\" content=\"image\/png\" \/>\n<meta name=\"twitter:card\" content=\"summary_large_image\" \/>\n<meta name=\"twitter:label1\" content=\"Est. reading time\" \/>\n\t<meta name=\"twitter:data1\" content=\"2 minutes\" \/>\n<script type=\"application\/ld+json\" class=\"yoast-schema-graph\">{\"@context\":\"https:\\\/\\\/schema.org\",\"@graph\":[{\"@type\":\"WebPage\",\"@id\":\"https:\\\/\\\/www.hydrachim.fr\\\/en\\\/produit\\\/al_lingettes_002071901\\\/\",\"url\":\"https:\\\/\\\/www.hydrachim.fr\\\/en\\\/produit\\\/al_lingettes_002071901\\\/\",\"name\":\"AL LINGETTES - Hydrachim\",\"isPartOf\":{\"@id\":\"https:\\\/\\\/www.hydrachim.fr\\\/en\\\/#website\"},\"primaryImageOfPage\":{\"@id\":\"https:\\\/\\\/www.hydrachim.fr\\\/en\\\/produit\\\/al_lingettes_002071901\\\/#primaryimage\"},\"image\":{\"@id\":\"https:\\\/\\\/www.hydrachim.fr\\\/en\\\/produit\\\/al_lingettes_002071901\\\/#primaryimage\"},\"thumbnailUrl\":\"https:\\\/\\\/www.hydrachim.fr\\\/app\\\/uploads\\\/2023\\\/05\\\/AL_LINGETTES_photo_de_profil_2_.png\",\"datePublished\":\"2019-08-06T13:40:40+00:00\",\"dateModified\":\"2025-10-21T08:47:53+00:00\",\"description\":\"Lingettes impr\u00e9gn\u00e9es d'une solution alcoolis\u00e9e, sans rin\u00e7age pour la d\u00e9sinfection des surfaces. Efficacit\u00e9 bact\u00e9ricide, levuricide, fongicide et virucide.\",\"breadcrumb\":{\"@id\":\"https:\\\/\\\/www.hydrachim.fr\\\/en\\\/produit\\\/al_lingettes_002071901\\\/#breadcrumb\"},\"inLanguage\":\"en-US\",\"potentialAction\":[{\"@type\":\"ReadAction\",\"target\":[\"https:\\\/\\\/www.hydrachim.fr\\\/en\\\/produit\\\/al_lingettes_002071901\\\/\"]}]},{\"@type\":\"ImageObject\",\"inLanguage\":\"en-US\",\"@id\":\"https:\\\/\\\/www.hydrachim.fr\\\/en\\\/produit\\\/al_lingettes_002071901\\\/#primaryimage\",\"url\":\"https:\\\/\\\/www.hydrachim.fr\\\/app\\\/uploads\\\/2023\\\/05\\\/AL_LINGETTES_photo_de_profil_2_.png\",\"contentUrl\":\"https:\\\/\\\/www.hydrachim.fr\\\/app\\\/uploads\\\/2023\\\/05\\\/AL_LINGETTES_photo_de_profil_2_.png\",\"width\":900,\"height\":900},{\"@type\":\"BreadcrumbList\",\"@id\":\"https:\\\/\\\/www.hydrachim.fr\\\/en\\\/produit\\\/al_lingettes_002071901\\\/#breadcrumb\",\"itemListElement\":[{\"@type\":\"ListItem\",\"position\":1,\"name\":\"Home\",\"item\":\"https:\\\/\\\/www.hydrachim.fr\\\/en\\\/\"},{\"@type\":\"ListItem\",\"position\":2,\"name\":\"Boutique\",\"item\":\"https:\\\/\\\/www.hydrachim.fr\\\/boutique\\\/\"},{\"@type\":\"ListItem\",\"position\":3,\"name\":\"AL LINGETTES\"}]},{\"@type\":\"WebSite\",\"@id\":\"https:\\\/\\\/www.hydrachim.fr\\\/en\\\/#website\",\"url\":\"https:\\\/\\\/www.hydrachim.fr\\\/en\\\/\",\"name\":\"Hydrachim\",\"description\":\"La science de l&#039;hygi\u00e8ne\",\"potentialAction\":[{\"@type\":\"SearchAction\",\"target\":{\"@type\":\"EntryPoint\",\"urlTemplate\":\"https:\\\/\\\/www.hydrachim.fr\\\/en\\\/?s={search_term_string}\"},\"query-input\":{\"@type\":\"PropertyValueSpecification\",\"valueRequired\":true,\"valueName\":\"search_term_string\"}}],\"inLanguage\":\"en-US\"}]}<\/script>\n<!-- \/ Yoast SEO plugin. -->","yoast_head_json":{"title":"AL LINGETTES - Hydrachim","description":"Lingettes impr\u00e9gn\u00e9es d'une solution alcoolis\u00e9e, sans rin\u00e7age pour la d\u00e9sinfection des surfaces. Efficacit\u00e9 bact\u00e9ricide, levuricide, fongicide et virucide.","robots":{"index":"index","follow":"follow","max-snippet":"max-snippet:-1","max-image-preview":"max-image-preview:large","max-video-preview":"max-video-preview:-1"},"canonical":"https:\/\/www.hydrachim.fr\/en\/produit\/al_lingettes_002071901\/","og_locale":"en_US","og_type":"article","og_title":"AL LINGETTES - Hydrachim","og_description":"Lingettes impr\u00e9gn\u00e9es d'une solution alcoolis\u00e9e, sans rin\u00e7age pour la d\u00e9sinfection des surfaces. Efficacit\u00e9 bact\u00e9ricide, levuricide, fongicide et virucide.","og_url":"https:\/\/www.hydrachim.fr\/en\/produit\/al_lingettes_002071901\/","og_site_name":"Hydrachim","article_modified_time":"2025-10-21T08:47:53+00:00","og_image":[{"width":900,"height":900,"url":"https:\/\/www.hydrachim.fr\/app\/uploads\/2023\/05\/AL_LINGETTES_photo_de_profil_2_.png","type":"image\/png"}],"twitter_card":"summary_large_image","twitter_misc":{"Est. reading time":"2 minutes"},"schema":{"@context":"https:\/\/schema.org","@graph":[{"@type":"WebPage","@id":"https:\/\/www.hydrachim.fr\/en\/produit\/al_lingettes_002071901\/","url":"https:\/\/www.hydrachim.fr\/en\/produit\/al_lingettes_002071901\/","name":"AL LINGETTES - Hydrachim","isPartOf":{"@id":"https:\/\/www.hydrachim.fr\/en\/#website"},"primaryImageOfPage":{"@id":"https:\/\/www.hydrachim.fr\/en\/produit\/al_lingettes_002071901\/#primaryimage"},"image":{"@id":"https:\/\/www.hydrachim.fr\/en\/produit\/al_lingettes_002071901\/#primaryimage"},"thumbnailUrl":"https:\/\/www.hydrachim.fr\/app\/uploads\/2023\/05\/AL_LINGETTES_photo_de_profil_2_.png","datePublished":"2019-08-06T13:40:40+00:00","dateModified":"2025-10-21T08:47:53+00:00","description":"Lingettes impr\u00e9gn\u00e9es d'une solution alcoolis\u00e9e, sans rin\u00e7age pour la d\u00e9sinfection des surfaces. Efficacit\u00e9 bact\u00e9ricide, levuricide, fongicide et virucide.","breadcrumb":{"@id":"https:\/\/www.hydrachim.fr\/en\/produit\/al_lingettes_002071901\/#breadcrumb"},"inLanguage":"en-US","potentialAction":[{"@type":"ReadAction","target":["https:\/\/www.hydrachim.fr\/en\/produit\/al_lingettes_002071901\/"]}]},{"@type":"ImageObject","inLanguage":"en-US","@id":"https:\/\/www.hydrachim.fr\/en\/produit\/al_lingettes_002071901\/#primaryimage","url":"https:\/\/www.hydrachim.fr\/app\/uploads\/2023\/05\/AL_LINGETTES_photo_de_profil_2_.png","contentUrl":"https:\/\/www.hydrachim.fr\/app\/uploads\/2023\/05\/AL_LINGETTES_photo_de_profil_2_.png","width":900,"height":900},{"@type":"BreadcrumbList","@id":"https:\/\/www.hydrachim.fr\/en\/produit\/al_lingettes_002071901\/#breadcrumb","itemListElement":[{"@type":"ListItem","position":1,"name":"Home","item":"https:\/\/www.hydrachim.fr\/en\/"},{"@type":"ListItem","position":2,"name":"Boutique","item":"https:\/\/www.hydrachim.fr\/boutique\/"},{"@type":"ListItem","position":3,"name":"AL LINGETTES"}]},{"@type":"WebSite","@id":"https:\/\/www.hydrachim.fr\/en\/#website","url":"https:\/\/www.hydrachim.fr\/en\/","name":"Hydrachim","description":"La science de l&#039;hygi\u00e8ne","potentialAction":[{"@type":"SearchAction","target":{"@type":"EntryPoint","urlTemplate":"https:\/\/www.hydrachim.fr\/en\/?s={search_term_string}"},"query-input":{"@type":"PropertyValueSpecification","valueRequired":true,"valueName":"search_term_string"}}],"inLanguage":"en-US"}]}},"acf":{"fiche_technique":"https:\/\/www.hydrachim.fr\/app\/uploads\/2025\/10\/FT_0719_DETERQUAT_AL_LINGETTES.pdf","fiche_methode":""},"_links":{"self":[{"href":"https:\/\/www.hydrachim.fr\/en\/wp-json\/wp\/v2\/product\/3200","targetHints":{"allow":["GET"]}}],"collection":[{"href":"https:\/\/www.hydrachim.fr\/en\/wp-json\/wp\/v2\/product"}],"about":[{"href":"https:\/\/www.hydrachim.fr\/en\/wp-json\/wp\/v2\/types\/product"}],"wp:featuredmedia":[{"embeddable":true,"href":"https:\/\/www.hydrachim.fr\/en\/wp-json\/wp\/v2\/media\/14725"}],"wp:attachment":[{"href":"https:\/\/www.hydrachim.fr\/en\/wp-json\/wp\/v2\/media?parent=3200"}],"wp:term":[{"taxonomy":"product_brand","embeddable":true,"href":"https:\/\/www.hydrachim.fr\/en\/wp-json\/wp\/v2\/product_brand?post=3200"},{"taxonomy":"product_type","embeddable":true,"href":"https:\/\/www.hydrachim.fr\/en\/wp-json\/wp\/v2\/product_type?post=3200"},{"taxonomy":"product_visibility","embeddable":true,"href":"https:\/\/www.hydrachim.fr\/en\/wp-json\/wp\/v2\/product_visibility?post=3200"},{"taxonomy":"product_cat","embeddable":true,"href":"https:\/\/www.hydrachim.fr\/en\/wp-json\/wp\/v2\/product_cat?post=3200"}],"curies":[{"name":"wp","href":"https:\/\/api.w.org\/{rel}","templated":true}]}}