{"id":3196,"date":"2019-08-06T15:40:36","date_gmt":"2019-08-06T13:40:36","guid":{"rendered":"https:\/\/www.hydrachim.fr\/product\/hydrazym-bio\/"},"modified":"2021-09-06T16:31:32","modified_gmt":"2021-09-06T14:31:32","slug":"hydrazym_b-i-o-_002062692","status":"publish","type":"product","link":"https:\/\/www.hydrachim.fr\/en\/produit\/hydrazym_b-i-o-_002062692\/","title":{"rendered":"Hydrazym B.I.O.*"},"content":{"rendered":"<p><strong>Hydrazym\u00a0B.I.O.* est une formulation liquide parfum\u00e9e \u00e0 base de micro-organismes non pathog\u00e8nes.<\/strong><\/p>\n<p>Hydrazym\u00a0B.I.O.* est un produit sp\u00e9cialement con\u00e7u pour d\u00e9grader les mati\u00e8res responsables des odeurs et des colmatages\/d\u00e9p\u00f4ts dans les canalisations et sur les surfaces des sanitaires.<\/p>\n<p><strong>Disponible en :<br \/>\n&#8211; carton de 12 x 1L R\u00e9f. 002062692<br \/>\n&#8211; carton de 4 x5L R\u00e9f. 002062691<\/strong><\/p>\n<p>Retrouvez le mode d&#8217;emploi et le dosage du produit en t\u00e9l\u00e9chargeant, ci-dessous, sa Fiche Technique.<\/p>\n","protected":false},"excerpt":{"rendered":"<p>*Bact\u00e9ries Inhibitrices d&#8217;Odeur.<br \/>\nNettoyant, traitement des odeurs, pr\u00e9vention des colmatages.<\/p>\n","protected":false},"featured_media":5083,"template":"","meta":[],"product_brand":[],"product_type":[2],"product_visibility":[],"product_cat":[4009,4163],"class_list":{"0":"post-3196","1":"product","2":"type-product","3":"status-publish","4":"has-post-thumbnail","6":"product_cat-produitshygiene-enzymatique","7":"product_cat-marqueshygine-enzymatique","8":"product_tag-anti-colmatage","9":"product_tag-anti-odeurs","10":"product_tag-enzymatique","11":"product_tag-hydrazym","12":"product_tag-liquide","13":"product_tag-nettoyant","15":"first","16":"instock","17":"shipping-taxable","18":"product-type-simple"},"yoast_head":"<!-- This site is optimized with the Yoast SEO plugin v27.1.1 - https:\/\/yoast.com\/product\/yoast-seo-wordpress\/ -->\n<title>Hydrazym B.I.O.* - Hydrachim<\/title>\n<meta name=\"robots\" content=\"index, follow, max-snippet:-1, max-image-preview:large, max-video-preview:-1\" \/>\n<link rel=\"canonical\" href=\"https:\/\/www.hydrachim.fr\/en\/produit\/hydrazym_b-i-o-_002062692\/\" \/>\n<meta property=\"og:locale\" content=\"en_US\" \/>\n<meta property=\"og:type\" content=\"article\" \/>\n<meta property=\"og:title\" content=\"Hydrazym B.I.O.* - Hydrachim\" \/>\n<meta property=\"og:description\" content=\"*Bact\u00e9ries Inhibitrices d&#039;Odeur.  Nettoyant, traitement des odeurs, pr\u00e9vention des colmatages.\" \/>\n<meta property=\"og:url\" content=\"https:\/\/www.hydrachim.fr\/en\/produit\/hydrazym_b-i-o-_002062692\/\" \/>\n<meta property=\"og:site_name\" content=\"Hydrachim\" \/>\n<meta property=\"article:modified_time\" content=\"2021-09-06T14:31:32+00:00\" \/>\n<meta property=\"og:image\" content=\"https:\/\/www.hydrachim.fr\/app\/uploads\/2019\/10\/0626-HYDRAZIM-BIO-5L-PHOTO-WEB.png\" \/>\n\t<meta property=\"og:image:width\" content=\"387\" \/>\n\t<meta property=\"og:image:height\" content=\"600\" \/>\n\t<meta property=\"og:image:type\" content=\"image\/png\" \/>\n<meta name=\"twitter:card\" content=\"summary_large_image\" \/>\n<script type=\"application\/ld+json\" class=\"yoast-schema-graph\">{\"@context\":\"https:\/\/schema.org\",\"@graph\":[{\"@type\":\"WebPage\",\"@id\":\"https:\/\/www.hydrachim.fr\/en\/produit\/hydrazym_b-i-o-_002062692\/\",\"url\":\"https:\/\/www.hydrachim.fr\/en\/produit\/hydrazym_b-i-o-_002062692\/\",\"name\":\"Hydrazym B.I.O.* - Hydrachim\",\"isPartOf\":{\"@id\":\"https:\/\/www.hydrachim.fr\/en\/#website\"},\"primaryImageOfPage\":{\"@id\":\"https:\/\/www.hydrachim.fr\/en\/produit\/hydrazym_b-i-o-_002062692\/#primaryimage\"},\"image\":{\"@id\":\"https:\/\/www.hydrachim.fr\/en\/produit\/hydrazym_b-i-o-_002062692\/#primaryimage\"},\"thumbnailUrl\":\"https:\/\/www.hydrachim.fr\/app\/uploads\/2019\/10\/0626-HYDRAZIM-BIO-5L-PHOTO-WEB.png\",\"datePublished\":\"2019-08-06T13:40:36+00:00\",\"dateModified\":\"2021-09-06T14:31:32+00:00\",\"breadcrumb\":{\"@id\":\"https:\/\/www.hydrachim.fr\/en\/produit\/hydrazym_b-i-o-_002062692\/#breadcrumb\"},\"inLanguage\":\"en-US\",\"potentialAction\":[{\"@type\":\"ReadAction\",\"target\":[\"https:\/\/www.hydrachim.fr\/en\/produit\/hydrazym_b-i-o-_002062692\/\"]}]},{\"@type\":\"ImageObject\",\"inLanguage\":\"en-US\",\"@id\":\"https:\/\/www.hydrachim.fr\/en\/produit\/hydrazym_b-i-o-_002062692\/#primaryimage\",\"url\":\"https:\/\/www.hydrachim.fr\/app\/uploads\/2019\/10\/0626-HYDRAZIM-BIO-5L-PHOTO-WEB.png\",\"contentUrl\":\"https:\/\/www.hydrachim.fr\/app\/uploads\/2019\/10\/0626-HYDRAZIM-BIO-5L-PHOTO-WEB.png\",\"width\":387,\"height\":600},{\"@type\":\"BreadcrumbList\",\"@id\":\"https:\/\/www.hydrachim.fr\/en\/produit\/hydrazym_b-i-o-_002062692\/#breadcrumb\",\"itemListElement\":[{\"@type\":\"ListItem\",\"position\":1,\"name\":\"Home\",\"item\":\"https:\/\/www.hydrachim.fr\/en\/\"},{\"@type\":\"ListItem\",\"position\":2,\"name\":\"Boutique\",\"item\":\"https:\/\/www.hydrachim.fr\/boutique\/\"},{\"@type\":\"ListItem\",\"position\":3,\"name\":\"Hydrazym B.I.O.*\"}]},{\"@type\":\"WebSite\",\"@id\":\"https:\/\/www.hydrachim.fr\/en\/#website\",\"url\":\"https:\/\/www.hydrachim.fr\/en\/\",\"name\":\"Hydrachim\",\"description\":\"La science de l&#039;hygi\u00e8ne\",\"potentialAction\":[{\"@type\":\"SearchAction\",\"target\":{\"@type\":\"EntryPoint\",\"urlTemplate\":\"https:\/\/www.hydrachim.fr\/en\/?s={search_term_string}\"},\"query-input\":{\"@type\":\"PropertyValueSpecification\",\"valueRequired\":true,\"valueName\":\"search_term_string\"}}],\"inLanguage\":\"en-US\"}]}<\/script>\n<!-- \/ Yoast SEO plugin. -->","yoast_head_json":{"title":"Hydrazym B.I.O.* - Hydrachim","robots":{"index":"index","follow":"follow","max-snippet":"max-snippet:-1","max-image-preview":"max-image-preview:large","max-video-preview":"max-video-preview:-1"},"canonical":"https:\/\/www.hydrachim.fr\/en\/produit\/hydrazym_b-i-o-_002062692\/","og_locale":"en_US","og_type":"article","og_title":"Hydrazym B.I.O.* - Hydrachim","og_description":"*Bact\u00e9ries Inhibitrices d'Odeur.  Nettoyant, traitement des odeurs, pr\u00e9vention des colmatages.","og_url":"https:\/\/www.hydrachim.fr\/en\/produit\/hydrazym_b-i-o-_002062692\/","og_site_name":"Hydrachim","article_modified_time":"2021-09-06T14:31:32+00:00","og_image":[{"width":387,"height":600,"url":"https:\/\/www.hydrachim.fr\/app\/uploads\/2019\/10\/0626-HYDRAZIM-BIO-5L-PHOTO-WEB.png","type":"image\/png"}],"twitter_card":"summary_large_image","schema":{"@context":"https:\/\/schema.org","@graph":[{"@type":"WebPage","@id":"https:\/\/www.hydrachim.fr\/en\/produit\/hydrazym_b-i-o-_002062692\/","url":"https:\/\/www.hydrachim.fr\/en\/produit\/hydrazym_b-i-o-_002062692\/","name":"Hydrazym B.I.O.* - Hydrachim","isPartOf":{"@id":"https:\/\/www.hydrachim.fr\/en\/#website"},"primaryImageOfPage":{"@id":"https:\/\/www.hydrachim.fr\/en\/produit\/hydrazym_b-i-o-_002062692\/#primaryimage"},"image":{"@id":"https:\/\/www.hydrachim.fr\/en\/produit\/hydrazym_b-i-o-_002062692\/#primaryimage"},"thumbnailUrl":"https:\/\/www.hydrachim.fr\/app\/uploads\/2019\/10\/0626-HYDRAZIM-BIO-5L-PHOTO-WEB.png","datePublished":"2019-08-06T13:40:36+00:00","dateModified":"2021-09-06T14:31:32+00:00","breadcrumb":{"@id":"https:\/\/www.hydrachim.fr\/en\/produit\/hydrazym_b-i-o-_002062692\/#breadcrumb"},"inLanguage":"en-US","potentialAction":[{"@type":"ReadAction","target":["https:\/\/www.hydrachim.fr\/en\/produit\/hydrazym_b-i-o-_002062692\/"]}]},{"@type":"ImageObject","inLanguage":"en-US","@id":"https:\/\/www.hydrachim.fr\/en\/produit\/hydrazym_b-i-o-_002062692\/#primaryimage","url":"https:\/\/www.hydrachim.fr\/app\/uploads\/2019\/10\/0626-HYDRAZIM-BIO-5L-PHOTO-WEB.png","contentUrl":"https:\/\/www.hydrachim.fr\/app\/uploads\/2019\/10\/0626-HYDRAZIM-BIO-5L-PHOTO-WEB.png","width":387,"height":600},{"@type":"BreadcrumbList","@id":"https:\/\/www.hydrachim.fr\/en\/produit\/hydrazym_b-i-o-_002062692\/#breadcrumb","itemListElement":[{"@type":"ListItem","position":1,"name":"Home","item":"https:\/\/www.hydrachim.fr\/en\/"},{"@type":"ListItem","position":2,"name":"Boutique","item":"https:\/\/www.hydrachim.fr\/boutique\/"},{"@type":"ListItem","position":3,"name":"Hydrazym B.I.O.*"}]},{"@type":"WebSite","@id":"https:\/\/www.hydrachim.fr\/en\/#website","url":"https:\/\/www.hydrachim.fr\/en\/","name":"Hydrachim","description":"La science de l&#039;hygi\u00e8ne","potentialAction":[{"@type":"SearchAction","target":{"@type":"EntryPoint","urlTemplate":"https:\/\/www.hydrachim.fr\/en\/?s={search_term_string}"},"query-input":{"@type":"PropertyValueSpecification","valueRequired":true,"valueName":"search_term_string"}}],"inLanguage":"en-US"}]}},"acf":{"fiche_technique":"https:\/\/www.hydrachim.fr\/app\/uploads\/2020\/10\/FT_0626_HYDRAZYM___B_I_O_.pdf","fiche_methode":""},"_links":{"self":[{"href":"https:\/\/www.hydrachim.fr\/en\/wp-json\/wp\/v2\/product\/3196","targetHints":{"allow":["GET"]}}],"collection":[{"href":"https:\/\/www.hydrachim.fr\/en\/wp-json\/wp\/v2\/product"}],"about":[{"href":"https:\/\/www.hydrachim.fr\/en\/wp-json\/wp\/v2\/types\/product"}],"wp:featuredmedia":[{"embeddable":true,"href":"https:\/\/www.hydrachim.fr\/en\/wp-json\/wp\/v2\/media\/5083"}],"wp:attachment":[{"href":"https:\/\/www.hydrachim.fr\/en\/wp-json\/wp\/v2\/media?parent=3196"}],"wp:term":[{"taxonomy":"product_brand","embeddable":true,"href":"https:\/\/www.hydrachim.fr\/en\/wp-json\/wp\/v2\/product_brand?post=3196"},{"taxonomy":"product_type","embeddable":true,"href":"https:\/\/www.hydrachim.fr\/en\/wp-json\/wp\/v2\/product_type?post=3196"},{"taxonomy":"product_visibility","embeddable":true,"href":"https:\/\/www.hydrachim.fr\/en\/wp-json\/wp\/v2\/product_visibility?post=3196"},{"taxonomy":"product_cat","embeddable":true,"href":"https:\/\/www.hydrachim.fr\/en\/wp-json\/wp\/v2\/product_cat?post=3196"}],"curies":[{"name":"wp","href":"https:\/\/api.w.org\/{rel}","templated":true}]}}