{"id":3187,"date":"2019-08-06T15:40:27","date_gmt":"2019-08-06T13:40:27","guid":{"rendered":"https:\/\/www.hydrachim.fr\/product\/bio-jet\/"},"modified":"2026-04-13T11:22:01","modified_gmt":"2026-04-13T09:22:01","slug":"iodine_foam_001114101","status":"publish","type":"product","link":"https:\/\/www.hydrachim.fr\/en\/produit\/iodine_foam_001114101\/","title":{"rendered":"Iodine foam"},"content":{"rendered":"<p><strong>Iodine Foam pr\u00e9sente une belle mousse, efficace et pratique \u00e0 l&#8217;usage.<br \/>\nPr\u00e9pare la mont\u00e9e de lait.<\/strong><\/p>\n<p>Id\u00e9al en gobelet mousseur, juste avant la traite, Iodine Foam d\u00e9sinfecte le trayon d\u00e8s 60 secondes<br \/>\nSa mousse dense permet un trempage \u00e9conomique et efficace, \u00e0 la juste dose.<br \/>\nSupprime la mati\u00e8re organique, pr\u00e9pare le trayon \u00e0 la traite.<br \/>\nProduit utilisable en agriculture biologique conforme au reglement (UE) 2018\/848 (et ses amendements).<\/p>\n<p><strong>Disponible en :<br \/>\n&#8211; bidon de 20kg. R\u00e9f. 001114101.<br \/>\n&#8211; f\u00fbt de 60kg. R\u00e9f. 001114102.<\/strong><\/p>\n<p class=\"y-product y-product__product-subtitle\">Avantage :<\/p>\n<p>Efficace, rapide et \u00e9conomique.<\/p>\n<p>Retrouvez le mode d&#8217;emploi et le d\u00e9tail des efficacit\u00e9s biocides, en t\u00e9l\u00e9chargeant la Fiche Technique.<\/p>\n<p><em>Utiliser les biocides avec pr\u00e9cautions. Consulter la documentation avant la premi\u00e8re utilisation.<\/em><\/p>\n","protected":false},"excerpt":{"rendered":"<p>Mousse d\u00e9sinfectante avant traite pour l&#8217;hygi\u00e8ne du trayon.<\/p>\n","protected":false},"featured_media":30474,"template":"","meta":[],"product_brand":[],"product_type":[2],"product_visibility":[],"product_cat":[4115,4154,3985],"class_list":{"0":"post-3187","1":"product","2":"type-product","3":"status-publish","4":"has-post-thumbnail","6":"product_cat-dsinfectionlevage","7":"product_cat-marqueshydrachim-elevage","8":"product_cat-hygiene-mamelle","9":"product_tag-agriculture-biologique","10":"product_tag-bactericide","11":"product_tag-bactriophages","12":"product_tag-desinfectant","13":"product_tag-hygine-du-trayon","14":"product_tag-levuricide","15":"product_tag-mamelle","16":"product_tag-moussant","17":"product_tag-tp3","19":"first","20":"instock","21":"shipping-taxable","22":"product-type-simple"},"yoast_head":"<!-- This site is optimized with the Yoast SEO plugin v27.5 - https:\/\/yoast.com\/product\/yoast-seo-wordpress\/ -->\n<title>Iodine foam - Hydrachim<\/title>\n<meta name=\"robots\" content=\"index, follow, max-snippet:-1, max-image-preview:large, max-video-preview:-1\" \/>\n<link rel=\"canonical\" href=\"https:\/\/www.hydrachim.fr\/en\/produit\/iodine_foam_001114101\/\" \/>\n<meta property=\"og:locale\" content=\"en_US\" \/>\n<meta property=\"og:type\" content=\"article\" \/>\n<meta property=\"og:title\" content=\"Iodine foam - Hydrachim\" \/>\n<meta property=\"og:description\" content=\"Mousse d\u00e9sinfectante avant traite pour l&#039;hygi\u00e8ne du trayon.\" \/>\n<meta property=\"og:url\" content=\"https:\/\/www.hydrachim.fr\/en\/produit\/iodine_foam_001114101\/\" \/>\n<meta property=\"og:site_name\" content=\"Hydrachim\" \/>\n<meta property=\"article:modified_time\" content=\"2026-04-13T09:22:01+00:00\" \/>\n<meta property=\"og:image\" content=\"https:\/\/www.hydrachim.fr\/app\/uploads\/2026\/03\/001114101_IOdineFoam_20kg_mercury.png\" \/>\n\t<meta property=\"og:image:width\" content=\"817\" \/>\n\t<meta property=\"og:image:height\" content=\"1103\" \/>\n\t<meta property=\"og:image:type\" content=\"image\/png\" \/>\n<meta name=\"twitter:card\" content=\"summary_large_image\" \/>\n<meta name=\"twitter:label1\" content=\"Est. reading time\" \/>\n\t<meta name=\"twitter:data1\" content=\"1 minute\" \/>\n<script type=\"application\/ld+json\" class=\"yoast-schema-graph\">{\"@context\":\"https:\\\/\\\/schema.org\",\"@graph\":[{\"@type\":\"WebPage\",\"@id\":\"https:\\\/\\\/www.hydrachim.fr\\\/en\\\/produit\\\/iodine_foam_001114101\\\/\",\"url\":\"https:\\\/\\\/www.hydrachim.fr\\\/en\\\/produit\\\/iodine_foam_001114101\\\/\",\"name\":\"Iodine foam - Hydrachim\",\"isPartOf\":{\"@id\":\"https:\\\/\\\/www.hydrachim.fr\\\/en\\\/#website\"},\"primaryImageOfPage\":{\"@id\":\"https:\\\/\\\/www.hydrachim.fr\\\/en\\\/produit\\\/iodine_foam_001114101\\\/#primaryimage\"},\"image\":{\"@id\":\"https:\\\/\\\/www.hydrachim.fr\\\/en\\\/produit\\\/iodine_foam_001114101\\\/#primaryimage\"},\"thumbnailUrl\":\"https:\\\/\\\/www.hydrachim.fr\\\/app\\\/uploads\\\/2026\\\/03\\\/001114101_IOdineFoam_20kg_mercury.png\",\"datePublished\":\"2019-08-06T13:40:27+00:00\",\"dateModified\":\"2026-04-13T09:22:01+00:00\",\"breadcrumb\":{\"@id\":\"https:\\\/\\\/www.hydrachim.fr\\\/en\\\/produit\\\/iodine_foam_001114101\\\/#breadcrumb\"},\"inLanguage\":\"en-US\",\"potentialAction\":[{\"@type\":\"ReadAction\",\"target\":[\"https:\\\/\\\/www.hydrachim.fr\\\/en\\\/produit\\\/iodine_foam_001114101\\\/\"]}]},{\"@type\":\"ImageObject\",\"inLanguage\":\"en-US\",\"@id\":\"https:\\\/\\\/www.hydrachim.fr\\\/en\\\/produit\\\/iodine_foam_001114101\\\/#primaryimage\",\"url\":\"https:\\\/\\\/www.hydrachim.fr\\\/app\\\/uploads\\\/2026\\\/03\\\/001114101_IOdineFoam_20kg_mercury.png\",\"contentUrl\":\"https:\\\/\\\/www.hydrachim.fr\\\/app\\\/uploads\\\/2026\\\/03\\\/001114101_IOdineFoam_20kg_mercury.png\",\"width\":817,\"height\":1103},{\"@type\":\"BreadcrumbList\",\"@id\":\"https:\\\/\\\/www.hydrachim.fr\\\/en\\\/produit\\\/iodine_foam_001114101\\\/#breadcrumb\",\"itemListElement\":[{\"@type\":\"ListItem\",\"position\":1,\"name\":\"Home\",\"item\":\"https:\\\/\\\/www.hydrachim.fr\\\/en\\\/\"},{\"@type\":\"ListItem\",\"position\":2,\"name\":\"Boutique\",\"item\":\"https:\\\/\\\/www.hydrachim.fr\\\/boutique\\\/\"},{\"@type\":\"ListItem\",\"position\":3,\"name\":\"Iodine foam\"}]},{\"@type\":\"WebSite\",\"@id\":\"https:\\\/\\\/www.hydrachim.fr\\\/en\\\/#website\",\"url\":\"https:\\\/\\\/www.hydrachim.fr\\\/en\\\/\",\"name\":\"Hydrachim\",\"description\":\"La science de l&#039;hygi\u00e8ne\",\"potentialAction\":[{\"@type\":\"SearchAction\",\"target\":{\"@type\":\"EntryPoint\",\"urlTemplate\":\"https:\\\/\\\/www.hydrachim.fr\\\/en\\\/?s={search_term_string}\"},\"query-input\":{\"@type\":\"PropertyValueSpecification\",\"valueRequired\":true,\"valueName\":\"search_term_string\"}}],\"inLanguage\":\"en-US\"}]}<\/script>\n<!-- \/ Yoast SEO plugin. -->","yoast_head_json":{"title":"Iodine foam - Hydrachim","robots":{"index":"index","follow":"follow","max-snippet":"max-snippet:-1","max-image-preview":"max-image-preview:large","max-video-preview":"max-video-preview:-1"},"canonical":"https:\/\/www.hydrachim.fr\/en\/produit\/iodine_foam_001114101\/","og_locale":"en_US","og_type":"article","og_title":"Iodine foam - Hydrachim","og_description":"Mousse d\u00e9sinfectante avant traite pour l'hygi\u00e8ne du trayon.","og_url":"https:\/\/www.hydrachim.fr\/en\/produit\/iodine_foam_001114101\/","og_site_name":"Hydrachim","article_modified_time":"2026-04-13T09:22:01+00:00","og_image":[{"width":817,"height":1103,"url":"https:\/\/www.hydrachim.fr\/app\/uploads\/2026\/03\/001114101_IOdineFoam_20kg_mercury.png","type":"image\/png"}],"twitter_card":"summary_large_image","twitter_misc":{"Est. reading time":"1 minute"},"schema":{"@context":"https:\/\/schema.org","@graph":[{"@type":"WebPage","@id":"https:\/\/www.hydrachim.fr\/en\/produit\/iodine_foam_001114101\/","url":"https:\/\/www.hydrachim.fr\/en\/produit\/iodine_foam_001114101\/","name":"Iodine foam - Hydrachim","isPartOf":{"@id":"https:\/\/www.hydrachim.fr\/en\/#website"},"primaryImageOfPage":{"@id":"https:\/\/www.hydrachim.fr\/en\/produit\/iodine_foam_001114101\/#primaryimage"},"image":{"@id":"https:\/\/www.hydrachim.fr\/en\/produit\/iodine_foam_001114101\/#primaryimage"},"thumbnailUrl":"https:\/\/www.hydrachim.fr\/app\/uploads\/2026\/03\/001114101_IOdineFoam_20kg_mercury.png","datePublished":"2019-08-06T13:40:27+00:00","dateModified":"2026-04-13T09:22:01+00:00","breadcrumb":{"@id":"https:\/\/www.hydrachim.fr\/en\/produit\/iodine_foam_001114101\/#breadcrumb"},"inLanguage":"en-US","potentialAction":[{"@type":"ReadAction","target":["https:\/\/www.hydrachim.fr\/en\/produit\/iodine_foam_001114101\/"]}]},{"@type":"ImageObject","inLanguage":"en-US","@id":"https:\/\/www.hydrachim.fr\/en\/produit\/iodine_foam_001114101\/#primaryimage","url":"https:\/\/www.hydrachim.fr\/app\/uploads\/2026\/03\/001114101_IOdineFoam_20kg_mercury.png","contentUrl":"https:\/\/www.hydrachim.fr\/app\/uploads\/2026\/03\/001114101_IOdineFoam_20kg_mercury.png","width":817,"height":1103},{"@type":"BreadcrumbList","@id":"https:\/\/www.hydrachim.fr\/en\/produit\/iodine_foam_001114101\/#breadcrumb","itemListElement":[{"@type":"ListItem","position":1,"name":"Home","item":"https:\/\/www.hydrachim.fr\/en\/"},{"@type":"ListItem","position":2,"name":"Boutique","item":"https:\/\/www.hydrachim.fr\/boutique\/"},{"@type":"ListItem","position":3,"name":"Iodine foam"}]},{"@type":"WebSite","@id":"https:\/\/www.hydrachim.fr\/en\/#website","url":"https:\/\/www.hydrachim.fr\/en\/","name":"Hydrachim","description":"La science de l&#039;hygi\u00e8ne","potentialAction":[{"@type":"SearchAction","target":{"@type":"EntryPoint","urlTemplate":"https:\/\/www.hydrachim.fr\/en\/?s={search_term_string}"},"query-input":{"@type":"PropertyValueSpecification","valueRequired":true,"valueName":"search_term_string"}}],"inLanguage":"en-US"}]}},"acf":{"fiche_technique":"https:\/\/www.hydrachim.fr\/app\/uploads\/2026\/04\/HYDRACHIM_ELEVAGE_FT1141_IODINE_FOAM.pdf","fiche_methode":""},"_links":{"self":[{"href":"https:\/\/www.hydrachim.fr\/en\/wp-json\/wp\/v2\/product\/3187","targetHints":{"allow":["GET"]}}],"collection":[{"href":"https:\/\/www.hydrachim.fr\/en\/wp-json\/wp\/v2\/product"}],"about":[{"href":"https:\/\/www.hydrachim.fr\/en\/wp-json\/wp\/v2\/types\/product"}],"wp:featuredmedia":[{"embeddable":true,"href":"https:\/\/www.hydrachim.fr\/en\/wp-json\/wp\/v2\/media\/30474"}],"wp:attachment":[{"href":"https:\/\/www.hydrachim.fr\/en\/wp-json\/wp\/v2\/media?parent=3187"}],"wp:term":[{"taxonomy":"product_brand","embeddable":true,"href":"https:\/\/www.hydrachim.fr\/en\/wp-json\/wp\/v2\/product_brand?post=3187"},{"taxonomy":"product_type","embeddable":true,"href":"https:\/\/www.hydrachim.fr\/en\/wp-json\/wp\/v2\/product_type?post=3187"},{"taxonomy":"product_visibility","embeddable":true,"href":"https:\/\/www.hydrachim.fr\/en\/wp-json\/wp\/v2\/product_visibility?post=3187"},{"taxonomy":"product_cat","embeddable":true,"href":"https:\/\/www.hydrachim.fr\/en\/wp-json\/wp\/v2\/product_cat?post=3187"}],"curies":[{"name":"wp","href":"https:\/\/api.w.org\/{rel}","templated":true}]}}