{"id":3186,"date":"2019-08-06T15:40:26","date_gmt":"2019-08-06T13:40:26","guid":{"rendered":"https:\/\/www.hydrachim.fr\/product\/lessive-fraicheur-astrale\/"},"modified":"2024-12-17T13:03:59","modified_gmt":"2024-12-17T11:03:59","slug":"lessive_fraicheur_astrale_002010002","status":"publish","type":"product","link":"https:\/\/www.hydrachim.fr\/en\/produit\/lessive_fraicheur_astrale_002010002\/","title":{"rendered":"Lessive fraicheur Astrale"},"content":{"rendered":"<p><strong>Lessive fra\u00eecheur Astrale\u00a0tous textiles est adapt\u00e9e en utilisation en laverie automatique, collectivit\u00e9s.<\/strong><\/p>\n<p>Lessive fra\u00eecheur Astrale tous textiles est efficace d\u00e8s 30\u00b0C.<br \/>\nElle \u00e9limine les t\u00e2ches de graisses et de prot\u00e9ines.\u00a0<br \/>\nLa lessive fra\u00eecheur Astrale r\u00e9siste bien aux conditions humides.<\/p>\n<p><strong>Disponible en sac de 20 kg. R\u00e9f. 002010002<br \/>\n<\/strong><\/p>\n<p class=\"y-product y-product__product-subtitle\">Avantage :<\/p>\n<p>Toutes temp\u00e9ratures -Economique<\/p>\n<p>Retrouvez le mode d&#8217;emploi et le dosage du produit en t\u00e9l\u00e9chargeant, ci-dessous, sa Fiche Technique<\/p>\n","protected":false},"excerpt":{"rendered":"<p>Lessive fra\u00eecheur Astrale tous textiles est efficace d\u00e8s 30\u00b0C.<br \/>\nLa lessive fra\u00eecheur Astrale est adapt\u00e9e en laverie automatique, collectivit\u00e9s.<\/p>\n","protected":false},"featured_media":20124,"template":"","meta":[],"product_brand":[],"product_type":[2],"product_visibility":[],"product_cat":[4134,4133,4145],"class_list":{"0":"post-3186","1":"product","2":"type-product","3":"status-publish","4":"has-post-thumbnail","6":"product_cat-lingelessive","7":"product_cat-produitslinge","8":"product_cat-marquesorlav","9":"product_tag-economique","11":"first","12":"instock","13":"shipping-taxable","14":"product-type-simple"},"yoast_head":"<!-- This site is optimized with the Yoast SEO plugin v27.5 - https:\/\/yoast.com\/product\/yoast-seo-wordpress\/ -->\n<title>Lessive fraicheur Astrale - Hydrachim<\/title>\n<meta name=\"robots\" content=\"index, follow, max-snippet:-1, max-image-preview:large, max-video-preview:-1\" \/>\n<link rel=\"canonical\" href=\"https:\/\/www.hydrachim.fr\/en\/produit\/lessive_fraicheur_astrale_002010002\/\" \/>\n<meta property=\"og:locale\" content=\"en_US\" \/>\n<meta property=\"og:type\" content=\"article\" \/>\n<meta property=\"og:title\" content=\"Lessive fraicheur Astrale - Hydrachim\" \/>\n<meta property=\"og:description\" content=\"Lessive fra\u00eecheur Astrale tous textiles est efficace d\u00e8s 30\u00b0C.  La lessive fra\u00eecheur Astrale est adapt\u00e9e en laverie automatique, collectivit\u00e9s.\" \/>\n<meta property=\"og:url\" content=\"https:\/\/www.hydrachim.fr\/en\/produit\/lessive_fraicheur_astrale_002010002\/\" \/>\n<meta property=\"og:site_name\" content=\"Hydrachim\" \/>\n<meta property=\"article:modified_time\" content=\"2024-12-17T11:03:59+00:00\" \/>\n<meta property=\"og:image\" content=\"https:\/\/www.hydrachim.fr\/app\/uploads\/2024\/12\/0100___V2__ORLAV___ASTRALE___20KG_SANS_DRAPEAU-1.png\" \/>\n\t<meta property=\"og:image:width\" content=\"394\" \/>\n\t<meta property=\"og:image:height\" content=\"591\" \/>\n\t<meta property=\"og:image:type\" content=\"image\/png\" \/>\n<meta name=\"twitter:card\" content=\"summary_large_image\" \/>\n<script type=\"application\/ld+json\" class=\"yoast-schema-graph\">{\"@context\":\"https:\\\/\\\/schema.org\",\"@graph\":[{\"@type\":\"WebPage\",\"@id\":\"https:\\\/\\\/www.hydrachim.fr\\\/en\\\/produit\\\/lessive_fraicheur_astrale_002010002\\\/\",\"url\":\"https:\\\/\\\/www.hydrachim.fr\\\/en\\\/produit\\\/lessive_fraicheur_astrale_002010002\\\/\",\"name\":\"Lessive fraicheur Astrale - Hydrachim\",\"isPartOf\":{\"@id\":\"https:\\\/\\\/www.hydrachim.fr\\\/en\\\/#website\"},\"primaryImageOfPage\":{\"@id\":\"https:\\\/\\\/www.hydrachim.fr\\\/en\\\/produit\\\/lessive_fraicheur_astrale_002010002\\\/#primaryimage\"},\"image\":{\"@id\":\"https:\\\/\\\/www.hydrachim.fr\\\/en\\\/produit\\\/lessive_fraicheur_astrale_002010002\\\/#primaryimage\"},\"thumbnailUrl\":\"https:\\\/\\\/www.hydrachim.fr\\\/app\\\/uploads\\\/2024\\\/12\\\/0100___V2__ORLAV___ASTRALE___20KG_SANS_DRAPEAU-1.png\",\"datePublished\":\"2019-08-06T13:40:26+00:00\",\"dateModified\":\"2024-12-17T11:03:59+00:00\",\"breadcrumb\":{\"@id\":\"https:\\\/\\\/www.hydrachim.fr\\\/en\\\/produit\\\/lessive_fraicheur_astrale_002010002\\\/#breadcrumb\"},\"inLanguage\":\"en-US\",\"potentialAction\":[{\"@type\":\"ReadAction\",\"target\":[\"https:\\\/\\\/www.hydrachim.fr\\\/en\\\/produit\\\/lessive_fraicheur_astrale_002010002\\\/\"]}]},{\"@type\":\"ImageObject\",\"inLanguage\":\"en-US\",\"@id\":\"https:\\\/\\\/www.hydrachim.fr\\\/en\\\/produit\\\/lessive_fraicheur_astrale_002010002\\\/#primaryimage\",\"url\":\"https:\\\/\\\/www.hydrachim.fr\\\/app\\\/uploads\\\/2024\\\/12\\\/0100___V2__ORLAV___ASTRALE___20KG_SANS_DRAPEAU-1.png\",\"contentUrl\":\"https:\\\/\\\/www.hydrachim.fr\\\/app\\\/uploads\\\/2024\\\/12\\\/0100___V2__ORLAV___ASTRALE___20KG_SANS_DRAPEAU-1.png\",\"width\":394,\"height\":591},{\"@type\":\"BreadcrumbList\",\"@id\":\"https:\\\/\\\/www.hydrachim.fr\\\/en\\\/produit\\\/lessive_fraicheur_astrale_002010002\\\/#breadcrumb\",\"itemListElement\":[{\"@type\":\"ListItem\",\"position\":1,\"name\":\"Home\",\"item\":\"https:\\\/\\\/www.hydrachim.fr\\\/en\\\/\"},{\"@type\":\"ListItem\",\"position\":2,\"name\":\"Boutique\",\"item\":\"https:\\\/\\\/www.hydrachim.fr\\\/boutique\\\/\"},{\"@type\":\"ListItem\",\"position\":3,\"name\":\"Lessive fraicheur Astrale\"}]},{\"@type\":\"WebSite\",\"@id\":\"https:\\\/\\\/www.hydrachim.fr\\\/en\\\/#website\",\"url\":\"https:\\\/\\\/www.hydrachim.fr\\\/en\\\/\",\"name\":\"Hydrachim\",\"description\":\"La science de l&#039;hygi\u00e8ne\",\"potentialAction\":[{\"@type\":\"SearchAction\",\"target\":{\"@type\":\"EntryPoint\",\"urlTemplate\":\"https:\\\/\\\/www.hydrachim.fr\\\/en\\\/?s={search_term_string}\"},\"query-input\":{\"@type\":\"PropertyValueSpecification\",\"valueRequired\":true,\"valueName\":\"search_term_string\"}}],\"inLanguage\":\"en-US\"}]}<\/script>\n<!-- \/ Yoast SEO plugin. -->","yoast_head_json":{"title":"Lessive fraicheur Astrale - Hydrachim","robots":{"index":"index","follow":"follow","max-snippet":"max-snippet:-1","max-image-preview":"max-image-preview:large","max-video-preview":"max-video-preview:-1"},"canonical":"https:\/\/www.hydrachim.fr\/en\/produit\/lessive_fraicheur_astrale_002010002\/","og_locale":"en_US","og_type":"article","og_title":"Lessive fraicheur Astrale - Hydrachim","og_description":"Lessive fra\u00eecheur Astrale tous textiles est efficace d\u00e8s 30\u00b0C.  La lessive fra\u00eecheur Astrale est adapt\u00e9e en laverie automatique, collectivit\u00e9s.","og_url":"https:\/\/www.hydrachim.fr\/en\/produit\/lessive_fraicheur_astrale_002010002\/","og_site_name":"Hydrachim","article_modified_time":"2024-12-17T11:03:59+00:00","og_image":[{"width":394,"height":591,"url":"https:\/\/www.hydrachim.fr\/app\/uploads\/2024\/12\/0100___V2__ORLAV___ASTRALE___20KG_SANS_DRAPEAU-1.png","type":"image\/png"}],"twitter_card":"summary_large_image","schema":{"@context":"https:\/\/schema.org","@graph":[{"@type":"WebPage","@id":"https:\/\/www.hydrachim.fr\/en\/produit\/lessive_fraicheur_astrale_002010002\/","url":"https:\/\/www.hydrachim.fr\/en\/produit\/lessive_fraicheur_astrale_002010002\/","name":"Lessive fraicheur Astrale - Hydrachim","isPartOf":{"@id":"https:\/\/www.hydrachim.fr\/en\/#website"},"primaryImageOfPage":{"@id":"https:\/\/www.hydrachim.fr\/en\/produit\/lessive_fraicheur_astrale_002010002\/#primaryimage"},"image":{"@id":"https:\/\/www.hydrachim.fr\/en\/produit\/lessive_fraicheur_astrale_002010002\/#primaryimage"},"thumbnailUrl":"https:\/\/www.hydrachim.fr\/app\/uploads\/2024\/12\/0100___V2__ORLAV___ASTRALE___20KG_SANS_DRAPEAU-1.png","datePublished":"2019-08-06T13:40:26+00:00","dateModified":"2024-12-17T11:03:59+00:00","breadcrumb":{"@id":"https:\/\/www.hydrachim.fr\/en\/produit\/lessive_fraicheur_astrale_002010002\/#breadcrumb"},"inLanguage":"en-US","potentialAction":[{"@type":"ReadAction","target":["https:\/\/www.hydrachim.fr\/en\/produit\/lessive_fraicheur_astrale_002010002\/"]}]},{"@type":"ImageObject","inLanguage":"en-US","@id":"https:\/\/www.hydrachim.fr\/en\/produit\/lessive_fraicheur_astrale_002010002\/#primaryimage","url":"https:\/\/www.hydrachim.fr\/app\/uploads\/2024\/12\/0100___V2__ORLAV___ASTRALE___20KG_SANS_DRAPEAU-1.png","contentUrl":"https:\/\/www.hydrachim.fr\/app\/uploads\/2024\/12\/0100___V2__ORLAV___ASTRALE___20KG_SANS_DRAPEAU-1.png","width":394,"height":591},{"@type":"BreadcrumbList","@id":"https:\/\/www.hydrachim.fr\/en\/produit\/lessive_fraicheur_astrale_002010002\/#breadcrumb","itemListElement":[{"@type":"ListItem","position":1,"name":"Home","item":"https:\/\/www.hydrachim.fr\/en\/"},{"@type":"ListItem","position":2,"name":"Boutique","item":"https:\/\/www.hydrachim.fr\/boutique\/"},{"@type":"ListItem","position":3,"name":"Lessive fraicheur Astrale"}]},{"@type":"WebSite","@id":"https:\/\/www.hydrachim.fr\/en\/#website","url":"https:\/\/www.hydrachim.fr\/en\/","name":"Hydrachim","description":"La science de l&#039;hygi\u00e8ne","potentialAction":[{"@type":"SearchAction","target":{"@type":"EntryPoint","urlTemplate":"https:\/\/www.hydrachim.fr\/en\/?s={search_term_string}"},"query-input":{"@type":"PropertyValueSpecification","valueRequired":true,"valueName":"search_term_string"}}],"inLanguage":"en-US"}]}},"acf":{"fiche_technique":"https:\/\/www.hydrachim.fr\/app\/uploads\/2024\/12\/FT___ORLAV___0100___LESSIVE_PROFESSIONNELLE_ASTRALE-1.pdf","fiche_methode":""},"_links":{"self":[{"href":"https:\/\/www.hydrachim.fr\/en\/wp-json\/wp\/v2\/product\/3186","targetHints":{"allow":["GET"]}}],"collection":[{"href":"https:\/\/www.hydrachim.fr\/en\/wp-json\/wp\/v2\/product"}],"about":[{"href":"https:\/\/www.hydrachim.fr\/en\/wp-json\/wp\/v2\/types\/product"}],"wp:featuredmedia":[{"embeddable":true,"href":"https:\/\/www.hydrachim.fr\/en\/wp-json\/wp\/v2\/media\/20124"}],"wp:attachment":[{"href":"https:\/\/www.hydrachim.fr\/en\/wp-json\/wp\/v2\/media?parent=3186"}],"wp:term":[{"taxonomy":"product_brand","embeddable":true,"href":"https:\/\/www.hydrachim.fr\/en\/wp-json\/wp\/v2\/product_brand?post=3186"},{"taxonomy":"product_type","embeddable":true,"href":"https:\/\/www.hydrachim.fr\/en\/wp-json\/wp\/v2\/product_type?post=3186"},{"taxonomy":"product_visibility","embeddable":true,"href":"https:\/\/www.hydrachim.fr\/en\/wp-json\/wp\/v2\/product_visibility?post=3186"},{"taxonomy":"product_cat","embeddable":true,"href":"https:\/\/www.hydrachim.fr\/en\/wp-json\/wp\/v2\/product_cat?post=3186"}],"curies":[{"name":"wp","href":"https:\/\/api.w.org\/{rel}","templated":true}]}}