{"id":3181,"date":"2019-08-06T15:40:21","date_gmt":"2019-08-06T13:40:21","guid":{"rendered":"https:\/\/www.hydrachim.fr\/product\/deterquat-4740\/"},"modified":"2025-12-11T15:33:30","modified_gmt":"2025-12-11T13:33:30","slug":"4740_002170401","status":"publish","type":"product","link":"https:\/\/www.hydrachim.fr\/en\/produit\/4740_002170401\/","title":{"rendered":"4740"},"content":{"rendered":"<p><strong>DETERQUAT 4740, est un super d\u00e9graissant, oxydant et d\u00e9sinfectant.<br \/>\nEfficacit\u00e9 virucide couverte sur le Coronavirus.<\/strong><\/p>\n<p>DETERQUAT 4740 permet la d\u00e9sinfection de tout mat\u00e9riel, objet ou ustensile destin\u00e9 \u00e0 entrer en contact avec les aliments y compris le mat\u00e9riel de collecte et transport des ordures et d\u00e9chets (hors milieu m\u00e9dical et hospitalier), dont les mat\u00e9riaux sont compatibles avec un traitement par des produits alcalins chlor\u00e9s. Id\u00e9al en canon \u00e0 mousse, 4740 pr\u00e9sente une belle qualit\u00e9 de mousse et une tr\u00e8s bonne tenue \u00e0 2 et 3%.<br \/>\nDETERQUAT 4740 est :<br \/>\n&#8211; Bact\u00e9ricide,<br \/>\n&#8211; Levuricide,<br \/>\n&#8211; Fongicide,<br \/>\n&#8211; Mycobact\u00e9ricide,<br \/>\n&#8211; Sporicide,<br \/>\n&#8211; Virucide.<br \/>\nselon les normes europ\u00e9ennes en vigueur.<\/p>\n<p><strong>Disponible en :<br \/>\n&#8211; Bidon de 24kg. R\u00e9f. 002170401.<br \/>\n&#8211; F\u00fbt de 240kg. R\u00e9f. 002170405.<br \/>\n&#8211; Container de 1100kg. R\u00e9f. 002170403.<\/strong><\/p>\n<p class=\"y-product y-product__product-subtitle\">Avantage :<\/p>\n<p>Utilisable en agriculture biologique (CE) 834\/2007 (et ses amendements).<\/p>\n<p>Belle qualit\u00e9 de mousse et excellente tenue sur les surfaces verticales.<\/p>\n<p>Retrouvez le mode d&#8217;emploi et le dosage du produit en t\u00e9l\u00e9chargeant, ci-dessous, sa Fiche Technique.<\/p>\n<p><em>Utilisez les biocides avec pr\u00e9caution. Avant toute utilisation, lisez l\u2019\u00e9tiquette et les informations concernant le produit.<br \/>\nAvant toute utilisation, assurez-vous que celle-ci est indispensable, notamment dans les lieux fr\u00e9quent\u00e9s par le grand public. Privil\u00e9giez chaque fois que possible les m\u00e9thodes alternatives et les produits pr\u00e9sentant le risque le plus faible pour la sant\u00e9 humaine et animale et pour l\u2019environnement.<br \/>\nTP4 : D\u00e9sinfectants pour les surfaces en contact avec les denr\u00e9es alimentaires et les aliments pour animaux<br \/>\nTP2 : D\u00e9sinfectants utilis\u00e9s dans le domaine priv\u00e9 et dans le domaine de la sant\u00e9 publique et autres produits biocides<br \/>\n<\/em><\/p>\n","protected":false},"excerpt":{"rendered":"<p>D\u00e9graissant D\u00e9sinfectant Chlor\u00e9 Moussant pour surfaces ouvertes.<\/p>\n","protected":false},"featured_media":12038,"template":"","meta":[],"product_brand":[],"product_type":[2],"product_visibility":[],"product_cat":[4027,4116,4237,4151,4112],"class_list":{"0":"post-3181","1":"product","2":"type-product","3":"status-publish","4":"has-post-thumbnail","6":"product_cat-agro-alimentaire-industrie","7":"product_cat-dsinfectionagro-alimentaire","8":"product_cat-produits-produitsdsinfectioncoronavirus","9":"product_cat-marquesdeterquat","10":"product_cat-dsinfectionsurface","11":"product_tag-alimentaire_1","12":"product_tag-alimentaire","13":"product_tag-bactericide-type-defficacit","14":"product_tag-brasserie","15":"product_tag-chambre-froide","16":"product_tag-chlore","17":"product_tag-degraissant","18":"product_tag-detergent","19":"product_tag-efficace-sur-coronavirus","20":"product_tag-equipements-et-machines","21":"product_tag-fongicide_1","22":"product_tag-hottes","23":"product_tag-industrie-agroalimentaire_1","24":"product_tag-industrie-boisson-brasserie-viniculture","25":"product_tag-industrie-boulangerie-viennoiserie-patisserie","26":"product_tag-industrie-laitiere","27":"product_tag-industrie-viande-poisson","28":"product_tag-levuricide_1","29":"product_tag-liquide","30":"product_tag-moussant","31":"product_tag-moussant_1","32":"product_tag-mycobactericide","33":"product_tag-sporicide_1","34":"product_tag-sur-surfaces-ouvertes-sols-murs-plafonds","35":"product_tag-tous-types-dapplication","36":"product_tag-tous-types-defficacite","37":"product_tag-tous-types-de-secteur-dactivite","38":"product_tag-tp2","39":"product_tag-tp4","40":"product_tag-virucide_1","42":"first","43":"instock","44":"shipping-taxable","45":"product-type-simple"},"yoast_head":"<!-- This site is optimized with the Yoast SEO plugin v27.5 - https:\/\/yoast.com\/product\/yoast-seo-wordpress\/ -->\n<title>4740 - Hydrachim<\/title>\n<meta name=\"robots\" content=\"index, follow, max-snippet:-1, max-image-preview:large, max-video-preview:-1\" \/>\n<link rel=\"canonical\" href=\"https:\/\/www.hydrachim.fr\/en\/produit\/4740_002170401\/\" \/>\n<meta property=\"og:locale\" content=\"en_US\" \/>\n<meta property=\"og:type\" content=\"article\" \/>\n<meta property=\"og:title\" content=\"4740 - Hydrachim\" \/>\n<meta property=\"og:description\" content=\"D\u00e9graissant D\u00e9sinfectant Chlor\u00e9 Moussant pour surfaces ouvertes.\" \/>\n<meta property=\"og:url\" content=\"https:\/\/www.hydrachim.fr\/en\/produit\/4740_002170401\/\" \/>\n<meta property=\"og:site_name\" content=\"Hydrachim\" \/>\n<meta property=\"article:modified_time\" content=\"2025-12-11T13:33:30+00:00\" \/>\n<meta property=\"og:image\" content=\"https:\/\/www.hydrachim.fr\/app\/uploads\/2022\/08\/002170401_Deterquat_4740_24kg.png\" \/>\n\t<meta property=\"og:image:width\" content=\"600\" \/>\n\t<meta property=\"og:image:height\" content=\"811\" \/>\n\t<meta property=\"og:image:type\" content=\"image\/png\" \/>\n<meta name=\"twitter:card\" content=\"summary_large_image\" \/>\n<meta name=\"twitter:label1\" content=\"Est. reading time\" \/>\n\t<meta name=\"twitter:data1\" content=\"2 minutes\" \/>\n<script type=\"application\/ld+json\" class=\"yoast-schema-graph\">{\"@context\":\"https:\\\/\\\/schema.org\",\"@graph\":[{\"@type\":\"WebPage\",\"@id\":\"https:\\\/\\\/www.hydrachim.fr\\\/en\\\/produit\\\/4740_002170401\\\/\",\"url\":\"https:\\\/\\\/www.hydrachim.fr\\\/en\\\/produit\\\/4740_002170401\\\/\",\"name\":\"4740 - Hydrachim\",\"isPartOf\":{\"@id\":\"https:\\\/\\\/www.hydrachim.fr\\\/en\\\/#website\"},\"primaryImageOfPage\":{\"@id\":\"https:\\\/\\\/www.hydrachim.fr\\\/en\\\/produit\\\/4740_002170401\\\/#primaryimage\"},\"image\":{\"@id\":\"https:\\\/\\\/www.hydrachim.fr\\\/en\\\/produit\\\/4740_002170401\\\/#primaryimage\"},\"thumbnailUrl\":\"https:\\\/\\\/www.hydrachim.fr\\\/app\\\/uploads\\\/2022\\\/08\\\/002170401_Deterquat_4740_24kg.png\",\"datePublished\":\"2019-08-06T13:40:21+00:00\",\"dateModified\":\"2025-12-11T13:33:30+00:00\",\"breadcrumb\":{\"@id\":\"https:\\\/\\\/www.hydrachim.fr\\\/en\\\/produit\\\/4740_002170401\\\/#breadcrumb\"},\"inLanguage\":\"en-US\",\"potentialAction\":[{\"@type\":\"ReadAction\",\"target\":[\"https:\\\/\\\/www.hydrachim.fr\\\/en\\\/produit\\\/4740_002170401\\\/\"]}]},{\"@type\":\"ImageObject\",\"inLanguage\":\"en-US\",\"@id\":\"https:\\\/\\\/www.hydrachim.fr\\\/en\\\/produit\\\/4740_002170401\\\/#primaryimage\",\"url\":\"https:\\\/\\\/www.hydrachim.fr\\\/app\\\/uploads\\\/2022\\\/08\\\/002170401_Deterquat_4740_24kg.png\",\"contentUrl\":\"https:\\\/\\\/www.hydrachim.fr\\\/app\\\/uploads\\\/2022\\\/08\\\/002170401_Deterquat_4740_24kg.png\",\"width\":600,\"height\":811},{\"@type\":\"BreadcrumbList\",\"@id\":\"https:\\\/\\\/www.hydrachim.fr\\\/en\\\/produit\\\/4740_002170401\\\/#breadcrumb\",\"itemListElement\":[{\"@type\":\"ListItem\",\"position\":1,\"name\":\"Home\",\"item\":\"https:\\\/\\\/www.hydrachim.fr\\\/en\\\/\"},{\"@type\":\"ListItem\",\"position\":2,\"name\":\"Boutique\",\"item\":\"https:\\\/\\\/www.hydrachim.fr\\\/boutique\\\/\"},{\"@type\":\"ListItem\",\"position\":3,\"name\":\"4740\"}]},{\"@type\":\"WebSite\",\"@id\":\"https:\\\/\\\/www.hydrachim.fr\\\/en\\\/#website\",\"url\":\"https:\\\/\\\/www.hydrachim.fr\\\/en\\\/\",\"name\":\"Hydrachim\",\"description\":\"La science de l&#039;hygi\u00e8ne\",\"potentialAction\":[{\"@type\":\"SearchAction\",\"target\":{\"@type\":\"EntryPoint\",\"urlTemplate\":\"https:\\\/\\\/www.hydrachim.fr\\\/en\\\/?s={search_term_string}\"},\"query-input\":{\"@type\":\"PropertyValueSpecification\",\"valueRequired\":true,\"valueName\":\"search_term_string\"}}],\"inLanguage\":\"en-US\"}]}<\/script>\n<!-- \/ Yoast SEO plugin. -->","yoast_head_json":{"title":"4740 - Hydrachim","robots":{"index":"index","follow":"follow","max-snippet":"max-snippet:-1","max-image-preview":"max-image-preview:large","max-video-preview":"max-video-preview:-1"},"canonical":"https:\/\/www.hydrachim.fr\/en\/produit\/4740_002170401\/","og_locale":"en_US","og_type":"article","og_title":"4740 - Hydrachim","og_description":"D\u00e9graissant D\u00e9sinfectant Chlor\u00e9 Moussant pour surfaces ouvertes.","og_url":"https:\/\/www.hydrachim.fr\/en\/produit\/4740_002170401\/","og_site_name":"Hydrachim","article_modified_time":"2025-12-11T13:33:30+00:00","og_image":[{"width":600,"height":811,"url":"https:\/\/www.hydrachim.fr\/app\/uploads\/2022\/08\/002170401_Deterquat_4740_24kg.png","type":"image\/png"}],"twitter_card":"summary_large_image","twitter_misc":{"Est. reading time":"2 minutes"},"schema":{"@context":"https:\/\/schema.org","@graph":[{"@type":"WebPage","@id":"https:\/\/www.hydrachim.fr\/en\/produit\/4740_002170401\/","url":"https:\/\/www.hydrachim.fr\/en\/produit\/4740_002170401\/","name":"4740 - Hydrachim","isPartOf":{"@id":"https:\/\/www.hydrachim.fr\/en\/#website"},"primaryImageOfPage":{"@id":"https:\/\/www.hydrachim.fr\/en\/produit\/4740_002170401\/#primaryimage"},"image":{"@id":"https:\/\/www.hydrachim.fr\/en\/produit\/4740_002170401\/#primaryimage"},"thumbnailUrl":"https:\/\/www.hydrachim.fr\/app\/uploads\/2022\/08\/002170401_Deterquat_4740_24kg.png","datePublished":"2019-08-06T13:40:21+00:00","dateModified":"2025-12-11T13:33:30+00:00","breadcrumb":{"@id":"https:\/\/www.hydrachim.fr\/en\/produit\/4740_002170401\/#breadcrumb"},"inLanguage":"en-US","potentialAction":[{"@type":"ReadAction","target":["https:\/\/www.hydrachim.fr\/en\/produit\/4740_002170401\/"]}]},{"@type":"ImageObject","inLanguage":"en-US","@id":"https:\/\/www.hydrachim.fr\/en\/produit\/4740_002170401\/#primaryimage","url":"https:\/\/www.hydrachim.fr\/app\/uploads\/2022\/08\/002170401_Deterquat_4740_24kg.png","contentUrl":"https:\/\/www.hydrachim.fr\/app\/uploads\/2022\/08\/002170401_Deterquat_4740_24kg.png","width":600,"height":811},{"@type":"BreadcrumbList","@id":"https:\/\/www.hydrachim.fr\/en\/produit\/4740_002170401\/#breadcrumb","itemListElement":[{"@type":"ListItem","position":1,"name":"Home","item":"https:\/\/www.hydrachim.fr\/en\/"},{"@type":"ListItem","position":2,"name":"Boutique","item":"https:\/\/www.hydrachim.fr\/boutique\/"},{"@type":"ListItem","position":3,"name":"4740"}]},{"@type":"WebSite","@id":"https:\/\/www.hydrachim.fr\/en\/#website","url":"https:\/\/www.hydrachim.fr\/en\/","name":"Hydrachim","description":"La science de l&#039;hygi\u00e8ne","potentialAction":[{"@type":"SearchAction","target":{"@type":"EntryPoint","urlTemplate":"https:\/\/www.hydrachim.fr\/en\/?s={search_term_string}"},"query-input":{"@type":"PropertyValueSpecification","valueRequired":true,"valueName":"search_term_string"}}],"inLanguage":"en-US"}]}},"acf":{"fiche_technique":"https:\/\/www.hydrachim.fr\/app\/uploads\/2025\/10\/FT_1704_DETERQUAT_4740.pdf","fiche_methode":""},"_links":{"self":[{"href":"https:\/\/www.hydrachim.fr\/en\/wp-json\/wp\/v2\/product\/3181","targetHints":{"allow":["GET"]}}],"collection":[{"href":"https:\/\/www.hydrachim.fr\/en\/wp-json\/wp\/v2\/product"}],"about":[{"href":"https:\/\/www.hydrachim.fr\/en\/wp-json\/wp\/v2\/types\/product"}],"wp:featuredmedia":[{"embeddable":true,"href":"https:\/\/www.hydrachim.fr\/en\/wp-json\/wp\/v2\/media\/12038"}],"wp:attachment":[{"href":"https:\/\/www.hydrachim.fr\/en\/wp-json\/wp\/v2\/media?parent=3181"}],"wp:term":[{"taxonomy":"product_brand","embeddable":true,"href":"https:\/\/www.hydrachim.fr\/en\/wp-json\/wp\/v2\/product_brand?post=3181"},{"taxonomy":"product_type","embeddable":true,"href":"https:\/\/www.hydrachim.fr\/en\/wp-json\/wp\/v2\/product_type?post=3181"},{"taxonomy":"product_visibility","embeddable":true,"href":"https:\/\/www.hydrachim.fr\/en\/wp-json\/wp\/v2\/product_visibility?post=3181"},{"taxonomy":"product_cat","embeddable":true,"href":"https:\/\/www.hydrachim.fr\/en\/wp-json\/wp\/v2\/product_cat?post=3181"}],"curies":[{"name":"wp","href":"https:\/\/api.w.org\/{rel}","templated":true}]}}